{"id":25061,"date":"2025-07-11T08:15:48","date_gmt":"2025-07-11T05:15:48","guid":{"rendered":"https:\/\/www.phys.uaic.ro\/?page_id=25061"},"modified":"2025-07-11T08:15:48","modified_gmt":"2025-07-11T05:15:48","slug":"cs-ii-dr-habil-cristina-elena-ciomaga-domenii-de-expertiza","status":"publish","type":"page","link":"https:\/\/www.phys.uaic.ro\/index.php\/cs-ii-dr-habil-cristina-elena-ciomaga-domenii-de-expertiza\/","title":{"rendered":"CS II Dr. habil. Cristina-Elena CIOMAGA- Domenii de expertiz\u0103"},"content":{"rendered":"<h2>Domeniul major de cercetare:<\/h2>\n<p><strong><span style=\"font-size: 14pt;\"><em>Materiale feroelectrice, piezoelectrice \u0219i compozite func\u021bionale avansate pentru aplica\u021bii \u00een energie, senzori \u0219i microelectronic\u0103<\/em><\/span><\/strong><\/p>\n<p><em>\u00a0<\/em><\/p>\n<h2><span style=\"font-size: 18pt;\">Domenii de expertiza \u0219i teme de cercetare<\/span><\/h2>\n<p><span style=\"font-size: 12pt;\"><em>I.\u00a0 <\/em><strong><em>Ingineria defectelor \u0219i controlul microstructurii \u00een ceramici ferroelectrice pe baz\u0103 de BT pentru aplica\u021bii avansate de colectare\/recuperare a energiei<\/em><\/strong><\/span><\/p>\n<p><span style=\"font-size: 12pt;\">1. Optimizarea tratamentelor termice \u0219i a atmosferei de sinterizare pentru controlul defectelor \u0219i stabilizarea fazelor \u00een solu\u021bii solide de tip Ba(Zr,Ti)O<sub>3<\/sub> cu comportament relaxor-ferroelectric<\/span><\/p>\n<p><span style=\"font-size: 12pt;\">2. Studiul ceramicilor feroelectrice perovskit ABO<sub>3<\/sub> cu dopaj pe pozi\u021bia A \u0219i B cu microstructura controlat\u0103, modelarea multifizic\u0103 a r\u0103spunsului dielectric \u0219i piezoelectric (\u00een colaborare cu colectivul de modelare teoretic\u0103)<\/span><\/p>\n<p>&nbsp;<\/p>\n<p><span style=\"font-size: 12pt;\"><em>II.\u00a0 <\/em><strong><em>Ingineria materialelor compozite piezoelectrice cu macrostructuri func\u021bionale pentru aplica\u021bii de colectare a energiei: de la proiectarea arhitecturii la realizarea de prototipuri de colectare\/recoltare de energie (energy harvesting).<\/em><\/strong><\/span><\/p>\n<ol>\n<li><span style=\"font-size: 12pt;\">Proiectarea, optimizarea \u0219i investigarea de materiale compozite piezoelectrice cu macrostructuri arhitecturate pentru aplica\u021bii avansate de energy harvesting<\/span><\/li>\n<\/ol>\n<p>&nbsp;<\/p>\n<p><span style=\"font-size: 12pt;\"><em>III. \u00a0<\/em><strong><em>Materiale compozite feroelectrice \u0219i multifunc\u021bionale<\/em><\/strong><\/span><\/p>\n<ol>\n<li><span style=\"font-size: 12pt;\">Sisteme hibride polimer-ceramic\u0103 pe baz\u0103 de solu\u021bii solide ale BT cu caracter feroelectric-relaxor pentru aplica\u021bii microelectronice \u0219i biomedicale.<\/span><\/li>\n<li><span style=\"font-size: 12pt;\">Optimizarea microstructural\u0103 \u0219i func\u021bional\u0103 a compozitelor magnetoelectrice f\u0103r\u0103 Pb pentru aplica\u021bii sustenabile \u00een senzori \u0219i energy harvesting<\/span><\/li>\n<li><span style=\"font-size: 12pt;\">Materiale feroelectrice poroase avansate: proiectare, sintez\u0103 \u0219i caracterizare func\u021bional\u0103 pentru aplica\u021bii emergente \u00een colectarea energiei, senzori inteligen\u021bi \u0219i sisteme sustenabile<\/span><\/li>\n<\/ol>\n<p>&nbsp;<\/p>\n<p><span style=\"font-size: 12pt;\"><em>IV.\u00a0 \u00a0 <\/em><strong><em>Fabricare aditiv\u0103 \u2013 imprimare 3D: dezvoltarea de materiale feroelectrice, piezoelectrice \u0219i magnetoelectrice cu geometrie controlat\u0103, prin tehnologie LCM\/SLA pentru aplica\u021bii \u00een senzori, dispozitive reglabile \u0219i sisteme de colectare\/recoltare a energiei.<\/em><\/strong><\/span><\/p>\n<ol>\n<li><span style=\"font-size: 12pt;\">Proiectarea, fabricarea \u0219i caracterizarea materialelor ceramice func\u021bionale prin tehnologie aditiv\u0103 3D LCM pentru aplica\u021bii \u00een electronic\u0103 avansat\u0103 \u0219i conversia energiei<\/span><\/li>\n<li><span style=\"font-size: 12pt;\">Proiectarea \u0219i caracterizarea func\u021bional\u0103 structurilor feroelectrice ceramice poroase realizate prin imprimare 3D<\/span><\/li>\n<li><span style=\"font-size: 12pt;\">Influen\u021ba microstructurii tridimensionale asupra propriet\u0103\u021bilor electrice \u0219i mecanice ale ceramicilor avansate<\/span><\/li>\n<li><span style=\"font-size: 12pt;\">Dezvoltarea de materiale piezo-fotocatalitice 3D pentru depoluarea mediului<\/span><\/li>\n<li><span style=\"font-size: 12pt;\">Compozite magnetoelectrice cu structuri 3D: proiectare, sintez\u0103, caracterizare \u0219i aplica\u021bii \u00een senzori \u0219i microelectronic\u0103<\/span><\/li>\n<li><span style=\"font-size: 12pt;\">Fabricarea \u0219i caracterizarea compozitelor polimer-ceramic\u0103 func\u021bionale imprimate 3D pentru aplica\u021bii biomedicale<\/span><\/li>\n<\/ol>\n","protected":false},"excerpt":{"rendered":"<p>Domeniul major de cercetare: Materiale feroelectrice, piezoelectrice \u0219i compozite func\u021bionale avansate pentru aplica\u021bii \u00een energie, senzori \u0219i microelectronic\u0103 \u00a0 Domenii de expertiza \u0219i teme de cercetare I.\u00a0 Ingineria defectelor \u0219i controlul microstructurii \u00een ceramici ferroelectrice pe baz\u0103 de BT pentru aplica\u021bii avansate de colectare\/recuperare a energiei 1. Optimizarea tratamentelor termice \u0219i a atmosferei de sinterizare pentru controlul defectelor\u2026 <span class=\"read-more\"><a href=\"https:\/\/www.phys.uaic.ro\/index.php\/cs-ii-dr-habil-cristina-elena-ciomaga-domenii-de-expertiza\/\">Read More &raquo;<\/a><\/span><\/p>\n","protected":false},"author":4,"featured_media":0,"parent":0,"menu_order":0,"comment_status":"closed","ping_status":"closed","template":"","meta":{"footnotes":""},"class_list":["post-25061","page","type-page","status-publish","hentry"],"_links":{"self":[{"href":"https:\/\/www.phys.uaic.ro\/index.php\/wp-json\/wp\/v2\/pages\/25061","targetHints":{"allow":["GET"]}}],"collection":[{"href":"https:\/\/www.phys.uaic.ro\/index.php\/wp-json\/wp\/v2\/pages"}],"about":[{"href":"https:\/\/www.phys.uaic.ro\/index.php\/wp-json\/wp\/v2\/types\/page"}],"author":[{"embeddable":true,"href":"https:\/\/www.phys.uaic.ro\/index.php\/wp-json\/wp\/v2\/users\/4"}],"replies":[{"embeddable":true,"href":"https:\/\/www.phys.uaic.ro\/index.php\/wp-json\/wp\/v2\/comments?post=25061"}],"version-history":[{"count":0,"href":"https:\/\/www.phys.uaic.ro\/index.php\/wp-json\/wp\/v2\/pages\/25061\/revisions"}],"wp:attachment":[{"href":"https:\/\/www.phys.uaic.ro\/index.php\/wp-json\/wp\/v2\/media?parent=25061"}],"curies":[{"name":"wp","href":"https:\/\/api.w.org\/{rel}","templated":true}]}}