{"id":25122,"date":"2025-07-21T11:19:12","date_gmt":"2025-07-21T08:19:12","guid":{"rendered":"https:\/\/www.phys.uaic.ro\/?page_id=25122"},"modified":"2025-07-21T11:19:12","modified_gmt":"2025-07-21T08:19:12","slug":"anunt-privind-sustinerea-raportului-de-cercetare-a-drd-oajdea-anda-pe-16-07-2025","status":"publish","type":"page","link":"https:\/\/www.phys.uaic.ro\/index.php\/anunt-privind-sustinerea-raportului-de-cercetare-a-drd-oajdea-anda-pe-16-07-2025\/","title":{"rendered":"Anun\u021b privind sus\u021binerea raportului de cercetare a drd. OAJDEA Anda pe 16.07.2025"},"content":{"rendered":"<p><span lang=\"EN-US\">La data de 16.07.2025, \u00eencep\u00e2nd cu ora 11:00, \u00een Laboratorul de Fizica Dielectricilor, va avea loc sus\u021binerea raportului de cercetare cu titlul <\/span><strong>\u201c<em>General properties of BaTiO<sub>3<\/sub> ceramics and of their composites with metallic inclusions\/ Propriet\u0103\u021bile generale ale ceramicelor de BaTiO<sub>3<\/sub> \u0219i ale compozitelor acestora cu incluziuni metalice<\/em>\u201d<\/strong> prezentat de studenta-doctorand\u0103<strong> OAJDEA Anda<\/strong> sub \u00eendrumarea d-nei<b> prof. univ. dr. Liliana MITO\u0218ERIU<\/b>.<\/p>\n","protected":false},"excerpt":{"rendered":"<p>La data de 16.07.2025, \u00eencep\u00e2nd cu ora 11:00, \u00een Laboratorul de Fizica Dielectricilor, va avea loc sus\u021binerea raportului de cercetare cu titlul \u201cGeneral properties of BaTiO3 ceramics and of their composites with metallic inclusions\/ Propriet\u0103\u021bile generale ale ceramicelor de BaTiO3 \u0219i ale compozitelor acestora cu incluziuni metalice\u201d prezentat de studenta-doctorand\u0103 OAJDEA Anda sub \u00eendrumarea d-nei prof. univ. dr.\u2026 <span class=\"read-more\"><a href=\"https:\/\/www.phys.uaic.ro\/index.php\/anunt-privind-sustinerea-raportului-de-cercetare-a-drd-oajdea-anda-pe-16-07-2025\/\">Read More &raquo;<\/a><\/span><\/p>\n","protected":false},"author":4,"featured_media":0,"parent":0,"menu_order":0,"comment_status":"closed","ping_status":"closed","template":"","meta":{"footnotes":""},"class_list":["post-25122","page","type-page","status-publish","hentry"],"_links":{"self":[{"href":"https:\/\/www.phys.uaic.ro\/index.php\/wp-json\/wp\/v2\/pages\/25122","targetHints":{"allow":["GET"]}}],"collection":[{"href":"https:\/\/www.phys.uaic.ro\/index.php\/wp-json\/wp\/v2\/pages"}],"about":[{"href":"https:\/\/www.phys.uaic.ro\/index.php\/wp-json\/wp\/v2\/types\/page"}],"author":[{"embeddable":true,"href":"https:\/\/www.phys.uaic.ro\/index.php\/wp-json\/wp\/v2\/users\/4"}],"replies":[{"embeddable":true,"href":"https:\/\/www.phys.uaic.ro\/index.php\/wp-json\/wp\/v2\/comments?post=25122"}],"version-history":[{"count":0,"href":"https:\/\/www.phys.uaic.ro\/index.php\/wp-json\/wp\/v2\/pages\/25122\/revisions"}],"wp:attachment":[{"href":"https:\/\/www.phys.uaic.ro\/index.php\/wp-json\/wp\/v2\/media?parent=25122"}],"curies":[{"name":"wp","href":"https:\/\/api.w.org\/{rel}","templated":true}]}}