{"id":25211,"date":"2025-07-31T14:42:15","date_gmt":"2025-07-31T11:42:15","guid":{"rendered":"https:\/\/www.phys.uaic.ro\/?page_id=25211"},"modified":"2025-09-10T15:07:25","modified_gmt":"2025-09-10T12:07:25","slug":"admitere-studii-licenta-septembrie-2025","status":"publish","type":"page","link":"https:\/\/www.phys.uaic.ro\/index.php\/admitere-studii-licenta-septembrie-2025\/","title":{"rendered":"Admitere studii licen\u021b\u0103 \u2013 septembrie 2025"},"content":{"rendered":"<p><a href=\"https:\/\/www.phys.uaic.ro\/wp-content\/uploads\/2025\/09\/Licenta-buget-sept-2025_afisat.pdf\" target=\"_blank\" rel=\"noopener\"><em><strong>Rezultate admitere septembrie licenta \u2013 BUGET<\/strong><\/em><\/a><\/p>\n<p><a href=\"https:\/\/www.phys.uaic.ro\/wp-content\/uploads\/2025\/09\/Licenta-taxa-sept-2025_afisat.pdf\" target=\"_blank\" rel=\"noopener\"><em><strong>Rezultate admitere septembrie licenta \u2013 TAXA<\/strong><\/em><\/a><\/p>\n<h3><a href=\"https:\/\/www.phys.uaic.ro\/wp-content\/uploads\/2025\/09\/sept-licenta-BALTI-sept-2025.pdf\" target=\"_blank\" rel=\"noopener\"><span style=\"font-size: 12pt;\"><em>Rezultate admitere septembrie licenta &#8211; Extensia B\u0102L\u021aI<\/em><\/span><\/a><\/h3>\n<p>&nbsp;<\/p>\n<p><strong>Confirm\u0103ri:<\/strong><\/p>\n<ul>\n<li><strong>11.09-12.09.2025<\/strong>, orele <strong>9:00 \u2013 15:00,<\/strong><strong> la secretariatul Facult\u0103\u021bii (tel: 0232 201050).<\/strong><\/li>\n<\/ul>\n<p>&nbsp;<\/p>\n<p>Candida\u0163ii declara\u0163i <b>admi\u015fi<\/b> vor trebui \u00een perioada <strong>11-12 septembrie 2025<\/strong>:<\/p>\n<ul>\n<li><b>s\u0103 semneze contractul de studii;<\/b><\/li>\n<li><b>s\u0103 achite taxa de \u00eenmatriculare de 100 RON<\/b> (cei admi\u015fi la buget);<\/li>\n<li><strong>candida\u021bii admi\u0219i la tax\u0103 (doar cei care urmeaza a II-a facultate)\u00a0<\/strong> vor achita <b>30% din taxa sem.I: 500 RON<\/b>;<\/li>\n<li><b>s\u0103 completeze dosarul cu actele \u00een original<\/b> (diploma de bacalaureat \u015fi foaia matricol\u0103, dosar plic).<\/li>\n<\/ul>\n<p>\u00cen caz contrar se pierde calitatea de student.<\/p>\n<h3><\/h3>\n<h3><strong><a href=\"https:\/\/www.phys.uaic.ro\/index.php\/numar-locuri-admitere-licenta-septembrie-2025\/\" target=\"_blank\" rel=\"noopener\">Num\u0103rul de locuri septembrie 2025<\/a><\/strong><\/h3>\n<h3><strong>Perioada admiterii<\/strong><\/h3>\n<ul>\n<li><b>\u00censcriere \u0219i depunerea dosarelor, <\/b>la secretariatul Facult\u0103\u021bii de Fizic\u0103:\n<ul>\n<li>vineri, <strong>5 septembrie 2025, <\/strong>orele <strong>9-16<\/strong><\/li>\n<li>s\u00e2mb\u0103t\u0103,\u00a0<strong>6 septembrie 2025,<\/strong> orele <strong>9-13<\/strong><\/li>\n<li>duminic\u0103, <strong>7 septembrie 2025, <\/strong>orele <strong>9-13<\/strong><\/li>\n<li>luni, <strong>8 septembrie 2025, <\/strong>orele <strong>9-16<\/strong><\/li>\n<\/ul>\n<\/li>\n<\/ul>\n<ul>\n<li style=\"list-style-type: none;\">\n<ul>\n<li style=\"list-style-type: none;\"><\/li>\n<\/ul>\n<\/li>\n<li><b>Selec\u021bia candida\u021bilor \u0219i afi\u0219area rezultatelor<\/b>: <strong>9-10 septembrie 2025<\/strong><\/li>\n<li>confirm\u0103ri: <strong>11-12 septembrie 2025<\/strong>, orele 9-15, la secretariatul Facult\u0103\u021bii de Fizic\u0103.<\/li>\n<\/ul>\n<p><strong>Conturile de acces<\/strong>\u00a0pe platforma\u00a0<a href=\"http:\/\/eadmitere.uaic.ro\/\"><strong>eadmitere.uaic.ro<\/strong><\/a> vor putea fi create p\u00e2n\u0103 cel t\u00e2rziu luni, <strong>8 septembrie<\/strong>\u00a0<strong>2025<\/strong>, ora\u00a0<strong>15:00<\/strong>, completarea \u0219i finalizarea dosarelor put\u00e2ndu-se face p\u00e2n\u0103 la ora\u00a0<strong>16:oo<\/strong>.<\/p>\n<p>&nbsp;<\/p>\n<p>Deschide\u0163i pagina<strong><em>\u00a0<a href=\"https:\/\/eadmitere.uaic.ro\/\" target=\"_blank\" rel=\"noopener\">https:\/\/eadmitere.uaic.ro<\/a>\u00a0<\/em><\/strong>de pe site-ul universit\u0103\u021bii \u0219i urma\u021bi instruc\u021biunile de admitere \u00eensemn\u00e2nd achitarea taxei de admitere, scanarea (fotocopierea) actelor necesare si trimiterea lor \u00een contul creat. Informa\u021bii suplimentare pute\u021bi primi la\u00a0<em>fizica@uaic.ro<\/em>.<\/p>\n<p><strong>Sf\u0103tuim candida\u021bii s\u0103 bifeze cat mai multe din cele 5 specializ\u0103ri, \u00een ordinea pe care o doresc, (nu e necesar\u0103 nicio taxa suplimentar\u0103), \u00een a\u0219a fel \u00eenc\u00e2t s\u0103 \u00ee\u0219i maximizeze \u0219ansele de admitere. Ulterior, se poate face o cerere de transfer, \u00eenainte de \u00eenceperea anului universitar.<\/strong><\/p>\n<p><strong><a href=\"https:\/\/www.phys.uaic.ro\/index.php\/numar-locuri-admitere-licenta-septembrie-2025\/\" target=\"_blank\" rel=\"noopener\">Num\u0103rul de locuri septembrie 2025<\/a><br \/>\n<\/strong><\/p>\n<div class=\"entry-content\">\n<p><a href=\"https:\/\/www.phys.uaic.ro\/index.php\/conditii-de-admitere-si-taxe-la-licenta-2025\/\" target=\"_blank\" rel=\"noopener\">Condi\u021bii de admitere \u0219i taxe<\/a><\/p>\n<p><a href=\"https:\/\/www.phys.uaic.ro\/index.php\/actele-necesare-la-licenta-iulie-2025\/\" target=\"_blank\" rel=\"noopener\">Actele necesare<\/a><\/p>\n<p>&nbsp;<\/p>\n<p><strong>Informa\u021bii<\/strong> despre admitere:<\/p>\n<ul>\n<li style=\"list-style-type: none;\">\n<ul>\n<li>Tel: 0232 201050<\/li>\n<li>E-mail: fizica@uaic.ro<\/li>\n<li>Site-ul Facult\u0103\u021bii de Fizic\u0103: <a href=\"https:\/\/www.phys.uaic.ro\">https:\/\/www.phys.uaic.ro<\/a><\/li>\n<li>Site-ul universit\u0103\u021bii dedicat admiterii: <a href=\"http:\/\/admitere.uaic.ro\/\">http:\/\/admitere.uaic.ro\/<\/a><\/li>\n<\/ul>\n<\/li>\n<\/ul>\n<\/div>\n<div class=\"entry-content\">\n<p><a href=\"https:\/\/www.phys.uaic.ro\/wp-content\/uploads\/2025\/05\/Regulament_ADMITERE_Licenta_Masterat_AprobatSenat_12.12.2024.pdf\" target=\"_blank\" rel=\"noopener\"><em>Metodologie privind organizarea \u015fi desf\u0103\u015furarea admiterii \u00een ciclul de studii universitare de licen\u0163\u0103 pentru anul universitar 2025-2026<\/em><\/a><\/p>\n<p><a href=\"https:\/\/admitere.uaic.ro\/admitere-licenta\/lista-olimpiadelor-scolare\/\" target=\"_blank\" rel=\"noopener\"><em>Anexa V \u2013 Lista olimpiadelor \u015fcolare \u0219i a concursurilor de nivel na\u0163ional \u015fi interna\u0163ional ai c\u0103ror laurea\u0163i, absolven\u0163i cu Diplom\u0103 de bacalaureat, au dreptul s\u0103 fie admi\u015fi, pe locuri finan\u0163ate de la buget, f\u0103r\u0103 sus\u0163inerea concursului de admitere la Universitatea \u201eAlexandru Ioan Cuza\u201d din Ia\u015fi pentru anul universitar 2025\/2026<\/em><\/a><\/p>\n<p><a href=\"https:\/\/www.phys.uaic.ro\/wp-content\/uploads\/2022\/05\/L_02.-Anexa_INFORMARE-PRIVIND-PRELUCRAREA-INFORMATIILOR-2022.pdf\" target=\"_blank\" rel=\"noopener\"><em>Informare privind prelucrarea informa\u021biilor cu caracter personal<\/em><\/a><\/p>\n<\/div>\n","protected":false},"excerpt":{"rendered":"<p>Rezultate admitere septembrie licenta \u2013 BUGET Rezultate admitere septembrie licenta \u2013 TAXA Rezultate admitere septembrie licenta &#8211; Extensia B\u0102L\u021aI &nbsp; Confirm\u0103ri: 11.09-12.09.2025, orele 9:00 \u2013 15:00, la secretariatul Facult\u0103\u021bii (tel: 0232 201050). &nbsp; Candida\u0163ii declara\u0163i admi\u015fi vor trebui \u00een perioada 11-12 septembrie 2025: s\u0103 semneze contractul de studii; s\u0103 achite taxa de \u00eenmatriculare de 100 RON (cei admi\u015fi\u2026 <span class=\"read-more\"><a href=\"https:\/\/www.phys.uaic.ro\/index.php\/admitere-studii-licenta-septembrie-2025\/\">Read More &raquo;<\/a><\/span><\/p>\n","protected":false},"author":4,"featured_media":0,"parent":0,"menu_order":0,"comment_status":"closed","ping_status":"closed","template":"","meta":{"footnotes":""},"class_list":["post-25211","page","type-page","status-publish","hentry"],"_links":{"self":[{"href":"https:\/\/www.phys.uaic.ro\/index.php\/wp-json\/wp\/v2\/pages\/25211","targetHints":{"allow":["GET"]}}],"collection":[{"href":"https:\/\/www.phys.uaic.ro\/index.php\/wp-json\/wp\/v2\/pages"}],"about":[{"href":"https:\/\/www.phys.uaic.ro\/index.php\/wp-json\/wp\/v2\/types\/page"}],"author":[{"embeddable":true,"href":"https:\/\/www.phys.uaic.ro\/index.php\/wp-json\/wp\/v2\/users\/4"}],"replies":[{"embeddable":true,"href":"https:\/\/www.phys.uaic.ro\/index.php\/wp-json\/wp\/v2\/comments?post=25211"}],"version-history":[{"count":0,"href":"https:\/\/www.phys.uaic.ro\/index.php\/wp-json\/wp\/v2\/pages\/25211\/revisions"}],"wp:attachment":[{"href":"https:\/\/www.phys.uaic.ro\/index.php\/wp-json\/wp\/v2\/media?parent=25211"}],"curies":[{"name":"wp","href":"https:\/\/api.w.org\/{rel}","templated":true}]}}