{"id":25223,"date":"2025-08-01T15:29:18","date_gmt":"2025-08-01T12:29:18","guid":{"rendered":"https:\/\/www.phys.uaic.ro\/?page_id=25223"},"modified":"2025-09-01T12:28:18","modified_gmt":"2025-09-01T09:28:18","slug":"numarul-de-locuri-master-septembrie-2025","status":"publish","type":"page","link":"https:\/\/www.phys.uaic.ro\/index.php\/numarul-de-locuri-master-septembrie-2025\/","title":{"rendered":"Num\u0103rul de locuri master septembrie 2025"},"content":{"rendered":"<p><strong>Master, programul de studii Fizic\u0103 aplicat\u0103 \u00een tehnologii SMART \u0219i comunica\u021bii :<\/strong><\/p>\n<ul>\n<li>1 loc buget, candidati protec\u0163ie sociala<\/li>\n<li>1 loc buget, candidati cu cerinte educationale speciale\/dizabilitati<\/li>\n<li>25 locuri tax\u0103<\/li>\n<li>1 loc tax\u0103 (RP)<\/li>\n<\/ul>\n<p><strong>\u00a0<\/strong><\/p>\n<p><strong>Master, programul de studii Metode fizice aplicate \u00een kinetoterapie \u015fi recuperare medical\u0103 :<\/strong><\/p>\n<ul>\n<li>17 locuri tax\u0103<\/li>\n<li>3 locuri tax\u0103 (RP)<\/li>\n<\/ul>\n<p><strong>\u00a0<\/strong><\/p>\n<p><strong>Master, programul de studii Fizic\u0103 medical\u0103 aplicat\u0103 :<\/strong><\/p>\n<ul>\n<li>3 locuri buget<\/li>\n<li>23 locuri tax\u0103<\/li>\n<li>3 locuri tax\u0103 (RP)<\/li>\n<\/ul>\n<p><strong>\u00a0<\/strong><\/p>\n<p><strong>Master, programul de studii Fizic\u0103 pentru tehnologii avansate \/ Physics for advanced technologies :<\/strong><\/p>\n<ul>\n<li>1 loc buget, candidati protec\u0163ie sociala<\/li>\n<li>1 loc buget, candidati cu cerinte educationale speciale\/dizabilitati<\/li>\n<li>25 locuri tax\u0103<\/li>\n<li>3 locuri tax\u0103 (RP)<\/li>\n<\/ul>\n<p><strong>\u00a0<\/strong><\/p>\n<p><strong>Master, programul de studii Optic\u0103 \u015fi optometrie :<\/strong><\/p>\n<ul>\n<li>3 locuri buget<\/li>\n<li>25 locuri tax\u0103<\/li>\n<li>1 loc tax\u0103 (RP)<\/li>\n<\/ul>\n<p><strong>\u00a0<\/strong><\/p>\n<p><strong>Master, programul de studii Biofizic\u0103 \u015fi fizic\u0103 medical\u0103 \/ Biophysics and Medical Physics:<\/strong><\/p>\n<ul>\n<li>25 locuri tax\u0103<\/li>\n<li>1 loc tax\u0103 (RP)<\/li>\n<\/ul>\n<p><strong>\u00a0<\/strong><\/p>\n<p><strong>Master, programul de studii Fizica energiilor \u00eenalte \/ High Energy Physics (HEP):<\/strong><\/p>\n<ul>\n<li>4 locuri tax\u0103<\/li>\n<\/ul>\n","protected":false},"excerpt":{"rendered":"<p>Master, programul de studii Fizic\u0103 aplicat\u0103 \u00een tehnologii SMART \u0219i comunica\u021bii : 1 loc buget, candidati protec\u0163ie sociala 1 loc buget, candidati cu cerinte educationale speciale\/dizabilitati 25 locuri tax\u0103 1 loc tax\u0103 (RP) \u00a0 Master, programul de studii Metode fizice aplicate \u00een kinetoterapie \u015fi recuperare medical\u0103 : 17 locuri tax\u0103 3 locuri tax\u0103 (RP) \u00a0 Master, programul de\u2026 <span class=\"read-more\"><a href=\"https:\/\/www.phys.uaic.ro\/index.php\/numarul-de-locuri-master-septembrie-2025\/\">Read More &raquo;<\/a><\/span><\/p>\n","protected":false},"author":4,"featured_media":0,"parent":0,"menu_order":0,"comment_status":"closed","ping_status":"closed","template":"","meta":{"footnotes":""},"class_list":["post-25223","page","type-page","status-publish","hentry"],"_links":{"self":[{"href":"https:\/\/www.phys.uaic.ro\/index.php\/wp-json\/wp\/v2\/pages\/25223","targetHints":{"allow":["GET"]}}],"collection":[{"href":"https:\/\/www.phys.uaic.ro\/index.php\/wp-json\/wp\/v2\/pages"}],"about":[{"href":"https:\/\/www.phys.uaic.ro\/index.php\/wp-json\/wp\/v2\/types\/page"}],"author":[{"embeddable":true,"href":"https:\/\/www.phys.uaic.ro\/index.php\/wp-json\/wp\/v2\/users\/4"}],"replies":[{"embeddable":true,"href":"https:\/\/www.phys.uaic.ro\/index.php\/wp-json\/wp\/v2\/comments?post=25223"}],"version-history":[{"count":0,"href":"https:\/\/www.phys.uaic.ro\/index.php\/wp-json\/wp\/v2\/pages\/25223\/revisions"}],"wp:attachment":[{"href":"https:\/\/www.phys.uaic.ro\/index.php\/wp-json\/wp\/v2\/media?parent=25223"}],"curies":[{"name":"wp","href":"https:\/\/api.w.org\/{rel}","templated":true}]}}