{"id":25232,"date":"2025-08-01T15:44:35","date_gmt":"2025-08-01T12:44:35","guid":{"rendered":"https:\/\/www.phys.uaic.ro\/?page_id=25232"},"modified":"2025-09-24T15:12:50","modified_gmt":"2025-09-24T12:12:50","slug":"sustinerea-tezei-de-doctorat-a-drd-tatarcan-g-bianca-dumitrita","status":"publish","type":"page","link":"https:\/\/www.phys.uaic.ro\/index.php\/sustinerea-tezei-de-doctorat-a-drd-tatarcan-g-bianca-dumitrita\/","title":{"rendered":"Sus\u021binerea tezei de doctorat a drd. TATARCAN G. BIANCA-DUMITRI\u0162A pe 12.09.2025"},"content":{"rendered":"<p><a href=\"https:\/\/www.phys.uaic.ro\/wp-content\/uploads\/2025\/09\/anunt-Tatarcan.pdf\" target=\"_blank\" rel=\"noopener\"><em>Anun\u021bul sus\u021binerii publice<\/em><\/a><\/p>\n<p>&nbsp;<\/p>\n<p>La data de <strong>12.09.2025, ora 10<\/strong>, \u00een sala &#8222;Cristian En\u0103chescu&#8221;, dra <strong>TATARCAN G. BIANCA-DUMITRI\u0162A<\/strong> va sus\u0163ine, \u00een \u015fedin\u0163\u0103 public\u0103, teza de doctorat cu titlul<\/p>\n<p><em><strong>APLICA\u0162II ALE TEHNOLOGIILOR CU PLASM\u0102 LA PRESIUNE ATMOSFERIC\u0102 \u00ceN AGRICULTURA MODERN\u0102<\/strong><\/em><\/p>\n<p>\u00een vederea ob\u0163inerii titlului \u015ftiin\u0163ific de doctor \u00een domeniul FIZIC\u0102.<\/p>\n<p>TATARCAN G. BIANCA-DUMITRI\u0162A<a href=\"https:\/\/www.phys.uaic.ro\/wp-content\/uploads\/2025\/08\/CV_Tatarcan.pdf\" target=\"_blank\" rel=\"noopener\"> [CV]<\/a><\/p>\n<p>&nbsp;<\/p>\n<p>Comisia de doctorat are urm\u0103toarea componen\u0163\u0103:<\/p>\n<ul>\n<li><b>Pre\u015fedinte<\/b>:\n<ul>\n<li>Prof. univ. dr. Diana-Mihaela MARDARE, Universitatea \u201cAlexandru Ioan Cuza\u201d din Ia\u0219i [<a href=\"https:\/\/www.phys.uaic.ro\/wp-content\/uploads\/2024\/04\/CV-2024-MARDARE-D.-rom.pdf\" target=\"_blank\" rel=\"noopener\">CV<\/a>]<\/li>\n<\/ul>\n<\/li>\n<\/ul>\n<ul>\n<li><b>Conduc\u0103tor \u015ftiin\u0163ific<\/b>:<\/li>\n<\/ul>\n<ul>\n<li>\n<ul>\n<li>Prof. univ. dr. habil. Ionu\u0163-Cristian TOPAL\u0102, Universitatea \u201cAlexandru Ioan Cuza\u201d din Ia\u0219i [<a href=\"https:\/\/www.phys.uaic.ro\/wp-content\/uploads\/2024\/08\/CV_Topala.pdf\" target=\"_blank\" rel=\"noopener\">CV<\/a>]<\/li>\n<\/ul>\n<\/li>\n<\/ul>\n<ul>\n<li><b>Referen\u0163i<\/b>:\n<ul>\n<li>Prof. univ. dr. habil. Mihail LUNGU, Universitatea de Vest din Timi\u015foara <a href=\"https:\/\/www.phys.uaic.ro\/wp-content\/uploads\/2025\/08\/CV_Lungu-Mihail-UMT.pdf\" target=\"_blank\" rel=\"noopener\">[CV]<\/a><\/li>\n<li>C.S. I Monica M\u0102GUREANU, Institutul Na\u0163ional pentru Fizica Laserilor, Plasmei \u015fi Radia\u0163iei &#8211; INFLPR M\u0103gurele <a href=\"https:\/\/www.phys.uaic.ro\/wp-content\/uploads\/2025\/08\/CV-Monica-Magureanu-2025.pdf\" target=\"_blank\" rel=\"noopener\">[CV]<\/a><\/li>\n<li>Prof. univ. dr. habil. Drago\u015f-Lucian GORGAN, Universitatea &#8222;Alexandru Ioan Cuza&#8221; din Ia\u015fi <a href=\"https:\/\/www.phys.uaic.ro\/wp-content\/uploads\/2025\/08\/CV_Gorgan.pdf\" target=\"_blank\" rel=\"noopener\">[CV]<\/a><\/li>\n<\/ul>\n<\/li>\n<\/ul>\n<p>&nbsp;<\/p>\n<p>Teza poate fi consultat\u0103 la Biblioteca Facult\u0103\u0163ii de Fizic\u0103.<\/p>\n<ul>\n<li><a href=\"https:\/\/www.phys.uaic.ro\/wp-content\/uploads\/2025\/08\/Rezumat_romana.pdf\" target=\"_blank\" rel=\"noopener\"><em>Rezumatul tezei de doctorat<\/em><\/a><\/li>\n<\/ul>\n","protected":false},"excerpt":{"rendered":"<p>Anun\u021bul sus\u021binerii publice &nbsp; La data de 12.09.2025, ora 10, \u00een sala &#8222;Cristian En\u0103chescu&#8221;, dra TATARCAN G. BIANCA-DUMITRI\u0162A va sus\u0163ine, \u00een \u015fedin\u0163\u0103 public\u0103, teza de doctorat cu titlul APLICA\u0162II ALE TEHNOLOGIILOR CU PLASM\u0102 LA PRESIUNE ATMOSFERIC\u0102 \u00ceN AGRICULTURA MODERN\u0102 \u00een vederea ob\u0163inerii titlului \u015ftiin\u0163ific de doctor \u00een domeniul FIZIC\u0102. TATARCAN G. BIANCA-DUMITRI\u0162A [CV] &nbsp; Comisia de doctorat are\u2026 <span class=\"read-more\"><a href=\"https:\/\/www.phys.uaic.ro\/index.php\/sustinerea-tezei-de-doctorat-a-drd-tatarcan-g-bianca-dumitrita\/\">Read More &raquo;<\/a><\/span><\/p>\n","protected":false},"author":4,"featured_media":0,"parent":0,"menu_order":0,"comment_status":"closed","ping_status":"closed","template":"","meta":{"footnotes":""},"class_list":["post-25232","page","type-page","status-publish","hentry"],"_links":{"self":[{"href":"https:\/\/www.phys.uaic.ro\/index.php\/wp-json\/wp\/v2\/pages\/25232","targetHints":{"allow":["GET"]}}],"collection":[{"href":"https:\/\/www.phys.uaic.ro\/index.php\/wp-json\/wp\/v2\/pages"}],"about":[{"href":"https:\/\/www.phys.uaic.ro\/index.php\/wp-json\/wp\/v2\/types\/page"}],"author":[{"embeddable":true,"href":"https:\/\/www.phys.uaic.ro\/index.php\/wp-json\/wp\/v2\/users\/4"}],"replies":[{"embeddable":true,"href":"https:\/\/www.phys.uaic.ro\/index.php\/wp-json\/wp\/v2\/comments?post=25232"}],"version-history":[{"count":0,"href":"https:\/\/www.phys.uaic.ro\/index.php\/wp-json\/wp\/v2\/pages\/25232\/revisions"}],"wp:attachment":[{"href":"https:\/\/www.phys.uaic.ro\/index.php\/wp-json\/wp\/v2\/media?parent=25232"}],"curies":[{"name":"wp","href":"https:\/\/api.w.org\/{rel}","templated":true}]}}