{"id":25242,"date":"2025-08-04T15:02:09","date_gmt":"2025-08-04T12:02:09","guid":{"rendered":"https:\/\/www.phys.uaic.ro\/?page_id=25242"},"modified":"2025-09-01T17:25:05","modified_gmt":"2025-09-01T14:25:05","slug":"sustinerea-tezei-de-doctorat-a-drd-plesnicute-v-ramona-mirela","status":"publish","type":"page","link":"https:\/\/www.phys.uaic.ro\/index.php\/sustinerea-tezei-de-doctorat-a-drd-plesnicute-v-ramona-mirela\/","title":{"rendered":"Sus\u021binerea tezei de doctorat a drd. PLESNICUTE V. RAMONA-MIRELA"},"content":{"rendered":"<p><a href=\"https:\/\/www.phys.uaic.ro\/wp-content\/uploads\/2025\/09\/anunt-Plesnicute.pdf\" target=\"_blank\" rel=\"noopener\"><em>Anun\u021bul sus\u021binerii publice<\/em><\/a><\/p>\n<p>&nbsp;<\/p>\n<p>La data de <strong>20\/09\/2025, ora 11:00<\/strong>, \u00een sala Cristian En\u0103chescu, dna<strong> PLESNICUTE V. RAMONA-MIRELA<\/strong> va sus\u0163ine, \u00een \u015fedin\u0163\u0103 public\u0103, teza de doctorat cu titlul<\/p>\n<p><span style=\"font-size: 14pt;\"><em><strong>NANOPARTICULE DE ARGINT CU APLICA\u0162II \u00ceN BIOMEDICIN\u0102<\/strong><\/em><\/span><\/p>\n<p>\u00een vederea ob\u0163inerii titlului \u015ftiin\u0163ific de doctor \u00een domeniul FIZIC\u0102.<\/p>\n<p>PLESNICUTE V. RAMONA-MIRELA [<a href=\"https:\/\/www.phys.uaic.ro\/wp-content\/uploads\/2025\/09\/PLESNICUTE-RAMONA-MIRELA-CV.pdf\" target=\"_blank\" rel=\"noopener\">CV<\/a>]<\/p>\n<p>&nbsp;<\/p>\n<p>Comisia de doctorat are urm\u0103toarea componen\u0163\u0103:<\/p>\n<ul>\n<li><b>Pre\u015fedinte<\/b>:\n<ul>\n<li>Prof. univ. dr. Diana-Mihaela MARDARE, Universitatea \u201cAlexandru Ioan Cuza\u201d din Ia\u0219i [<a href=\"https:\/\/www.phys.uaic.ro\/wp-content\/uploads\/2024\/04\/CV-2024-MARDARE-D.-rom.pdf\" target=\"_blank\" rel=\"noopener\">CV<\/a>]<\/li>\n<\/ul>\n<\/li>\n<\/ul>\n<ul>\n<li><b>Conduc\u0103tor \u015ftiin\u0163ific<\/b>:<\/li>\n<\/ul>\n<ul>\n<li style=\"list-style-type: none;\">\n<ul>\n<li>Prof. univ. dr. habil. Dorina-Emilia CREANG\u0102, Universitatea \u201cAlexandru Ioan Cuza\u201d din Ia\u0219i [<a href=\"https:\/\/www.phys.uaic.ro\/wp-content\/uploads\/2022\/04\/CVlista_lucrari_D.CREANGA.pdf\">CV<\/a>]<\/li>\n<\/ul>\n<\/li>\n<\/ul>\n<ul>\n<li><b>Referen\u0163i<\/b>:\n<ul>\n<li>Prof. univ. dr. habil. Cristina STAN, Universitatea Politehnic\u0103 Bucure\u0219ti [<a href=\"https:\/\/www.phys.uaic.ro\/wp-content\/uploads\/2025\/08\/CV_Europass_CStan_2024.pdf\" target=\"_blank\" rel=\"noopener\">CV<\/a>]<\/li>\n<li>Conf. univ. dr. habil. L\u0103cr\u0103mioara OPRIC\u0102, Universitatea &#8222;Alexandru Ioan Cuza&#8221; din Ia\u015fi [<a href=\"https:\/\/www.phys.uaic.ro\/wp-content\/uploads\/2025\/08\/CV-Conf_Oprica_Lacramioara_CV_RO.pdf\" target=\"_blank\" rel=\"noopener\">CV<\/a>]<\/li>\n<li>CS II dr. Daniel-Dumitru HEREA, Institutul de Fizic\u0103 Tehnic\u0103, Ia\u015fi [<a href=\"https:\/\/www.phys.uaic.ro\/wp-content\/uploads\/2025\/08\/CV_ro-2024-Daniel-Herea.pdf\" target=\"_blank\" rel=\"noopener\">CV<\/a>]<\/li>\n<\/ul>\n<\/li>\n<\/ul>\n<p>&nbsp;<\/p>\n<p>Teza poate fi consultat\u0103 la Biblioteca Facult\u0103\u0163ii de Fizic\u0103.<\/p>\n<ul>\n<li><a href=\"https:\/\/www.phys.uaic.ro\/wp-content\/uploads\/2025\/08\/Plesnicute-Ramona-Rezumat-teza-de-doctorat.pdf\" target=\"_blank\" rel=\"noopener\"><em>Rezumatul tezei de doctorat<\/em><\/a><\/li>\n<\/ul>\n","protected":false},"excerpt":{"rendered":"<p>Anun\u021bul sus\u021binerii publice &nbsp; La data de 20\/09\/2025, ora 11:00, \u00een sala Cristian En\u0103chescu, dna PLESNICUTE V. RAMONA-MIRELA va sus\u0163ine, \u00een \u015fedin\u0163\u0103 public\u0103, teza de doctorat cu titlul NANOPARTICULE DE ARGINT CU APLICA\u0162II \u00ceN BIOMEDICIN\u0102 \u00een vederea ob\u0163inerii titlului \u015ftiin\u0163ific de doctor \u00een domeniul FIZIC\u0102. PLESNICUTE V. RAMONA-MIRELA [CV] &nbsp; Comisia de doctorat are urm\u0103toarea componen\u0163\u0103: Pre\u015fedinte: Prof.\u2026 <span class=\"read-more\"><a href=\"https:\/\/www.phys.uaic.ro\/index.php\/sustinerea-tezei-de-doctorat-a-drd-plesnicute-v-ramona-mirela\/\">Read More &raquo;<\/a><\/span><\/p>\n","protected":false},"author":4,"featured_media":0,"parent":0,"menu_order":0,"comment_status":"closed","ping_status":"closed","template":"","meta":{"footnotes":""},"class_list":["post-25242","page","type-page","status-publish","hentry"],"_links":{"self":[{"href":"https:\/\/www.phys.uaic.ro\/index.php\/wp-json\/wp\/v2\/pages\/25242","targetHints":{"allow":["GET"]}}],"collection":[{"href":"https:\/\/www.phys.uaic.ro\/index.php\/wp-json\/wp\/v2\/pages"}],"about":[{"href":"https:\/\/www.phys.uaic.ro\/index.php\/wp-json\/wp\/v2\/types\/page"}],"author":[{"embeddable":true,"href":"https:\/\/www.phys.uaic.ro\/index.php\/wp-json\/wp\/v2\/users\/4"}],"replies":[{"embeddable":true,"href":"https:\/\/www.phys.uaic.ro\/index.php\/wp-json\/wp\/v2\/comments?post=25242"}],"version-history":[{"count":0,"href":"https:\/\/www.phys.uaic.ro\/index.php\/wp-json\/wp\/v2\/pages\/25242\/revisions"}],"wp:attachment":[{"href":"https:\/\/www.phys.uaic.ro\/index.php\/wp-json\/wp\/v2\/media?parent=25242"}],"curies":[{"name":"wp","href":"https:\/\/api.w.org\/{rel}","templated":true}]}}