{"id":25339,"date":"2025-09-02T14:12:58","date_gmt":"2025-09-02T11:12:58","guid":{"rendered":"https:\/\/www.phys.uaic.ro\/?page_id=25339"},"modified":"2025-09-03T10:42:16","modified_gmt":"2025-09-03T07:42:16","slug":"sustinerea-tezei-de-doctorat-a-drd-ardeleanu-m-helmina","status":"publish","type":"page","link":"https:\/\/www.phys.uaic.ro\/index.php\/sustinerea-tezei-de-doctorat-a-drd-ardeleanu-m-helmina\/","title":{"rendered":"Sus\u021binerea tezei de doctorat a drd. ARDELEANU M. HELMINA"},"content":{"rendered":"<p><a href=\"https:\/\/www.phys.uaic.ro\/wp-content\/uploads\/2025\/09\/anunt-Ardeleanu-Helmina.pdf\" target=\"_blank\" rel=\"noopener\"><em>Anun\u021bul sus\u021binerii publice<\/em><\/a><\/p>\n<p>&nbsp;<\/p>\n<p>La data de <strong>27.09.2025, ora 11<\/strong>, \u00een sala L1, dra <strong>ARDELEANU M. HELMINA<\/strong> va sus\u0163ine, \u00een \u015fedin\u0163\u0103 public\u0103 (online), teza de doctorat cu titlul<\/p>\n<p><strong><em>Contribu\u021bii la studiul unor nanoparticule magnetice \u0219i al unor bioefecte ale acestora <\/em><\/strong><\/p>\n<p>\u00een vederea ob\u0163inerii titlului \u015ftiin\u0163ific de doctor \u00een domeniul FIZIC\u0102.<\/p>\n<p>ARDELEANU M. HELMINA [<a href=\"https:\/\/www.phys.uaic.ro\/wp-content\/uploads\/2025\/09\/CV_AH-Doctorat.pdf\" target=\"_blank\" rel=\"noopener\">CV<\/a>]<\/p>\n<p>&nbsp;<\/p>\n<p>Comisia de doctorat are urm\u0103toarea componen\u0163\u0103:<\/p>\n<ul>\n<li><b>Pre\u015fedinte<\/b>:\n<ul>\n<li>Prof. univ. dr. Diana-Mihaela MARDARE, Universitatea \u201cAlexandru Ioan Cuza\u201d din Ia\u0219i [<a href=\"https:\/\/www.phys.uaic.ro\/wp-content\/uploads\/2024\/04\/CV-2024-MARDARE-D.-rom.pdf\" target=\"_blank\" rel=\"noopener\">CV<\/a>]<\/li>\n<\/ul>\n<\/li>\n<\/ul>\n<ul>\n<li><b>Conduc\u0103tor \u015ftiin\u0163ific<\/b>:<\/li>\n<\/ul>\n<ul>\n<li style=\"list-style-type: none;\">\n<ul>\n<li>Prof. univ. dr. habil. Dorina-Emilia CREANG\u0102, Universitatea \u201cAlexandru Ioan Cuza\u201d din Ia\u0219i [<a href=\"https:\/\/www.phys.uaic.ro\/wp-content\/uploads\/2023\/09\/CV-D.CREANGA-ENGL.pdf\" target=\"_blank\" rel=\"noopener\">CV<\/a>]<\/li>\n<\/ul>\n<\/li>\n<\/ul>\n<ul>\n<li><b>Referen\u0163i<\/b>:\n<ul>\n<li>Prof.univ.dr. Simona-Isabela Dunca, Universitatea \u201cAlexandru Ioan Cuza\u201d din Ia\u0219i [<a href=\"https:\/\/www.phys.uaic.ro\/wp-content\/uploads\/2025\/09\/CV-DUNCA-Simona-Isabela-01.09.2025.pdf\" target=\"_blank\" rel=\"noopener\">CV<\/a>]<\/li>\n<li>CS I dr. Daniel Timpu, Institutul de Chimie Macromolecular\u0103 &#8222;Petru Poni&#8221; Ia\u015fi\u00a0[<a href=\"https:\/\/www.phys.uaic.ro\/wp-content\/uploads\/2025\/09\/CV-Daniel-Timpu_23.pdf\" target=\"_blank\" rel=\"noopener\">CV<\/a>]<\/li>\n<li>Conf.univ.dr. Mihaela R\u0103cuciu, Universitatea &#8222;Lucian Blaga&#8221; din Sibiu [<a href=\"https:\/\/www.phys.uaic.ro\/wp-content\/uploads\/2025\/09\/CV.europass.Racuciu_RO_IUNIE_2025_semnat.pdf\" target=\"_blank\" rel=\"noopener\">CV<\/a>]<\/li>\n<\/ul>\n<\/li>\n<\/ul>\n<p>&nbsp;<\/p>\n<p>Teza poate fi consultat\u0103 la Biblioteca Facult\u0103\u0163ii de Fizic\u0103.<\/p>\n<ul>\n<li><a href=\"https:\/\/www.phys.uaic.ro\/wp-content\/uploads\/2025\/09\/Rezumat-teza-de-doctorat-AH-romana.pdf\" target=\"_blank\" rel=\"noopener\"><em>Rezumatul tezei de doctorat<\/em><\/a><\/li>\n<\/ul>\n","protected":false},"excerpt":{"rendered":"<p>Anun\u021bul sus\u021binerii publice &nbsp; La data de 27.09.2025, ora 11, \u00een sala L1, dra ARDELEANU M. HELMINA va sus\u0163ine, \u00een \u015fedin\u0163\u0103 public\u0103 (online), teza de doctorat cu titlul Contribu\u021bii la studiul unor nanoparticule magnetice \u0219i al unor bioefecte ale acestora \u00een vederea ob\u0163inerii titlului \u015ftiin\u0163ific de doctor \u00een domeniul FIZIC\u0102. ARDELEANU M. HELMINA [CV] &nbsp; Comisia de doctorat\u2026 <span class=\"read-more\"><a href=\"https:\/\/www.phys.uaic.ro\/index.php\/sustinerea-tezei-de-doctorat-a-drd-ardeleanu-m-helmina\/\">Read More &raquo;<\/a><\/span><\/p>\n","protected":false},"author":4,"featured_media":0,"parent":0,"menu_order":0,"comment_status":"closed","ping_status":"closed","template":"","meta":{"footnotes":""},"class_list":["post-25339","page","type-page","status-publish","hentry"],"_links":{"self":[{"href":"https:\/\/www.phys.uaic.ro\/index.php\/wp-json\/wp\/v2\/pages\/25339","targetHints":{"allow":["GET"]}}],"collection":[{"href":"https:\/\/www.phys.uaic.ro\/index.php\/wp-json\/wp\/v2\/pages"}],"about":[{"href":"https:\/\/www.phys.uaic.ro\/index.php\/wp-json\/wp\/v2\/types\/page"}],"author":[{"embeddable":true,"href":"https:\/\/www.phys.uaic.ro\/index.php\/wp-json\/wp\/v2\/users\/4"}],"replies":[{"embeddable":true,"href":"https:\/\/www.phys.uaic.ro\/index.php\/wp-json\/wp\/v2\/comments?post=25339"}],"version-history":[{"count":0,"href":"https:\/\/www.phys.uaic.ro\/index.php\/wp-json\/wp\/v2\/pages\/25339\/revisions"}],"wp:attachment":[{"href":"https:\/\/www.phys.uaic.ro\/index.php\/wp-json\/wp\/v2\/media?parent=25339"}],"curies":[{"name":"wp","href":"https:\/\/api.w.org\/{rel}","templated":true}]}}