{"id":25455,"date":"2025-09-22T15:22:31","date_gmt":"2025-09-22T12:22:31","guid":{"rendered":"https:\/\/www.phys.uaic.ro\/?page_id=25455"},"modified":"2025-09-22T15:22:31","modified_gmt":"2025-09-22T12:22:31","slug":"anunt-privind-sustinerea-raportului-de-cercetare-a-drd-olteanu-eliza-pe-28-09-2025","status":"publish","type":"page","link":"https:\/\/www.phys.uaic.ro\/index.php\/anunt-privind-sustinerea-raportului-de-cercetare-a-drd-olteanu-eliza-pe-28-09-2025\/","title":{"rendered":"Anun\u021b privind sus\u021binerea raportului de cercetare a drd. OLTEANU Eliza pe 28.09.2025"},"content":{"rendered":"<p>La data de 28 septembrie, \u00eencep\u00e2nd cu ora 11.00, \u00een Laboratorul de Biofizic\u0103 va avea loc sus\u021binerea public\u0103 a raportului de cercetare cu titlul<strong><em>: Studiul sintezei, propriet\u0103\u021bilor \u0219i aplica\u021biilor unor nanocompozite pe baz\u0103 de aur <\/em><\/strong>prezentat de studentul-doctorand OLTEANU Eliza sub \u00eendrumarea prof.univ.dr.habil. Dorina-Emilia CREANG\u0102 .<\/p>\n","protected":false},"excerpt":{"rendered":"<p>La data de 28 septembrie, \u00eencep\u00e2nd cu ora 11.00, \u00een Laboratorul de Biofizic\u0103 va avea loc sus\u021binerea public\u0103 a raportului de cercetare cu titlul: Studiul sintezei, propriet\u0103\u021bilor \u0219i aplica\u021biilor unor nanocompozite pe baz\u0103 de aur prezentat de studentul-doctorand OLTEANU Eliza sub \u00eendrumarea prof.univ.dr.habil. Dorina-Emilia CREANG\u0102 .<\/p>\n","protected":false},"author":4,"featured_media":0,"parent":0,"menu_order":0,"comment_status":"closed","ping_status":"closed","template":"","meta":{"footnotes":""},"class_list":["post-25455","page","type-page","status-publish","hentry"],"_links":{"self":[{"href":"https:\/\/www.phys.uaic.ro\/index.php\/wp-json\/wp\/v2\/pages\/25455","targetHints":{"allow":["GET"]}}],"collection":[{"href":"https:\/\/www.phys.uaic.ro\/index.php\/wp-json\/wp\/v2\/pages"}],"about":[{"href":"https:\/\/www.phys.uaic.ro\/index.php\/wp-json\/wp\/v2\/types\/page"}],"author":[{"embeddable":true,"href":"https:\/\/www.phys.uaic.ro\/index.php\/wp-json\/wp\/v2\/users\/4"}],"replies":[{"embeddable":true,"href":"https:\/\/www.phys.uaic.ro\/index.php\/wp-json\/wp\/v2\/comments?post=25455"}],"version-history":[{"count":0,"href":"https:\/\/www.phys.uaic.ro\/index.php\/wp-json\/wp\/v2\/pages\/25455\/revisions"}],"wp:attachment":[{"href":"https:\/\/www.phys.uaic.ro\/index.php\/wp-json\/wp\/v2\/media?parent=25455"}],"curies":[{"name":"wp","href":"https:\/\/api.w.org\/{rel}","templated":true}]}}