{"id":25467,"date":"2025-09-24T09:43:37","date_gmt":"2025-09-24T06:43:37","guid":{"rendered":"https:\/\/www.phys.uaic.ro\/?page_id=25467"},"modified":"2025-10-23T10:43:43","modified_gmt":"2025-10-23T07:43:43","slug":"conferinte-2025","status":"publish","type":"page","link":"https:\/\/www.phys.uaic.ro\/index.php\/conferinte-2025\/","title":{"rendered":"Conferin\u021be 2025"},"content":{"rendered":"<div id=\"farphys-2022\" class=\"colorbox\" style=\"background-color: #e6e6e6;\">\n<h3 id=\"farphys\"><b> Fundamental and Applied Research in Physics Workshop \u2013 FARPHYS 2025<\/b><\/h3>\n<p>Facultatea de Fizic\u0103 organizeaz\u0103 \u00een luna octombrie 2025 conferin\u021ba \u015ftiin\u021bific\u0103 studen\u021beasc\u0103 Fundamental and Applied Research in Physics \u2013 FARPHYS 2025. Programul exact va fi stabilit \u00een func\u021bie de num\u0103rul de lucr\u0103ri primite.<\/p>\n<p>Propunerile de comunic\u0103ri \u0219tiin\u021bifice vor cuprinde titlul, autorii \u015fi un rezumat de maxim 200 de cuvinte (\u00een limba rom\u00e2n\u0103 sau englez\u0103) \u015fi vor fi trimise p\u00e2n\u0103 pe data de 17 octombrie pe adresa fizica@uaic.ro, cu subiectul <strong>Rezumat FARPHYS 2025<\/strong>. \u00cen cazul studen\u021bilor de la licen\u021b\u0103 \u015fi masteranzilor, printre autorii fiec\u0103rei comunic\u0103ri trebuie s\u0103 se reg\u0103seasc\u0103 obligatoriu \u015fi un cadru didactic\/cercet\u0103tor.<\/p>\n<p><a href=\"https:\/\/www.phys.uaic.ro\/wp-content\/uploads\/2025\/10\/Abstracte_FARPHYS_2025.pdf\" target=\"_blank\" rel=\"noopener\"><strong>Program FARPHYS 2025<\/strong><\/a><\/p>\n<\/div>\n<h3><\/h3>\n<div id=\"farphys-2022\" class=\"colorbox\" style=\"background-color: #e6e6e6;\">\n<h3>ICPAM-17 2025<\/h3>\n<p>The main objective of ICPAM is to provide a forum for scientists involved in physics of advanced materials, emerging nanotechnologies, and new devices, to exchange their ideas, knowledge and experience.<\/p>\n<p><a href=\"https:\/\/icpams.com\/main\/\">https:\/\/icpams.com\/main\/<\/a><\/p>\n<\/div>\n<p>&nbsp;<\/p>\n<div id=\"farphys-2022\" class=\"colorbox\" style=\"background-color: #e6e6e6;\">\n<h2><span style=\"font-size: 14pt;\">10<sup>th<\/sup> Central European Symposium on Plasma Chemistry (CESPC) &amp; <\/span><span style=\"font-size: 14pt;\">21<sup>st<\/sup> International Conference on Plasma Physics and Applications (CPPA) 2025<\/span><\/h2>\n<p>The 10<sup>th<\/sup> edition of CESPC aims to bring together researchers from various fields and provides a platform for scientific dialogue between diverse areas of plasma research, from fundamentals to applications, with a focus on plasma chemistry.<\/p>\n<p>The 21<sup>st<\/sup> edition of CPPA, organized by the Romanian plasma community, is covering a wide variety of topics, including\u00a0 plasma sources and diagnostics, material engineering, energy and fusion technology, health, environment and space.<\/p>\n<p><a href=\"https:\/\/cespc.inflpr.ro\/\" target=\"_blank\" rel=\"noopener\">https:\/\/cespc.inflpr.ro\/<\/a><\/p>\n<p><a href=\"https:\/\/cespc.inflpr.ro\/wp-content\/uploads\/2025\/08\/CESPC-CPPA-BoA-2025_Final.pdf\">Book of abstracts<\/a><\/p>\n<\/div>\n<p>&nbsp;<\/p>\n<div id=\"farphys-2022\" class=\"colorbox\" style=\"background-color: #e6e6e6;\">\n<h3>FTEM 2025<\/h3>\n<p>Conferin\u0163a \u201eFizica \u015fi Tehnologiile Educa\u021bionale Moderne\u201c a ajuns la a 54-a edi\u0163ie \u0219i a fost organizat\u0103 de Universitatea Alexandru Ioan Cuza din Ia\u0219i, Facultatea de Fizic\u0103 \u00een data de 15 Mai 2025.<\/p>\n<p><a href=\"https:\/\/ftem.faculty.ro\/download\/p0rfl68mf\/Program%20si%20Rezumate%20FTEM%202025\" target=\"_blank\" rel=\"noopener\"><strong>Program FTEM 2025<\/strong><\/a><\/p>\n<\/div>\n<p>&nbsp;<\/p>\n","protected":false},"excerpt":{"rendered":"<p>Fundamental and Applied Research in Physics Workshop \u2013 FARPHYS 2025 Facultatea de Fizic\u0103 organizeaz\u0103 \u00een luna octombrie 2025 conferin\u021ba \u015ftiin\u021bific\u0103 studen\u021beasc\u0103 Fundamental and Applied Research in Physics \u2013 FARPHYS 2025. Programul exact va fi stabilit \u00een func\u021bie de num\u0103rul de lucr\u0103ri primite. Propunerile de comunic\u0103ri \u0219tiin\u021bifice vor cuprinde titlul, autorii \u015fi un rezumat de maxim 200 de cuvinte\u2026 <span class=\"read-more\"><a href=\"https:\/\/www.phys.uaic.ro\/index.php\/conferinte-2025\/\">Read More &raquo;<\/a><\/span><\/p>\n","protected":false},"author":3,"featured_media":0,"parent":0,"menu_order":0,"comment_status":"closed","ping_status":"closed","template":"","meta":{"footnotes":""},"class_list":["post-25467","page","type-page","status-publish","hentry"],"_links":{"self":[{"href":"https:\/\/www.phys.uaic.ro\/index.php\/wp-json\/wp\/v2\/pages\/25467","targetHints":{"allow":["GET"]}}],"collection":[{"href":"https:\/\/www.phys.uaic.ro\/index.php\/wp-json\/wp\/v2\/pages"}],"about":[{"href":"https:\/\/www.phys.uaic.ro\/index.php\/wp-json\/wp\/v2\/types\/page"}],"author":[{"embeddable":true,"href":"https:\/\/www.phys.uaic.ro\/index.php\/wp-json\/wp\/v2\/users\/3"}],"replies":[{"embeddable":true,"href":"https:\/\/www.phys.uaic.ro\/index.php\/wp-json\/wp\/v2\/comments?post=25467"}],"version-history":[{"count":0,"href":"https:\/\/www.phys.uaic.ro\/index.php\/wp-json\/wp\/v2\/pages\/25467\/revisions"}],"wp:attachment":[{"href":"https:\/\/www.phys.uaic.ro\/index.php\/wp-json\/wp\/v2\/media?parent=25467"}],"curies":[{"name":"wp","href":"https:\/\/api.w.org\/{rel}","templated":true}]}}