{"id":25497,"date":"2025-09-24T15:11:53","date_gmt":"2025-09-24T12:11:53","guid":{"rendered":"https:\/\/www.phys.uaic.ro\/?page_id=25497"},"modified":"2025-09-25T16:25:08","modified_gmt":"2025-09-25T13:25:08","slug":"sustinerea-tezei-de-doctorat-a-drd-cocean-c-georgiana-pe-17-10-2025","status":"publish","type":"page","link":"https:\/\/www.phys.uaic.ro\/index.php\/sustinerea-tezei-de-doctorat-a-drd-cocean-c-georgiana-pe-17-10-2025\/","title":{"rendered":"Sus\u021binerea tezei de doctorat a drd. COCEAN C. GEORGIANA pe 17.10.2025"},"content":{"rendered":"<p><a href=\"https:\/\/www.phys.uaic.ro\/wp-content\/uploads\/2025\/09\/anunt-Cocean-G.pdf\" target=\"_blank\" rel=\"noopener\"><em>Anun\u021bul sus\u021binerii publice<\/em><\/a><\/p>\n<p>&nbsp;<\/p>\n<p>La data de <strong>17.10.2025, ora 14<\/strong>, \u00een sala S1, dna<strong> COCEAN C. GEORGIANA<\/strong>\u00a0va sus\u0163ine, \u00een \u015fedin\u0163\u0103 public\u0103, teza de doctorat cu titlul<\/p>\n<p><em><strong>Contribu\u0163ii la ob\u0163inerea \u015fi caracterizarea unor materiale speciale cu aplica\u0163ii medicale \u015fi senzori de mediu<\/strong><\/em><\/p>\n<p>\u00een vederea ob\u0163inerii titlului \u015ftiin\u0163ific de doctor \u00een domeniul FIZIC\u0102.<\/p>\n<p>COCEAN C. GEORGIANA [<a href=\"https:\/\/www.phys.uaic.ro\/wp-content\/uploads\/2025\/09\/CV_Georgiana-COCEAN.pdf\" target=\"_blank\" rel=\"noopener\">CV<\/a>]<\/p>\n<p>&nbsp;<\/p>\n<p>Comisia de doctorat are urm\u0103toarea componen\u0163\u0103:<\/p>\n<ul>\n<li><b>Pre\u015fedinte<\/b>:\n<ul>\n<li>Prof. univ. dr. Diana-Mihaela MARDARE, Universitatea \u201cAlexandru Ioan Cuza\u201d din Ia\u0219i [<a href=\"https:\/\/www.phys.uaic.ro\/wp-content\/uploads\/2024\/04\/CV-2024-MARDARE-D.-rom.pdf\" target=\"_blank\" rel=\"noopener\">CV<\/a>]<\/li>\n<\/ul>\n<\/li>\n<\/ul>\n<ul>\n<li><b>Conduc\u0103tor \u015ftiin\u0163ific<\/b>:<\/li>\n<\/ul>\n<ul>\n<li>\n<ul>\n<li>Prof. univ. dr. habil. Silviu-Octavian GURLUI, Universitatea \u201cAlexandru Ioan Cuza\u201d din Ia\u0219i [<a href=\"https:\/\/www.phys.uaic.ro\/wp-content\/uploads\/2024\/10\/CV-Gurlui_Silviu-Ro-2024.pdf\" target=\"_blank\" rel=\"noopener\">CV<\/a>]<\/li>\n<\/ul>\n<\/li>\n<\/ul>\n<ul>\n<li><b>Referen\u0163i<\/b>:\n<ul>\n<li>Prof. univ. dr. Felicia-Dacia IACOMI, Universitatea \u201cAlexandru Ioan Cuza\u201d din Ia\u015fi [<a href=\"https:\/\/www.phys.uaic.ro\/wp-content\/uploads\/2022\/09\/CV_F.Iacomi.pdf\" target=\"_blank\" rel=\"noopener\">CV<\/a>]<\/li>\n<li>Prof. univ. dr. habil. Marius-Horea PAULESCU, Universitatea de Vest din Timi\u015foara [<a href=\"https:\/\/www.phys.uaic.ro\/wp-content\/uploads\/2025\/09\/CV_PaulescuM.pdf\" target=\"_blank\" rel=\"noopener\">CV<\/a>]<\/li>\n<li>CS I dr. chim. habil. Mariana PINTEAL\u0102, Institutul de Chimie Macromolecular\u0103 &#8222;Petru Poni&#8221; din Ia\u015fi [<a href=\"https:\/\/www.phys.uaic.ro\/wp-content\/uploads\/2025\/09\/CV_Mariana-Pinteala.pdf\" target=\"_blank\" rel=\"noopener\">CV<\/a>]<\/li>\n<\/ul>\n<\/li>\n<\/ul>\n<p>&nbsp;<\/p>\n<p>Teza poate fi consultat\u0103 la Biblioteca Facult\u0103\u0163ii de Fizic\u0103.<\/p>\n<ul>\n<li><a href=\"https:\/\/www.phys.uaic.ro\/wp-content\/uploads\/2025\/09\/REZUMAT-Teza_Georgiana-COCEAN_RO_1.pdf\" target=\"_blank\" rel=\"noopener\"><em>Rezumatul tezei de doctorat<\/em><\/a><\/li>\n<\/ul>\n","protected":false},"excerpt":{"rendered":"<p>Anun\u021bul sus\u021binerii publice &nbsp; La data de 17.10.2025, ora 14, \u00een sala S1, dna COCEAN C. GEORGIANA\u00a0va sus\u0163ine, \u00een \u015fedin\u0163\u0103 public\u0103, teza de doctorat cu titlul Contribu\u0163ii la ob\u0163inerea \u015fi caracterizarea unor materiale speciale cu aplica\u0163ii medicale \u015fi senzori de mediu \u00een vederea ob\u0163inerii titlului \u015ftiin\u0163ific de doctor \u00een domeniul FIZIC\u0102. COCEAN C. GEORGIANA [CV] &nbsp; Comisia de\u2026 <span class=\"read-more\"><a href=\"https:\/\/www.phys.uaic.ro\/index.php\/sustinerea-tezei-de-doctorat-a-drd-cocean-c-georgiana-pe-17-10-2025\/\">Read More &raquo;<\/a><\/span><\/p>\n","protected":false},"author":4,"featured_media":0,"parent":0,"menu_order":0,"comment_status":"closed","ping_status":"closed","template":"","meta":{"footnotes":""},"class_list":["post-25497","page","type-page","status-publish","hentry"],"_links":{"self":[{"href":"https:\/\/www.phys.uaic.ro\/index.php\/wp-json\/wp\/v2\/pages\/25497","targetHints":{"allow":["GET"]}}],"collection":[{"href":"https:\/\/www.phys.uaic.ro\/index.php\/wp-json\/wp\/v2\/pages"}],"about":[{"href":"https:\/\/www.phys.uaic.ro\/index.php\/wp-json\/wp\/v2\/types\/page"}],"author":[{"embeddable":true,"href":"https:\/\/www.phys.uaic.ro\/index.php\/wp-json\/wp\/v2\/users\/4"}],"replies":[{"embeddable":true,"href":"https:\/\/www.phys.uaic.ro\/index.php\/wp-json\/wp\/v2\/comments?post=25497"}],"version-history":[{"count":0,"href":"https:\/\/www.phys.uaic.ro\/index.php\/wp-json\/wp\/v2\/pages\/25497\/revisions"}],"wp:attachment":[{"href":"https:\/\/www.phys.uaic.ro\/index.php\/wp-json\/wp\/v2\/media?parent=25497"}],"curies":[{"name":"wp","href":"https:\/\/api.w.org\/{rel}","templated":true}]}}