{"id":25502,"date":"2025-09-24T15:18:51","date_gmt":"2025-09-24T12:18:51","guid":{"rendered":"https:\/\/www.phys.uaic.ro\/?page_id=25502"},"modified":"2025-09-25T11:02:48","modified_gmt":"2025-09-25T08:02:48","slug":"sustinerea-tezei-de-doctorat-a-drd-rotundu-f-ana-maria-cas-botezatu-pe-17-10-2025","status":"publish","type":"page","link":"https:\/\/www.phys.uaic.ro\/index.php\/sustinerea-tezei-de-doctorat-a-drd-rotundu-f-ana-maria-cas-botezatu-pe-17-10-2025\/","title":{"rendered":"Sus\u021binerea tezei de doctorat a drd. ROTUNDU F. ANA-MARIA (c\u0103s. BOTEZATU) pe 17.10.2025"},"content":{"rendered":"<p><a href=\"https:\/\/www.phys.uaic.ro\/wp-content\/uploads\/2025\/09\/anunt-Rotundu.pdf\" target=\"_blank\" rel=\"noopener\"><em>Anun\u021bul sus\u021binerii publice<\/em><\/a><\/p>\n<p>&nbsp;<\/p>\n<p>La data de <strong>17.10.2025, ora 12<\/strong>, \u00een sala S1, dna<strong> ROTUNDU F. ANA-MARIA (c\u0103s. BOTEZATU)<\/strong>\u00a0va sus\u0163ine, \u00een \u015fedin\u0163\u0103 public\u0103, teza de doctorat cu titlul<\/p>\n<p><em><strong>CONTRIBU\u0162II LA DEZVOLTAREA TEORIEI RELATIVIT\u0102\u0162II DE SCAL\u0102. FUNDAMENTE \u015eI APLICA\u0162II<\/strong><\/em><\/p>\n<p>\u00een vederea ob\u0163inerii titlului \u015ftiin\u0163ific de doctor \u00een domeniul FIZIC\u0102.<\/p>\n<p>ROTUNDU F. ANA-MARIA (c\u0103s. BOTEZATU) [<a href=\"https:\/\/www.phys.uaic.ro\/wp-content\/uploads\/2025\/09\/CV-Rotundu-Botezatu-Ana-Maria.pdf\" target=\"_blank\" rel=\"noopener\">CV<\/a>]<\/p>\n<p>&nbsp;<\/p>\n<p>Comisia de doctorat are urm\u0103toarea componen\u0163\u0103:<\/p>\n<ul>\n<li><b>Pre\u015fedinte<\/b>:\n<ul>\n<li>Prof. univ. dr. Diana-Mihaela MARDARE, Universitatea \u201cAlexandru Ioan Cuza\u201d din Ia\u0219i [<a href=\"https:\/\/www.phys.uaic.ro\/wp-content\/uploads\/2024\/04\/CV-2024-MARDARE-D.-rom.pdf\" target=\"_blank\" rel=\"noopener\">CV<\/a>]<\/li>\n<\/ul>\n<\/li>\n<\/ul>\n<ul>\n<li><b>Conduc\u0103tor \u015ftiin\u0163ific<\/b>:<\/li>\n<\/ul>\n<ul>\n<li>\n<ul>\n<li>Prof. univ. dr. Maricel AGOP, Universitatea \u201cAlexandru Ioan Cuza\u201d din Ia\u0219i [<a href=\"https:\/\/www.phys.uaic.ro\/wp-content\/uploads\/2023\/03\/CV-2021-AGOP-ro.pdf\" target=\"_blank\" rel=\"noopener\">CV<\/a>]<\/li>\n<\/ul>\n<\/li>\n<\/ul>\n<ul>\n<li><b>Referen\u0163i<\/b>:\n<ul>\n<li>CS I dr. habil. Lumini\u0163a MARIN, Institutul de Chimie Macromolecular\u0103 &#8222;Petru Poni&#8221; din Ia\u015fi [<a href=\"https:\/\/www.phys.uaic.ro\/wp-content\/uploads\/2025\/09\/CV_L.-Marin.pdf\" target=\"_blank\" rel=\"noopener\">CV<\/a>]<\/li>\n<li>Prof. univ. dr. Gheorghe C\u0102TA-DANIL, Universitatea Politehnic\u0103 Bucure\u015fti [<a href=\"https:\/\/www.phys.uaic.ro\/wp-content\/uploads\/2025\/09\/CV-prof.dr_.Gheorghe-CATA-DANIL.pdf\" target=\"_blank\" rel=\"noopener\">CV<\/a>]<\/li>\n<li>Conf. univ. dr. Marius-Mihai CAZACU, Universitatea Tehnic\u0103 \u201cGheorghe Asachi\u201d din Ia\u0219i [<a href=\"https:\/\/www.phys.uaic.ro\/wp-content\/uploads\/2025\/09\/CV_M.M_Cazacu.pdf\" target=\"_blank\" rel=\"noopener\">CV<\/a>]<\/li>\n<\/ul>\n<\/li>\n<\/ul>\n<p>&nbsp;<\/p>\n<p>Teza poate fi consultat\u0103 la Biblioteca Facult\u0103\u0163ii de Fizic\u0103.<\/p>\n<ul>\n<li><a href=\"https:\/\/www.phys.uaic.ro\/wp-content\/uploads\/2025\/09\/REZUMAT-Teza-doctorat_Ana_Rotundu-.pdf\" target=\"_blank\" rel=\"noopener\"><em>Rezumatul tezei de doctorat<\/em><\/a><\/li>\n<\/ul>\n","protected":false},"excerpt":{"rendered":"<p>Anun\u021bul sus\u021binerii publice &nbsp; La data de 17.10.2025, ora 12, \u00een sala S1, dna ROTUNDU F. ANA-MARIA (c\u0103s. BOTEZATU)\u00a0va sus\u0163ine, \u00een \u015fedin\u0163\u0103 public\u0103, teza de doctorat cu titlul CONTRIBU\u0162II LA DEZVOLTAREA TEORIEI RELATIVIT\u0102\u0162II DE SCAL\u0102. FUNDAMENTE \u015eI APLICA\u0162II \u00een vederea ob\u0163inerii titlului \u015ftiin\u0163ific de doctor \u00een domeniul FIZIC\u0102. ROTUNDU F. ANA-MARIA (c\u0103s. BOTEZATU) [CV] &nbsp; Comisia de doctorat\u2026 <span class=\"read-more\"><a href=\"https:\/\/www.phys.uaic.ro\/index.php\/sustinerea-tezei-de-doctorat-a-drd-rotundu-f-ana-maria-cas-botezatu-pe-17-10-2025\/\">Read More &raquo;<\/a><\/span><\/p>\n","protected":false},"author":4,"featured_media":0,"parent":0,"menu_order":0,"comment_status":"closed","ping_status":"closed","template":"","meta":{"footnotes":""},"class_list":["post-25502","page","type-page","status-publish","hentry"],"_links":{"self":[{"href":"https:\/\/www.phys.uaic.ro\/index.php\/wp-json\/wp\/v2\/pages\/25502","targetHints":{"allow":["GET"]}}],"collection":[{"href":"https:\/\/www.phys.uaic.ro\/index.php\/wp-json\/wp\/v2\/pages"}],"about":[{"href":"https:\/\/www.phys.uaic.ro\/index.php\/wp-json\/wp\/v2\/types\/page"}],"author":[{"embeddable":true,"href":"https:\/\/www.phys.uaic.ro\/index.php\/wp-json\/wp\/v2\/users\/4"}],"replies":[{"embeddable":true,"href":"https:\/\/www.phys.uaic.ro\/index.php\/wp-json\/wp\/v2\/comments?post=25502"}],"version-history":[{"count":0,"href":"https:\/\/www.phys.uaic.ro\/index.php\/wp-json\/wp\/v2\/pages\/25502\/revisions"}],"wp:attachment":[{"href":"https:\/\/www.phys.uaic.ro\/index.php\/wp-json\/wp\/v2\/media?parent=25502"}],"curies":[{"name":"wp","href":"https:\/\/api.w.org\/{rel}","templated":true}]}}