{"id":25515,"date":"2025-09-25T08:40:15","date_gmt":"2025-09-25T05:40:15","guid":{"rendered":"https:\/\/www.phys.uaic.ro\/?page_id=25515"},"modified":"2025-09-25T08:40:15","modified_gmt":"2025-09-25T05:40:15","slug":"anunt-privind-sustinerea-raportului-de-cercetare-a-drd-spinu-beatrice-andreea-pe-29-09-2025","status":"publish","type":"page","link":"https:\/\/www.phys.uaic.ro\/index.php\/anunt-privind-sustinerea-raportului-de-cercetare-a-drd-spinu-beatrice-andreea-pe-29-09-2025\/","title":{"rendered":"Anun\u021b privind sus\u021binerea raportului de cercetare a drd. SP\u00ceNU Beatrice-Andreea pe 29.09.2025"},"content":{"rendered":"<p>La data de <strong>29 septembrie<\/strong>, \u00eencep\u00e2nd cu ora <strong>12.00<\/strong>, \u00een laboratorul de\u00a0<strong>Fizica Atomului \u0219i a Moleculei (FAM) <\/strong>va avea loc sus\u021binerea public\u0103 a raportului de cercetare cu titlul<strong><em> &#8222;Utilizarea surselor de plasm\u0103 la presiune atmosferic\u0103 pentru decontaminarea apei de reziduuri farmaceutice: mecanisme, eficient\u0103 \u0219i impact ecologic&#8221; <\/em><\/strong>prezentat de studenta-doctorand\u0103 <strong>SP\u00ceNU Beatrice-Andreea<\/strong> sub \u00eendrumarea <strong>prof. univ. dr. habil. Ionu\u021b-Cristian TOPAL\u0102<\/strong>.<\/p>\n","protected":false},"excerpt":{"rendered":"<p>La data de 29 septembrie, \u00eencep\u00e2nd cu ora 12.00, \u00een laboratorul de\u00a0Fizica Atomului \u0219i a Moleculei (FAM) va avea loc sus\u021binerea public\u0103 a raportului de cercetare cu titlul &#8222;Utilizarea surselor de plasm\u0103 la presiune atmosferic\u0103 pentru decontaminarea apei de reziduuri farmaceutice: mecanisme, eficient\u0103 \u0219i impact ecologic&#8221; prezentat de studenta-doctorand\u0103 SP\u00ceNU Beatrice-Andreea sub \u00eendrumarea prof. univ. dr. habil. Ionu\u021b-Cristian\u2026 <span class=\"read-more\"><a href=\"https:\/\/www.phys.uaic.ro\/index.php\/anunt-privind-sustinerea-raportului-de-cercetare-a-drd-spinu-beatrice-andreea-pe-29-09-2025\/\">Read More &raquo;<\/a><\/span><\/p>\n","protected":false},"author":4,"featured_media":0,"parent":0,"menu_order":0,"comment_status":"closed","ping_status":"closed","template":"","meta":{"footnotes":""},"class_list":["post-25515","page","type-page","status-publish","hentry"],"_links":{"self":[{"href":"https:\/\/www.phys.uaic.ro\/index.php\/wp-json\/wp\/v2\/pages\/25515","targetHints":{"allow":["GET"]}}],"collection":[{"href":"https:\/\/www.phys.uaic.ro\/index.php\/wp-json\/wp\/v2\/pages"}],"about":[{"href":"https:\/\/www.phys.uaic.ro\/index.php\/wp-json\/wp\/v2\/types\/page"}],"author":[{"embeddable":true,"href":"https:\/\/www.phys.uaic.ro\/index.php\/wp-json\/wp\/v2\/users\/4"}],"replies":[{"embeddable":true,"href":"https:\/\/www.phys.uaic.ro\/index.php\/wp-json\/wp\/v2\/comments?post=25515"}],"version-history":[{"count":0,"href":"https:\/\/www.phys.uaic.ro\/index.php\/wp-json\/wp\/v2\/pages\/25515\/revisions"}],"wp:attachment":[{"href":"https:\/\/www.phys.uaic.ro\/index.php\/wp-json\/wp\/v2\/media?parent=25515"}],"curies":[{"name":"wp","href":"https:\/\/api.w.org\/{rel}","templated":true}]}}