{"id":25559,"date":"2025-09-26T08:05:31","date_gmt":"2025-09-26T05:05:31","guid":{"rendered":"https:\/\/www.phys.uaic.ro\/?page_id=25559"},"modified":"2025-09-26T08:05:31","modified_gmt":"2025-09-26T05:05:31","slug":"anunt-privind-sustinerea-raportului-de-cercetare-a-drd-radu-catalina-pe-29-09-2025","status":"publish","type":"page","link":"https:\/\/www.phys.uaic.ro\/index.php\/anunt-privind-sustinerea-raportului-de-cercetare-a-drd-radu-catalina-pe-29-09-2025\/","title":{"rendered":"Anun\u021b privind sus\u021binerea raportului de cercetare a drd. RADU C\u0103t\u0103lina pe 29.09.2025"},"content":{"rendered":"<p>La data de 29 septembrie 2025, \u00eencep\u00e2nd cu ora 14.00, \u00een sala Laborator de Biofizic\u0103 va avea loc sus\u021binerea public\u0103 a raportului de cercetare cu titlul<strong><em> &#8222;Studiul activit\u0103\u021bii antimicrobiene a unor nanoparticule de argint ob\u021binute prin sintez\u0103 chimic\u0103 \u0219i biologic\u0103&#8221; <\/em><\/strong>prezentat de drd. RADU C\u0103t\u0103lina sub \u00eendrumarea prof. univ. dr. habil. Dorina-Emilia CREANG\u0102.<\/p>\n","protected":false},"excerpt":{"rendered":"<p>La data de 29 septembrie 2025, \u00eencep\u00e2nd cu ora 14.00, \u00een sala Laborator de Biofizic\u0103 va avea loc sus\u021binerea public\u0103 a raportului de cercetare cu titlul &#8222;Studiul activit\u0103\u021bii antimicrobiene a unor nanoparticule de argint ob\u021binute prin sintez\u0103 chimic\u0103 \u0219i biologic\u0103&#8221; prezentat de drd. RADU C\u0103t\u0103lina sub \u00eendrumarea prof. univ. dr. habil. Dorina-Emilia CREANG\u0102.<\/p>\n","protected":false},"author":4,"featured_media":0,"parent":0,"menu_order":0,"comment_status":"closed","ping_status":"closed","template":"","meta":{"footnotes":""},"class_list":["post-25559","page","type-page","status-publish","hentry"],"_links":{"self":[{"href":"https:\/\/www.phys.uaic.ro\/index.php\/wp-json\/wp\/v2\/pages\/25559","targetHints":{"allow":["GET"]}}],"collection":[{"href":"https:\/\/www.phys.uaic.ro\/index.php\/wp-json\/wp\/v2\/pages"}],"about":[{"href":"https:\/\/www.phys.uaic.ro\/index.php\/wp-json\/wp\/v2\/types\/page"}],"author":[{"embeddable":true,"href":"https:\/\/www.phys.uaic.ro\/index.php\/wp-json\/wp\/v2\/users\/4"}],"replies":[{"embeddable":true,"href":"https:\/\/www.phys.uaic.ro\/index.php\/wp-json\/wp\/v2\/comments?post=25559"}],"version-history":[{"count":0,"href":"https:\/\/www.phys.uaic.ro\/index.php\/wp-json\/wp\/v2\/pages\/25559\/revisions"}],"wp:attachment":[{"href":"https:\/\/www.phys.uaic.ro\/index.php\/wp-json\/wp\/v2\/media?parent=25559"}],"curies":[{"name":"wp","href":"https:\/\/api.w.org\/{rel}","templated":true}]}}