{"id":25678,"date":"2025-10-13T13:28:08","date_gmt":"2025-10-13T10:28:08","guid":{"rendered":"https:\/\/www.phys.uaic.ro\/?page_id=25678"},"modified":"2025-10-13T15:30:34","modified_gmt":"2025-10-13T12:30:34","slug":"sustinerea-tezei-de-doctorat-a-drd-turcanu-v-gabriela-iulia-cas-irina-pe-3-11-2025","status":"publish","type":"page","link":"https:\/\/www.phys.uaic.ro\/index.php\/sustinerea-tezei-de-doctorat-a-drd-turcanu-v-gabriela-iulia-cas-irina-pe-3-11-2025\/","title":{"rendered":"Sus\u021binerea tezei de doctorat a drd. \u0162URCANU V. GABRIELA-IULIA (c\u0103s. IRINA)\u00a0pe 3.11.2025"},"content":{"rendered":"<p><a href=\"https:\/\/www.phys.uaic.ro\/wp-content\/uploads\/2025\/10\/anunt-Turcanu-Gabriela.pdf\" target=\"_blank\" rel=\"noopener\"><em>Anun\u021bul sus\u021binerii publice<\/em><\/a><\/p>\n<p>&nbsp;<\/p>\n<p>La data de <strong>3.11.2025, ora 11,<\/strong>\u00a0\u00een sala S1, dna <strong>\u0162URCANU V. GABRIELA-IULIA (c\u0103s. IRINA)<\/strong>\u00a0va sus\u0163ine, \u00een \u015fedin\u0163\u0103 public\u0103, teza de doctorat cu titlul<\/p>\n<p><em><strong>COMPOZITE POLIMER-OXID PENTRU APLICA\u0162II \u00ceN ELECTRONICA FLEXIBIL\u0102<\/strong><\/em><\/p>\n<p>\u00een vederea ob\u0163inerii titlului \u015ftiin\u0163ific de doctor \u00een domeniul FIZIC\u0102.<\/p>\n<p><strong>\u0162URCANU V. GABRIELA-IULIA (c\u0103s. IRINA)<\/strong> \u00a0[<a href=\"https:\/\/www.phys.uaic.ro\/wp-content\/uploads\/2025\/10\/CV-Gabriela-Turcanu-Irina.pdf\" target=\"_blank\" rel=\"noopener\">CV<\/a>]<\/p>\n<p>&nbsp;<\/p>\n<p>Comisia de doctorat are urm\u0103toarea componen\u0163\u0103:<\/p>\n<ul>\n<li><b>Pre\u015fedinte<\/b>:\n<ul>\n<li>Prof. univ. dr. Diana-Mihaela MARDARE, Universitatea \u201cAlexandru Ioan Cuza\u201d din Ia\u0219i [<a href=\"https:\/\/www.phys.uaic.ro\/wp-content\/uploads\/2024\/04\/CV-2024-MARDARE-D.-rom.pdf\" target=\"_blank\" rel=\"noopener\">CV<\/a>]<\/li>\n<\/ul>\n<\/li>\n<\/ul>\n<ul>\n<li><b>Conduc\u0103tor \u015ftiin\u0163ific<\/b>:\n<ul>\n<li>Conf. univ. dr. habil. Lavinia-Petronela CURECHERIU, Universitatea \u201cAlexandru Ioan Cuza\u201d din Ia\u0219i [<a href=\"https:\/\/www.phys.uaic.ro\/wp-content\/uploads\/2025\/10\/Europass-CV_curecheriu_2025_ro.pdf\" target=\"_blank\" rel=\"noopener\">CV]<\/a><\/li>\n<\/ul>\n<\/li>\n<\/ul>\n<ul>\n<li><b>Referen\u0163i<\/b>:\n<ul>\n<li>Prof. univ. dr. habil. Dan-Gheorghe DIMITRIU, Universitatea \u201cAlexandru Ioan Cuza\u201d din Ia\u0219i [<a href=\"https:\/\/www.phys.uaic.ro\/wp-content\/uploads\/2025\/10\/CV_Dimitriu.pdf\" target=\"_blank\" rel=\"noopener\">CV<\/a>]<\/li>\n<li>CS I dr. Nicoleta LUPU, Institutul Na\u021bional de cercetare-dezvoltare pentru Fizica Tehnic\u0103 Ia\u0219i [<a href=\"https:\/\/www.phys.uaic.ro\/wp-content\/uploads\/2025\/10\/CV_RO_Nicoleta-LUPU_30.09.2025.pdf\" target=\"_blank\" rel=\"noopener\">CV<\/a>]<\/li>\n<li>CS II dr. habil. Irina-Andreea BARZIC, Institutul de chimie macromolecular\u0103 &#8222;Petru Poni&#8221; Ia\u0219i [<a href=\"https:\/\/www.phys.uaic.ro\/wp-content\/uploads\/2025\/10\/CV_european-BARZIC-AI-pt-UAIC.pdf\" target=\"_blank\" rel=\"noopener\">CV<\/a>]<\/li>\n<\/ul>\n<\/li>\n<\/ul>\n<p>&nbsp;<\/p>\n<p>Teza poate fi consultat\u0103 la Biblioteca Facult\u0103\u0163ii de Fizic\u0103.<\/p>\n<ul>\n<li><a href=\"https:\/\/www.phys.uaic.ro\/wp-content\/uploads\/2025\/10\/REZUMAT-TEZA-DOCTORAT-Turcanu-Gabriela-.pdf\" target=\"_blank\" rel=\"noopener\"><em>Rezumatul tezei de doctorat<\/em><\/a><\/li>\n<\/ul>\n","protected":false},"excerpt":{"rendered":"<p>Anun\u021bul sus\u021binerii publice &nbsp; La data de 3.11.2025, ora 11,\u00a0\u00een sala S1, dna \u0162URCANU V. GABRIELA-IULIA (c\u0103s. IRINA)\u00a0va sus\u0163ine, \u00een \u015fedin\u0163\u0103 public\u0103, teza de doctorat cu titlul COMPOZITE POLIMER-OXID PENTRU APLICA\u0162II \u00ceN ELECTRONICA FLEXIBIL\u0102 \u00een vederea ob\u0163inerii titlului \u015ftiin\u0163ific de doctor \u00een domeniul FIZIC\u0102. \u0162URCANU V. GABRIELA-IULIA (c\u0103s. IRINA) \u00a0[CV] &nbsp; Comisia de doctorat are urm\u0103toarea componen\u0163\u0103: Pre\u015fedinte:\u2026 <span class=\"read-more\"><a href=\"https:\/\/www.phys.uaic.ro\/index.php\/sustinerea-tezei-de-doctorat-a-drd-turcanu-v-gabriela-iulia-cas-irina-pe-3-11-2025\/\">Read More &raquo;<\/a><\/span><\/p>\n","protected":false},"author":4,"featured_media":0,"parent":0,"menu_order":0,"comment_status":"closed","ping_status":"closed","template":"","meta":{"footnotes":""},"class_list":["post-25678","page","type-page","status-publish","hentry"],"_links":{"self":[{"href":"https:\/\/www.phys.uaic.ro\/index.php\/wp-json\/wp\/v2\/pages\/25678","targetHints":{"allow":["GET"]}}],"collection":[{"href":"https:\/\/www.phys.uaic.ro\/index.php\/wp-json\/wp\/v2\/pages"}],"about":[{"href":"https:\/\/www.phys.uaic.ro\/index.php\/wp-json\/wp\/v2\/types\/page"}],"author":[{"embeddable":true,"href":"https:\/\/www.phys.uaic.ro\/index.php\/wp-json\/wp\/v2\/users\/4"}],"replies":[{"embeddable":true,"href":"https:\/\/www.phys.uaic.ro\/index.php\/wp-json\/wp\/v2\/comments?post=25678"}],"version-history":[{"count":0,"href":"https:\/\/www.phys.uaic.ro\/index.php\/wp-json\/wp\/v2\/pages\/25678\/revisions"}],"wp:attachment":[{"href":"https:\/\/www.phys.uaic.ro\/index.php\/wp-json\/wp\/v2\/media?parent=25678"}],"curies":[{"name":"wp","href":"https:\/\/api.w.org\/{rel}","templated":true}]}}