{"id":25802,"date":"2025-11-03T15:23:39","date_gmt":"2025-11-03T13:23:39","guid":{"rendered":"https:\/\/www.phys.uaic.ro\/?page_id=25802"},"modified":"2025-11-03T15:26:24","modified_gmt":"2025-11-03T13:26:24","slug":"suplimentare-grant-erasmus-top-up-pentru-participanti-cu-oportunitati-reduse-incepand-cu-anul-academic-2025-2026","status":"publish","type":"page","link":"https:\/\/www.phys.uaic.ro\/index.php\/suplimentare-grant-erasmus-top-up-pentru-participanti-cu-oportunitati-reduse-incepand-cu-anul-academic-2025-2026\/","title":{"rendered":"Suplimentare grant Erasmus+: Top-Up pentru participanti cu oportunitati reduse incepand cu anul academic 2025-2026"},"content":{"rendered":"<p><strong>Instructiuni privind verificarea incadrarii studentilor UAIC in categoria participantilor cu oportunitati reduse, in vederea suplimentarii grantului Erasmus+<\/strong> .<\/p>\n<p>Aceste noi categorii de oportunitati reduse sunt valabile pentru <strong>mobilitatile Erasmus+ finantate incepand cu anul academic 25-26.<\/strong><\/p>\n<p>Daca <strong>studentii se incadreaza deja in criteriile de acordare a bursei sociale de la facultate<\/strong> si beneficiaza deja de o suplimentare din Programul Erasmus+ (pentru o mobilitate in curs de desfasurare),<strong> nu mai este nevoie sa depuna din nou dosar.<\/strong><\/p>\n<p>Daca studentii se incadreaza in mai multe categorii, <strong>dosarul se depune doar pentru o singura categorie<\/strong>. <strong>Un student poate beneficia doar de o singura suplimentare de grant Erasmus+ per mobilitate<\/strong>. Prin aceasta verificare, <strong>studentii nu pot beneficia, ulterior, de bursa sociala de la facultate.<\/strong><\/p>\n<p><strong>Modificarile majore ale acestui document privesc aceste mentiuni:<\/strong><\/p>\n<ul>\n<li><em>suplimentarea grantului Erasmus+ se aplic\u0103 \u0219i \u00een cazul studen\u021bilor de alt\u0103 na\u021bionalitate dec\u00e2t cea rom\u00e2n\u0103, studen\u021bilor \u00eenmatricula\u021bi pe locurile de la tax\u0103 \u0219i studen\u021bilor care frecventeaz\u0103 o form\u0103 de \u00eenv\u0103\u021b\u0103m\u00e2nt f\u0103r\u0103 frecven\u021b\u0103, care sunt selecta\u021bi pentru a participa la mobilitate \u0219i care se \u00eencadreaz\u0103 \u00eentr-una dintre categoriile mentionate;<\/em><\/li>\n<li><em>dosarele depuse \u00een anul academic 2024-2025, pe criteriile de la punctele b, c, d, e, g, \u0219i h, din prezentul document, \u0219i considerate eligibile, au valabilitate pe toat\u0103 durata ciclului de studii la care este \u00eenmatriculat studentul \u0219i nu trebuie s\u0103 mai fie depuse \u00eenc\u0103 o dat\u0103 \u00een acel ciclu de studii. <\/em><em>Dosarele care se depun pe criterii financiare (punctul f) trebuie depuse anual, \u00een anul de studiu \u00een care are loc mobilitatea Erasmus+.<\/em><\/li>\n<\/ul>\n<p><strong>Dosarul se va depune fizic<\/strong>, la <strong>Compartimentul Burse si Probleme Sociale<\/strong> (<u>Adresa<\/u><strong>:<\/strong> Str. Gheorghe Asachi, nr. 7, Campus Codrescu, C\u0103min C12, camera 4 , <u>Program de lucru cu publicul<\/u><strong>:<\/strong> 13.00 \u2013 15.00), <strong>de preferat inainte de a veni studentii cu documentele la Compartimentul Erasmus+.<\/strong><\/p>\n<p>Categoriile de oportunitati reduse pentru care studentii pot depune dosar (pentru o singura categorie):<\/p>\n<ol>\n<li>a) student care beneficiaz\u0103 de o burs\u0103 social\u0103 sau care se calific\u0103\/\u00eentrune\u0219te condi\u021biile pentru a beneficia de o burs\u0103 social\u0103 acordat\u0103 de institu\u021bia de \u00eenv\u0103\u021b\u0103m\u00e2nt superior la care acesta este \u00eenmatriculat, conform Ordinului ME 6463\/2023 (prin care a fost abrogat Ordinul MEN 3392\/2017);<\/li>\n<li>b) student care este orfan de unul sau ambii p\u0103rin\u021bi;<\/li>\n<li>c) student care provine dintr-o familie monoparental\u0103 (din motive de deces, dispari\u021bie, \u00eencarcerare a celuilalt p\u0103rinte sau nerecunoa\u0219tere prin certificatul de na\u0219tere);<\/li>\n<li>d) student care intr\u0103 \u00een categoria \u201eprimului student din familie\u201d (\u00eensemn\u00e2nd c\u0103 nu de\u021bine deja o diplom\u0103 de licen\u021b\u0103, p\u0103rin\u021bii s\u0103i nu au ob\u021binut o diplom\u0103 de studii universitare, dar poate avea fra\u021bi\/surori care sunt deja studen\u021bi la universitate \/ au absolvit deja o universitate);<\/li>\n<li>e) persoan\u0103 cu dizabilitate (\u00een care sunt incluse deficien\u021be fizice, mintale, intelectuale sau senzoriale) sau probleme de s\u0103n\u0103tate (\u00een care sunt incluse boli grave, boli cronice sau orice alt\u0103 situa\u021bie legat\u0103 de s\u0103n\u0103tatea fizic\u0103 sau mintal\u0103 care \u00eempiedic\u0103 participarea unei persoane la program);<\/li>\n<li>f) persoan\u0103 a c\u0103rei familie nu a realizat un venit lunar net mediu per membru de familie mai mare dec\u00e2t salariul de baz\u0103 minim net pe economie \u00een cele 12 luni \u00eenainte de depunerea documentelor justificative;<\/li>\n<li>g) persoan\u0103 de etnie rom\u0103;<\/li>\n<li>h) persoan\u0103 cu statut de migrant sau refugiat.<\/li>\n<\/ol>\n<p>Toate documentele trebuie prezentate in limba romana (documentele in alta limba vor fi traduse oficial).<\/p>\n<p><a href=\"https:\/\/www.phys.uaic.ro\/wp-content\/uploads\/2025\/11\/Anexa_1.docx\">Anexa_1<\/a><\/p>\n<p><a href=\"https:\/\/www.phys.uaic.ro\/wp-content\/uploads\/2025\/11\/Anexa_2.docx\">Anexa_2<\/a><\/p>\n<p><a href=\"https:\/\/www.phys.uaic.ro\/wp-content\/uploads\/2025\/11\/Anexa_3.docx\">Anexa_3<\/a><\/p>\n<p><a href=\"https:\/\/www.phys.uaic.ro\/wp-content\/uploads\/2025\/11\/Anexa_4.docx\">Anexa_4<\/a><\/p>\n<p><a href=\"https:\/\/www.phys.uaic.ro\/wp-content\/uploads\/2025\/11\/Anexa_5.docx\">Anexa_5<\/a><\/p>\n<p><a href=\"https:\/\/www.phys.uaic.ro\/wp-content\/uploads\/2025\/11\/Anexa_6.docx\">Anexa_6<\/a><\/p>\n<p><a href=\"https:\/\/www.phys.uaic.ro\/wp-content\/uploads\/2025\/11\/Instructiuni_suplimentare-grant-Erasmus_oportunitati-reduse_2025.pdf\">Instructiuni_suplimentare grant Erasmus+_oportunitati reduse_2025<\/a><\/p>\n","protected":false},"excerpt":{"rendered":"<p>Instructiuni privind verificarea incadrarii studentilor UAIC in categoria participantilor cu oportunitati reduse, in vederea suplimentarii grantului Erasmus+ . Aceste noi categorii de oportunitati reduse sunt valabile pentru mobilitatile Erasmus+ finantate incepand cu anul academic 25-26. Daca studentii se incadreaza deja in criteriile de acordare a bursei sociale de la facultate si beneficiaza deja de o suplimentare din Programul\u2026 <span class=\"read-more\"><a href=\"https:\/\/www.phys.uaic.ro\/index.php\/suplimentare-grant-erasmus-top-up-pentru-participanti-cu-oportunitati-reduse-incepand-cu-anul-academic-2025-2026\/\">Read More &raquo;<\/a><\/span><\/p>\n","protected":false},"author":4,"featured_media":0,"parent":0,"menu_order":0,"comment_status":"closed","ping_status":"closed","template":"","meta":{"footnotes":""},"class_list":["post-25802","page","type-page","status-publish","hentry"],"_links":{"self":[{"href":"https:\/\/www.phys.uaic.ro\/index.php\/wp-json\/wp\/v2\/pages\/25802","targetHints":{"allow":["GET"]}}],"collection":[{"href":"https:\/\/www.phys.uaic.ro\/index.php\/wp-json\/wp\/v2\/pages"}],"about":[{"href":"https:\/\/www.phys.uaic.ro\/index.php\/wp-json\/wp\/v2\/types\/page"}],"author":[{"embeddable":true,"href":"https:\/\/www.phys.uaic.ro\/index.php\/wp-json\/wp\/v2\/users\/4"}],"replies":[{"embeddable":true,"href":"https:\/\/www.phys.uaic.ro\/index.php\/wp-json\/wp\/v2\/comments?post=25802"}],"version-history":[{"count":0,"href":"https:\/\/www.phys.uaic.ro\/index.php\/wp-json\/wp\/v2\/pages\/25802\/revisions"}],"wp:attachment":[{"href":"https:\/\/www.phys.uaic.ro\/index.php\/wp-json\/wp\/v2\/media?parent=25802"}],"curies":[{"name":"wp","href":"https:\/\/api.w.org\/{rel}","templated":true}]}}