{"id":259,"date":"2018-02-14T15:15:29","date_gmt":"2018-02-14T15:15:29","guid":{"rendered":"http:\/\/www.phys.uaic.ro\/?page_id=259"},"modified":"2025-09-01T09:02:17","modified_gmt":"2025-09-01T06:02:17","slug":"grad-didactic-ii","status":"publish","type":"page","link":"https:\/\/www.phys.uaic.ro\/index.php\/alumni\/perfectionare\/grad-didactic-ii\/","title":{"rendered":"Gradul didactic II"},"content":{"rendered":"<p><a href=\"https:\/\/www.phys.uaic.ro\/wp-content\/uploads\/2024\/09\/Anexa-hs6_24nov2022.pdf\" target=\"_blank\" rel=\"noopener\"><span style=\"color: #ff0000;\">Taxe actualizate (conform Hot\u0103r\u00e2rii Senatului UAIC nr. 6\/24.11.2022)<\/span><\/a><\/p>\n<p>&nbsp;<\/p>\n<div class=\"colorbox\" style=\"background-color: #e6e6e6;\">\n<h2><strong>Sesiunea august 2025<\/strong><\/h2>\n<\/div>\n<p><a href=\"https:\/\/www.phys.uaic.ro\/wp-content\/uploads\/2025\/09\/rezultate-grad-2-aug-2025.pdf\" target=\"_blank\" rel=\"noopener\"><strong>Rezultatele ob\u021binute la proba oral\u0103<\/strong><\/a><\/p>\n<p><span style=\"font-size: 14pt; color: #ff0000;\"><em><b>Prob\u0103 orala <\/b><\/em><strong>: 29 august 2025, ora 9:00, amfiteatrul Petru Bogdan &#8211; Facultatea de Chimie<\/strong><\/span><\/p>\n<p><a href=\"https:\/\/www.phys.uaic.ro\/wp-content\/uploads\/2025\/08\/Rezultate_scris_gr2_aug2025.pdf\" target=\"_blank\" rel=\"noopener\"><strong>Rezultatele ob\u021binute la Metodica pred\u0103rii specialit\u0103\u021bii Fizic\u0103 &#8211; proba scris\u0103<\/strong><\/a><\/p>\n<p><span style=\"font-size: 14pt; color: #000000;\"><em><strong>Prob\u0103\u00a0 scris\u0103<\/strong><\/em><strong> :\u00a0 26 august 2025, ora 10:00,\u00a0sala: Al. Myller<\/strong><\/span><\/p>\n<p>Calendarul privind desf\u0103\u0219urarea PROBELOR examenelor de acordare a gradului didactic II \u00een \u00eenv\u0103\u021b\u0103m\u00e2ntul preuniversitar, SESIUNEA AUGUST 2025<\/p>\n<table width=\"681\">\n<tbody>\n<tr>\n<td width=\"340\">\u00a026 august 2025<\/td>\n<td width=\"340\">Proba scris\u0103<\/td>\n<\/tr>\n<tr>\n<td width=\"340\">26-27 august 2025<\/td>\n<td width=\"340\">Corectare lucr\u0103ri proba scris\u0103, cu afi\u0219area rezultatelor par\u021biale cel t\u00e2rziu la ora 16.<\/td>\n<\/tr>\n<tr>\n<td width=\"340\">27-28 august 2025<\/td>\n<td width=\"340\">Contesta\u021bii*<\/td>\n<\/tr>\n<tr>\n<td width=\"340\">28 august 2025<\/td>\n<td width=\"340\">Solu\u021bionarea contesta\u021biilor<\/td>\n<\/tr>\n<tr>\n<td width=\"340\">29 august 2025<\/td>\n<td width=\"340\">Prob\u0103 oral\u0103<\/td>\n<\/tr>\n<tr>\n<td width=\"340\">2 septembrie 2025<\/td>\n<td width=\"340\">Rezultate finale<\/td>\n<\/tr>\n<\/tbody>\n<\/table>\n<p>Accesul candida\u021bilor \u00een sala de examen se face pe baz\u0103 de tabel nominal sub controlul responsabilului de sal\u0103.<\/p>\n<p>Candida\u021bii trebuie s\u0103 aib\u0103 asupra lor buletinul sau cartea de identitate, \u00een original \u0219i dovada schimb\u0103rii numelui (certificatul de c\u0103s\u0103torie).<\/p>\n<p>*Eventualele contestatii se pot depune incepand cu ora 16.00 a zilei de 27 august<\/p>\n<p>&nbsp;<\/p>\n<p><strong>TAXA<\/strong><\/p>\n<p>Candida\u021bii \u00eenscri\u0219i la gradul II trebuie s\u0103 achite, conform Hot\u0103r\u00e2rii Senatului Universit\u0103\u021bii \u201cAlexandru Ioan Cuza\u201d din Ia\u0219i nr. 6\/24.11.2022 , urm\u0103toarea tax\u0103:<\/p>\n<ul>\n<li>tax\u0103 procesare dosare grad didactic\u00a0 II \u2013 300 lei;<\/li>\n<li>cod taxa \u2013107; cod forma de \u00eenv\u0103\u0163\u0103m\u00e2nt-01; Facultatea de Fizic\u0103<\/li>\n<\/ul>\n<p>Taxa se achit\u0103 prin agen\u021biile BRD \u00een contul RO68BRDE240SV89534452400 deschis pe numele Universit\u0103\u021bii \u201cAlexandru Ioan Cuza\u201d din Ia\u0219i, iar chitan\u021ba se va trimite scanat\u0103 ata\u0219at\u0103 la un mail c\u0103tre fizica@uaic.ro, cel t\u00e2rziu p\u00e2n\u0103 pe data de 25 august 2025.<\/p>\n<p>IMPORTANT! \u2013 \u00cen cazul \u00een care, din diverse considerente, cadrul didactic \u00eenscris la examenul de acordare a gradului didactic II nu s-a prezentat sau nu a promovat probele acestui examen, cuantumul taxei de gradul didactic II nu se restituie.<\/p>\n<div class=\"colorbox\" style=\"background-color: #e6e6e6;\">\n<h3>Tutorat<\/h3>\n<p>Linkuri conectare sesiuni de tutorat:<\/p>\n<ul style=\"list-style-type: disc;\">\n<li>\u00a0<strong>Pedagogie<\/strong>, 30 iunie 2025, orele 14-17, lect. dr. Vrabie Tina,\n<ul style=\"list-style-type: disc;\">\n<li><a href=\"https:\/\/uaic.webex.com\/uaic\/j.php?MTID=m832ad352bdc6753722404a99c72d5afb\" target=\"_blank\" rel=\"noopener\"><em><span style=\"color: #ff0000;\"><strong>https:\/\/uaic.webex.com\/uaic\/j.php?MTID=m832ad352bdc6753722404a99c72d5af<\/strong><\/span><\/em><\/a><\/li>\n<\/ul>\n<\/li>\n<\/ul>\n<ul style=\"list-style-type: disc;\">\n<li><strong>Pedagogie<\/strong>, 30 iunie 2025, orele 9 &#8211; 12, lect. dr. Onu Dida Camelia,\n<ul style=\"list-style-type: disc;\">\n<li><em><a href=\"https:\/\/uaic.webex.com\/uaic\/j.php?MTID=m7cf7628098b9775dc798cc8e74978283\" target=\"_blank\" rel=\"noopener\"><strong><span style=\"color: #ff0000;\">https:\/\/uaic.webex.com\/uaic\/j.php?MTID=m7cf7628098b9775dc798cc8e74978283<\/span><\/strong><\/a><\/em><\/li>\n<\/ul>\n<\/li>\n<\/ul>\n<ul style=\"list-style-type: disc;\">\n<li><strong>Fizic\u0103<\/strong>, 1 iulie 2025, orele 9 &#8211; 15, conf. dr. habil. Iordana A\u015ftef\u0103noaei, lect. dr. Petronel Postolache,\n<ul style=\"list-style-type: disc;\">\n<li><span style=\"font-size: 12pt;\"><strong><span style=\"color: #ff0000;\"><em>https:\/\/uaic.webex.com\/uaic\/j.php?MTID=m2aa059ed8b29b9f23cc71711b0e89a01<\/em><\/span><\/strong><\/span><\/li>\n<\/ul>\n<\/li>\n<\/ul>\n<\/div>\n<p>&nbsp;<\/p>\n<p>&nbsp;<\/p>\n<div class=\"colorbox\" style=\"background-color: #e6e6e6;\">\n<h2><strong>Sesiunea august 2024<\/strong><\/h2>\n<p><strong><a href=\"https:\/\/www.phys.uaic.ro\/wp-content\/uploads\/2024\/08\/rez-grd-2-scris.pdf\" target=\"_blank\" rel=\"noopener\">1. REZULTATE proba scris\u0103: METODICA PRED\u0102RII SPECIALIT\u0102\u0162II -FIZIC\u0102 CU ABORD\u0102RI INTERDISCIPLINARE \u015eI DE CREATIVITATE (afi\u0219at 28 august 2024 ora: 14:15)<\/a><\/strong><\/p>\n<p><strong><em>2. CONTESTA\u0162IILE<\/em><\/strong><\/p>\n<ul>\n<li>28-29 august, vor fi adresate, \u00een scris, pre\u0219edintelui comisiei de examinare \u00een termen de cel mult 24 de ore de la data \u0219i ora afi\u0219\u0103rii rezultatelor;<\/li>\n<li>29 august solu\u021bionarea contesta\u021biilor<\/li>\n<\/ul>\n<p><strong>3. PEDAGOGIE<\/strong><\/p>\n<p>Rezultate proba oral\u0103: pedagogie<\/p>\n<p><strong><em>prob\u0103\u00a0 oral\u0103<\/em> :\u00a0 <span style=\"color: #ff0000;\">30 august 2024, ora 8:00, Amfiteatrul Petru Bogdan<\/span><\/strong><\/p>\n<ul>\n<li>Accesul candida\u021bilor \u00een sala de examen se face pe baz\u0103 de tabel nominal sub controlul responsabilului de sal\u0103.<\/li>\n<li>Candida\u021bii trebuie s\u0103 aib\u0103 asupra lor buletinul sau cartea de identitate, \u00een original \u0219i dovada schimb\u0103rii numelui (certificatul de c\u0103s\u0103torie).<\/li>\n<\/ul>\n<p>______________________________________________________________<\/p>\n<ul>\n<li><a href=\"https:\/\/www.uaic.ro\/organizare\/perfectionare-preuniversitara\/informatii-gradul-didactic-ii\/\" target=\"_blank\" rel=\"noopener\">Informa\u021bii Gradul didactic II sesiunea august 2024<\/a><\/li>\n<li><a href=\"https:\/\/www.phys.uaic.ro\/wp-content\/uploads\/2022\/08\/Programa_examen_grad_2.pdf\" target=\"_blank\" rel=\"noopener\">Fizic\u0103 &#8211; Programa pentru ob\u021binerea gradului didactic II<\/a> <img decoding=\"async\" style=\"vertical-align: top; width: 20px; height: 20px;\" src=\"http:\/\/www.phys.uaic.ro\/wp\/imagini\/pdf-icon.png\" alt=\"pdf\" \/><\/li>\n<li><a href=\"https:\/\/www.uaic.ro\/wp-content\/uploads\/2024\/06\/CALENDAR_GRAD_2_2024.pdf\" target=\"_blank\" rel=\"noopener\">Calendarul privind desf\u0103\u0219urarea PROBELOR examenelor de acordare a gradului didactic II \u00een \u00eenv\u0103\u021b\u0103m\u00e2ntul preuniversitar, SESIUNEA AUGUST 2024 <img decoding=\"async\" style=\"vertical-align: top; width: 20px; height: 20px;\" src=\"http:\/\/www.phys.uaic.ro\/wp\/imagini\/pdf-icon.png\" alt=\"pdf\" \/> <\/a><\/li>\n<\/ul>\n<p>Candida\u021bii\u00a0 sunt ruga\u021bi s\u0103 trimit\u0103 \u00een intervalul <strong>22 \u2013 26 august 2024<\/strong>\u00a0 pe adresa de mail <strong>fizica@uaic.ro<\/strong> urm\u0103toarele documente \u00een format scanat:<\/p>\n<ul>\n<li>declara\u021bia de acord de prelucrare a datelor personale (<strong><a href=\"https:\/\/www.phys.uaic.ro\/wp-content\/uploads\/2024\/08\/2024_cer_date_caract_pers_grd2-prof.pdf\" target=\"_blank\" rel=\"noopener\">descarc\u0103 formularul de aici<\/a><\/strong><img decoding=\"async\" style=\"vertical-align: top; width: 20px; height: 20px;\" src=\"http:\/\/www.phys.uaic.ro\/wp\/imagini\/pdf-icon.png\" alt=\"pdf\" \/>)<\/li>\n<li>copie dup\u0103 chitan\u021ba corespunz\u0103toare achit\u0103rii taxei de\u00a0<strong>300 lei.<\/strong><\/li>\n<\/ul>\n<h3><strong><em>TAXA<\/em><\/strong><\/h3>\n<p>Candida\u021bii \u00eenscri\u0219i la gradul II trebuie s\u0103 achite, conform Hot\u0103r\u00e2rii Senatului Universit\u0103\u021bii \u201cAlexandru Ioan Cuza\u201d din Ia\u0219i <strong>nr. 6\/24.11.2022<\/strong> , urm\u0103toarea tax\u0103:<\/p>\n<p><strong><em>tax\u0103 procesare dosare grad didactic\u00a0 II \u2013 300 lei;\u00a0<\/em><\/strong><\/p>\n<p><em>cod taxa \u2013<strong>107;<\/strong>\u00a0cod forma de\u00a0<strong>\u00eenv\u0103\u0163\u0103m\u00e2nt-01<\/strong>; Facultatea de Fizic<\/em><em>\u0103<\/em><\/p>\n<p><b>Taxa se achit\u0103 prin agen\u021biile BRD<\/b>\u00a0\u00een contul RO68BRDE240SV89534452400 deschis pe numele Universit\u0103\u021bii \u201cAlexandru Ioan Cuza\u201d din Ia\u0219i,\u00a0<b>iar chitan\u021ba se va trimite scanat\u0103 ata\u0219at\u0103 la un mail c\u0103tre fizica@uaic.ro, cel t\u00e2rziu p\u00e2n\u0103 pe data de 26 august 2024<\/b>.<\/p>\n<p>IMPORTANT! \u2013 \u00cen cazul \u00een care, din diverse considerente, cadrul didactic \u00eenscris la examenul de acordare a gradului didactic II nu s-a prezentat sau nu a promovat probele acestui examen, cuantumul taxei de gradul didactic II nu se restituie.<\/p>\n<h2>Desf\u0103\u0219urarea Examenului pentru gradul didactic II:<\/h2>\n<p><strong>1. METODICA PRED\u0102RII SPECIALIT\u0102\u0162II -FIZIC\u0102 CU ABORD\u0102RI INTERDISCIPLINARE \u015eI DE CREATIVITATE<\/strong><\/p>\n<p><strong><em>prob\u0103\u00a0 scri<\/em><em>s\u0103<\/em> :\u00a0 27 august 2024, ora 10:00, <\/strong><strong>sala: II-8<\/strong><\/p>\n<p>Afi\u0219area rezultatelor la proba scris\u0103: cel t\u00e2rziu 28 august ora 14:30<\/p>\n<p><strong><em>2. CONTESTA\u0162IILE<\/em><\/strong><\/p>\n<ul>\n<li>28-29 august, vor fi adresate, \u00een scris, pre\u0219edintelui comisiei de examinare \u00een termen de cel mult 24 de ore de la data \u0219i ora afi\u0219\u0103rii rezultatelor;<\/li>\n<li>29 august solu\u021bionarea contesta\u021biilor<\/li>\n<\/ul>\n<p><strong>3. PEDAGOGIE<\/strong><\/p>\n<p><strong><em>prob\u0103\u00a0 oral\u0103<\/em> :\u00a0 30 august 2024, ora \u00een curs de actualizare, sala \u00een curs de actualizare<\/strong><\/p>\n<ul>\n<li>Accesul candida\u021bilor \u00een sala de examen se face pe baz\u0103 de tabel nominal sub controlul responsabilului de sal\u0103.<\/li>\n<li>Candida\u021bii trebuie s\u0103 aib\u0103 asupra lor buletinul sau cartea de identitate, \u00een original \u0219i dovada schimb\u0103rii numelui (certificatul de c\u0103s\u0103torie).<\/li>\n<\/ul>\n<h3>Tutorat<\/h3>\n<p>Linkuri conectare sesiuni de tutorat:<\/p>\n<ul>\n<li>Pedagogie, 8 iulie 2024, orele 8:00-11:00, <strong><span style=\"color: #ff0000;\"><a style=\"color: #ff0000;\" href=\"https:\/\/uaic.webex.com\/uaic\/j.php?MTID=m503bc8f88432840f5696dddf1f1fa8d5\">https:\/\/uaic.webex.com\/uaic\/j.php?MTID=m503bc8f88432840f5696dddf1f1fa8d5<\/a><\/span><\/strong><\/li>\n<li>Pedagogie, 8 iulie 2024, orele 12:00-15:00, <span style=\"color: #ff0000;\"><strong><a style=\"color: #ff0000;\" href=\"https:\/\/uaic.webex.com\/uaic\/j.php?MTID=m6a26c6feb3218a5c8b0379bee8144af4\">https:\/\/uaic.webex.com\/uaic\/j.php?MTID=m6a26c6feb3218a5c8b0379bee8144af4<\/a><\/strong><\/span><\/li>\n<li>Fizica, 10 iulie 2024, orele 9:00 &#8211; 12:00 <span style=\"color: #ff0000;\"><a style=\"color: #ff0000;\" href=\"https:\/\/uaic.webex.com\/uaic-ro\/j.php?MTID=mbd680a61abc2b04f1a435ac5a0fe1247\" target=\"_blank\" rel=\"noopener\"><strong>https:\/\/uaic.webex.com\/uaic-ro\/j.php?MTID=mbd680a61abc2b04f1a435ac5a0fe1247<\/strong><\/a><\/span><\/li>\n<\/ul>\n<p>&nbsp;<\/p>\n<\/div>\n<p>&nbsp;<\/p>\n<div class=\"colorbox\" style=\"background-color: #e6e6e6;\">\n<h2><strong>Sesiunea august 2023<\/strong><\/h2>\n<ul>\n<li><a href=\"https:\/\/www.phys.uaic.ro\/wp-content\/uploads\/2023\/08\/rezultate-oral-grd-2.pdf\" target=\"_blank\" rel=\"noopener\"><span style=\"color: #ff0000;\">Rezultate proba oral\u0103 30\/08\/2023<\/span><\/a><\/li>\n<li><a href=\"https:\/\/www.phys.uaic.ro\/wp-content\/uploads\/2023\/08\/rezultate_proba_scrisa_grad_II_aug_2023.pdf\"><span style=\"color: #ff0000;\">Rezultate proba scrisa 25\/08\/2023<\/span><\/a><\/li>\n<li><span style=\"color: #ff0000;\">Eventualele contesta\u021bii se pot depune p\u00e2n\u0103 la data de 29\/08\/2023, ora 10.30 la secretariatul Facult\u0103\u021bii<\/span><\/li>\n<li><a href=\"https:\/\/www.uaic.ro\/organizare\/perfectionare-preuniversitara\/informatii-gradul-didactic-ii\/\" target=\"_blank\" rel=\"noopener\">Informa\u021bii Gradul didactic II sesiunea august 2023<\/a><\/li>\n<li><a href=\"https:\/\/www.phys.uaic.ro\/wp-content\/uploads\/2022\/08\/Programa_examen_grad_2.pdf\" target=\"_blank\" rel=\"noopener\">Fizic\u0103 &#8211; Programa pentru ob\u021binerea gradului didactic II<\/a> <img decoding=\"async\" style=\"vertical-align: top; width: 20px; height: 20px;\" src=\"http:\/\/www.phys.uaic.ro\/wp\/imagini\/pdf-icon.png\" alt=\"pdf\" \/><\/li>\n<li><a href=\"https:\/\/www.uaic.ro\/wp-content\/uploads\/2023\/05\/CALENDAR_probe_GRAD_2_2023.pdf\">Calendarul privind desf\u0103\u0219urarea PROBELOR examenelor de acordare a gradului didactic II \u00een \u00eenv\u0103\u021b\u0103m\u00e2ntul preuniversitar, SESIUNEA AUGUST 2023\u00a0<img decoding=\"async\" style=\"vertical-align: top; width: 20px; height: 20px;\" src=\"http:\/\/www.phys.uaic.ro\/wp\/imagini\/pdf-icon.png\" alt=\"pdf\" \/> <\/a><\/li>\n<\/ul>\n<h2>Desf\u0103\u0219urarea Examenului pentru gradul didactic II:<\/h2>\n<p><strong>1. METODICA PRED\u0102RII SPECIALIT\u0102\u0162II -FIZIC\u0102 CU ABORD\u0102RI INTERDISCIPLINARE \u015eI DE CREATIVITATE<\/strong><\/p>\n<p><span style=\"color: #ff0000;\"><strong><em>prob\u0103\u00a0 scri<\/em><em>s\u0103<\/em> :\u00a0 25 august 2023, ora 10:00,<span style=\"color: #ff0000;\">\u00a0<\/span><\/strong><strong>amfiteatrul II.7 (Corp A)<\/strong><\/span><\/p>\n<p><strong>2. PEDAGOGIE<\/strong><\/p>\n<p><span style=\"color: #ff0000;\"><strong><em>prob\u0103\u00a0 oral\u0103<\/em> :\u00a0 30 august 2023, ora 9:00, sala Vespasian Pella (l\u00e2ng\u0103 biblioteca Facult\u0103\u021bii de Drept)<\/strong><\/span><\/p>\n<ul>\n<li>Accesul candida\u021bilor \u00een sala de examen se face pe baz\u0103 de tabel nominal sub controlul responsabilului de sal\u0103.<\/li>\n<li>Candida\u021bii trebuie s\u0103 aib\u0103 asupra lor buletinul sau cartea de identitate, \u00een original.<\/li>\n<li>(Examenul de acordare a gradului didactic II const\u0103 \u00een dou\u0103 probe scrise \u2013 Pedagogie \u0219i Metodica pred\u0103rii specialit\u0103\u021bii cu abord\u0103ri interdisciplinare \u0219i de creativitate &#8211; care se vor desf\u0103\u0219ura \u00een aceea\u0219i zi (25 august 2023) \u0219i de la aceea\u0219i ora (10.00).<\/li>\n<li>Practic, \u00eentr-un interval de 3 ore (10.00 \u2013 13.00) candida\u021bii vor avea ambele probe, \u00een conformitate cu Ordinul de ministru nr. 4303\/mai 2020, care a completat \u0219i modificat O.M. nr. 5561\/2011, ordin ce reglementeaz\u0103 evolu\u021bia \u00een carier\u0103 a cadrelor didactice din \u00eenv\u0103\u021b\u0103m\u00e2ntul preuniversitar.)<\/li>\n<\/ul>\n<p><strong><em>3. CONTESTA\u0162IILE<br \/>\n<\/em><\/strong><\/p>\n<ul>\n<li>vor fi adresate, \u00een scris, pre\u0219edintelui comisiei de examinare \u00een termen de cel mult 24 de ore de la data \u0219i ora afi\u0219\u0103rii rezultatelor;<\/li>\n<\/ul>\n<h3><strong><em>TAXA <\/em><\/strong><\/h3>\n<p>Candida\u0163ii \u00eenscri\u015fi la gradul II trebuie s\u0103 achite, conform Hot\u0103r\u00e2rii Senatului Universit\u0103\u0163ii &#8222;Alexandru Ioan Cuza&#8221; din Ia\u015fi nr. 13\/30.05.2013 , urm\u0103toarea tax\u0103:<\/p>\n<p><strong><em>tax\u0103 procesare dosare grad didactic\u00a0 II &#8211; 150 lei;\u00a0 <\/em><\/strong><\/p>\n<p><em>cod taxa &#8211;<strong>107;<\/strong> cod forma de <strong>\u00eenv\u0103\u0163\u0103m\u00e2nt-01<\/strong>; Facultatea de Fizic<\/em><em>\u0103<\/em><\/p>\n<p><b>Taxa se achit\u0103 prin agen\u021biile BRD<\/b> \u00een contul RO68BRDE240SV89534452400 deschis pe numele Universit\u0103\u021bii &#8222;Alexandru Ioan Cuza&#8221; din Ia\u0219i, <b>iar chitan\u021ba se va depune la secretariatul facult\u0103\u021bii, cel t\u00e2rziu p\u00e2n\u0103 pe data de 24 august 2023<\/b>.<\/p>\n<p>IMPORTANT! &#8211; \u00cen cazul \u00een care, din diverse considerente, cadrul didactic \u00eenscris la examenul de acordare a gradului didactic II nu s-a prezentat sau nu a promovat probele acestui examen, cuantumul taxei de gradul didactic II nu se restituie.<\/p>\n<h3>Tutorat<\/h3>\n<p>Linkuri conectare sesiuni de tutorat:<\/p>\n<ul style=\"list-style-type: disc;\">\n<li>Fizica, 11 iulie 2023, orele 9:30 &#8211; 12:30<\/li>\n<\/ul>\n<p><span style=\"color: #ff0000;\"><em>https:\/\/uaic.webex.com\/uaic\/j.php?MTID=m73d6843ddbb7b5d66dcac862ada99a2b<\/em><\/span><\/p>\n<ul>\n<li>Fizica, 14 iulie 2023, orele 9:30\u00a0 &#8211; 12:30<\/li>\n<\/ul>\n<p><span style=\"color: #ff0000;\"><em>https:\/\/uaic.webex.com\/uaic\/j.php?MTID=meea7e8620a325c19c498505c5fefb1f6<\/em><\/span><\/p>\n<ul style=\"list-style-type: disc;\">\n<li>Pedagogie, conf. dr. Ghia\u021b\u0103u Roxana, 11 iulie 2023, orele 16-19<\/li>\n<\/ul>\n<p><em><a href=\"https:\/\/uaic.webex.com\/uaic\/j.php?MTID=mc8b82c50bcc109d3b2de4ce81cfe1963\"><span style=\"color: #ff0000;\">https:\/\/uaic.webex.com\/uaic\/j.php?MTID=mc8b82c50bcc109d3b2de4ce81cfe1963<\/span><\/a><\/em><\/p>\n<ul style=\"list-style-type: disc;\">\n<li>Pedagogie, lect. dr. Onu Dida Camelia, 10 iulie 2023, orele 10-13<\/li>\n<\/ul>\n<p><em><a href=\"https:\/\/uaic.webex.com\/uaic\/j.php?MTID=m4ada8286bf30aa9eaf781315b97d7211\" target=\"_blank\" rel=\"noopener\"><span style=\"color: #ff0000;\">https:\/\/uaic.webex.com\/uaic\/j.php?MTID=m4ada8286bf30aa9eaf781315b97d7211<\/span><\/a><\/em><\/p>\n<\/div>\n<p>&nbsp;<\/p>\n<div class=\"colorbox\" style=\"background-color: #e6e6e6;\">\n<div class=\"colorbox\" style=\"background-color: #e6e6e6;\">\n<h3>Sesiunea august 2022<\/h3>\n<ul style=\"list-style-type: disc;\">\n<li><a href=\"https:\/\/www.phys.uaic.ro\/wp-content\/uploads\/2022\/08\/rezultate-pedagogie-grd-II-aug-2022.pdf\" target=\"_blank\" rel=\"noopener\">Rezultate proba oral\u0103 &#8211; Pedagogie 31\/08\/2022<\/a><\/li>\n<li><span style=\"color: #ff0000;\">Proba oral\u0103 se va desfa\u0219ura \u00een data de 31 aug. 2022, \u00eencepand cu ora 13.00, \u00een Amfiteatrul Petru Bogdan<\/span><\/li>\n<li><a href=\"https:\/\/www.phys.uaic.ro\/wp-content\/uploads\/2022\/08\/rezultate-gr2.pdf.pdf\" target=\"_blank\" rel=\"noopener\">Rezultate proba scrisa 26\/08\/2022<\/a><\/li>\n<li><span style=\"color: #ff0000;\">Eventualele contesta\u021bii se pot depune p\u00e2n\u0103 la data de 30 aug. 2022, ora 12.00 la secretariatul Facult\u0103\u021bii.<\/span><\/li>\n<li><a href=\"https:\/\/www.uaic.ro\/organizare\/perfectionare-preuniversitara\/informatii-gradul-didactic-ii\/\" target=\"_blank\" rel=\"noopener\">Informa\u021bii Gradul didactic II sesiunea august 2022\u00a0<\/a><\/li>\n<li><a href=\"https:\/\/www.phys.uaic.ro\/wp-content\/uploads\/2022\/08\/Organizarea-examenului-de-acordare-a-gradului-didactic-II-2022.pdf\" target=\"_blank\" rel=\"noopener\">Organizarea examenului de acordare a gradului didactic II 2022<\/a> <img decoding=\"async\" style=\"vertical-align: top; width: 20px; height: 20px;\" src=\"http:\/\/www.phys.uaic.ro\/wp\/imagini\/pdf-icon.png\" alt=\"pdf\" \/><\/li>\n<li><a href=\"https:\/\/www.phys.uaic.ro\/wp-content\/uploads\/2022\/08\/Programa_examen_grad_2.pdf\" target=\"_blank\" rel=\"noopener\">Fizic\u0103 &#8211; Programa pentru ob\u021binerea gradului didactic II<\/a> <img decoding=\"async\" style=\"vertical-align: top; width: 20px; height: 20px;\" src=\"http:\/\/www.phys.uaic.ro\/wp\/imagini\/pdf-icon.png\" alt=\"pdf\" \/><\/li>\n<li><a href=\"https:\/\/www.uaic.ro\/wp-content\/uploads\/2022\/06\/CALENDAR_GRAD_2_2022.pdf\" target=\"_blank\" rel=\"noopener\">Calendarul privind desf\u0103\u0219urarea PROBELOR examenelor de acordare a gradului didactic II \u00een \u00eenv\u0103\u021b\u0103m\u00e2ntul preuniversitar, SESIUNEA AUGUST 2022<\/a> <img decoding=\"async\" style=\"vertical-align: top; width: 20px; height: 20px;\" src=\"http:\/\/www.phys.uaic.ro\/wp\/imagini\/pdf-icon.png\" alt=\"pdf\" \/><\/li>\n<li style=\"list-style-type: none;\"><\/li>\n<\/ul>\n<\/div>\n<div class=\"colorbox\" style=\"background-color: #e6e6e6;\">\n<h3>Sesiunea august 2021<\/h3>\n<ul>\n<li><a href=\"http:\/\/www.phys.uaic.ro\/wp\/perfectionare\/grad-ii\/august-2021\/metodologie-organizare-desfasurare-examen-grad-ii-august-2021.pdf\">Metodologia privind organizarea \u015fi desf\u0103\u015furarea examenului de acordare a gradului didactic II sesiunea august 2021<\/a> <img decoding=\"async\" style=\"vertical-align: top; width: 20px; height: 20px;\" src=\"http:\/\/www.phys.uaic.ro\/wp\/imagini\/pdf-icon.png\" alt=\"pdf\" \/><\/li>\n<li><a href=\"http:\/\/www.phys.uaic.ro\/wp\/perfectionare\/grad-ii\/august-2021\/programa-obtinere-grad-didactic-ii.pdf\">Fizic\u0103 &#8211; Programa pentru ob\u021binerea gradului didactic II<\/a> <img decoding=\"async\" style=\"vertical-align: top; width: 20px; height: 20px;\" src=\"http:\/\/www.phys.uaic.ro\/wp\/imagini\/pdf-icon.png\" alt=\"pdf\" \/><\/li>\n<li><a href=\"http:\/\/www.phys.uaic.ro\/wp\/perfectionare\/grad-ii\/august-2021\/desfasurare-sesiune-august-2021.pdf\">Desf\u0103\u015furarea sesiunii august 2021 pentru acordarea gradului didactic II<\/a> <img decoding=\"async\" style=\"vertical-align: top; width: 20px; height: 20px;\" src=\"http:\/\/www.phys.uaic.ro\/wp\/imagini\/pdf-icon.png\" alt=\"pdf\" \/><\/li>\n<\/ul>\n<ul>\n<li><a href=\"http:\/\/www.phys.uaic.ro\/wp\/perfectionare\/grad-ii\/august-2021\/rezultate-pedagogie-august-2021.pdf\">Rezultate ob\u021binute la Pedagogie &#8211; proba scris\u0103<\/a> <img decoding=\"async\" style=\"vertical-align: top; width: 20px; height: 20px;\" src=\"http:\/\/www.phys.uaic.ro\/wp\/imagini\/pdf-icon.png\" alt=\"pdf\" \/><\/li>\n<li><a href=\"http:\/\/www.phys.uaic.ro\/wp\/perfectionare\/grad-ii\/august-2021\/rezultate-metodica-predare-fizica-august-2021.pdf\">Rezultate ob\u021binute la Metodica pred\u0103rii specialit\u0103\u021bii Fizic\u0103 &#8211; proba scris\u0103<\/a> <img decoding=\"async\" style=\"vertical-align: top; width: 20px; height: 20px;\" src=\"http:\/\/www.phys.uaic.ro\/wp\/imagini\/pdf-icon.png\" alt=\"pdf\" \/><\/li>\n<li><a href=\"http:\/\/www.phys.uaic.ro\/wp\/perfectionare\/grad-ii\/august-2021\/rezultate-finale-gradul-didactic-ii-august-2021.pdf\">Rezultate finale gradul didactic II<\/a> <img decoding=\"async\" style=\"vertical-align: top; width: 20px; height: 20px;\" src=\"http:\/\/www.phys.uaic.ro\/wp\/imagini\/pdf-icon.png\" alt=\"pdf\" \/><br \/>\n<span style=\"color: red;\">Afi\u0219at azi, 25.08.2021, ora 12.00<\/span><br \/>\n<span style=\"color: red;\">Eventualele contesta\u021bii se vor depune m\u00e2ine, 27 aug. 2021, intre orele 8.00 \u2013 12.00 la secretariatul facult\u0103\u021bii.<\/span><\/li>\n<\/ul>\n<\/div>\n<p>&nbsp;<\/p>\n<\/div>\n","protected":false},"excerpt":{"rendered":"<p>Taxe actualizate (conform Hot\u0103r\u00e2rii Senatului UAIC nr. 6\/24.11.2022) &nbsp; Sesiunea august 2025 Rezultatele ob\u021binute la proba oral\u0103 Prob\u0103 orala : 29 august 2025, ora 9:00, amfiteatrul Petru Bogdan &#8211; Facultatea de Chimie Rezultatele ob\u021binute la Metodica pred\u0103rii specialit\u0103\u021bii Fizic\u0103 &#8211; proba scris\u0103 Prob\u0103\u00a0 scris\u0103 :\u00a0 26 august 2025, ora 10:00,\u00a0sala: Al. Myller Calendarul privind desf\u0103\u0219urarea PROBELOR examenelor de\u2026 <span class=\"read-more\"><a href=\"https:\/\/www.phys.uaic.ro\/index.php\/alumni\/perfectionare\/grad-didactic-ii\/\">Read More &raquo;<\/a><\/span><\/p>\n","protected":false},"author":3,"featured_media":0,"parent":255,"menu_order":0,"comment_status":"closed","ping_status":"closed","template":"","meta":{"footnotes":""},"class_list":["post-259","page","type-page","status-publish","hentry"],"_links":{"self":[{"href":"https:\/\/www.phys.uaic.ro\/index.php\/wp-json\/wp\/v2\/pages\/259","targetHints":{"allow":["GET"]}}],"collection":[{"href":"https:\/\/www.phys.uaic.ro\/index.php\/wp-json\/wp\/v2\/pages"}],"about":[{"href":"https:\/\/www.phys.uaic.ro\/index.php\/wp-json\/wp\/v2\/types\/page"}],"author":[{"embeddable":true,"href":"https:\/\/www.phys.uaic.ro\/index.php\/wp-json\/wp\/v2\/users\/3"}],"replies":[{"embeddable":true,"href":"https:\/\/www.phys.uaic.ro\/index.php\/wp-json\/wp\/v2\/comments?post=259"}],"version-history":[{"count":0,"href":"https:\/\/www.phys.uaic.ro\/index.php\/wp-json\/wp\/v2\/pages\/259\/revisions"}],"up":[{"embeddable":true,"href":"https:\/\/www.phys.uaic.ro\/index.php\/wp-json\/wp\/v2\/pages\/255"}],"wp:attachment":[{"href":"https:\/\/www.phys.uaic.ro\/index.php\/wp-json\/wp\/v2\/media?parent=259"}],"curies":[{"name":"wp","href":"https:\/\/api.w.org\/{rel}","templated":true}]}}