{"id":25924,"date":"2025-12-02T08:48:19","date_gmt":"2025-12-02T06:48:19","guid":{"rendered":"https:\/\/www.phys.uaic.ro\/?page_id=25924"},"modified":"2025-12-02T08:50:38","modified_gmt":"2025-12-02T06:50:38","slug":"fise-discipline-master-pentru-anul-universitar-2025-2026","status":"publish","type":"page","link":"https:\/\/www.phys.uaic.ro\/index.php\/fise-discipline-master-pentru-anul-universitar-2025-2026\/","title":{"rendered":"Fise discipline master pentru anul universitar 2025-2026"},"content":{"rendered":"<p><strong><span style=\"font-size: 14pt;\">Fi\u0219e discipline la specializarea <em>Fizic\u0103 medical\u0103 aplicat\u0103<\/em><\/span><\/strong><\/p>\n<ul>\n<li><a href=\"https:\/\/www.phys.uaic.ro\/wp-content\/uploads\/2025\/12\/FMA_anul-1.pdf\" target=\"_blank\" rel=\"noopener\">Anul I<\/a><\/li>\n<li><a href=\"https:\/\/www.phys.uaic.ro\/wp-content\/uploads\/2025\/12\/FMA_anul-2.pdf\" target=\"_blank\" rel=\"noopener\">Anul II<\/a><\/li>\n<\/ul>\n<p><strong>\u00a0<\/strong><\/p>\n<p><strong>Fi\u0219e discipline la specializarea <em>Fizica pentru tehnologii avansate \/ Physics for advanced technologies (\u00een limba englez\u0103)<\/em><\/strong><\/p>\n<ul>\n<li><a href=\"https:\/\/www.phys.uaic.ro\/wp-content\/uploads\/2025\/12\/FTA_anul-1.pdf\" target=\"_blank\" rel=\"noopener\">Anul I<\/a><\/li>\n<li><a href=\"https:\/\/www.phys.uaic.ro\/wp-content\/uploads\/2025\/12\/FTA_anul-2.pdf\" target=\"_blank\" rel=\"noopener\">Anul II<\/a><\/li>\n<\/ul>\n<p><strong>\u00a0<\/strong><\/p>\n<p><strong>Fi\u0219e discipline la specializarea <em>Metode fizice aplicate \u00een kinetoterapie \u0219i recuperare medical\u0103<\/em><\/strong><\/p>\n<ul>\n<li><a href=\"https:\/\/www.phys.uaic.ro\/wp-content\/uploads\/2025\/12\/Kineto_anul-1.pdf\" target=\"_blank\" rel=\"noopener\">Anul I<\/a><\/li>\n<li>Anul II<\/li>\n<\/ul>\n<p><strong>\u00a0<\/strong><\/p>\n<p><strong>Fi\u0219e discipline la specializarea <em>Optic\u0103 \u015fi optometrie<\/em><\/strong><\/p>\n<ul>\n<li><a href=\"https:\/\/www.phys.uaic.ro\/wp-content\/uploads\/2025\/12\/OO_anul-1.pdf\" target=\"_blank\" rel=\"noopener\">Anul I<\/a><\/li>\n<li><a href=\"https:\/\/www.phys.uaic.ro\/wp-content\/uploads\/2025\/12\/OO_anul-2.pdf\" target=\"_blank\" rel=\"noopener\">Anul II<\/a><\/li>\n<\/ul>\n<p><strong>\u00a0<\/strong><\/p>\n<p><strong>Fi\u0219e discipline la specializarea <em>Fizic\u0103 aplicat\u0103 \u00een tehnologii SMART \u0219i comunica\u021bii<\/em><\/strong><\/p>\n<ul>\n<li><a href=\"https:\/\/www.phys.uaic.ro\/wp-content\/uploads\/2025\/12\/Smart_anul-1.pdf\" target=\"_blank\" rel=\"noopener\">Anul I<\/a><\/li>\n<li><a href=\"https:\/\/www.phys.uaic.ro\/wp-content\/uploads\/2025\/12\/SMART_anul-2.pdf\" target=\"_blank\" rel=\"noopener\">Anul II<\/a><\/li>\n<\/ul>\n<p><strong>\u00a0<\/strong><\/p>\n<p><strong>Fi\u0219e discipline la specializarea <em>Fizica energiilor <\/em><\/strong><strong><em>\u00eenalte \/ High Energy \u00eenalte (\u00een limba englez\u0103)<\/em><\/strong><\/p>\n<ul>\n<li>Anul I<\/li>\n<\/ul>\n<p><strong>\u00a0<\/strong><\/p>\n<p><strong>Fi\u0219e discipline la specializarea <em>Fizic\u0103 aplicat\u0103 \u00een tehnologiile informa\u021biei \u0219i comunica\u021bii (B\u0103l\u021bi)<\/em><\/strong><\/p>\n<ul>\n<li><a href=\"https:\/\/www.phys.uaic.ro\/wp-content\/uploads\/2025\/12\/Fatic_anul-1.pdf\" target=\"_blank\" rel=\"noopener\">Anul I<\/a><\/li>\n<li><a href=\"https:\/\/www.phys.uaic.ro\/wp-content\/uploads\/2025\/12\/Fatic_anul-2.pdf\" target=\"_blank\" rel=\"noopener\">Anul II<\/a><\/li>\n<\/ul>\n<p>&nbsp;<\/p>\n","protected":false},"excerpt":{"rendered":"<p>Fi\u0219e discipline la specializarea Fizic\u0103 medical\u0103 aplicat\u0103 Anul I Anul II \u00a0 Fi\u0219e discipline la specializarea Fizica pentru tehnologii avansate \/ Physics for advanced technologies (\u00een limba englez\u0103) Anul I Anul II \u00a0 Fi\u0219e discipline la specializarea Metode fizice aplicate \u00een kinetoterapie \u0219i recuperare medical\u0103 Anul I Anul II \u00a0 Fi\u0219e discipline la specializarea Optic\u0103 \u015fi optometrie Anul\u2026 <span class=\"read-more\"><a href=\"https:\/\/www.phys.uaic.ro\/index.php\/fise-discipline-master-pentru-anul-universitar-2025-2026\/\">Read More &raquo;<\/a><\/span><\/p>\n","protected":false},"author":4,"featured_media":0,"parent":0,"menu_order":0,"comment_status":"closed","ping_status":"closed","template":"","meta":{"footnotes":""},"class_list":["post-25924","page","type-page","status-publish","hentry"],"_links":{"self":[{"href":"https:\/\/www.phys.uaic.ro\/index.php\/wp-json\/wp\/v2\/pages\/25924","targetHints":{"allow":["GET"]}}],"collection":[{"href":"https:\/\/www.phys.uaic.ro\/index.php\/wp-json\/wp\/v2\/pages"}],"about":[{"href":"https:\/\/www.phys.uaic.ro\/index.php\/wp-json\/wp\/v2\/types\/page"}],"author":[{"embeddable":true,"href":"https:\/\/www.phys.uaic.ro\/index.php\/wp-json\/wp\/v2\/users\/4"}],"replies":[{"embeddable":true,"href":"https:\/\/www.phys.uaic.ro\/index.php\/wp-json\/wp\/v2\/comments?post=25924"}],"version-history":[{"count":0,"href":"https:\/\/www.phys.uaic.ro\/index.php\/wp-json\/wp\/v2\/pages\/25924\/revisions"}],"wp:attachment":[{"href":"https:\/\/www.phys.uaic.ro\/index.php\/wp-json\/wp\/v2\/media?parent=25924"}],"curies":[{"name":"wp","href":"https:\/\/api.w.org\/{rel}","templated":true}]}}