{"id":26172,"date":"2026-01-21T10:52:46","date_gmt":"2026-01-21T08:52:46","guid":{"rendered":"https:\/\/www.phys.uaic.ro\/?page_id=26172"},"modified":"2026-01-21T10:52:46","modified_gmt":"2026-01-21T08:52:46","slug":"examenul-de-licenta-diploma-sesiunea-februarie-2026","status":"publish","type":"page","link":"https:\/\/www.phys.uaic.ro\/index.php\/examenul-de-licenta-diploma-sesiunea-februarie-2026\/","title":{"rendered":"Examenul de licen\u021b\u0103\/diplom\u0103 \u2013 Sesiunea februarie 2026"},"content":{"rendered":"<header>\n<header class=\"entry-header\">\n<h1><b>Perioada de \u00eenscriere la examenul de licen\u0163\u0103\/diplom\u0103:<\/b><\/h1>\n<\/header>\n<div class=\"entry-content\">\n<ul>\n<li><strong>16-20 februarie 2026<\/strong>, ora 12<\/li>\n<\/ul>\n<h3><b>Sus\u0163inerea examenului de licen\u0163\u0103\/diplom\u0103 <\/b><\/h3>\n<\/div>\n<\/header>\n<ul>\n<li><strong>23-27 februarie 2026<\/strong><\/li>\n<\/ul>\n<header><\/header>\n<header><em><strong>Tematica \u0219i subiecte pentru examenul de licen\u021b\u0103\/diplom\u0103 \u2013 sesiunea februarie 2026<\/strong><\/em><em><strong>:<\/strong><\/em><\/header>\n<header><\/header>\n<header><\/header>\n<header>Cuno\u015ftin\u0163e fundamentale: <a href=\"https:\/\/www.phys.uaic.ro\/wp-content\/uploads\/2025\/02\/Tematica-si-bilete_Fizica_Generala.pdf\"><strong>Fizic\u0103 general\u0103 \u2013 obligatorii pentru toate specializ\u0103rile<\/strong><\/a><\/header>\n<header><\/header>\n<header>Cuno\u015ftin\u0163e de specialitate : <strong><a href=\"https:\/\/www.phys.uaic.ro\/wp-content\/uploads\/2025\/02\/Tematica-si-bilete_specialitate_Fizica.pdf\">Fizic\u0103<\/a>\u00a0<\/strong><\/header>\n<header>Cuno\u015ftin\u0163e de specialitate : <a href=\"https:\/\/www.phys.uaic.ro\/wp-content\/uploads\/2025\/02\/Tematica-si-bilete_specialitate_Medicala.pdf\"><strong>Fizic\u0103 medical\u0103<\/strong><\/a><\/header>\n<header>Cuno\u015ftin\u0163e de specialitate : <a href=\"https:\/\/www.phys.uaic.ro\/wp-content\/uploads\/2025\/02\/Tematica-si-bilete_specialitate_Informatica.pdf\"><strong>Fizic\u0103 informatic\u0103<\/strong><\/a><\/header>\n<header>Cuno\u015ftin\u0163e de specialitate : <a href=\"https:\/\/www.phys.uaic.ro\/wp-content\/uploads\/2025\/02\/Tematica-si-bilete_specialitate_Fizica_Tehnologica.pdf\"><strong>Fizic\u0103 tehnologic\u0103<\/strong><\/a><\/header>\n<header><\/header>\n<header><\/header>\n<div class=\"entry-content\">\n<p>&nbsp;<\/p>\n<p>In perioada <strong>16-20 februarie 2026, ora 12<\/strong>, candidatul <strong>va depune la secretariatul facult\u0103\u021bii<\/strong> urm\u0103toarele documente:<\/p>\n<ul>\n<li><a href=\"https:\/\/www.phys.uaic.ro\/wp-content\/uploads\/2025\/06\/Fisa_inscriere_finalizare_studii_iulie2025_aprobatSenat30.01.2025.pdf\">cererea de \u00eenscriere completat\u0103 cu albastru<\/a>;<\/li>\n<li>copie certificat de na\u0219tere;<\/li>\n<li>copie carte de identitate;<\/li>\n<li>Diploma de Bacalaureat sau echivalent\u0103, \u00een original,<\/li>\n<li>Atestatul de recunoa\u0219tere a diplomelor, eliberat de c\u0103tre Centrul Na\u021bional de Recunoa\u0219tere \u0219i Echivalare a Diplomelor (unde e cazul),<\/li>\n<li><strong>lucrarea de licen\u021b\u0103\/diplom\u0103<\/strong>, <strong>listata fata-verso, va avea atasate la finalul ei\u00a0<\/strong><a href=\"https:\/\/www.phys.uaic.ro\/wp-content\/uploads\/2025\/06\/2022-Declaratie-autenticitate_licenta.pdf\">declara\u021bia privind autenticitatea<\/a> con\u021binutului\u00a0 lucr\u0103rii de licen\u021b\u0103\/diplom\u0103 semnat\u0103 de <strong>candidat \u0219i coordonator<\/strong> \u0219i <a href=\"https:\/\/www.phys.uaic.ro\/wp-content\/uploads\/2025\/06\/DECLARATIE-AI-Fizica-2025.docx\">declara\u021bia cu privire la utilizarea programelor de inteligen\u021b\u0103 artificial\u0103 generativ\u0103 (GenAI)<\/a>, ca urmare a prevederilor din Regulamentul privind organizarea \u015fi desf\u0103\u015furarea examenelor de absolvire, licen\u0163\u0103\/diplom\u0103 \u015fi diserta\u0163ie (sesiunile: iulie 2025, septembrie 2025 \u015fi februarie 2026). Lucrarea <strong>va fi legata cu carton subtire (ca un caiet),<\/strong><\/li>\n<li>chitan\u0163a de plat\u0103 a taxei (200 lei) \u00een cazul repet\u0103rii examenului.<\/li>\n<\/ul>\n<p>&nbsp;<\/p>\n<p><strong>\u00a0<\/strong>Formulare licen\u021b\u0103<\/p>\n<\/div>\n<div class=\"entry-content\">\n<ul>\n<li style=\"list-style-type: none;\">\n<ul>\n<li><strong><a href=\"https:\/\/www.phys.uaic.ro\/wp-content\/uploads\/2025\/06\/Fisa_inscriere_finalizare_studii_iulie2025.docx\" target=\"_blank\" rel=\"noopener\"><em>Cerere pentru \u00eenscrierea la examenul de licen\u0163\u0103\/diplom\u0103 sesiunea septembrie 2025<\/em><\/a><\/strong>\u00a0 \u00a0 [Word]<\/li>\n<li><strong><a href=\"https:\/\/www.phys.uaic.ro\/wp-content\/uploads\/2025\/06\/2022-Declaratie-autenticitate_licenta.pdf\" target=\"_blank\" rel=\"noopener\"><em>Declara\u021bia privind autenticitatea lucr\u0103rii de licen\u021b\u0103\/diplom\u0103<\/em><\/a><\/strong><\/li>\n<li><strong><em><a href=\"https:\/\/www.phys.uaic.ro\/wp-content\/uploads\/2025\/06\/DECLARATIE-AI-Fizica-2025.docx\" target=\"_blank\" rel=\"noopener\">Declara\u021bia cu privire la utilizarea programelor de inteligen\u021b\u0103 artificial\u0103 generativ\u0103 (GenAI)<\/a><\/em><\/strong>\u00a0 \u00a0 [Word]<\/li>\n<\/ul>\n<\/li>\n<\/ul>\n<\/div>\n<p>&nbsp;<\/p>\n<p><strong>Comisiile pentru examenul de finalizare a studiilor<\/strong><\/p>\n<p>&nbsp;<\/p>\n<p>Specializ\u0103rile:<strong> <em>Fizic\u0103 informatic\u0103<\/em> <\/strong>\u0219i <strong><em>Fizic\u0103<\/em><\/strong><\/p>\n<table>\n<tbody>\n<tr>\n<td width=\"100\"><strong>Pre\u0219edinte:<\/strong><\/td>\n<td width=\"200\">Conf. univ. dr. Cristian BABAN<\/td>\n<\/tr>\n<tr>\n<td width=\"100\"><strong>Membri:<\/strong><\/td>\n<td width=\"200\">Lect. univ. dr. Paul GASNER<br \/>\nLect. univ. dr. Petronel POSTOLACHE<\/td>\n<\/tr>\n<tr>\n<td width=\"100\"><strong>Secretar de comisie:<\/strong><\/td>\n<td width=\"200\">Lect. univ. dr. Leontin P\u0102DURARIU<\/td>\n<\/tr>\n<tr>\n<td width=\"100\"><strong>Membri suplean\u021bi: <\/strong><\/td>\n<td width=\"200\">Prof. univ. dr. habil. Lauren\u021biu STOLERIU<br \/>\nProf. univ. dr. Diana-Mihaela MARDARE<\/td>\n<\/tr>\n<\/tbody>\n<\/table>\n<p><strong>\u00a0<\/strong><\/p>\n<p>Specializ\u0103rile:<strong> <em>Fizic\u0103 medical\u0103 <\/em><\/strong>\u0219i<em> <strong>Fizica tehnologic\u0103<\/strong><\/em><\/p>\n<table>\n<tbody>\n<tr>\n<td width=\"100\"><strong>Pre\u0219edinte:<\/strong><\/td>\n<td width=\"200\">Prof. univ. dr. habil. Ionu\u021b-Cristian TOPAL\u0102<\/td>\n<\/tr>\n<tr>\n<td width=\"100\"><strong>Membri:<\/strong><\/td>\n<td width=\"200\">Conf. univ. dr. Florin BR\u00ceNZ\u0102<br \/>\nLect. univ. dr. C\u0103t\u0103lin AGHEORGHIESEI<\/td>\n<\/tr>\n<tr>\n<td width=\"100\"><strong>Secretar de comisie:<\/strong><\/td>\n<td width=\"200\">Conf. univ. dr. habil. Lavinia-Petronela CURECHERIU<\/td>\n<\/tr>\n<tr>\n<td width=\"100\"><strong>Membri suplean\u021bi: <\/strong><\/td>\n<td width=\"200\">Prof. univ. dr. habil. Gabriela BORCIA<br \/>\nConf. univ. dr. Valentin POHOA\u021a\u0102<\/td>\n<\/tr>\n<\/tbody>\n<\/table>\n<p>&nbsp;<\/p>\n<p><strong>Comisia de contesta\u021bii:<\/strong><\/p>\n<table>\n<tbody>\n<tr>\n<td width=\"100\"><strong>Pre\u0219edinte:<\/strong><\/td>\n<td width=\"200\">Prof. univ. dr. Liliana MITO\u0218ERIU<\/td>\n<\/tr>\n<tr>\n<td width=\"100\"><strong>Membri:<\/strong><\/td>\n<td width=\"200\">Prof. univ. dr. Aura-Marina DARIESCU<br \/>\nProf. univ. dr. habil. Silviu-Octavian GURLUI<\/td>\n<\/tr>\n<tr>\n<td width=\"100\"><strong>Secretar de comisie:<\/strong><\/td>\n<td width=\"200\">Lect. univ. dr. Laura-Ioana VELICU<\/td>\n<\/tr>\n<tr>\n<td width=\"100\"><strong>Membri suplean\u021bi: <\/strong><\/td>\n<td width=\"200\">Lect. univ. dr. Laura-Iulia ANI\u021aA<br \/>\nLect. univ. dr. Octavian RUSU<\/td>\n<\/tr>\n<\/tbody>\n<\/table>\n<p>&nbsp;<\/p>\n<div class=\"entry-content\">\n<p><a href=\"https:\/\/www.phys.uaic.ro\/wp-content\/uploads\/2025\/06\/Regulament_finalizare_studii_iulie2025_aprobatSenat30.01.2025.pdf\" target=\"_blank\" rel=\"noopener\"><strong>Regulament privind organizarea \u015fi desf\u0103\u0219urarea examenelor de absolvire, licen\u021b\u0103\/diplom\u0103 \u0219i diserta\u021bie (sesiunile: iulie 2025, septembrie 2025 \u0219i februarie 2026)<\/strong><\/a><\/p>\n<\/div>\n","protected":false},"excerpt":{"rendered":"<p>Perioada de \u00eenscriere la examenul de licen\u0163\u0103\/diplom\u0103: 16-20 februarie 2026, ora 12 Sus\u0163inerea examenului de licen\u0163\u0103\/diplom\u0103 23-27 februarie 2026 Tematica \u0219i subiecte pentru examenul de licen\u021b\u0103\/diplom\u0103 \u2013 sesiunea februarie 2026: Cuno\u015ftin\u0163e fundamentale: Fizic\u0103 general\u0103 \u2013 obligatorii pentru toate specializ\u0103rile Cuno\u015ftin\u0163e de specialitate : Fizic\u0103\u00a0 Cuno\u015ftin\u0163e de specialitate : Fizic\u0103 medical\u0103 Cuno\u015ftin\u0163e de specialitate : Fizic\u0103 informatic\u0103 Cuno\u015ftin\u0163e de\u2026 <span class=\"read-more\"><a href=\"https:\/\/www.phys.uaic.ro\/index.php\/examenul-de-licenta-diploma-sesiunea-februarie-2026\/\">Read More &raquo;<\/a><\/span><\/p>\n","protected":false},"author":4,"featured_media":0,"parent":0,"menu_order":0,"comment_status":"closed","ping_status":"closed","template":"","meta":{"footnotes":""},"class_list":["post-26172","page","type-page","status-publish","hentry"],"_links":{"self":[{"href":"https:\/\/www.phys.uaic.ro\/index.php\/wp-json\/wp\/v2\/pages\/26172","targetHints":{"allow":["GET"]}}],"collection":[{"href":"https:\/\/www.phys.uaic.ro\/index.php\/wp-json\/wp\/v2\/pages"}],"about":[{"href":"https:\/\/www.phys.uaic.ro\/index.php\/wp-json\/wp\/v2\/types\/page"}],"author":[{"embeddable":true,"href":"https:\/\/www.phys.uaic.ro\/index.php\/wp-json\/wp\/v2\/users\/4"}],"replies":[{"embeddable":true,"href":"https:\/\/www.phys.uaic.ro\/index.php\/wp-json\/wp\/v2\/comments?post=26172"}],"version-history":[{"count":0,"href":"https:\/\/www.phys.uaic.ro\/index.php\/wp-json\/wp\/v2\/pages\/26172\/revisions"}],"wp:attachment":[{"href":"https:\/\/www.phys.uaic.ro\/index.php\/wp-json\/wp\/v2\/media?parent=26172"}],"curies":[{"name":"wp","href":"https:\/\/api.w.org\/{rel}","templated":true}]}}