{"id":26241,"date":"2026-02-03T07:59:03","date_gmt":"2026-02-03T05:59:03","guid":{"rendered":"https:\/\/www.phys.uaic.ro\/?page_id=26241"},"modified":"2026-03-13T10:42:43","modified_gmt":"2026-03-13T08:42:43","slug":"sesiunea-iulie-2026","status":"publish","type":"page","link":"https:\/\/www.phys.uaic.ro\/index.php\/sesiunea-iulie-2026\/","title":{"rendered":"Sesiunea iulie 2026"},"content":{"rendered":"<p><a href=\"https:\/\/www.phys.uaic.ro\/wp-content\/uploads\/2026\/02\/Regulament-admitere-2026_27.11_.pdf\" target=\"_blank\" rel=\"noopener\"><strong><em><span style=\"font-size: 14pt;\">Regulament privind organizarea \u0219i desf\u0103\u0219urarea admiterii \u00een ciclul de studii universitare de doctorat pentru anul universitar 2026-2027\u00a0<\/span><\/em><\/strong><\/a><\/p>\n<p><em><a href=\"https:\/\/www.phys.uaic.ro\/wp-content\/uploads\/2026\/03\/Anexa-1-Fisa-inscriere_2026.docx\">Anexa 1 Fisa inscriere_2026<\/a><\/em><\/p>\n<p><em><a href=\"https:\/\/www.phys.uaic.ro\/wp-content\/uploads\/2026\/02\/Anexa-2-Probe-de-concurs-si-Criterii-departajare-admitere-2026.pdf\">Anexa 2 Probe de concurs si Criterii departajare &#8211; admitere 2026<\/a><\/em><\/p>\n<p><em><a href=\"https:\/\/www.phys.uaic.ro\/wp-content\/uploads\/2026\/02\/Anexa-3-Taxe-RO-si-UE.pdf\">Anexa 3 Taxe RO \u015fi UE<\/a> <\/em><\/p>\n<p><em><a href=\"https:\/\/www.phys.uaic.ro\/wp-content\/uploads\/2026\/02\/Anexa-4.-Informare-prelucrare-date-personale_2025.docx\">Anexa 4. Informare prelucrare date personale<\/a> <\/em><\/p>\n<p><em><a href=\"https:\/\/www.phys.uaic.ro\/wp-content\/uploads\/2026\/02\/Anexa-5.-Acord-de-confidentialitate_2026.docx\">Anexa 5. Acord de confidentialitate_2026<\/a> <\/em><\/p>\n<p><b>Calendarul admiterii<\/b> la studiile universitare de doctorat pentru anul universitar 2026-2027:<\/p>\n<p>SESIUNEA <em><strong>IULIE<\/strong><\/em><\/p>\n<ul>\n<li>\u00eenscrierea candida\u021bilor: 13 \u2013 17 iulie 2026<\/li>\n<li>selec\u021bia candida\u021bilor: 20 \u2013 22 iulie; <strong><br \/>\n<\/strong><\/li>\n<li>afi\u0219area rezultatelor: 22 iulie;<\/li>\n<li>contesta\u021bii (doar pentru proba scris\u0103): 23 iulie;<\/li>\n<li>afi\u0219area rezultatelor: 24 iulie;<\/li>\n<li>afi\u0219area listei finale cu candida\u021bii declara\u021bi admi\u0219i: 24 iulie;<\/li>\n<li>confirmarea ocup\u0103rii locului: 27, 28 si 29 iulie.<\/li>\n<\/ul>\n<p><b>Programarea probelor:<\/b><\/p>\n<ul>\n<li>Proba scris\u0103: ______, orele ____, \u00een sala __;<\/li>\n<li>Proba oral\u0103: ______, \u00eencep\u00e2nd cu ora __, \u00een sala __.<\/li>\n<\/ul>\n<p>&nbsp;<\/p>\n<p><b>Num\u0103rul de locuri<\/b> pentru anul universitar 2026-2027:<\/p>\n<table>\n<thead>\n<tr>\n<td>\u0218coala doctoral\u0103<\/td>\n<td>TOTAL BUGET<\/td>\n<td>din care cu BURS\u0102 MEC<\/td>\n<td>Din care pentru ROMI<\/td>\n<td>CU TAXA<\/td>\n<\/tr>\n<\/thead>\n<tbody>\n<tr>\n<td>Fizic\u0103<\/td>\n<td><\/td>\n<td><\/td>\n<td><\/td>\n<td><\/td>\n<\/tr>\n<\/tbody>\n<\/table>\n<p>Cuantumul taxei de admitere:<strong> 200 RON<\/strong>.<\/p>\n<p>&nbsp;<\/p>\n<p>Taxa de admitere se poate achita la BRD (specificand codurile 2546 si 28) , dar si pe site-ul UAIC:<\/p>\n<p><a href=\"https:\/\/plati-taxe.uaic.ro\/stud\/index.php\" target=\"_blank\" rel=\"noopener noreferrer\">https:\/\/plati-taxe.uaic.ro\/stud\/index.php<\/a><\/p>\n<p>Aveti grija ca:<br \/>\n\u2013 s\u0103 nu folosi\u0163i diacritice \u00een formular (nu utiliza\u0163i \u0103, \u00e2, \u00ee, \u015f, \u0163)<\/p>\n<p>\u2013 nu folosi\u021bi caractere speciale in formular (nu utiliza\u021bi !\u201d#$%&amp;'()*+,-.\/:;&lt;=&gt;?@[\\]^_`{|}~), <strong>in special la c\u00e2mpurile nume, prenume \u0219i descriere tranzac\u021bie.<\/strong><\/p>\n<p>Nu se completeaza nimic la nr.matricol.<\/p>\n<p>&nbsp;<\/p>\n<p><b>Tematica de admitere<\/b> la doctorat cuprinde:<\/p>\n<ul>\n<li>5 subiecte de specialitate propuse de c\u0103tre fiecare conduc\u0103tor de doctorat (link-uri la acestea g\u0103si\u021bi \u00een pagina conduc\u0103torilor de doctorat care pot primi doctoranzi);<\/li>\n<li><a href=\"https:\/\/www.phys.uaic.ro\/index.php\/scoala-doctorala\/admitere-doctorat\/sesiunea-septembrie-2021\/subiecte-doctorat-fizica-generala-2021\" target=\"_blank\" rel=\"noopener\">5 subiecte de fizic\u0103 general\u0103<\/a>.<\/li>\n<\/ul>\n<p><b>Examenul de admitere<\/b> const\u0103 din dou\u0103 probe:<\/p>\n<ul>\n<li><b><i>Proba scris\u0103<\/i><\/b> (50%) se va desfa\u0219ura pe parcursul a 3 ore \u0219i const\u0103 din doua subiecte (extrase \u00een prezen\u021ba candida\u021bilor) din tematica de admitere la doctorat: 1 subiect de specialitate \u0219i 1 subiect de fizic\u0103 general\u0103. Fiecare din cele dou\u0103 subiecte va primi o not\u0103 de la 1 la 10, nota minim\u0103 la fiecare subiect fiind nota 5. Nota final\u0103 la proba scris\u0103 va fi calculat\u0103 ca media aritmetic\u0103 a celor dou\u0103 note;<\/li>\n<li><b><i>Proba oral\u0103<\/i><\/b> (50%) se va desf\u0103\u0219ura sub forma unei discu\u021bii libere (aprox. 10 min) urm\u0103rind:\n<ul>\n<li>prezentarea stadiului actual al cercetarilor \u00een domeniul ales;<\/li>\n<li>motivatie referitoare la alegerea temei pe care \u0219i-o propune pentru teza de doctorat;<\/li>\n<li>prezentarea \u00een rezumat a rezultatelor \u0219tiin\u021bifice anterioare.<\/li>\n<\/ul>\n<\/li>\n<\/ul>\n<p>&nbsp;<\/p>\n<p>Dup\u0103 aflarea subiectelor, comisia de admitere va face baremul de corectare care va fi afi\u0219at.<\/p>\n<p>La fiecare prob\u0103 de concurs, candida\u021bii trebuie s\u0103 ob\u021bin\u0103 cel pu\u021bin media 7 (\u0219apte).<\/p>\n<p>Nota final\u0103 va fi calculat\u0103 ca media aritmetic\u0103 a probelor scris\u0103 \u0219i oral\u0103.<\/p>\n<p>Conform regulamentului \u0218colii Doctorale de Fizic\u0103, media minim\u0103 de admitere este 8.<\/p>\n<p>&nbsp;<\/p>\n<p><b>Criterii de departajare<\/b> (\u00een ordine):<\/p>\n<ol>\n<li>Notele de la examenul de licen\u021b\u0103<\/li>\n<li>Notele de la examenul de diserta\u021bie<\/li>\n<\/ol>\n<div dir=\"ltr\" data-setdir=\"false\"><\/div>\n<div dir=\"ltr\" data-setdir=\"false\"><\/div>\n","protected":false},"excerpt":{"rendered":"<p>Regulament privind organizarea \u0219i desf\u0103\u0219urarea admiterii \u00een ciclul de studii universitare de doctorat pentru anul universitar 2026-2027\u00a0 Anexa 1 Fisa inscriere_2026 Anexa 2 Probe de concurs si Criterii departajare &#8211; admitere 2026 Anexa 3 Taxe RO \u015fi UE Anexa 4. Informare prelucrare date personale Anexa 5. Acord de confidentialitate_2026 Calendarul admiterii la studiile universitare de doctorat pentru anul\u2026 <span class=\"read-more\"><a href=\"https:\/\/www.phys.uaic.ro\/index.php\/sesiunea-iulie-2026\/\">Read More &raquo;<\/a><\/span><\/p>\n","protected":false},"author":4,"featured_media":0,"parent":0,"menu_order":0,"comment_status":"closed","ping_status":"closed","template":"","meta":{"footnotes":""},"class_list":["post-26241","page","type-page","status-publish","hentry"],"_links":{"self":[{"href":"https:\/\/www.phys.uaic.ro\/index.php\/wp-json\/wp\/v2\/pages\/26241","targetHints":{"allow":["GET"]}}],"collection":[{"href":"https:\/\/www.phys.uaic.ro\/index.php\/wp-json\/wp\/v2\/pages"}],"about":[{"href":"https:\/\/www.phys.uaic.ro\/index.php\/wp-json\/wp\/v2\/types\/page"}],"author":[{"embeddable":true,"href":"https:\/\/www.phys.uaic.ro\/index.php\/wp-json\/wp\/v2\/users\/4"}],"replies":[{"embeddable":true,"href":"https:\/\/www.phys.uaic.ro\/index.php\/wp-json\/wp\/v2\/comments?post=26241"}],"version-history":[{"count":2,"href":"https:\/\/www.phys.uaic.ro\/index.php\/wp-json\/wp\/v2\/pages\/26241\/revisions"}],"predecessor-version":[{"id":26472,"href":"https:\/\/www.phys.uaic.ro\/index.php\/wp-json\/wp\/v2\/pages\/26241\/revisions\/26472"}],"wp:attachment":[{"href":"https:\/\/www.phys.uaic.ro\/index.php\/wp-json\/wp\/v2\/media?parent=26241"}],"curies":[{"name":"wp","href":"https:\/\/api.w.org\/{rel}","templated":true}]}}