{"id":26432,"date":"2026-03-05T10:23:53","date_gmt":"2026-03-05T08:23:53","guid":{"rendered":"https:\/\/www.phys.uaic.ro\/?page_id=26432"},"modified":"2026-03-05T10:23:53","modified_gmt":"2026-03-05T08:23:53","slug":"anunt-privind-pre-sustinerea-in-fata-comisiei-de-indrumare-a-tezei-de-doctorat-a-drd-hatescu-iustina-pe-12-03-2026","status":"publish","type":"page","link":"https:\/\/www.phys.uaic.ro\/index.php\/anunt-privind-pre-sustinerea-in-fata-comisiei-de-indrumare-a-tezei-de-doctorat-a-drd-hatescu-iustina-pe-12-03-2026\/","title":{"rendered":"Anun\u021b privind pre-sus\u021binerea, \u00een fa\u021ba comisiei de \u00eendrumare, a tezei de doctorat a drd. HATESCU Iustina pe 12.03.2026"},"content":{"rendered":"<p>La data de\u00a0<strong>12 martie 2026<\/strong>, \u00eencep\u00e2nd cu ora 14:00, \u00een Sala Laboratorul Fizica Plasmei, va avea loc pre-sus\u021binerea, \u00een fa\u021ba comisiei de \u00eendrumare, a tezei de doctorat cu titlul\u00a0<em><strong>\u201cProcese induse de radia\u021bii \u00een polimeri \u0219i efectele acestora asupra propriet\u0103\u021bilor fizice\u201d<\/strong><\/em>, prezentat\u0103 de studenta-doctorand\u00a0<strong>HATESCU Iustina<\/strong>\u00a0sub \u00eendrumarea doamnei\u00a0<strong>prof. univ. dr. habil. Gabriela Borcia<\/strong>.<\/p>\n","protected":false},"excerpt":{"rendered":"<p>La data de\u00a012 martie 2026, \u00eencep\u00e2nd cu ora 14:00, \u00een Sala Laboratorul Fizica Plasmei, va avea loc pre-sus\u021binerea, \u00een fa\u021ba comisiei de \u00eendrumare, a tezei de doctorat cu titlul\u00a0\u201cProcese induse de radia\u021bii \u00een polimeri \u0219i efectele acestora asupra propriet\u0103\u021bilor fizice\u201d, prezentat\u0103 de studenta-doctorand\u00a0HATESCU Iustina\u00a0sub \u00eendrumarea doamnei\u00a0prof. univ. dr. habil. Gabriela Borcia.<\/p>\n","protected":false},"author":4,"featured_media":0,"parent":0,"menu_order":0,"comment_status":"closed","ping_status":"closed","template":"","meta":{"footnotes":""},"class_list":["post-26432","page","type-page","status-publish","hentry"],"_links":{"self":[{"href":"https:\/\/www.phys.uaic.ro\/index.php\/wp-json\/wp\/v2\/pages\/26432","targetHints":{"allow":["GET"]}}],"collection":[{"href":"https:\/\/www.phys.uaic.ro\/index.php\/wp-json\/wp\/v2\/pages"}],"about":[{"href":"https:\/\/www.phys.uaic.ro\/index.php\/wp-json\/wp\/v2\/types\/page"}],"author":[{"embeddable":true,"href":"https:\/\/www.phys.uaic.ro\/index.php\/wp-json\/wp\/v2\/users\/4"}],"replies":[{"embeddable":true,"href":"https:\/\/www.phys.uaic.ro\/index.php\/wp-json\/wp\/v2\/comments?post=26432"}],"version-history":[{"count":1,"href":"https:\/\/www.phys.uaic.ro\/index.php\/wp-json\/wp\/v2\/pages\/26432\/revisions"}],"predecessor-version":[{"id":26433,"href":"https:\/\/www.phys.uaic.ro\/index.php\/wp-json\/wp\/v2\/pages\/26432\/revisions\/26433"}],"wp:attachment":[{"href":"https:\/\/www.phys.uaic.ro\/index.php\/wp-json\/wp\/v2\/media?parent=26432"}],"curies":[{"name":"wp","href":"https:\/\/api.w.org\/{rel}","templated":true}]}}