{"id":26481,"date":"2026-03-20T08:24:09","date_gmt":"2026-03-20T06:24:09","guid":{"rendered":"https:\/\/www.phys.uaic.ro\/?page_id=26481"},"modified":"2026-03-20T08:24:09","modified_gmt":"2026-03-20T06:24:09","slug":"anunt-privind-pre-sustinerea-in-fata-comisiei-de-indrumare-a-tezei-de-doctorat-a-drd-lungu-vitalie-pe-03-04-2026","status":"publish","type":"page","link":"https:\/\/www.phys.uaic.ro\/index.php\/anunt-privind-pre-sustinerea-in-fata-comisiei-de-indrumare-a-tezei-de-doctorat-a-drd-lungu-vitalie-pe-03-04-2026\/","title":{"rendered":"Anun\u021b privind pre-sus\u021binerea, \u00een fa\u021ba comisiei de \u00eendrumare, a tezei de doctorat a drd. LUNGU Vitalie pe 03.04.2026"},"content":{"rendered":"<p>La data de\u00a0<strong>3 aprilie 2026<\/strong>, \u00eencep\u00e2nd cu ora <strong>12:00<\/strong>, \u00een <strong>laboratorul de cercetare Astrofizic\u0103 (sala 372)<\/strong>, va avea loc pre-sus\u021binerea, \u00een fa\u021ba comisiei de \u00eendrumare, a tezei de doctorat cu titlul\u00a0<strong><em>\u201cFizica g\u0103urilor negre cu chintesen\u021b\u0103\u201d<\/em><\/strong>, prezentat\u0103 de studentul-doctorand\u00a0<strong>LUNGU Vitalie <\/strong>sub \u00eendrumarea doamnei\u00a0<strong>prof. univ. dr. Marina-Aura DARIESCU.<\/strong><\/p>\n","protected":false},"excerpt":{"rendered":"<p>La data de\u00a03 aprilie 2026, \u00eencep\u00e2nd cu ora 12:00, \u00een laboratorul de cercetare Astrofizic\u0103 (sala 372), va avea loc pre-sus\u021binerea, \u00een fa\u021ba comisiei de \u00eendrumare, a tezei de doctorat cu titlul\u00a0\u201cFizica g\u0103urilor negre cu chintesen\u021b\u0103\u201d, prezentat\u0103 de studentul-doctorand\u00a0LUNGU Vitalie sub \u00eendrumarea doamnei\u00a0prof. univ. dr. Marina-Aura DARIESCU.<\/p>\n","protected":false},"author":4,"featured_media":0,"parent":0,"menu_order":0,"comment_status":"closed","ping_status":"closed","template":"","meta":{"footnotes":""},"class_list":["post-26481","page","type-page","status-publish","hentry"],"_links":{"self":[{"href":"https:\/\/www.phys.uaic.ro\/index.php\/wp-json\/wp\/v2\/pages\/26481","targetHints":{"allow":["GET"]}}],"collection":[{"href":"https:\/\/www.phys.uaic.ro\/index.php\/wp-json\/wp\/v2\/pages"}],"about":[{"href":"https:\/\/www.phys.uaic.ro\/index.php\/wp-json\/wp\/v2\/types\/page"}],"author":[{"embeddable":true,"href":"https:\/\/www.phys.uaic.ro\/index.php\/wp-json\/wp\/v2\/users\/4"}],"replies":[{"embeddable":true,"href":"https:\/\/www.phys.uaic.ro\/index.php\/wp-json\/wp\/v2\/comments?post=26481"}],"version-history":[{"count":1,"href":"https:\/\/www.phys.uaic.ro\/index.php\/wp-json\/wp\/v2\/pages\/26481\/revisions"}],"predecessor-version":[{"id":26482,"href":"https:\/\/www.phys.uaic.ro\/index.php\/wp-json\/wp\/v2\/pages\/26481\/revisions\/26482"}],"wp:attachment":[{"href":"https:\/\/www.phys.uaic.ro\/index.php\/wp-json\/wp\/v2\/media?parent=26481"}],"curies":[{"name":"wp","href":"https:\/\/api.w.org\/{rel}","templated":true}]}}