{"id":278,"date":"2018-02-14T18:07:03","date_gmt":"2018-02-14T18:07:03","guid":{"rendered":"http:\/\/www.phys.uaic.ro\/?page_id=278"},"modified":"2021-06-11T11:47:51","modified_gmt":"2021-06-11T11:47:51","slug":"misiune","status":"publish","type":"page","link":"https:\/\/www.phys.uaic.ro\/index.php\/prezentare\/misiune\/","title":{"rendered":"Misiune"},"content":{"rendered":"<p><!-- ++++++++++++++++++++++++++++++++++++++++++++++++++++++++++++++++++++++++++++++++++++ --><\/p>\n<div class=\"colorbox\" style=\"background-color: #e6e6e6;\">\n<p>Prin integrarea activit\u0103\u021bii didactice cu cercetarea, inovarea \u0219i transferul de cuno\u0219tin\u021be c\u0103tre societate, Facultatea de Fizic\u0103 constituie una din componentele de avangard\u0103 ale Universit\u0103\u021bii Alexandru Ioan Cuza din Ia\u0219i.<\/p>\n<p>\u00cen domeniul \u00eenv\u0103\u021b\u0103m\u00e2ntului, pe parcursul ciclului de licen\u021b\u0103, ea \u00ee\u0219i asum\u0103 misiunea de a asigura tinerilor o solid\u0103 preg\u0103tire de baz\u0103 \u00een domeniul fizicii \u0219i al \u0219tiin\u021belor de grani\u021b\u0103 &#8211; fizica medical\u0103, biofizica, fizica-informatic\u0103 &#8211; precum \u0219i al ingineriei fizice. Specializarea \u0219i aprofundarea cuno\u0219tin\u021belor \u00een domenii mai \u00eenguste se realizeaz\u0103 pe parcursul ciclului de masterat. Aici se formeaz\u0103 competen\u021bele necesare pentru a urma cariere de succes \u00een multiple domenii cerute de pia\u021ba muncii. Specializ\u0103rile de masterat asigur\u0103, de asemenea, absolven\u021bilor preg\u0103tirea necesar\u0103 pentru intrarea \u00een ciclul de doctorat \u00een domeniul \u0219tiin\u021belor exacte &#8211; baza pentru o carier\u0103 \u00een cercetare \u0219i\/sau \u00een \u00eenv\u0103\u021b\u0103m\u00e2ntul superior. Aceast\u0103 traiectorie a fost aleas\u0103 de un num\u0103r apreciabil de absolven\u021bi ai ultimilor ani, care lucreaz\u0103 acum \u00een \u021bar\u0103 sau \u00een str\u0103in\u0103tate. Exist\u0103, de asemenea, specializ\u0103ri de masterat care asigur\u0103 o preg\u0103tire de \u00eenalt nivel pentru cariere \u00een domeniul educa\u021bional, al \u0219tiin\u021bei mediului, ca \u0219i \u00een domenii de interfa\u021b\u0103 cu medicina. \u00cen plus, Facultatea ofer\u0103 programe post-academice pentru preg\u0103tirea continu\u0103 a fizicienilor \u0219i a altor speciali\u0219ti din domenii \u00eenrudite.<\/p>\n<p>\u00cen domeniul cercet\u0103rii, Facultatea de Fizic\u0103 din Ia\u0219i s-a focalizat pe un num\u0103r de domenii ale cunoa\u0219terii, \u00een care competen\u021ba cercet\u0103torilor s\u0103i asigur\u0103 &#8211; sau poate asigura &#8211; vizibilitate pe plan mondial. Valorificarea rezultatelor muncii de cercetare prin publica\u021bii, comunic\u0103ri \u0219i brevete, al\u0103turi de integrarea \u00een parteneriate la nivel interna\u021bional \u0219i na\u021bional constituie priorit\u0103\u021bi de prim rang ale cercet\u0103torilor fizicieni.<\/p>\n<p>Facultatea de Fizic\u0103 \u0219i-a adaptat \u0219i \u00ee\u0219i va adapta \u00een permanen\u021b\u0103 strategia pe termen scurt, planurile de \u00eenv\u0103\u021b\u0103m\u00e2nt, programele analitice, programele de studii, tematica de cercetare, criteriile de evaluare a personalului, parteneriatele interne \u0219i externe pentru a fi \u00een concordan\u021b\u0103 cu standardele interna\u021bionale de calitate. Eforturile noastre \u0219i rezultatele ultimilor ani ne \u00eendrept\u0103\u021besc s\u0103 fim optimi\u0219ti pentru viitorul fizicienilor preg\u0103ti\u021bi de noi, precum \u0219i cu privire la contribu\u021bia nostr\u0103 pentru men\u021binerea Universit\u0103\u021bii \u00een topul institu\u021biilor de \u00eenv\u0103\u021b\u0103m\u00e2nt superior din Rom\u00e2nia.<\/p>\n<\/div>\n<p><!-- ++++++++++++++++++++++++++++++++++++++++++++++++++++++++++++++++++++++++++++++++++++ --><\/p>\n<div class=\"colorbox\" style=\"background-color: #e6e6e6;\">\n<\/div>\n<p><!-- ++++++++++++++++++++++++++++++++++++++++++++++++++++++++++++++++++++++++++++++++++++ --><\/p>\n","protected":false},"excerpt":{"rendered":"<p>Prin integrarea activit\u0103\u021bii didactice cu cercetarea, inovarea \u0219i transferul de cuno\u0219tin\u021be c\u0103tre societate, Facultatea de Fizic\u0103 constituie una din componentele de avangard\u0103 ale Universit\u0103\u021bii Alexandru Ioan Cuza din Ia\u0219i. \u00cen domeniul \u00eenv\u0103\u021b\u0103m\u00e2ntului, pe parcursul ciclului de licen\u021b\u0103, ea \u00ee\u0219i asum\u0103 misiunea de a asigura tinerilor o solid\u0103 preg\u0103tire de baz\u0103 \u00een domeniul fizicii \u0219i al \u0219tiin\u021belor de grani\u021b\u0103\u2026 <span class=\"read-more\"><a href=\"https:\/\/www.phys.uaic.ro\/index.php\/prezentare\/misiune\/\">Read More &raquo;<\/a><\/span><\/p>\n","protected":false},"author":3,"featured_media":0,"parent":56,"menu_order":0,"comment_status":"closed","ping_status":"closed","template":"","meta":{"footnotes":""},"class_list":["post-278","page","type-page","status-publish","hentry"],"_links":{"self":[{"href":"https:\/\/www.phys.uaic.ro\/index.php\/wp-json\/wp\/v2\/pages\/278","targetHints":{"allow":["GET"]}}],"collection":[{"href":"https:\/\/www.phys.uaic.ro\/index.php\/wp-json\/wp\/v2\/pages"}],"about":[{"href":"https:\/\/www.phys.uaic.ro\/index.php\/wp-json\/wp\/v2\/types\/page"}],"author":[{"embeddable":true,"href":"https:\/\/www.phys.uaic.ro\/index.php\/wp-json\/wp\/v2\/users\/3"}],"replies":[{"embeddable":true,"href":"https:\/\/www.phys.uaic.ro\/index.php\/wp-json\/wp\/v2\/comments?post=278"}],"version-history":[{"count":0,"href":"https:\/\/www.phys.uaic.ro\/index.php\/wp-json\/wp\/v2\/pages\/278\/revisions"}],"up":[{"embeddable":true,"href":"https:\/\/www.phys.uaic.ro\/index.php\/wp-json\/wp\/v2\/pages\/56"}],"wp:attachment":[{"href":"https:\/\/www.phys.uaic.ro\/index.php\/wp-json\/wp\/v2\/media?parent=278"}],"curies":[{"name":"wp","href":"https:\/\/api.w.org\/{rel}","templated":true}]}}