{"id":282,"date":"2018-02-14T18:08:57","date_gmt":"2018-02-14T18:08:57","guid":{"rendered":"http:\/\/www.phys.uaic.ro\/?page_id=282"},"modified":"2023-06-09T10:07:09","modified_gmt":"2023-06-09T07:07:09","slug":"scurt-istoric","status":"publish","type":"page","link":"https:\/\/www.phys.uaic.ro\/index.php\/prezentare\/scurt-istoric\/","title":{"rendered":"Scurt istoric"},"content":{"rendered":"<p><img decoding=\"async\" style=\"width: 400px; height: 200px; float: right; border: 1px solid #000000; margin: 10px; padding: 10px;\" src=\"http:\/\/www.phys.uaic.ro\/wp\/prezentare\/universitatea.jpg\" alt=\"universitatea\" \/><\/p>\n<p>\u00cenv\u0103\u021b\u0103m\u00e2ntul de Fizic\u0103 de la Ia\u0219i are o tradi\u021bie de peste un secol \u0219i jum\u0103tate. \u00cenceputurile sale trebuie c\u0103utate \u00een cadrul Academiei Mih\u0103ilene (1835) unde exista un puternic curent de preocup\u0103ri pentru studiul \u0219tiin\u021belor naturii. Dup\u0103 fondarea primei institu\u021bii moderne de \u00eenv\u0103\u021b\u0103m\u00e2nt superior din Rom\u00e2nia, Universitatea \u201eAl. I. Cuza\u201c (1860), unde primul profesor de fizic\u0103 a fost \u0218tefan Micle (1820-1879), au fost create \u0219i dezvoltate \u0219coli de fizic\u0103 sub \u00eendrumarea unor personalit\u0103\u021bi ca Petru Bogdan (1873-1944), Dragomir Hurmuzescu (1865-1954), Horia Hulubei (1896-1972), Theodor V. Ionescu (1899-1988), \u0218tefan Procopiu (1890-1972), \u0218erban \u021ai\u021beica (1908-1985), Constantin Mihul (1897-1986), Teofil T. Vescan (1913-1963).<\/p>\n<p>Datorit\u0103 acestor mari personalit\u0103\u021bi ale fizicii \u0219i a continuatorilor lor &#8211; Ilie Bursuc, Vasile Tutovan, Mircea Sanduloviciu, Constantin P\u0103pu\u0219oi, Mardarie Sorohan, Ioan Gottlieb &#8211; Facultatea de Fizic\u0103, \u00eenfiin\u021bat\u0103 ca unitate de sine st\u0103t\u0103toare \u00een anul 1962, a cunoscut o dezvoltare continu\u0103.<\/p>\n<p>Ast\u0103zi, Facultatea de Fizic\u0103, prin specializ\u0103rile puse la dispozi\u021bia studen\u021bilor, prin tinere\u021bea \u0219i calitatea corpului profesoral este una dintre facult\u0103\u021bile de frunte ale Universit\u0103\u021bii Alexandru Ioan Cuza. Este cunoscut\u0103 \u00een \u021bar\u0103 \u0219i str\u0103in\u0103tate prin programele didactice \u0219i de cercetare pe care le deruleaz\u0103, dar \u0219i prin calitatea absolven\u021bilor ei.<\/p>\n<p>Facultatea de Fizic\u0103 are un corp profesoral format din peste 40 de cadre didactice (profesori, conferen\u021biari, lectori, asisten\u021bi) \u0219i peste 50 cadre didactice asociate. Tot titularii sunt doctori \u00een Fizic\u0103.<\/p>\n<p>Colectivele de cercetare din facultate (cadre didactice \u0219i studen\u021bi) sunt \u00een contact permanent cu lumea \u0219tiin\u021bific\u0103 din afara grani\u021belor \u021b\u0103rii. Aceste contacte s-au intensificat \u0219i dezvoltat \u00een ultimii ani, \u00een cadrul unor proiecte de cercetare comune cu colective de prestigiu din Fran\u021ba, Germania, Anglia, Olanda, Austria, Japonia, SUA, Grecia, Cehia, Portugalia, Spania, Belgia, Elve\u021bia, Bulgaria. Proiectele comune au \u00een vedere cercetarea \u0219tiin\u021bific\u0103 de interes fundamental, dar \u0219i cea cu deschidere spre aplica\u021bii \u00een diferite domenii interdisciplinare.<\/p>\n<p>Anual, peste 50% din cadrele didactice realizeaz\u0103 stagii de documentare \u0219i cercetare \u00een universit\u0103\u021bi din Europa, SUA, Asia, Australia. Tinerii doctori beneficiaz\u0103 de burse postdoctorale sau sunt angaja\u021bi ca cercet\u0103tori pe o perioad\u0103 limitat\u0103. Un num\u0103r mare de cadre didactice sunt invitate la manifest\u0103ri \u0219tiin\u021bifice interna\u021bionale, sau ocup\u0103 posturi de profesori invita\u021bi la universit\u0103\u021bi de renume din Fran\u021ba, Anglia, SUA, Japonia, Canada.<\/p>\n<p>Societatea European\u0103 de Fizic\u0103 (European Physical Society \u2013 EPS) a acordat Facult\u0103\u021bii de Fizic\u0103 a Universit\u0103\u021bii \u201eAlexandru Ioan Cuza\u201d din Ia\u0219i (UAIC) statutul simbolic de \u201esit istoric\u201d, \u00een semn de recunoa\u0219tere pentru rolul jucat \u00een modelarea lumii fizicii moderne. Cu acest prilej, a fost amplasat\u0103 o plac\u0103 bilingv\u0103 \u00een cl\u0103direa principal\u0103 a UAIC, dezvelit\u0103 \u00een cadrul unei ceremonii care a avut loc pe 22 mai 2023 de reprezentantul EPS, prof. Goran Djordjevi\u0107, membru al comitetului EPS HS. Mesajele transmise de c\u0103tre prof. Luc Berg\u00e9, pre\u0219edintele EPS, prof. Karl Grandin, pre\u0219edintele Comitetului pentru situri istorice EPS \u0219i cele ale prof. Djordjevi\u0107 au fost comunicate \u00een timpul \u00eent\u00e2lnirii \u0219i apreciate de to\u021bi participan\u021bii.<\/p>\n<p>Ini\u021biativa EPS de a identifica situri istorice ale fizicii are obiectivul ambi\u021bios de a cre\u0219te con\u0219tientizarea c\u0103 nu numai patrimoniul cultural artistic \u0219i patrimoniul natural ar trebui p\u0103strate pentru omenire, dar \u0219i mo\u0219tenirea cultural\u0103 \u0219tiin\u021bific\u0103.<\/p>\n<p>\u00cen acest moment sunt incluse \u00een program 70 de situri, din 25 de \u021b\u0103ri: Austria, Belgia, Bulgaria, Croa\u021bia, Republica Ceh\u0103, Danemarca, Finlanda, Fran\u021ba, Germania, Ungaria, Italia, Irlanda, Israel, Lituania, Olanda, Norvegia, Polonia, Portugalia, Rom\u00e2nia, Rusia, Spania, Suedia, Elve\u021bia, Regatul Unit, Statele Unite ale Americii. Din Rom\u00e2nia, Platforma de Fizic\u0103 de la M\u0103gurele a mai fost recunoscut\u0103 \u00een anul 2017 de c\u0103tre Societatea European\u0103 de Fizic\u0103 drept sit istoric.<\/p>\n<p>Mai multe informa\u021bii sunt disponibile pe site-ul EPS: <a href=\"https:\/\/www.eps.org\/page\/distinction_sites\">https:\/\/www.eps.org\/page\/distinction_sites<\/a><\/p>\n<table style=\"border-collapse: collapse; width: 100%;\">\n<tbody>\n<tr>\n<td style=\"width: 50%;\"><img loading=\"lazy\" decoding=\"async\" class=\"alignnone size-large wp-image-19475\" src=\"https:\/\/www.phys.uaic.ro\/wp-content\/uploads\/2023\/06\/EPS_HS_UAIC_01-1024x651.jpg\" alt=\"\" width=\"665\" height=\"423\" srcset=\"https:\/\/www.phys.uaic.ro\/wp-content\/uploads\/2023\/06\/EPS_HS_UAIC_01-1024x651.jpg 1024w, https:\/\/www.phys.uaic.ro\/wp-content\/uploads\/2023\/06\/EPS_HS_UAIC_01-300x191.jpg 300w, https:\/\/www.phys.uaic.ro\/wp-content\/uploads\/2023\/06\/EPS_HS_UAIC_01-768x488.jpg 768w, https:\/\/www.phys.uaic.ro\/wp-content\/uploads\/2023\/06\/EPS_HS_UAIC_01-1536x976.jpg 1536w, https:\/\/www.phys.uaic.ro\/wp-content\/uploads\/2023\/06\/EPS_HS_UAIC_01-2048x1302.jpg 2048w, https:\/\/www.phys.uaic.ro\/wp-content\/uploads\/2023\/06\/EPS_HS_UAIC_01-665x423.jpg 665w\" sizes=\"auto, (max-width: 665px) 100vw, 665px\" \/><\/td>\n<td style=\"width: 50%;\"><img loading=\"lazy\" decoding=\"async\" class=\"alignnone  wp-image-19476\" src=\"https:\/\/www.phys.uaic.ro\/wp-content\/uploads\/2023\/06\/EPS_HS_UAIC_02-1024x683.jpg\" alt=\"\" width=\"577\" height=\"385\" srcset=\"https:\/\/www.phys.uaic.ro\/wp-content\/uploads\/2023\/06\/EPS_HS_UAIC_02-1024x683.jpg 1024w, https:\/\/www.phys.uaic.ro\/wp-content\/uploads\/2023\/06\/EPS_HS_UAIC_02-300x200.jpg 300w, https:\/\/www.phys.uaic.ro\/wp-content\/uploads\/2023\/06\/EPS_HS_UAIC_02-768x512.jpg 768w, https:\/\/www.phys.uaic.ro\/wp-content\/uploads\/2023\/06\/EPS_HS_UAIC_02-1536x1024.jpg 1536w, https:\/\/www.phys.uaic.ro\/wp-content\/uploads\/2023\/06\/EPS_HS_UAIC_02-2048x1365.jpg 2048w, https:\/\/www.phys.uaic.ro\/wp-content\/uploads\/2023\/06\/EPS_HS_UAIC_02-665x443.jpg 665w\" sizes=\"auto, (max-width: 577px) 100vw, 577px\" \/><\/td>\n<\/tr>\n<\/tbody>\n<\/table>\n","protected":false},"excerpt":{"rendered":"<p>\u00cenv\u0103\u021b\u0103m\u00e2ntul de Fizic\u0103 de la Ia\u0219i are o tradi\u021bie de peste un secol \u0219i jum\u0103tate. \u00cenceputurile sale trebuie c\u0103utate \u00een cadrul Academiei Mih\u0103ilene (1835) unde exista un puternic curent de preocup\u0103ri pentru studiul \u0219tiin\u021belor naturii. Dup\u0103 fondarea primei institu\u021bii moderne de \u00eenv\u0103\u021b\u0103m\u00e2nt superior din Rom\u00e2nia, Universitatea \u201eAl. I. Cuza\u201c (1860), unde primul profesor de fizic\u0103 a fost \u0218tefan\u2026 <span class=\"read-more\"><a href=\"https:\/\/www.phys.uaic.ro\/index.php\/prezentare\/scurt-istoric\/\">Read More &raquo;<\/a><\/span><\/p>\n","protected":false},"author":3,"featured_media":0,"parent":56,"menu_order":0,"comment_status":"closed","ping_status":"closed","template":"","meta":{"footnotes":""},"class_list":["post-282","page","type-page","status-publish","hentry"],"_links":{"self":[{"href":"https:\/\/www.phys.uaic.ro\/index.php\/wp-json\/wp\/v2\/pages\/282","targetHints":{"allow":["GET"]}}],"collection":[{"href":"https:\/\/www.phys.uaic.ro\/index.php\/wp-json\/wp\/v2\/pages"}],"about":[{"href":"https:\/\/www.phys.uaic.ro\/index.php\/wp-json\/wp\/v2\/types\/page"}],"author":[{"embeddable":true,"href":"https:\/\/www.phys.uaic.ro\/index.php\/wp-json\/wp\/v2\/users\/3"}],"replies":[{"embeddable":true,"href":"https:\/\/www.phys.uaic.ro\/index.php\/wp-json\/wp\/v2\/comments?post=282"}],"version-history":[{"count":0,"href":"https:\/\/www.phys.uaic.ro\/index.php\/wp-json\/wp\/v2\/pages\/282\/revisions"}],"up":[{"embeddable":true,"href":"https:\/\/www.phys.uaic.ro\/index.php\/wp-json\/wp\/v2\/pages\/56"}],"wp:attachment":[{"href":"https:\/\/www.phys.uaic.ro\/index.php\/wp-json\/wp\/v2\/media?parent=282"}],"curies":[{"name":"wp","href":"https:\/\/api.w.org\/{rel}","templated":true}]}}