{"id":3450,"date":"2018-04-02T12:36:34","date_gmt":"2018-04-02T12:36:34","guid":{"rendered":"http:\/\/www.phys.uaic.ro\/?page_id=3450"},"modified":"2023-02-08T15:39:21","modified_gmt":"2023-02-08T13:39:21","slug":"anunturi-prezentare","status":"publish","type":"page","link":"https:\/\/www.phys.uaic.ro\/index.php\/prezentare\/anunturi-prezentare\/","title":{"rendered":"Anun\u021buri"},"content":{"rendered":"<p><!-- ++++++++++++++++++++++++++++++++++++++++++++++++++++++++++++++++++++++++++++++++++++ --><\/p>\n<div id=\"deschidere-2021\" class=\"colorbox\" style=\"background-color: #e6e6e6;\">\n<h3>Weekend stiintific<\/h3>\n<p><img loading=\"lazy\" decoding=\"async\" class=\"\" src=\"https:\/\/www.phys.uaic.ro\/wp-content\/uploads\/2023\/01\/afis-CyFiz-24-ian-cu-sponsori-2.png\" width=\"729\" height=\"1038\" \/><\/p>\n<h3>Lansare de carte<\/h3>\n<p><img loading=\"lazy\" decoding=\"async\" class=\"\" src=\"https:\/\/www.phys.uaic.ro\/wp-content\/uploads\/2022\/10\/ZU-2022-afis-conferinta-Istoria-fizicii-2-scaled.jpg\" width=\"712\" height=\"990\" \/><\/p>\n<h3>Noaptea Cercetatorilor 2022<\/h3>\n<h3><img decoding=\"async\" src=\"https:\/\/www.phys.uaic.ro\/wp-content\/uploads\/2022\/10\/C55B0A3D-93B7-4367-80A5-5B667F47F866.jpeg\" \/><\/h3>\n<h3>Deschiderea anului universitar 2021-2022 la Facultatea de Fizic\u0103<\/h3>\n\n\t\t<style type=\"text\/css\">\n\t\t\t#gallery-1 {\n\t\t\t\tmargin: auto;\n\t\t\t}\n\t\t\t#gallery-1 .gallery-item {\n\t\t\t\tfloat: left;\n\t\t\t\tmargin-top: 10px;\n\t\t\t\ttext-align: center;\n\t\t\t\twidth: 25%;\n\t\t\t}\n\t\t\t#gallery-1 img {\n\t\t\t\tborder: 2px solid #cfcfcf;\n\t\t\t}\n\t\t\t#gallery-1 .gallery-caption {\n\t\t\t\tmargin-left: 0;\n\t\t\t}\n\t\t\t\/* see gallery_shortcode() in wp-includes\/media.php *\/\n\t\t<\/style>\n\t\t<div id='gallery-1' class='gallery galleryid-3450 gallery-columns-4 gallery-size-medium'><dl class='gallery-item'>\n\t\t\t<dt class='gallery-icon landscape'>\n\t\t\t\t<a href='https:\/\/www.phys.uaic.ro\/wp-content\/uploads\/2021\/09\/deschidere-an-1.jpg'><img loading=\"lazy\" decoding=\"async\" width=\"300\" height=\"225\" src=\"https:\/\/www.phys.uaic.ro\/wp-content\/uploads\/2021\/09\/deschidere-an-1-300x225.jpg\" class=\"attachment-medium size-medium\" alt=\"\" srcset=\"https:\/\/www.phys.uaic.ro\/wp-content\/uploads\/2021\/09\/deschidere-an-1-300x225.jpg 300w, https:\/\/www.phys.uaic.ro\/wp-content\/uploads\/2021\/09\/deschidere-an-1-768x576.jpg 768w, https:\/\/www.phys.uaic.ro\/wp-content\/uploads\/2021\/09\/deschidere-an-1-665x499.jpg 665w, https:\/\/www.phys.uaic.ro\/wp-content\/uploads\/2021\/09\/deschidere-an-1.jpg 960w\" sizes=\"auto, (max-width: 300px) 100vw, 300px\" \/><\/a>\n\t\t\t<\/dt><\/dl><dl class='gallery-item'>\n\t\t\t<dt class='gallery-icon landscape'>\n\t\t\t\t<a href='https:\/\/www.phys.uaic.ro\/wp-content\/uploads\/2021\/09\/deschidere-an-2.jpg'><img loading=\"lazy\" decoding=\"async\" width=\"300\" height=\"225\" src=\"https:\/\/www.phys.uaic.ro\/wp-content\/uploads\/2021\/09\/deschidere-an-2-300x225.jpg\" class=\"attachment-medium size-medium\" alt=\"\" srcset=\"https:\/\/www.phys.uaic.ro\/wp-content\/uploads\/2021\/09\/deschidere-an-2-300x225.jpg 300w, https:\/\/www.phys.uaic.ro\/wp-content\/uploads\/2021\/09\/deschidere-an-2-768x576.jpg 768w, https:\/\/www.phys.uaic.ro\/wp-content\/uploads\/2021\/09\/deschidere-an-2-665x499.jpg 665w, https:\/\/www.phys.uaic.ro\/wp-content\/uploads\/2021\/09\/deschidere-an-2.jpg 960w\" sizes=\"auto, (max-width: 300px) 100vw, 300px\" \/><\/a>\n\t\t\t<\/dt><\/dl><dl class='gallery-item'>\n\t\t\t<dt class='gallery-icon landscape'>\n\t\t\t\t<a href='https:\/\/www.phys.uaic.ro\/wp-content\/uploads\/2021\/09\/deschidere-an-3.jpg'><img loading=\"lazy\" decoding=\"async\" width=\"300\" height=\"225\" src=\"https:\/\/www.phys.uaic.ro\/wp-content\/uploads\/2021\/09\/deschidere-an-3-300x225.jpg\" class=\"attachment-medium size-medium\" alt=\"\" srcset=\"https:\/\/www.phys.uaic.ro\/wp-content\/uploads\/2021\/09\/deschidere-an-3-300x225.jpg 300w, https:\/\/www.phys.uaic.ro\/wp-content\/uploads\/2021\/09\/deschidere-an-3-768x576.jpg 768w, https:\/\/www.phys.uaic.ro\/wp-content\/uploads\/2021\/09\/deschidere-an-3-665x499.jpg 665w, https:\/\/www.phys.uaic.ro\/wp-content\/uploads\/2021\/09\/deschidere-an-3.jpg 960w\" sizes=\"auto, (max-width: 300px) 100vw, 300px\" \/><\/a>\n\t\t\t<\/dt><\/dl><dl class='gallery-item'>\n\t\t\t<dt class='gallery-icon landscape'>\n\t\t\t\t<a href='https:\/\/www.phys.uaic.ro\/wp-content\/uploads\/2021\/09\/deschidere-an-4.jpg'><img loading=\"lazy\" decoding=\"async\" width=\"300\" height=\"225\" src=\"https:\/\/www.phys.uaic.ro\/wp-content\/uploads\/2021\/09\/deschidere-an-4-300x225.jpg\" class=\"attachment-medium size-medium\" alt=\"\" srcset=\"https:\/\/www.phys.uaic.ro\/wp-content\/uploads\/2021\/09\/deschidere-an-4-300x225.jpg 300w, https:\/\/www.phys.uaic.ro\/wp-content\/uploads\/2021\/09\/deschidere-an-4-768x576.jpg 768w, https:\/\/www.phys.uaic.ro\/wp-content\/uploads\/2021\/09\/deschidere-an-4-665x499.jpg 665w, https:\/\/www.phys.uaic.ro\/wp-content\/uploads\/2021\/09\/deschidere-an-4.jpg 960w\" sizes=\"auto, (max-width: 300px) 100vw, 300px\" \/><\/a>\n\t\t\t<\/dt><\/dl><br style=\"clear: both\" \/>\n\t\t<\/div>\n\n<\/div>\n<p>&nbsp;<\/p>\n<p><!-- ++++++++++++++++++++++++++++++++++++++++++++++++++++++++++++++++++++++++++++++++++++ --><\/p>\n<div id=\"noaptea-cercetatorilor-2021\" class=\"colorbox\" style=\"background-color: #e6e6e6;\">\n<h3>Noaptea Cercet\u0103torilor Ia\u0219i 2021<\/h3>\n<ul style=\"list-style-type: none;\">\n<li>24 septembrie<\/li>\n<li>\u231a17:00-22:00<\/li>\n<li>?Esplanada Palas Mall<\/li>\n<\/ul>\n<p><video controls=\"controls\" width=\"300\" height=\"150\"><source src=\"http:\/\/www.phys.uaic.ro\/wp\/prezentare\/anunturi\/noaptea-cercet\u0103torilor-2021.mp4\" type=\"video\/mp4\" \/><\/video><\/p>\n<p>Eveniment organizat de <a href=\"https:\/\/www.facebook.com\/NoapteaCercetatorilor\">Noaptea Cercet\u0103torilor<\/a><\/p>\n<ul style=\"list-style-type: none;\">\n<li>Durat\u0103: 5 ore<\/li>\n<li>Public: Oricine, cu sau f\u0103r\u0103 cont de Facebook<\/li>\n<\/ul>\n<p>Te a\u0219tept\u0103m s\u0103 descoperim \u00eempreun\u0103 lumea extraordinar\u0103 a \u0219tiin\u021bei prin tot felul de experimente curioase, fenomene uimitoare, jocuri, concursuri \u0219i alte activit\u0103\u021bi interactive \u0219i distractive.<\/p>\n<p>Anul acesta:<\/p>\n<ul style=\"list-style-type: none;\">\n<li>?Privim cerul prin telescop;<\/li>\n<li>?Realiz\u0103m experimente spectaculoase cu azot lichid;<\/li>\n<li>?Aprindem becuri \u0219i producem fulgere \u26a1cu bobina Tesla;<\/li>\n<li>?Folosim ultrasunete \u0219i facem ca obiecte s\u0103 leviteze;<\/li>\n<li>?Vedem prin ochii unei pisici;<\/li>\n<li>?\u200d\u2642\ufe0fTest\u0103m gadget-urile unui spion &#8211; camera cu infraro\u0219u;<\/li>\n<li>?Construim un generator de cod Morse;<\/li>\n<li>?Demonstr\u0103m func\u021bionarea ma\u0219inii cu abur;<\/li>\n<li>?Lans\u0103m robo\u021bi \u00een curse cu obstacole;<\/li>\n<li>?\u00cenv\u0103\u021b\u0103m despre reconstituirile arheologice;<\/li>\n<li>?\u00cenv\u0103\u021b\u0103m despre optic\u0103 folosind prisme, lasere \u0219i o oglind\u0103 infinit\u0103;<\/li>\n<li>?\u00cenv\u0103\u021b\u0103m cum este cur\u0103\u021bat\u0103 apa de la robinet (sunt implica\u021bi \u0219i robo\u021bi);<\/li>\n<li>\u2699Ne juc\u0103m cu robo\u021bi hidraulici, ro\u021bi din\u021bate sau catapulte;<\/li>\n<li>?Particip\u0103m la concursuri \u0219i la multe alte activit\u0103\u021bi inedite.<\/li>\n<\/ul>\n<p>Intrarea este liber\u0103.<\/p>\n<p>Programul complet pe <a href=\"https:\/\/www.noapteacercetatorilor.ro\">https:\/\/www.noapteacercetatorilor.ro<\/a>.<\/p>\n<\/div>\n<p>&nbsp;<\/p>\n<p><!-- ++++++++++++++++++++++++++++++++++++++++++++++++++++++++++++++++++++++++++++++++++++ --><\/p>\n<div class=\"colorbox\" style=\"background-color: #e6e6e6;\">\n<h3>\u0218i in acest an Facultatea noastr\u0103 s-a implicat \u00een ob\u021binerea performan\u021bei la nivel interna\u021bional !<\/h3>\n<p><b>Echipa de elevi care a reprezentat Rom\u00e2nia la Olimpiada Interna\u021bional\u0103 de Fizic\u0103 din acest an a ob\u021binut 3 medalii de aur \u0219i 2 de argint.<\/b><\/p>\n<p>Medaliile de aur au fost ob\u021binute de Vlad-\u0218tefan Oros (Liceul Teoretic \u201eGrigore Moisil\u201d din Timi\u0219oara), Tudor-Gabriel Mocioi (Colegiul Na\u021bional \u201eTudor Vianu\u201d din Bucure\u0219ti) \u0219i George Cristian Ardeleanu (Liceul Interna\u021bional de Informatic\u0103 din Bucure\u0219ti), iar cele de argint de c\u0103tre Antonia-Alma Ghi\u021b\u0103 (Liceul Interna\u021bional de Informatic\u0103 din Bucure\u0219ti) \u0219i \u0218tefan \u0218tef\u0103nescu (Colegiul Na\u021bional \u201eDimitrie Cantemir\u201d din One\u0219ti). La edi\u021bia din acest an a Olimpiadei Interna\u021bionale de Fizic\u0103, care s-a desf\u0103\u0219urat \u00een perioada 17-24 iulie 2021, au participat elevi din 76 \u021b\u0103ri, \u021bara organizatoare fiind Lituania.<\/p>\n<p>Coordonatorul echipei de profesori care s-au ocupat de organizarea \u0219i desf\u0103\u0219urarea Olimpiadei Na\u021bionale de Fizic\u0103 2021, precum \u0219i de selec\u021bia lotului na\u021bional al Rom\u00e2niei \u00een vederea particip\u0103rii la Olimpiada Interna\u021bional\u0103 de Fizic\u0103, este conf. univ. dr. Sebastian Popescu de la Facultatea de Fizic\u0103 a Universit\u0103\u021bii Alexandru Ioan Cuza din Ia\u0219i.<\/p>\n<p>Edi\u021bia 2021 a Olimpiadei Na\u021bionale de Fizic\u0103 s-a desf\u0103\u0219urat sub auspiciile Societ\u0103\u021bii Rom\u00e2ne de Fizic\u0103, cu sprijinul Facult\u0103\u021bilor de Fizic\u0103 de la Universitatea Alexandru Ioan Cuza din Ia\u0219i, Universitatea Babe\u0219-Bolyai din Cluj-Napoca, Universitatea de Vest din Timi\u0219oara, Universitatea Bucure\u0219ti, precum \u0219i a Departamentului de Fizic\u0103 de la Universitatea din Craiova. Partenerul oficial al Olimpiadei Na\u021bionale de Fizic\u0103 2021 a fost Funda\u021bia eMag.<\/p>\n<\/div>\n<p>&nbsp;<\/p>\n<p><!-- ++++++++++++++++++++++++++++++++++++++++++++++++++++++++++++++++++++++++++++++++++++ --><\/p>\n<div class=\"colorbox\" style=\"background-color: #e6e6e6;\">\n<h3>Cursul &#8222;Evolutia ideilor in fizica \/ Istoria fizici&#8221;<\/h3>\n<p><img decoding=\"async\" src=\"http:\/\/www.phys.uaic.ro\/wp\/prezentare\/anunturi\/evolutie-idei-fizica.jpg\" alt=\"evolutie-idei-fizica\" \/><\/p>\n<p>Cursul &#8222;Evolutia ideilor in fizica \/ Istoria fizicii&#8221; sustinut de domnul prof. univ.dr. Alexandru Stancu va avea loc online in semestrul al doilea al anului universitar 2020\/2021 in fiecare joi, incepand cu data de 18 februarie, de la ora 18. Cursul este facultativ pentru studentii din anii al II-lea si al III-lea, dar pot asista si alti pasionati de fizica sau absolventi ai Facultatii de Fizica, inclusiv profesori din mediul preuniversitar.<\/p>\n<p>Pentru mai multe informatii, inclusiv cele privind logarea la platforma Cisco Webex, accesati paginile:<\/p>\n<p><a href=\"http:\/\/stoner.phys.uaic.ro\/courses\/evolutia-ideilor-in-fizica\/254-evolutia-ideilor-in-fizica.html\">http:\/\/stoner.phys.uaic.ro\/courses\/evolutia-ideilor-in-fizica\/254-evolutia-ideilor-in-fizica.html<\/a><\/p>\n<p><a href=\"http:\/\/stoner.phys.uaic.ro\/courses\/evolutia-ideilor-in-fizica\/253-evolutia-ideilor-in-fizica-introducere.html\">http:\/\/stoner.phys.uaic.ro\/courses\/evolutia-ideilor-in-fizica\/253-evolutia-ideilor-in-fizica-introducere.html<\/a><\/p>\n<\/div>\n<p>&nbsp;<\/p>\n<p><!-- ++++++++++++++++++++++++++++++++++++++++++++++++++++++++++++++++++++++++++++++++++++ --><\/p>\n<div id=\"noaptea-cercetatorilor-2020\" class=\"colorbox\" style=\"background-color: #e6e6e6;\">\n<h3>Noaptea Cercetatorilor 2020<\/h3>\n<p><a href=\"http:\/\/noapteacercetatorilor.ro\/\"><img decoding=\"async\" src=\"http:\/\/www.phys.uaic.ro\/wp\/prezentare\/anunturi\/noaptea-cercetatorilor-2020.jpg\" alt=\"noaptea-cercetatorilor-2020\" \/><\/a><\/p>\n<h3 style=\"padding: 0 0 0 0; text-align: center;\"><span style=\"color: blue;\"><b>27 Noiembrie 2020<\/b><\/span><\/h3>\n<\/div>\n<p>&nbsp;<\/p>\n<p><!-- ++++++++++++++++++++++++++++++++++++++++++++++++++++++++++++++++++++++++++++++++++++ --><\/p>\n<div class=\"colorbox\" style=\"background-color: #e6e6e6;\">\n<h3>Evolu\u021bia ideilor \u00een fizic\u0103<\/h3>\n<p><img decoding=\"async\" src=\"http:\/\/www.phys.uaic.ro\/wp\/prezentare\/anunturi\/evolutie-idei-fizica.jpg\" alt=\"evolutie-idei-fizica\" \/><\/p>\n<p>\u00cen semestrul al II-lea al anului universitar 2019\/2020 studen\u021bii sunt a\u0219tepta\u021bi joi seara de la ora 18.00 la 20.00 \u00een Laboratorul de Electricitate \u0219i Informatic\u0103 la \u00eent\u00e2lnirile s\u0103pt\u0103m\u00e2nale ale cursului facultativ \u201dEvolu\u021bia ideilor \u00een fizic\u0103\u201d sus\u021binut de dl. prof. Alexandru Stancu.<\/p>\n<p>Vom posta s\u0103pt\u0103m\u00e2nal structura cursului urm\u0103tor, iat\u0103 c\u00e2teva idei puse \u00een discu\u021bie:<\/p>\n<ul>\n<li>Evolu\u021bia civiliza\u021biilor antice.<\/li>\n<li>Primele scrieri. Epopeea lui Ghilgame\u0219.<\/li>\n<li>Istorie \u0219i preistorie.<\/li>\n<li>C\u00e2t de corect\u0103 este imaginea noastr\u0103 despre antichitate?<\/li>\n<li>De ce s-a pierdut at\u00e2t de mult din cunoa\u0219terea anticilor.<\/li>\n<li>Religii politeiste \u0219i monoteiste.<\/li>\n<li>Rela\u021bia religie \u2013 \u0219tiin\u021b\u0103 pe parcursul istoriei.<\/li>\n<li>\u0218tiin\u021ba \u00een evul mediu.<\/li>\n<li>Rena\u0219terea \u0219i reforma.<\/li>\n<li>Apari\u021bia \u0219tiin\u021bei. Galileo Galilei \u0219i Isaac Newton.<\/li>\n<li>\u0218tiin\u021b\u0103 \u0219i pseudo\u0219tiin\u021be (astrologia, alchimia, etc.)<\/li>\n<li>Revolu\u021biile industriale.<\/li>\n<li>\u0218tiin\u021ba \u00een jurul anului 1900.<\/li>\n<\/ul>\n<p>Mai multe la: <a href=\"http:\/\/stoner.phys.uaic.ro\/courses\/evolutia-ideilor-in-fizica\/253-evolutia-ideilor-in-fizica-introducere.html\">http:\/\/stoner.phys.uaic.ro\/courses\/evolutia-ideilor-in-fizica\/253-evolutia-ideilor-in-fizica-introducere.html<\/a><\/p>\n<\/div>\n<p>&nbsp;<\/p>\n<p><!-- ++++++++++++++++++++++++++++++++++++++++++++++++++++++++++++++++++++++++++++++++++++ --><\/p>\n<div class=\"colorbox\" style=\"background-color: #e6e6e6;\">\n<h3>130 de ani de la na\u0219terea profesorului \u0218tefan Procopiu<\/h3>\n<p>V\u0103 invit\u0103m s\u0103 participati la manifest\u0103rile dedicate implinirii a 130 de ani de la nasterea prestigiosului om de \u0219tiint\u0103 ie\u0219ean, fizicianul \u0218tefan Procopiu, care va avea loc \u00een ziua de duminic\u0103, 19 ianuarie 2020, ora 11.00, \u00een Sala \u201eStefan Procopiu\u201d &#8211; Palatul Culturii Ia\u0219i.<\/p>\n<p><a href=\"http:\/\/www.phys.uaic.ro\/wp\/prezentare\/anunturi\/afis-procopiu.jpg\"><img decoding=\"async\" src=\"http:\/\/www.phys.uaic.ro\/wp\/prezentare\/anunturi\/afis-procopiu.jpg\" alt=\"procopiu\" \/><\/a><\/p>\n<p style=\"text-align: center;\"><a href=\"http:\/\/www.phys.uaic.ro\/wp\/prezentare\/anunturi\/invitatie-procopiu-1.jpg\">Invitatie (1\/2)<\/a><\/p>\n<p><a href=\"http:\/\/www.phys.uaic.ro\/wp\/prezentare\/anunturi\/invitatie-procopiu-1.jpg\"><img decoding=\"async\" src=\"http:\/\/www.phys.uaic.ro\/wp\/prezentare\/anunturi\/invitatie-procopiu-1.jpg\" alt=\"procopiu1\" \/><\/a><\/p>\n<p style=\"text-align: center;\"><a href=\"http:\/\/www.phys.uaic.ro\/wp\/prezentare\/anunturi\/invitatie-procopiu-2.jpg\">Invitatie (2\/2)<\/a><\/p>\n<p><a href=\"http:\/\/www.phys.uaic.ro\/wp\/prezentare\/anunturi\/invitatie-procopiu-2.jpg\"><img decoding=\"async\" src=\"http:\/\/www.phys.uaic.ro\/wp\/prezentare\/anunturi\/invitatie-procopiu-2.jpg\" alt=\"procopiu2\" \/><\/a><\/p>\n<\/div>\n<p>&nbsp;<\/p>\n<p><!-- ++++++++++++++++++++++++++++++++++++++++++++++++++++++++++++++++++++++++++++++++++++ --><\/p>\n<div class=\"colorbox\" style=\"background-color: #e6e6e6;\">\n<h3>Concert de colinde 2019<\/h3>\n<div style=\"text-align: center;\">\n<p><a href=\"http:\/\/www.phys.uaic.ro\/wp\/prezentare\/anunturi\/colinde-craciun-2019.jpg\"><img decoding=\"async\" src=\"http:\/\/www.phys.uaic.ro\/wp\/prezentare\/anunturi\/colinde-craciun-2019.jpg\" alt=\"colinde\" \/><\/a><\/p>\n<p><b>Concert de colinde<br \/>\nAmfiteatrul IV.13<br \/>\nLuni, 16 Decembrie<br \/>\nOra 18.00<\/b><\/p>\n<\/div>\n<\/div>\n<p>&nbsp;<\/p>\n<p><!-- ++++++++++++++++++++++++++++++++++++++++++++++++++++++++++++++++++++++++++++++++++++ --><\/p>\n<div class=\"colorbox\" style=\"background-color: #e6e6e6;\">\n<h3>Noaptea Cercetatorilor 2019<\/h3>\n<p><a href=\"http:\/\/www.phys.uaic.ro\/wp\/prezentare\/anunturi\/noaptea-cercetatorilor-2019.jpg\"><img decoding=\"async\" src=\"http:\/\/www.phys.uaic.ro\/wp\/prezentare\/anunturi\/noaptea-cercetatorilor-2019.jpg\" alt=\"noaptea-cercetatorilor\" \/><\/a><\/p>\n<p><b>Invita\u021bie special\u0103: experimente \u0219i conferin\u021be la Palas<\/b><\/p>\n<p>Facultatea de Fizic\u0103 v\u0103 invit\u0103 la o sear\u0103 special\u0103, al\u0103turi de copiii sau familia dumneavoastr\u0103.<\/p>\n<p>\u00cen seara de <b>27 septembrie 2019<\/b> am preg\u0103tit un eveniment deosebit pentru copii iste\u021bi, care vor fi pu\u0219i fa\u021b\u0103 \u00een fa\u021b\u0103 cu experimente \u0219tiin\u021bifice atractive, colorate \u0219i uimitoare.<\/p>\n<p>Ei sunt a\u0219tepta\u021bi de la ora 18.00 p\u00e2n\u0103 la ora de culcare \u00een Parcul Palas.<\/p>\n<p>Noaptea Cercet\u0103torilor este un eveniment dedicat \u0219tiin\u021bei, curiozit\u0103\u021bii \u0219i amuzamentului.<\/p>\n<p>Evenimentul este organizat de Universitatea \u201eAlexandru Ioan Cuza\u201d din Ia\u0219i, Facultatea de Fizic\u0103, cu sprijinul financiar al Comisiei Europene, prin programul H2020.<\/p>\n<p>Mai multe informa\u021bii g\u0103si\u021bi la adresa:<\/p>\n<p><a href=\"http:\/\/noapteacercetatorilor.ro\/\">http:\/\/noapteacercetatorilor.ro\/<\/a><\/p>\n<p>Ne bucur\u0103m \u0219i de prezen\u021ba \u00een mijlocul nostru a unor echipe de la Facultatea de Biologie \u0219i Facultatea de Chimie.<\/p>\n<p>La nivel na\u021bional evenimentul are loc \u00een:<\/p>\n<ul>\n<li>IASI: Parcul Palas<\/li>\n<li>BUCURESTI: Parcul Lumea Copiilor, Muzeul Antipa<\/li>\n<li>CLUJ NAPOCA: Bulevardul Eroilor (Zona statuii Lupoaica cu Pui)<\/li>\n<li>CRAIOVA: Holul Central al Universit\u0103\u021bii &amp; Aula Mihai I<\/li>\n<li>SIBIU: spatiile Universit\u0103\u021bii Lucian Blaga, Cercul Militar Sibiu \u0219i Muzeul Civiliza\u021biei Populare Tradi\u021bionale ASTRA<\/li>\n<li>TIMI\u0218OARA: Universitatea de Vest, ExperimentariumTm, Observatorul Astronomic Timi\u0219oara<\/li>\n<\/ul>\n<p>Noaptea Cercet\u0103torilor Europeni este un eveniment ce se desf\u0103\u0219oar\u0103 anual \u00een peste 350 de ora\u015fe din Europa, cu sprijinul Comisiei Europene, aduc\u00e2nd \u0219tiin\u021ba \u00een mijlocul publicului. Tema anului 2019 este \u201cHandle with Science\u201d \/ \u201eTrateaz\u0103 cu \u0219tiin\u021b\u0103\u201d, un \u00eendemn de a folosi \u201emintea \u0219tiin\u021bific\u0103\u201d \u00een fa\u021ba provoc\u0103rilor societ\u0103\u021bii actuale \u2013 pseudo\u0219tiin\u021b\u0103, fake news, ideologii inflexibile.<\/p>\n<p>Evenimentul este finan\u021bat prin programul Orizont 2020 pentru cercetare \u0219i inovare al Uniunii Europene, prin grantul cu nr. 818795.<\/p>\n<p>Coordonarea evenimentului este asigurat\u0103 de Universitatea \u201eAlexandru Ioan Cuza\u201d din Ia\u0219i \u0219i implementarea este realizat\u0103 \u00een colaborare cu Universitatea din Bucure\u0219ti, Universitatea Babe\u0219 Bolyai din Cluj, Universitatea din Craiova, Universitatea Lucian Blaga din Sibiu, Universitatea de Vest din Timi\u0219oara, Institutul\u00a0 National de Cercetare-Dezvoltare pentru Fizica Laserilor, Plasmei si Radia\u021biei, Institutul de Fizica Atomica, Institutul\u00a0 National de Cercetare-Dezvoltare pentru Fizica \u0219i Inginerie Nuclear\u0103 \u201eHoria Hulubei\u201d, Institutul de \u0218tiin\u021be Spa\u021biale, Institutul National de Cercetare-Dezvoltare pentru Fizica Materialelor, Institutul National de Cercetare-Dezvoltare pentru Fizica P\u0103m\u00e2ntului \u0219i Institutul National de Cercetare Dezvoltare \u00een Optoelectronic\u0103.<\/p>\n<p>V\u0103 a\u0219teptam!<\/p>\n<\/div>\n<p>&nbsp;<\/p>\n<p><!-- ++++++++++++++++++++++++++++++++++++++++++++++++++++++++++++++++++++++++++++++++++++ --><\/p>\n<div class=\"colorbox\" style=\"background-color: #e6e6e6;\">\n<h3>Tabara Na\u021bional\u0103 de Fizic\u0103, Astronomie \u0219i Astrofizic\u0103<\/h3>\n<ul style=\"list-style-type: none;\">\n<li>Inspectoratul Scolar Judetean Suceava<\/li>\n<li>Universitatea \u201e\u0218tefan cel Mare\u201c Suceava<\/li>\n<li>Facultatea de Fizic\u0103 Ia\u0219i<\/li>\n<li>Societatea \u0218tiin\u021bific\u0103 \u201eCygnus\u201c &#8211; centru UNESCO<\/li>\n<li>Colegiul \u201eAlexandru cel Bun\u201c Gura Humorului<\/li>\n<\/ul>\n<p>au organizat \u00een perioada 4-8 februarie 2019<\/p>\n<ul>\n<li>Tabara Na\u021bional\u0103 de Fizic\u0103, Astronomie \u0219i Astrofizic\u0103 \u201eMarin Dacian Bica\u201c<\/li>\n<li>Concursul Na\u021bional de Fizic\u0103 \u201eMarin Dacian Bica\u201c<\/li>\n<li>Concursul Na\u021bional de Astronomie \u0219i Astrofizic\u0103 \u201eMarin Dacian Bica\u201c<\/li>\n<\/ul>\n<p>\u00een localitatea Vorone\u021b din jude\u021bul Suceava.<\/p>\n<p><a href=\"http:\/\/www.phys.uaic.ro\/wp\/prezentare\/anunturi\/tabara-fizica-voronet.pdf\">Invita\u021bie \u0219i Programul taberei<\/a><\/p>\n<\/div>\n<p>&nbsp;<\/p>\n<p><!-- ++++++++++++++++++++++++++++++++++++++++++++++++++++++++++++++++++++++++++++++++++++ --><\/p>\n<div class=\"colorbox\" style=\"background-color: #e6e6e6;\">\n<h3>Zilele Por\u021bilor Deschise \u2013 13-17 aprilie 2019<\/h3>\n<p><a href=\"http:\/\/www.phys.uaic.ro\/wp\/prezentare\/anunturi\/zpd-uaic-3019.jpg\"><img decoding=\"async\" src=\"http:\/\/www.phys.uaic.ro\/wp\/prezentare\/anunturi\/zpd-uaic-3019.jpg\" alt=\"zpd\" \/><\/a><\/p>\n<p>Universitatea \u201eAlexandru Ioan Cuza\u201d din Ia\u0219i organizeaz\u0103, \u00een perioada 13 \u2013 17 aprilie 2019, \u201eZilele Por\u021bilor Deschise\u201d, un eveniment dedicat elevilor din clasele IX-XII, cu scopul de a se familiariza cu universitatea \u0219i activit\u0103\u021bile acesteia. Evenimentul face parte din proiectul \u201eIa\u0219i, Ora\u0219ul Studen\u021biei Tale \u2013 Por\u021bi Deschise la Universit\u0103\u021bile Ie\u0219ene\u201d organizat de cele cinci universit\u0103\u021bi publice din Ia\u0219i, \u00een parteneriat cu Prim\u0103ria Municipiului Ia\u0219i.<\/p>\n<p><a href=\"http:\/\/www.uaic.ro\/zpd\/\">Link la pagina Zilele Por\u021bilor Deschise la UAIC<\/a><\/p>\n<p>V\u0103 pute\u021bi \u00eenscrie pentru o vizit\u0103 scurt\u0103 de 45 de minute la Facultatea de Fizic\u0103, acces\u00e2nd pagina <a href=\"http:\/\/www.uaic.ro\/zpd\/\">http:\/\/www.uaic.ro\/zpd\/<\/a>. Dac\u0103 dori\u021bi s\u0103 face\u021bi \u00eempreun\u0103 cu elevii dumneavoastr\u0103 o vizit\u0103 mai lung\u0103 (1-2 ore) sau s\u0103 vizita\u021bi anumite laboratoare, trimite\u021bi un mesaj pe adresa <span style=\"color: blue;\">fizica@uaic.ro<\/span>.<\/p>\n<\/div>\n<p>&nbsp;<\/p>\n<p><!-- ++++++++++++++++++++++++++++++++++++++++++++++++++++++++++++++++++++++++++++++++++++ --><\/p>\n<div class=\"colorbox\" style=\"background-color: #e6e6e6;\">\n<h3>Istoria descoperirilor stiintifice<\/h3>\n<p>Cursul facultativ Istoria fizicii (Istoria descoperirilor stiintifice), sustinut de domnul profesor Alexandru Stancu va avea loc in semestrul al doilea, in fiecare joi de la ora 18, in Holul Hurmuzescu-Procopiu.<\/p>\n<p>Sunt invitati sa participe studenti la fizica (incepand cu anul al III-lea), dar si absolventi si studenti de la oricare alte facultati si orice alte persoane interesate.<\/p>\n<p><img decoding=\"async\" src=\"http:\/\/www.phys.uaic.ro\/wp\/prezentare\/anunturi\/descoperiri-stiintifice.jpg\" alt=\"descoperiri\" \/><\/p>\n<\/div>\n<p>&nbsp;<\/p>\n<p><!-- ++++++++++++++++++++++++++++++++++++++++++++++++++++++++++++++++++++++++++++++++++++ --><\/p>\n<div class=\"colorbox\" style=\"background-color: #e6e6e6;\">\n<h3>Zilele Por\u021bilor Deschise la Fizica \u2013 29-30 martie 2018<\/h3>\n<div>\n<div style=\"text-align: center; display: inline-block; padding: 10px;\"><img decoding=\"async\" style=\"width: 270px; height: 152px;\" src=\"http:\/\/www.phys.uaic.ro\/wp\/prezentare\/anunturi\/porti-deschise-1-hd.jpg\" alt=\"porti-deschise\" \/><\/div>\n<div style=\"text-align: center; display: inline-block; padding: 10px;\"><img decoding=\"async\" style=\"width: 270px; height: 152px;\" src=\"http:\/\/www.phys.uaic.ro\/wp\/prezentare\/anunturi\/porti-deschise-2-hd.jpg\" alt=\"porti-deschise\" \/><\/div>\n<\/div>\n<p>Facultatea de Fizic\u0103 a Universit\u0103\u021bii &#8222;Alexandru Ioan Cuza&#8221; a organizat, pe 29 si 30 martie, Zilele Por\u021bilor Deschise la Fizica. Actiunea a fost precedata de activitati experimentale desfasurate in cateva licee si scoli din municipiul Iasi (Colegiul National Emil Racovita, Liceul Miron Costin, Scoala Alexandru cel Bun).<\/p>\n<p>\u00cen cele doua zile ale manifest\u0103rii, au trecut pragul facult\u0103\u021bii pe l\u00e2nga vizitatorii individuali \u0219i 20 de grupuri organizate cu un total de peste 500 de vizitatori, \u00een majoritatea lor elevi de liceu \u0219i gimnaziu, \u00eenso\u021bi\u021bi de cadre didactice sau de p\u0103rin\u021bi. Pe l\u00e2ng\u0103 vizitatorii din Ia\u0219i, ne-am bucurat de prezen\u021ba unor elevi din judetele Botosani si Suceava. Cei care au fost prezen\u021bi la eveniment au avut ocazia s\u0103 ia parte la experimente de electricitate, magnetism, fizica plasmei, mecanic\u0103, optic\u0103, spectroscopie, electronic\u0103, termodinamic\u0103 \u0219i au discutat cu membri ai facultatii noastre (profesori, cercetatori, doctoranzi sau studenti).<\/p>\n<\/div>\n<p>&nbsp;<\/p>\n<p><!-- ++++++++++++++++++++++++++++++++++++++++++++++++++++++++++++++++++++++++++++++++++++ --><\/p>\n","protected":false},"excerpt":{"rendered":"<p>Weekend stiintific Lansare de carte Noaptea Cercetatorilor 2022 Deschiderea anului universitar 2021-2022 la Facultatea de Fizic\u0103 &nbsp; Noaptea Cercet\u0103torilor Ia\u0219i 2021 24 septembrie \u231a17:00-22:00 ?Esplanada Palas Mall Eveniment organizat de Noaptea Cercet\u0103torilor Durat\u0103: 5 ore Public: Oricine, cu sau f\u0103r\u0103 cont de Facebook Te a\u0219tept\u0103m s\u0103 descoperim \u00eempreun\u0103 lumea extraordinar\u0103 a \u0219tiin\u021bei prin tot felul de experimente curioase,\u2026 <span class=\"read-more\"><a href=\"https:\/\/www.phys.uaic.ro\/index.php\/prezentare\/anunturi-prezentare\/\">Read More &raquo;<\/a><\/span><\/p>\n","protected":false},"author":3,"featured_media":0,"parent":56,"menu_order":0,"comment_status":"closed","ping_status":"closed","template":"","meta":{"footnotes":""},"class_list":["post-3450","page","type-page","status-publish","hentry"],"_links":{"self":[{"href":"https:\/\/www.phys.uaic.ro\/index.php\/wp-json\/wp\/v2\/pages\/3450","targetHints":{"allow":["GET"]}}],"collection":[{"href":"https:\/\/www.phys.uaic.ro\/index.php\/wp-json\/wp\/v2\/pages"}],"about":[{"href":"https:\/\/www.phys.uaic.ro\/index.php\/wp-json\/wp\/v2\/types\/page"}],"author":[{"embeddable":true,"href":"https:\/\/www.phys.uaic.ro\/index.php\/wp-json\/wp\/v2\/users\/3"}],"replies":[{"embeddable":true,"href":"https:\/\/www.phys.uaic.ro\/index.php\/wp-json\/wp\/v2\/comments?post=3450"}],"version-history":[{"count":0,"href":"https:\/\/www.phys.uaic.ro\/index.php\/wp-json\/wp\/v2\/pages\/3450\/revisions"}],"up":[{"embeddable":true,"href":"https:\/\/www.phys.uaic.ro\/index.php\/wp-json\/wp\/v2\/pages\/56"}],"wp:attachment":[{"href":"https:\/\/www.phys.uaic.ro\/index.php\/wp-json\/wp\/v2\/media?parent=3450"}],"curies":[{"name":"wp","href":"https:\/\/api.w.org\/{rel}","templated":true}]}}