{"id":365,"date":"2018-02-16T00:45:57","date_gmt":"2018-02-16T00:45:57","guid":{"rendered":"http:\/\/www.phys.uaic.ro\/?page_id=365"},"modified":"2026-01-08T11:01:47","modified_gmt":"2026-01-08T09:01:47","slug":"scoala-doctorala","status":"publish","type":"page","link":"https:\/\/www.phys.uaic.ro\/index.php\/scoala-doctorala\/","title":{"rendered":"\u0218coala Doctoral\u0103"},"content":{"rendered":"<ul style=\"list-style-type: none;\">\n<li><a href=\"http:\/\/www.phys.uaic.ro\/index.php\/scoala-doctorala\/organizare-scoala-doctorala\">Organizarea \u0218colii Doctorale<\/a><\/li>\n<li><a href=\"http:\/\/www.phys.uaic.ro\/index.php\/scoala-doctorala\/conducatori-doctorat\">Conduc\u0103tori de doctorat<\/a><\/li>\n<li><a href=\"http:\/\/www.phys.uaic.ro\/index.php\/scoala-doctorala\/regulamente-scoala-doctorala-fizica\">Regulamentele \u0218colii Doctorale de Fizic\u0103<\/a><\/li>\n<li><a href=\"https:\/\/www.phys.uaic.ro\/index.php\/evaluarea-si-asigurarea-calitatii\/\" target=\"_blank\" rel=\"noopener\">Evaluarea si asigurarea calitatii in SDF<\/a><\/li>\n<li><a href=\"https:\/\/www.phys.uaic.ro\/wp-content\/uploads\/2024\/01\/Procedura-interna-analiza-PPUA-si-PCS.pdf\" target=\"_blank\" rel=\"noopener\">Procedur\u0103 intern\u0103 analiz\u0103 PPUA si PCS<\/a><\/li>\n<li><a href=\"https:\/\/www.phys.uaic.ro\/index.php\/reglementari-si-formulare\/\" target=\"_blank\" rel=\"noopener\">Formulare<\/a><\/li>\n<li><a href=\"https:\/\/www.phys.uaic.ro\/index.php\/documente-interne-specifice-sdf\/\" target=\"_blank\" rel=\"noopener\">Documente interne specifice SDF<\/a><\/li>\n<li><a href=\"https:\/\/www.phys.uaic.ro\/index.php\/documentele-necesare-pentru-dosarul-de-confirmare-a-titlului-stiintific-de-doctor\/\" target=\"_blank\" rel=\"noopener\">Documentele necesare pentru dosarul de confirmare a titlului \u0219tiin\u021bific de doctor<\/a><\/li>\n<li><a href=\"http:\/\/www.phys.uaic.ro\/index.php\/scoala-doctorala\/proceduri-pentru-scoala-doctorala-in-timpul-starii-de-urgenta\">Standardele de elaborare a tezei<\/a><\/li>\n<li><a href=\"https:\/\/www.phys.uaic.ro\/index.php\/scoala-doctorala-combaterea-fenomenului-de-plagiat\/\" target=\"_blank\" rel=\"noopener\">Combaterea fenomenului de plagiat. Mecanisme<\/a><\/li>\n<li><a href=\"http:\/\/www.phys.uaic.ro\/index.php\/scoala-doctorala\/platforma-turnitin\">Platforma TurnItIn<\/a><\/li>\n<li><a href=\"http:\/\/www.phys.uaic.ro\/index.php\/scoala-doctorala\/planuri-invatamant-doctorat\">Planuri de \u00eenv\u0103\u021b\u0103m\u00e2nt PPUA + Fise discipline<\/a><\/li>\n<li><a href=\"http:\/\/www.phys.uaic.ro\/index.php\/scoala-doctorala\/admitere-doctorat\">Admiterea la doctorat<\/a><\/li>\n<li><a href=\"http:\/\/www.phys.uaic.ro\/index.php\/scoala-doctorala\/orar-doctorat\">Orar cursuri PPUA<\/a><\/li>\n<li><a href=\"https:\/\/www.phys.uaic.ro\/index.php\/esims\/\" target=\"_blank\" rel=\"noopener\">eSIMS<\/a><\/li>\n<li><a href=\"https:\/\/www.phys.uaic.ro\/index.php\/consiliere-doctoranzi\/\" target=\"_blank\" rel=\"noopener\">Consiliere doctoranzi. Orientare in cariera<\/a><\/li>\n<li><a href=\"https:\/\/www.phys.uaic.ro\/index.php\/scoala-doctorala\/sustineri-rapoarte-cercetare\/\">Sus\u021bineri rapoarte de cercetare<\/a><\/li>\n<li><a href=\"http:\/\/www.phys.uaic.ro\/index.php\/scoala-doctorala\/sustineri-teze-doctorat\">Sus\u021bineri teze de doctorat<\/a><\/li>\n<li><a href=\"http:\/\/www.phys.uaic.ro\/index.php\/scoala-doctorala\/sustineri-teze-abilitare\">Abilitare<\/a><\/li>\n<li><a href=\"https:\/\/www.phys.uaic.ro\/index.php\/scoala-doctorala\/centre-laboratoare-cercetare-doctorat\">Centre \/ Laboratoare de cercetare<\/a><\/li>\n<li><a href=\"http:\/\/www.phys.uaic.ro\/index.php\/scoala-doctorala\/conferinte-doctorat\">Conferin\u021be Scoala doctoral\u0103<\/a><\/li>\n<li><a href=\"http:\/\/www.phys.uaic.ro\/index.php\/scoala-doctorala\/alegeri-csud\">Alegeri CSUD<\/a><\/li>\n<li><a href=\"http:\/\/www.phys.uaic.ro\/index.php\/scoala-doctorala\/proiecte-doctoranzi-cercetatori-postdoctorat\">Proiecte doctoranzi \/ cercet\u0103tori postdoctorat<\/a><\/li>\n<li><a href=\"http:\/\/www.phys.uaic.ro\/index.php\/scoala-doctorala\/raport-autoevaluare\">Raport de autoevaluare<\/a><\/li>\n<li><a href=\"http:\/\/www.phys.uaic.ro\/index.php\/scoala-doctorala\/programe-postdoc-cercetare-avansata\">Programele postdoctorale de cercetare avansata<\/a>\n<ul style=\"list-style-type: none;\">\n<li><a href=\"http:\/\/www.phys.uaic.ro\/index.php\/scoala-doctorala\/proiecte-doctoranzi-cercetatori-postdoctorat\">Proiecte doctoranzi \/ cercet\u0103tori postdoctorat<\/a><\/li>\n<\/ul>\n<\/li>\n<li><a href=\"http:\/\/www.phys.uaic.ro\/index.php\/scoala-doctorala\/three-minute-thesis\">Concurs 3MT (Three Minute Thesis )<\/a><\/li>\n<li><a href=\"https:\/\/www.phys.uaic.ro\/index.php\/mobilitati-erasmus\/\" target=\"_blank\" rel=\"noopener\">Mobilitati<\/a><\/li>\n<li><a href=\"https:\/\/www.phys.uaic.ro\/index.php\/noutati-2\/\" target=\"_blank\" rel=\"noopener\">NOUT\u0102\u021aI doctoranzi<\/a><\/li>\n<li><\/li>\n<\/ul>\n","protected":false},"excerpt":{"rendered":"<p>Organizarea \u0218colii Doctorale Conduc\u0103tori de doctorat Regulamentele \u0218colii Doctorale de Fizic\u0103 Evaluarea si asigurarea calitatii in SDF Procedur\u0103 intern\u0103 analiz\u0103 PPUA si PCS Formulare Documente interne specifice SDF Documentele necesare pentru dosarul de confirmare a titlului \u0219tiin\u021bific de doctor Standardele de elaborare a tezei Combaterea fenomenului de plagiat. Mecanisme Platforma TurnItIn Planuri de \u00eenv\u0103\u021b\u0103m\u00e2nt PPUA + Fise discipline\u2026 <span class=\"read-more\"><a href=\"https:\/\/www.phys.uaic.ro\/index.php\/scoala-doctorala\/\">Read More &raquo;<\/a><\/span><\/p>\n","protected":false},"author":3,"featured_media":0,"parent":0,"menu_order":0,"comment_status":"closed","ping_status":"closed","template":"","meta":{"footnotes":""},"class_list":["post-365","page","type-page","status-publish","hentry"],"_links":{"self":[{"href":"https:\/\/www.phys.uaic.ro\/index.php\/wp-json\/wp\/v2\/pages\/365","targetHints":{"allow":["GET"]}}],"collection":[{"href":"https:\/\/www.phys.uaic.ro\/index.php\/wp-json\/wp\/v2\/pages"}],"about":[{"href":"https:\/\/www.phys.uaic.ro\/index.php\/wp-json\/wp\/v2\/types\/page"}],"author":[{"embeddable":true,"href":"https:\/\/www.phys.uaic.ro\/index.php\/wp-json\/wp\/v2\/users\/3"}],"replies":[{"embeddable":true,"href":"https:\/\/www.phys.uaic.ro\/index.php\/wp-json\/wp\/v2\/comments?post=365"}],"version-history":[{"count":0,"href":"https:\/\/www.phys.uaic.ro\/index.php\/wp-json\/wp\/v2\/pages\/365\/revisions"}],"wp:attachment":[{"href":"https:\/\/www.phys.uaic.ro\/index.php\/wp-json\/wp\/v2\/media?parent=365"}],"curies":[{"name":"wp","href":"https:\/\/api.w.org\/{rel}","templated":true}]}}