{"id":367,"date":"2018-02-16T00:50:38","date_gmt":"2018-02-16T00:50:38","guid":{"rendered":"http:\/\/www.phys.uaic.ro\/?page_id=367"},"modified":"2025-12-05T14:36:18","modified_gmt":"2025-12-05T12:36:18","slug":"organizare-scoala-doctorala","status":"publish","type":"page","link":"https:\/\/www.phys.uaic.ro\/index.php\/scoala-doctorala\/organizare-scoala-doctorala\/","title":{"rendered":"Organizarea \u0218colii Doctorale"},"content":{"rendered":"<h2><a href=\"https:\/\/www.phys.uaic.ro\/wp-content\/uploads\/2025\/12\/alegeri-CSD.pdf\" target=\"_blank\" rel=\"noopener\"><em>Consiliul\u00a0 <\/em><b><em>\u0218colii Doctorale de Fizic\u0103<\/em><\/b><\/a><\/h2>\n<ul style=\"list-style-type: none;\">\n<li style=\"list-style-type: none;\">\n<ul>\n<li><a href=\"https:\/\/www.phys.uaic.ro\/index.php\/organizare\/personal-didactic\/diana-mihaela-mardare\" target=\"_blank\" rel=\"noopener\">Prof. Dr. Diana Mihaela MARDARE<\/a> &#8211; Universitarea \u201eAlexandru Ioan Cuza\u201c din Ia\u0219i, Director al \u0218colii Doctorale de Fizic\u0103<\/li>\n<li><b><\/b><a href=\"https:\/\/www.phys.uaic.ro\/wp-content\/uploads\/2022\/05\/CV-Dr.-Pinteala-M.pdf\" target=\"_blank\" rel=\"noopener\">C.S.I\u00a0 dr. Mariana PINTEAL\u0102<\/a> &#8211; Institutul de Chimie Macromolecular\u0103 \u201ePetru Poni\u201c Ia\u015fi<\/li>\n<li><a href=\"https:\/\/www.phys.uaic.ro\/wp-content\/uploads\/2022\/05\/Prof.-Mihaela-Girtan_CV-EN.pdf\" target=\"_blank\" rel=\"noopener\">Conf. dr. habil. Mihaela G\u00ceRTAN<\/a> &#8211; Universitatea din Angers, Fran\u021ba<\/li>\n<li><a href=\"https:\/\/www.phys.uaic.ro\/index.php\/organizare\/personal-didactic\/laurentiu-stoleriu\" target=\"_blank\" rel=\"noopener\">Prof. dr. habil. Lauren\u021biu STOLERIU<\/a> &#8211; Universitatea \u201eAlexandru Ioan Cuza\u201c din Ia\u0219i<\/li>\n<li><a href=\"https:\/\/www.phys.uaic.ro\/index.php\/organizare\/personal-didactic\/claudiu-costin\/\" target=\"_blank\" rel=\"noopener\">Prof. dr. habil. Claudiu COSTIN<\/a> &#8211; Universitatea \u201eAlexandru Ioan Cuza\u201c din Ia\u0219i<\/li>\n<li>Drd. MOISIUC Viorica-Monica &#8211; Universitatea \u201eAlexandru Ioan Cuza\u201c din Ia\u0219i<\/li>\n<li>Drd. ANDRI\u0218AN Gabriel &#8211; Universitatea \u201eAlexandru Ioan Cuza\u201c din Ia\u0219i<\/li>\n<\/ul>\n<\/li>\n<\/ul>\n<p>&nbsp;<\/p>\n<p><b>Num\u0103r de doctoranzi: 40<\/b><\/p>\n<p><b>Num\u0103r de conduc\u0103tori de doctorat: 26<\/b><\/p>\n<p>Absolven\u021bii studiilor de masterat (Bologna) \u0219i absolven\u021bii din domenii \u00eenrudite (ingineri, chimi\u0219ti, medici, biologi, etc.) echivalente cu studii de Masterat, pot s\u0103-\u0219i perfec\u021bioneze preg\u0103tirea prin doctorat \u00een domeniul fizic\u0103 \u00een cadrul \u0218colii Doctorale de la Facultatea de Fizic\u0103.<\/p>\n<p>\u00cen cadrul \u0219colii activeaz\u0103 26 de conduc\u0103tori de doctorat printre care \u0219i cadre didactice de alte universitati din Ia\u0219i. Temele de cercetare interdisciplinar\u0103 sunt de mare actualitate \u0219i se bucur\u0103 de vizibilitate \u0219i recunoa\u0219tere la nivel interna\u021bional.<\/p>\n<p>Parte dintre doctorate sunt finalizate \u00een co-tutel\u0103 cu universit\u0103\u021bi de prestigiu din Europa, Statele Unite \u0219i Japonia.<\/p>\n<p><b>Direc\u021bii de studiu \u2014 specializ\u0103ri \u00een cadrul \u0218colii Doctorale de Fizic\u0103:<\/b><\/p>\n<ol>\n<li>Fizica plasmei, Fizica polimerilor, Optic\u0103 \u0219i Spectroscopie<\/li>\n<li>Biofizic\u0103, Fizic\u0103 medical\u0103, Auto-organizare<\/li>\n<li>Fizica materialelor avansate, Nanotehnologii, Fizic\u0103 aplicat\u0103<\/li>\n<li>Modelare \u0219i simulare<\/li>\n<li>Fizic\u0103 teoretic\u0103<\/li>\n<\/ol>\n","protected":false},"excerpt":{"rendered":"<p>Consiliul\u00a0 \u0218colii Doctorale de Fizic\u0103 Prof. Dr. Diana Mihaela MARDARE &#8211; Universitarea \u201eAlexandru Ioan Cuza\u201c din Ia\u0219i, Director al \u0218colii Doctorale de Fizic\u0103 C.S.I\u00a0 dr. Mariana PINTEAL\u0102 &#8211; Institutul de Chimie Macromolecular\u0103 \u201ePetru Poni\u201c Ia\u015fi Conf. dr. habil. Mihaela G\u00ceRTAN &#8211; Universitatea din Angers, Fran\u021ba Prof. dr. habil. Lauren\u021biu STOLERIU &#8211; Universitatea \u201eAlexandru Ioan Cuza\u201c din Ia\u0219i Prof.\u2026 <span class=\"read-more\"><a href=\"https:\/\/www.phys.uaic.ro\/index.php\/scoala-doctorala\/organizare-scoala-doctorala\/\">Read More &raquo;<\/a><\/span><\/p>\n","protected":false},"author":3,"featured_media":0,"parent":365,"menu_order":0,"comment_status":"closed","ping_status":"closed","template":"","meta":{"footnotes":""},"class_list":["post-367","page","type-page","status-publish","hentry"],"_links":{"self":[{"href":"https:\/\/www.phys.uaic.ro\/index.php\/wp-json\/wp\/v2\/pages\/367","targetHints":{"allow":["GET"]}}],"collection":[{"href":"https:\/\/www.phys.uaic.ro\/index.php\/wp-json\/wp\/v2\/pages"}],"about":[{"href":"https:\/\/www.phys.uaic.ro\/index.php\/wp-json\/wp\/v2\/types\/page"}],"author":[{"embeddable":true,"href":"https:\/\/www.phys.uaic.ro\/index.php\/wp-json\/wp\/v2\/users\/3"}],"replies":[{"embeddable":true,"href":"https:\/\/www.phys.uaic.ro\/index.php\/wp-json\/wp\/v2\/comments?post=367"}],"version-history":[{"count":0,"href":"https:\/\/www.phys.uaic.ro\/index.php\/wp-json\/wp\/v2\/pages\/367\/revisions"}],"up":[{"embeddable":true,"href":"https:\/\/www.phys.uaic.ro\/index.php\/wp-json\/wp\/v2\/pages\/365"}],"wp:attachment":[{"href":"https:\/\/www.phys.uaic.ro\/index.php\/wp-json\/wp\/v2\/media?parent=367"}],"curies":[{"name":"wp","href":"https:\/\/api.w.org\/{rel}","templated":true}]}}