{"id":3707,"date":"2018-04-16T13:46:15","date_gmt":"2018-04-16T13:46:15","guid":{"rendered":"http:\/\/www.phys.uaic.ro\/?page_id=3707"},"modified":"2025-05-28T20:13:12","modified_gmt":"2025-05-28T17:13:12","slug":"oferte-angajare","status":"publish","type":"page","link":"https:\/\/www.phys.uaic.ro\/index.php\/studenti\/stagii-practica-studenti-oferte-angajare\/oferte-angajare\/","title":{"rendered":"Oferte de angajare"},"content":{"rendered":"<h3>Oportunitate de angajare <a href=\"https:\/\/www.wenglor.com\/en\/\"><span style=\"color: #ff0000;\">Wenglor | the inovative family<\/span><\/a><\/h3>\n<h3><img loading=\"lazy\" decoding=\"async\" class=\"alignnone wp-image-24725 size-large\" src=\"https:\/\/www.phys.uaic.ro\/wp-content\/uploads\/2025\/05\/Physicist_developing_optical_sensors_EN_2025-724x1024.jpg\" alt=\"\" width=\"665\" height=\"941\" srcset=\"https:\/\/www.phys.uaic.ro\/wp-content\/uploads\/2025\/05\/Physicist_developing_optical_sensors_EN_2025-724x1024.jpg 724w, https:\/\/www.phys.uaic.ro\/wp-content\/uploads\/2025\/05\/Physicist_developing_optical_sensors_EN_2025-212x300.jpg 212w, https:\/\/www.phys.uaic.ro\/wp-content\/uploads\/2025\/05\/Physicist_developing_optical_sensors_EN_2025-768x1086.jpg 768w, https:\/\/www.phys.uaic.ro\/wp-content\/uploads\/2025\/05\/Physicist_developing_optical_sensors_EN_2025-1086x1536.jpg 1086w, https:\/\/www.phys.uaic.ro\/wp-content\/uploads\/2025\/05\/Physicist_developing_optical_sensors_EN_2025-1448x2048.jpg 1448w, https:\/\/www.phys.uaic.ro\/wp-content\/uploads\/2025\/05\/Physicist_developing_optical_sensors_EN_2025-665x941.jpg 665w, https:\/\/www.phys.uaic.ro\/wp-content\/uploads\/2025\/05\/Physicist_developing_optical_sensors_EN_2025-scaled.jpg 1810w\" sizes=\"auto, (max-width: 665px) 100vw, 665px\" \/><\/h3>\n<h3>Oportunitate de angajare <span style=\"color: #ff0000;\"><a style=\"color: #ff0000;\" href=\"https:\/\/www.phys.uaic.ro\/wp-content\/uploads\/2024\/12\/NordArin.pdf\"><span style=\"font-size: 18pt;\"><em><strong>Nord Arin<\/strong><\/em><\/span><\/a> <img loading=\"lazy\" decoding=\"async\" class=\"\" src=\"http:\/\/www.phys.uaic.ro\/wp\/imagini\/pdf-icon.png\" alt=\"pdf\" width=\"21\" height=\"21\" \/><\/span><\/h3>\n<p>contact: ru@nordarin.com, 0757 253 184<\/p>\n<h3><img loading=\"lazy\" decoding=\"async\" class=\"alignnone wp-image-23553\" src=\"https:\/\/www.phys.uaic.ro\/wp-content\/uploads\/2024\/12\/NordArin_Page_1-212x300.jpg\" alt=\"\" width=\"399\" height=\"564\" \/><img loading=\"lazy\" decoding=\"async\" class=\"alignnone wp-image-23554\" src=\"https:\/\/www.phys.uaic.ro\/wp-content\/uploads\/2024\/12\/NordArin_Page_2-212x300.jpg\" alt=\"\" width=\"400\" height=\"566\" srcset=\"https:\/\/www.phys.uaic.ro\/wp-content\/uploads\/2024\/12\/NordArin_Page_2-212x300.jpg 212w, https:\/\/www.phys.uaic.ro\/wp-content\/uploads\/2024\/12\/NordArin_Page_2-768x1089.jpg 768w, https:\/\/www.phys.uaic.ro\/wp-content\/uploads\/2024\/12\/NordArin_Page_2-722x1024.jpg 722w, https:\/\/www.phys.uaic.ro\/wp-content\/uploads\/2024\/12\/NordArin_Page_2-1083x1536.jpg 1083w, https:\/\/www.phys.uaic.ro\/wp-content\/uploads\/2024\/12\/NordArin_Page_2-665x943.jpg 665w, https:\/\/www.phys.uaic.ro\/wp-content\/uploads\/2024\/12\/NordArin_Page_2.jpg 1167w\" sizes=\"auto, (max-width: 400px) 100vw, 400px\" \/><\/h3>\n<h3>S.N. Nuclearelectricia S.A. \u2013 Programul Internship 2024<\/h3>\n<p>Societatea Na\u021bional\u0103 NUCLEARELECTRICA S.A., Sucursala CNE Cernavod\u0103 recruteaz\u0103 personal \u00een vederea includerii \u00een Programul Internship 2024.<\/p>\n<p>Cerin\u021be minime: absolven\u021bi de studii superioare de licen\u021b\u0103 pe urmatoarele domenii\/specializ\u0103ri: Fizica \u2013 specializarea: Fizica\/ Fizica informatica; \u0218tiin\u021be inginere\u0219ti aplicate \u2013 specializarea: Fizica tehnologic\u0103.<\/p>\n<p>Pentru mai multe detalii si aplicare folositi linkul de mai jos:<\/p>\n<p><a href=\"https:\/\/www.nuclearelectrica.ro\/jobs\/programul-internship-2024-35-locuri\/\">https:\/\/www.nuclearelectrica.ro\/jobs\/programul-internship-2024-35-locuri\/<\/a><\/p>\n<pre><span style=\"font-family: georgia, palatino, serif; font-size: 12pt;\">\r\n\r\n\r\nOportunitate de angajare a <strong>masteranzilor<\/strong>, \u00een domeniul dozimetriei, \r\nla firma <strong>DOSITRACKER<\/strong> (<a tabindex=\"-1\" href=\"https:\/\/dositracker.ro\/\" target=\"_blank\" rel=\"external nofollow noopener noreferrer\">www.dositracker.ro\/<\/a>).\r\n\r\nPersoana de contact:\r\n\r\n<strong>Dr. Codru\u021b CHERESTE\u0218, CEO<\/strong>, \r\ntel: 0214574109\r\nemail: <a tabindex=\"-1\" href=\"mailto:codut.cherestes@dositracker.com\" target=\"_blank\" rel=\"external nofollow noopener noreferrer\">codut.cherestes@dositracker.com<\/a>.<\/span><\/pre>\n<p>&nbsp;<\/p>\n<p><img loading=\"lazy\" decoding=\"async\" class=\"alignnone wp-image-20543\" src=\"https:\/\/www.phys.uaic.ro\/wp-content\/uploads\/2023\/10\/FB_IMG_1697621542646-300x168.jpg\" alt=\"\" width=\"518\" height=\"290\" srcset=\"https:\/\/www.phys.uaic.ro\/wp-content\/uploads\/2023\/10\/FB_IMG_1697621542646-300x168.jpg 300w, https:\/\/www.phys.uaic.ro\/wp-content\/uploads\/2023\/10\/FB_IMG_1697621542646-1024x572.jpg 1024w, https:\/\/www.phys.uaic.ro\/wp-content\/uploads\/2023\/10\/FB_IMG_1697621542646-768x429.jpg 768w, https:\/\/www.phys.uaic.ro\/wp-content\/uploads\/2023\/10\/FB_IMG_1697621542646-665x371.jpg 665w, https:\/\/www.phys.uaic.ro\/wp-content\/uploads\/2023\/10\/FB_IMG_1697621542646.jpg 1080w\" sizes=\"auto, (max-width: 518px) 100vw, 518px\" \/><br \/>\n<!-- ++++++++++++++++++++++++++++++++++++++++++++++++++++++++++++++++++++++++++++++++++++ --><\/p>\n<div class=\"colorbox\" style=\"background-color: #e6e6e6;\">\n<div class=\"colorbox\">\n<h3><span style=\"font-size: 18pt; color: #ff0000;\">S.N. Nuclearelectricia S.A. \u2013 Programul Internship 2023<\/span><\/h3>\n<p>Societatea Na\u021bional\u0103 NUCLEARELECTRICA S.A., Sucursala CNE Cernavod\u0103 recruteaz\u0103 personal \u00een vederea includerii \u00een Programul Internship 2023.<\/p>\n<p>Cerin\u021be minime: absolven\u021bi de studii superioare de licen\u021b\u0103 pe urmatoarele domenii\/specializ\u0103ri: Fizica \u2013 specializarea: Fizica\/ Fizica informatica; \u0218tiin\u021be inginere\u0219ti aplicate \u2013 specializarea: Fizica tehnologica.<\/p>\n<p>Pentru mai multe detalii si aplicare folositi linkul de mai jos:<\/p>\n<p><a href=\"https:\/\/www.nuclearelectrica.ro\/jobs\/programul-internship-2023-31-locuri\/\">https:\/\/www.nuclearelectrica.ro\/jobs\/programul-internship-2023-31-locuri\/<\/a><\/p>\n<\/div>\n<h3><span style=\"font-size: 18pt; color: #ff0000;\">UMB Grup<\/span><\/h3>\n<p>Absolven\u021bii de studii superioare interesa\u021bi de domeniile laborator de \u00eencerc\u0103ri, topometrie, execu\u021bie, calitate, mecanizare sunt ruga\u021bi s\u0103 ne contacteze pe adresa <a href=\"mailto:fizica@uaic.ro\">fizica@uaic.ro<\/a> pentru detalii cu privire la oportunit\u0103\u021bile \u00een companiile din cadrul grupului UMB.<\/p>\n<h3><span style=\"color: #ff0000; font-size: 18pt;\">Internship MKS \u2013 Ophir Optics Romania<\/span><\/h3>\n<p>MKS \u2013 Ophir Optics Romania, companie ce activeaza in domeniul fabricatiei de elemente optice, din Bucuresti, va derula vara anului 2022 un program platit de internship pentru un student in an terminal. Internshipul se va desfasura in cadrul departamentului de Engineering, zona de acoperiri optice.<\/p>\n<p>Programul de lucru este de zi, locatia este accesibila de la metrou Dristor, internshipul este platit, persoana selectata fiind inclusa in sistemul de beneficii existent in companie.<\/p>\n<p><span style=\"color: #ff0000;\">Pentru mai multe detalii si aplicare folositi linkul de mai jos:<\/span><\/p>\n<p><span style=\"color: #0000ff;\"><em>https:\/\/mksinst.wd1.myworkdayjobs.com\/MKSCareersEMEA\/job\/Romania-Bucharest\/XMLNAME-2022-Summer-Graduate-Intern&#8211;Thin-Film-Engineer_R4184<\/em><\/span><\/p>\n<p><img decoding=\"async\" src=\"https:\/\/www.phys.uaic.ro\/wp-content\/uploads\/2022\/05\/MKS.jpg\" \/><\/p>\n<\/div>\n<p><!-- ++++++++++++++++++++++++++++++++++++++++++++++++++++++++++++++++++++++++++++++++++++ --><\/p>\n<div class=\"colorbox\" style=\"background-color: #e6e6e6;\">\n<h3><span style=\"color: #ff0000;\">Internship <\/span><span style=\"color: #ff0000;\"><strong>ELI Nuclear Physics<\/strong><\/span><\/h3>\n<p><img loading=\"lazy\" decoding=\"async\" class=\"alignnone size-medium wp-image-15301\" src=\"https:\/\/www.phys.uaic.ro\/wp-content\/uploads\/2022\/03\/Internship-ELI-NP-300x251.png\" alt=\"\" width=\"300\" height=\"251\" srcset=\"https:\/\/www.phys.uaic.ro\/wp-content\/uploads\/2022\/03\/Internship-ELI-NP-300x251.png 300w, https:\/\/www.phys.uaic.ro\/wp-content\/uploads\/2022\/03\/Internship-ELI-NP-768x644.png 768w, https:\/\/www.phys.uaic.ro\/wp-content\/uploads\/2022\/03\/Internship-ELI-NP-665x557.png 665w, https:\/\/www.phys.uaic.ro\/wp-content\/uploads\/2022\/03\/Internship-ELI-NP.png 940w\" sizes=\"auto, (max-width: 300px) 100vw, 300px\" \/> <img loading=\"lazy\" decoding=\"async\" class=\"alignnone size-medium wp-image-15302\" src=\"https:\/\/www.phys.uaic.ro\/wp-content\/uploads\/2022\/03\/Internship-ELI-NP_1-300x251.png\" alt=\"\" width=\"300\" height=\"251\" srcset=\"https:\/\/www.phys.uaic.ro\/wp-content\/uploads\/2022\/03\/Internship-ELI-NP_1-300x251.png 300w, https:\/\/www.phys.uaic.ro\/wp-content\/uploads\/2022\/03\/Internship-ELI-NP_1-768x644.png 768w, https:\/\/www.phys.uaic.ro\/wp-content\/uploads\/2022\/03\/Internship-ELI-NP_1-665x557.png 665w, https:\/\/www.phys.uaic.ro\/wp-content\/uploads\/2022\/03\/Internship-ELI-NP_1.png 940w\" sizes=\"auto, (max-width: 300px) 100vw, 300px\" \/><\/p>\n<\/div>\n<p><!-- ++++++++++++++++++++++++++++++++++++++++++++++++++++++++++++++++++++++++++++++++++++ --><\/p>\n<div class=\"colorbox\" style=\"background-color: #e6e6e6;\">\n<h3><\/h3>\n<h3>PREH Romania<\/h3>\n<p>&nbsp;<\/p>\n<p>Vineri, 10 decembrie 2021, Adina Breab\u0103n, absolventa a Facultatii de Fizica (master 2021), in prezent Mechanical Simulation Engineer la Preh Romania, va face o prezentare, impreuna cu colegul ei, Vlad Tucaliuc, system engineer, despre oportunitatile oferite de firma PREH pentru absolventii si studentii Facultatii de Fizica (stagii de practica, angajare etc.).<br \/>\nPrezentarea va avea loc de la ora 13, in sala L1.<br \/>\nVa asteptam cu drag!<\/p>\n<\/div>\n<p><img loading=\"lazy\" decoding=\"async\" class=\"i09qtzwb n7fi1qx3 datstx6m pmk7jnqg j9ispegn kr520xx4 k4urcfbm bixrwtb6\" src=\"https:\/\/scontent-otp1-1.xx.fbcdn.net\/v\/t39.30808-6\/264756115_4513842798702046_5720930070041373557_n.jpg?_nc_cat=111&amp;ccb=1-5&amp;_nc_sid=825194&amp;_nc_ohc=YWAdCN-au8MAX8IhbdY&amp;_nc_ht=scontent-otp1-1.xx&amp;oh=00_AT-HLMY8WIcJsmFVmm4OWmJ58W-Y0QR25lX4YFhGm9mjqg&amp;oe=6235C814\" alt=\"Ar putea fi o imagine cu text care spune \u201epreh SMART FUTURE E-Mobility HMI CREATIVE transformation SUSTAINABLE As an AUTOMOTIVE SUPPLIER, we develop highly innovative technical products for many vehicles of renowned manufacturers. preh.com preh com\u201d\" width=\"264\" height=\"264\" \/><\/p>\n<p><!-- ++++++++++++++++++++++++++++++++++++++++++++++++++++++++++++++++++++++++++++++++++++ --><\/p>\n<div class=\"colorbox\" style=\"background-color: #e6e6e6;\">\n<h3><\/h3>\n<h3>Vitesco Technologies Engineering Romania<\/h3>\n<p>&nbsp;<\/p>\n<p>Vineri, 18 iunie 2021 (ora 13.30, amfiteatrul IV-13), va avea loc intalnirea cu reprezentanti ai companiei VITESCO TECHNOLOGIES ENGINEERING ROMANIA (Oana Arcu, George-Valentin Podaru si Delia Ciubotaru), absolventi ai Facultatii de Fizic\u0103 UAIC.<\/p>\n<\/div>\n<p>&nbsp;<\/p>\n<p><!-- ++++++++++++++++++++++++++++++++++++++++++++++++++++++++++++++++++++++++++++++++++++ --><\/p>\n<div class=\"colorbox\" style=\"background-color: #e6e6e6;\">\n<h3>Laboratorul de cariere<\/h3>\n<p>&nbsp;<\/p>\n<p>Pentru studen\u021bii care doresc s\u0103 \u0219tie mai multe despre programul Laboratorul de cariere, prezentarea programului va avea loc maine, 16 ianuarie 2020, \u00een intervalul orar 14:00-16:00, \u00een Sala Ferdinand (UAIC, Rectorat, corpul A).<\/p>\n<p>Mai multe informa\u021bii legate de proiectul \u201e\u00censcrie-te \u00een programul Laboratorul de cariere\u201d pute\u021bi g\u0103si la adresa:<\/p>\n<p><a href=\"http:\/\/360.uaic.ro\/blog\/2020\/01\/14\/inscrie-te-in-programul-laboratorul-de-cariere\/\">http:\/\/360.uaic.ro\/blog\/2020\/01\/14\/inscrie-te-in-programul-laboratorul-de-cariere\/<\/a><\/p>\n<\/div>\n<p>&nbsp;<\/p>\n<p><!-- ++++++++++++++++++++++++++++++++++++++++++++++++++++++++++++++++++++++++++++++++++++ --><\/p>\n<div class=\"colorbox\" style=\"background-color: #e6e6e6;\">\n<h3>Program intensiv de preg\u0103tire pentru angajare<\/h3>\n<p>Particip\u0103 la un program intensiv de preg\u0103tire pentru carier\u0103 organizat de Universitatea \u201eAlexandru Ioan Cuza\u201d din Ia\u0219i! \u00cen doar dou\u0103 luni po\u021bi c\u0103p\u0103ta experien\u021ba, abilit\u0103\u021bile \u0219i informa\u021biile necesare pentru angajare.<\/p>\n<p><b>Ce vei face?<\/b><\/p>\n<ul>\n<li>Workshop de angajabilitate cu consilierii no\u0219tri de carier\u0103;<\/li>\n<li>Plan individualizat de carier\u0103, proiectat \u00eempreun\u0103 cu un consilier;<\/li>\n<li>Vizit\u0103 \u00eentr-o companie;<\/li>\n<li>Simulare de interviu cu un angajator;<\/li>\n<li>Networking cu profesioni\u0219ti din domeniul t\u0103u;<\/li>\n<li>Stagiu de practic\u0103 intermediat de noi \u00eentr-o companie.<\/li>\n<\/ul>\n<p>Activit\u0103\u021bile se vor derula \u00een perioada octombrie-noiembrie 2019 \u0219i sunt g\u00e2ndite s\u0103 investe\u0219ti \u00een total 10 ore din timpul t\u0103u (+30 de ore \u00een companie dac\u0103 alegi \u0219i stagiul de practic\u0103).<\/p>\n<p>Totul este gratuit pentru tine, cheltuielile institu\u021biei fiind suportate prin proiectul FDI-2019-0033 \u201dExperien\u021be pentru o carier\u0103 de succes\u201d- Expert.<\/p>\n<p><span style=\"color: red;\">Cei interesati sunt rugati sa isi lase datele in formularul de la acest link: <a href=\"https:\/\/tinyurl.com\/proiect-EXPERT\">https:\/\/tinyurl.com\/proiect-EXPERT<\/a><\/span><\/p>\n<\/div>\n<p>&nbsp;<\/p>\n<p><!-- ++++++++++++++++++++++++++++++++++++++++++++++++++++++++++++++++++++++++++++++++++++ --><\/p>\n<div class=\"colorbox\" style=\"background-color: #e6e6e6;\">\n<p><img decoding=\"async\" style=\"vertical-align: top; width: 100px; height: 52px;\" src=\"http:\/\/www.phys.uaic.ro\/wp\/studenti\/oferte-angajare\/continental.png\" alt=\"continental\" \/><\/p>\n<h3>Continental<\/h3>\n<p>In atentia absolventilor Facultatii de Fizica: Oferta de loc de munca la Continental (FEM Simulation Mechanical Engineer &#8211; P HEV Department, Iasi)<\/p>\n<p>Mai multe detalii:<\/p>\n<p><a href=\"https:\/\/www.continental-jobs.com\/index.php?ac=jobad&amp;id=1023709\">https:\/\/www.continental-jobs.com\/index.php?ac=jobad&amp;id=1023709<\/a><\/p>\n<\/div>\n<p>&nbsp;<\/p>\n<p><!-- ++++++++++++++++++++++++++++++++++++++++++++++++++++++++++++++++++++++++++++++++++++ --><\/p>\n<p><!-- ++++++++++++++++++++++++++++++++++++++++++++++++++++++++++++++++++++++++++++++++++++ --><\/p>\n<p><!-- ++++++++++++++++++++++++++++++++++++++++++++++++++++++++++++++++++++++++++++++++++++ --><\/p>\n<div class=\"colorbox\" style=\"background-color: #e6e6e6;\">\n<h3>Inspectoratul Teritorial de Munc\u0103 Ia\u0219i<\/h3>\n<p>\u00cent\u00e2lnire organizat\u0103 de Inspectoratul Teritorial de Munc\u0103 Ia\u0219i cu studen\u021bii str\u0103ini care urmeaz\u0103 studii complete la Universitatea noastr\u0103 (inclusiv cet\u0103\u021beni din Republica Moldova care nu au cet\u0103\u021benie rom\u00e2n\u0103), \u00een scopul inform\u0103rii acestora cu privire la condi\u021biile \u00een care pot presta activit\u0103\u021bi lucrative pe teritoriul Rom\u00e2niei, precum \u0219i drepturile \u0219i obliga\u021biile care le revin \u00een calitate de angaja\u021bi.<\/p>\n<p>\u00cent\u00e2lnirea este stabilit\u0103 pentru data de 27 aprilie 2018, la ora 10.00 \u00een Sala \u201eFerdinand\u201d.<\/p>\n<p><img decoding=\"async\" src=\"http:\/\/www.phys.uaic.ro\/wp\/studenti\/oferte-angajare\/labour-law-employment.jpg\" alt=\"labour-employment\" \/><\/p>\n<\/div>\n<p>&nbsp;<\/p>\n<p><!-- ++++++++++++++++++++++++++++++++++++++++++++++++++++++++++++++++++++++++++++++++++++ --><\/p>\n<div class=\"colorbox\" style=\"background-color: #e6e6e6;\">\n<h3>e-on<\/h3>\n<p>Reprezentan\u021bi e-on vor prezenta studen\u021bilor din anii terminali, afla\u021bi \u00een c\u0103utarea unor noi locuri de munc\u0103, oferta e-on \u00een perioada aceasta <a href=\"https:\/\/www.eon-romania.ro\/ro\/cariera\/graduate-on.html\">https:\/\/www.eon-romania.ro\/ro\/cariera\/graduate-on.html<\/a>, inclusiv \u00een inginerie.<\/p>\n<p>Evenimentul va avea loc pe 18 aprilie 2018, \u00een intervalul 12:00-14:00, \u00een Sala Ferdinand (vedeti afi\u0219ul ata\u0219at).<\/p>\n<div><a href=\"http:\/\/www.phys.uaic.ro\/wp\/studenti\/oferte-angajare\/trainee-graduate-on.jpg\"><img decoding=\"async\" src=\"http:\/\/www.phys.uaic.ro\/wp\/studenti\/oferte-angajare\/trainee-graduate-on.jpg\" alt=\"graduate-on\" \/><\/a><\/div>\n<\/div>\n<p><!-- ++++++++++++++++++++++++++++++++++++++++++++++++++++++++++++++++++++++++++++++++++++ --><\/p>\n","protected":false},"excerpt":{"rendered":"<p>Oportunitate de angajare Wenglor | the inovative family Oportunitate de angajare Nord Arin contact: ru@nordarin.com, 0757 253 184 S.N. Nuclearelectricia S.A. \u2013 Programul Internship 2024 Societatea Na\u021bional\u0103 NUCLEARELECTRICA S.A., Sucursala CNE Cernavod\u0103 recruteaz\u0103 personal \u00een vederea includerii \u00een Programul Internship 2024. Cerin\u021be minime: absolven\u021bi de studii superioare de licen\u021b\u0103 pe urmatoarele domenii\/specializ\u0103ri: Fizica \u2013 specializarea: Fizica\/ Fizica informatica;\u2026 <span class=\"read-more\"><a href=\"https:\/\/www.phys.uaic.ro\/index.php\/studenti\/stagii-practica-studenti-oferte-angajare\/oferte-angajare\/\">Read More &raquo;<\/a><\/span><\/p>\n","protected":false},"author":3,"featured_media":0,"parent":11708,"menu_order":0,"comment_status":"closed","ping_status":"closed","template":"","meta":{"footnotes":""},"class_list":["post-3707","page","type-page","status-publish","hentry"],"_links":{"self":[{"href":"https:\/\/www.phys.uaic.ro\/index.php\/wp-json\/wp\/v2\/pages\/3707","targetHints":{"allow":["GET"]}}],"collection":[{"href":"https:\/\/www.phys.uaic.ro\/index.php\/wp-json\/wp\/v2\/pages"}],"about":[{"href":"https:\/\/www.phys.uaic.ro\/index.php\/wp-json\/wp\/v2\/types\/page"}],"author":[{"embeddable":true,"href":"https:\/\/www.phys.uaic.ro\/index.php\/wp-json\/wp\/v2\/users\/3"}],"replies":[{"embeddable":true,"href":"https:\/\/www.phys.uaic.ro\/index.php\/wp-json\/wp\/v2\/comments?post=3707"}],"version-history":[{"count":0,"href":"https:\/\/www.phys.uaic.ro\/index.php\/wp-json\/wp\/v2\/pages\/3707\/revisions"}],"up":[{"embeddable":true,"href":"https:\/\/www.phys.uaic.ro\/index.php\/wp-json\/wp\/v2\/pages\/11708"}],"wp:attachment":[{"href":"https:\/\/www.phys.uaic.ro\/index.php\/wp-json\/wp\/v2\/media?parent=3707"}],"curies":[{"name":"wp","href":"https:\/\/api.w.org\/{rel}","templated":true}]}}