{"id":3907,"date":"2018-05-09T10:06:03","date_gmt":"2018-05-09T10:06:03","guid":{"rendered":"http:\/\/www.phys.uaic.ro\/?page_id=3907"},"modified":"2019-06-04T11:05:39","modified_gmt":"2019-06-04T11:05:39","slug":"examen-disertatie-iulie-2018","status":"publish","type":"page","link":"https:\/\/www.phys.uaic.ro\/index.php\/studenti\/examene-finalizare-studii\/examen-disertatie-iulie-2018\/","title":{"rendered":"Examenul de diserta\u021bie &#8211; Sesiunea Iulie 2018"},"content":{"rendered":"<ul>\n<li><a href=\"inscriere-disertatie-iulie-2018\">\u00censcrierea la examenul de diserta\u021bie<\/a> (18 &#8211; 26 iunie 2018)<\/li>\n<li><a href=\"desfasurare-disertatie-iulie-2018\">Desf\u0103surarea examenului de diserta\u021bie<\/a> (5 &#8211; 6 iulie 2018)<\/li>\n<li><a href=\"programare-disertatie-iulie-2018\">Programarea candida\u0163ilor pentru sus\u0163inerea lucr\u0103rii de diserta\u021bie<\/a> <\/li>\n<li><a href=\"rezultate-disertatie-iulie-2018\">Rezultatele la examenul de diserta\u021bie<\/a><\/li>\n<p><!--\n\n\n<li><a href=\"rezultate-finale-disertatie-iulie-2018\">Rezultatele finale la examenul de diserta\u021bie<\/a><\/li>\n\n\n--><\/p>\n<\/ul>\n<p><!--\nExamenul la Comisia 1 are loc vineri 7 iulie 2017, in Laboratorul de electricitate si magnetism, incepand cu ora 8.00.\n\n\n\n<li><a href=\"http:\/\/www.phys.uaic.ro\/wp\/studenti\/examene-finalizare\/iulie-2017\/programare-master1-iulie-2017.pdf\">Programarea candida\u0163ilor pentru sus\u0163inerea lucr\u0103rii de disertatie la Comisia 1 (Physics for Advanced Technologies, Biophysics and Medical Physics, Fizica aplicata in tehnologia informatiei - Balti)<\/a> <img decoding=\"async\" style=\"vertical-align: top;width:20px;height:20px;\" src=\"http:\/\/www.phys.uaic.ro\/wp\/imagini\/pdf-icon.png\" alt=\"pdf\" \/><\/li>\n\n\n\nCandida\u0163ii programati sa sustina examenul de disertatie la Comisia 1 sunt rugati sa trimita prezentarea pe adresa <span style=\"color: blue;\">rapetrei@uaic.ro<\/span> pana cel mai tarziu joi 6 iulie 2017, orele 16.\n\n\n\n<li><a href=\"http:\/\/www.phys.uaic.ro\/wp\/studenti\/examene-finalizare\/iulie-2017\/rezultate-master1-iulie-2017.pdf\">Rezultatele examenului de disertatie la specializarile Biofizic\u0103 \u0219i Fizic\u0103 Medical\u0103, Fizica pentru tehnologii avansate, Fizic\u0103 aplicat\u0103 \u00een tehnologiile informa\u021biei \u0219i comunica\u021bii - Balti (Comisia 1)<\/a> <img decoding=\"async\" style=\"vertical-align: top;width:20px;height:20px;\" src=\"http:\/\/www.phys.uaic.ro\/wp\/imagini\/pdf-icon.png\" alt=\"pdf\" \/><\/li>\n\n\n\nExamenul la Comisia 2 are loc loc joi 6 iulie 2017, in Laboratorul de Electricitate si Magnetism, incepand cu ora 14.00 pentru Stiinte si in zilele de joi 6 iulie si vineri 7 iulie 2017, in Laboratorul de Fizica Moleculara si Caldura, incepand cu ora 8.00 respectiv 12.40 pentru Metode fizice aplicate in kinetoterapie si recuperare medicala.\n\n\n\n<li><a href=\"http:\/\/www.phys.uaic.ro\/wp\/studenti\/examene-finalizare\/iulie-2017\/programare-master2-iulie-2017.pdf\">Programarea candida\u0163ilor pentru sus\u0163inerea lucr\u0103rii de disertatie la Comisia 2 (Stiinte, Metode fizice aplicate in kinetoterapie si recuperare medicala)<\/a> <img decoding=\"async\" style=\"vertical-align: top;width:20px;height:20px;\" src=\"http:\/\/www.phys.uaic.ro\/wp\/imagini\/pdf-icon.png\" alt=\"pdf\" \/><\/li>\n\n\n\nCandida\u0163ii programati sa sustina examenul de disertatie la Comisia 2 sunt rugati sa trimita prezentarea pe adresa <span style=\"color: blue;\">muntb@uaic.ro<\/span> pana cel mai tarziu miercuri 5 iulie ora 21 pentru cei care sustin examenul joi 6 iulie si respectiv pana joi 6 iulie ora 21 pentru cei care sustin examenul vineri 7 iulie.<br \/>\n\n\n\n<li><a href=\"http:\/\/www.phys.uaic.ro\/wp\/studenti\/examene-finalizare\/iulie-2017\/rezultate-master2-iulie-2017.pdf\">Rezultatele examenului de disertatie la specializarile Metode fizice aplicate \u00een kinetoterapie \u0219i recuperare medical\u0103, Fizica si protectia mediului, \u0218tiin\u021be (Comisia 2)<\/a> <img decoding=\"async\" style=\"vertical-align: top;width:20px;height:20px;\" src=\"http:\/\/www.phys.uaic.ro\/wp\/imagini\/pdf-icon.png\" alt=\"pdf\" \/><\/li>\n\n\n--><\/p>\n<p><a href=\"http:\/\/www.phys.uaic.ro\/wp\/studenti\/examene-finalizare\/iulie-2018\/regulament-examene-finalizare-studii-2018.pdf\">Regulament privind organizarea \u0219i desf\u0103\u0219urarea Examenelor de Licen\u021b\u0103\/Diplom\u0103, Diserta\u021bie \u0219i Absolvire 2018<\/a> <img decoding=\"async\" style=\"vertical-align: top;width:20px;height:20px;\" src=\"http:\/\/www.phys.uaic.ro\/wp\/imagini\/pdf-icon.png\" alt=\"pdf\" \/><\/p>\n","protected":false},"excerpt":{"rendered":"<p>\u00censcrierea la examenul de diserta\u021bie (18 &#8211; 26 iunie 2018) Desf\u0103surarea examenului de diserta\u021bie (5 &#8211; 6 iulie 2018) Programarea candida\u0163ilor pentru sus\u0163inerea lucr\u0103rii de diserta\u021bie Rezultatele la examenul de diserta\u021bie Regulament privind organizarea \u0219i desf\u0103\u0219urarea Examenelor de Licen\u021b\u0103\/Diplom\u0103, Diserta\u021bie \u0219i Absolvire 2018<\/p>\n","protected":false},"author":3,"featured_media":0,"parent":200,"menu_order":0,"comment_status":"closed","ping_status":"closed","template":"","meta":{"footnotes":""},"class_list":["post-3907","page","type-page","status-publish","hentry"],"_links":{"self":[{"href":"https:\/\/www.phys.uaic.ro\/index.php\/wp-json\/wp\/v2\/pages\/3907","targetHints":{"allow":["GET"]}}],"collection":[{"href":"https:\/\/www.phys.uaic.ro\/index.php\/wp-json\/wp\/v2\/pages"}],"about":[{"href":"https:\/\/www.phys.uaic.ro\/index.php\/wp-json\/wp\/v2\/types\/page"}],"author":[{"embeddable":true,"href":"https:\/\/www.phys.uaic.ro\/index.php\/wp-json\/wp\/v2\/users\/3"}],"replies":[{"embeddable":true,"href":"https:\/\/www.phys.uaic.ro\/index.php\/wp-json\/wp\/v2\/comments?post=3907"}],"version-history":[{"count":0,"href":"https:\/\/www.phys.uaic.ro\/index.php\/wp-json\/wp\/v2\/pages\/3907\/revisions"}],"up":[{"embeddable":true,"href":"https:\/\/www.phys.uaic.ro\/index.php\/wp-json\/wp\/v2\/pages\/200"}],"wp:attachment":[{"href":"https:\/\/www.phys.uaic.ro\/index.php\/wp-json\/wp\/v2\/media?parent=3907"}],"curies":[{"name":"wp","href":"https:\/\/api.w.org\/{rel}","templated":true}]}}