{"id":3921,"date":"2018-05-10T09:52:38","date_gmt":"2018-05-10T09:52:38","guid":{"rendered":"http:\/\/www.phys.uaic.ro\/?page_id=3921"},"modified":"2019-06-04T11:15:46","modified_gmt":"2019-06-04T11:15:46","slug":"inscriere-disertatie-iulie-2018","status":"publish","type":"page","link":"https:\/\/www.phys.uaic.ro\/index.php\/studenti\/examene-finalizare-studii\/examen-disertatie-iulie-2018\/inscriere-disertatie-iulie-2018\/","title":{"rendered":"\u00censcrierea la examenul de diserta\u021bie"},"content":{"rendered":"<ul>\n<li>Perioada de \u00eenscriere: <b>18\u201326 iunie 2018 orele 10:00-12:00<\/b><\/li>\n<li>Acte necesare pentru \u00eenscriere\n<ol>\n<li>Dosar plic;<\/li>\n<li>Certificat de na\u015ftere (copie Xerox);<\/li>\n<li>Certificat de c\u0103s\u0103torie (copie Xerox, dac\u0103 este cazul);<\/li>\n<li>Carte de identitate (copie Xerox);<\/li>\n<li>Diploma de bacalaureat \u00een original;<\/li>\n<li>Diploma de licen\u0163\u0103 + suplimentul la diplom\u0103 (ambele \u00een original);<\/li>\n<li>Lucrarea de diserta\u0163ie avizat\u0103 de coordonator. Lucrarea de diserta\u0163ie va con\u0163ine <b>declaratie privind originalitatea con\u0163inutului lucr\u0103rii de diserta\u021bie<\/b> (va fi desc\u0103rcat\u0103 de pe site-ul facult\u0103\u0163ii de <a href=\"http:\/\/www.phys.uaic.ro\/wp\/studenti\/examene-finalizare\/iulie-2018\/declaratie-originalitate-disertatie-iulie-2018.pdf\"><span style=\"color: blue;\">aici<\/span><\/a> <img decoding=\"async\" style=\"vertical-align: top;width:20px;height:20px;\" src=\"http:\/\/www.phys.uaic.ro\/wp\/imagini\/pdf-icon.png\" alt=\"pdf\" \/> \u015fi semnat\u0103 cu albastru), <b>listat\u0103 fa\u0163\u0103-verso<\/b> \u015fi <b>legat\u0103\/bro\u015fat\u0103<\/b> (nu cu arc);<\/li>\n<li>Cerere de \u00eenscriere (se g\u0103se\u015fte la Secretariat);<\/li>\n<li>Fi\u015f\u0103 de lichidare (se g\u0103se\u015fte la Secretariat \u015fi <b>se pred\u0103 completat\u0103 numai \u00een momentul ridic\u0103rii actelor de studii<\/b>).<\/li>\n<\/ol>\n<\/li>\n<p><!--\n\n<li><a href=\"http:\/\/www.phys.uaic.ro\/wp\/studenti\/examene-finalizare\/programare-licenta-iulie-2017.pdf\">Programarea candida\u0163ilor pentru sus\u0163inerea lucr\u0103rii de licen\u0163\u0103<\/a> <img decoding=\"async\" src=\"http:\/\/www.phys.uaic.ro\/wp\/imagini\/pdficon.png\" alt=\"pdf\" style=\"width:30px;height:30px;\" \/><\/li>\n\n\n\n\n\n<li><a href=\"http:\/\/www.phys.uaic.ro\/wp\/studenti\/examene-finalizare\/rezultate-finale-licenta-iulie-2017.pdf\">Rezultatele finale la examenul de licen\u0163\u0103<\/a> <img decoding=\"async\" src=\"http:\/\/www.phys.uaic.ro\/wp\/imagini\/pdficon.png\" alt=\"pdf\" style=\"width:30px;height:30px;\" \/><\/li>\n\n--><\/p>\n<\/ul>\n","protected":false},"excerpt":{"rendered":"<p>Perioada de \u00eenscriere: 18\u201326 iunie 2018 orele 10:00-12:00 Acte necesare pentru \u00eenscriere Dosar plic; Certificat de na\u015ftere (copie Xerox); Certificat de c\u0103s\u0103torie (copie Xerox, dac\u0103 este cazul); Carte de identitate (copie Xerox); Diploma de bacalaureat \u00een original; Diploma de licen\u0163\u0103 + suplimentul la diplom\u0103 (ambele \u00een original); Lucrarea de diserta\u0163ie avizat\u0103 de coordonator. Lucrarea de diserta\u0163ie va con\u0163ine\u2026 <span class=\"read-more\"><a href=\"https:\/\/www.phys.uaic.ro\/index.php\/studenti\/examene-finalizare-studii\/examen-disertatie-iulie-2018\/inscriere-disertatie-iulie-2018\/\">Read More &raquo;<\/a><\/span><\/p>\n","protected":false},"author":3,"featured_media":0,"parent":3907,"menu_order":0,"comment_status":"closed","ping_status":"closed","template":"","meta":{"footnotes":""},"class_list":["post-3921","page","type-page","status-publish","hentry"],"_links":{"self":[{"href":"https:\/\/www.phys.uaic.ro\/index.php\/wp-json\/wp\/v2\/pages\/3921","targetHints":{"allow":["GET"]}}],"collection":[{"href":"https:\/\/www.phys.uaic.ro\/index.php\/wp-json\/wp\/v2\/pages"}],"about":[{"href":"https:\/\/www.phys.uaic.ro\/index.php\/wp-json\/wp\/v2\/types\/page"}],"author":[{"embeddable":true,"href":"https:\/\/www.phys.uaic.ro\/index.php\/wp-json\/wp\/v2\/users\/3"}],"replies":[{"embeddable":true,"href":"https:\/\/www.phys.uaic.ro\/index.php\/wp-json\/wp\/v2\/comments?post=3921"}],"version-history":[{"count":0,"href":"https:\/\/www.phys.uaic.ro\/index.php\/wp-json\/wp\/v2\/pages\/3921\/revisions"}],"up":[{"embeddable":true,"href":"https:\/\/www.phys.uaic.ro\/index.php\/wp-json\/wp\/v2\/pages\/3907"}],"wp:attachment":[{"href":"https:\/\/www.phys.uaic.ro\/index.php\/wp-json\/wp\/v2\/media?parent=3921"}],"curies":[{"name":"wp","href":"https:\/\/api.w.org\/{rel}","templated":true}]}}