{"id":4221,"date":"2018-06-15T15:59:05","date_gmt":"2018-06-15T15:59:05","guid":{"rendered":"http:\/\/www.phys.uaic.ro\/?page_id=4221"},"modified":"2019-06-04T11:24:38","modified_gmt":"2019-06-04T11:24:38","slug":"desfasurare-disertatie-iulie-2018","status":"publish","type":"page","link":"https:\/\/www.phys.uaic.ro\/index.php\/studenti\/examene-finalizare-studii\/examen-disertatie-iulie-2018\/desfasurare-disertatie-iulie-2018\/","title":{"rendered":"Desf\u0103\u0219urarea examenului de diserta\u021bie"},"content":{"rendered":"<p>Perioada de desf\u0103s\u0327urare: <b>5\u20136 iulie 2018<\/b><\/p>\n<p><b>Comisiile pentru sus\u021binerea Examenului de Disera\u021bie<\/b> sunt formate din:<\/p>\n<ul>\n<li><b>Comisia 1 ( Fizica pentru tehnologii avansate <\/b>(in limba engleza)<b>, Biofizic\u0103 \u0219i fizic\u0103 medical\u0103 <\/b>(in limba engleza)<b>, Fizic\u0103 aplicat\u0103 \u00een tehnologiile informa\u021biei \u0219i comunica\u021bii &#8211; Extensiunea Balti, \u0218tiin\u021be )<\/b>\n<ul>\n<li><a href=\"ovidiu-florin-caltun\">Prof. Dr. Ovidiu Florin C\u0102L\u021aUN<\/a> &#8211; pre\u0219edinte<\/li>\n<li><a href=\"laurentiu-stoleriu\">Conf. Dr. habil. Lauren\u021biu STOLERIU<\/a>\/Prof. Dr. Alexandra-Raluca IORDAN &#8211; membru<\/li>\n<li><a href=\"loredana-cristina-mereuta\">Conf. Dr. Loredana Cristina MEREU\u021a\u0102<\/a>\/Conf. Dr. Naela COSTIC\u0102 &#8211; membru<\/li>\n<li>Coordonatorul lucrarii de diserta\u021bie &#8211; membru<\/li>\n<li><a href=\"ovidiu-gabriel-avadanei\">Lect. Dr. Ovidiu Gabriel AV\u0102DANEI<\/a> &#8211; secretar<\/li>\n<\/ul>\n<\/li>\n<li><b>Comisia 2 ( Metode fizice aplicate \u00een kinetoterapie \u0219i recuperare medical\u0103 )<\/b>\n<ul>\n<li><a href=\"sebastian-dumitru-popescu\">Conf. Dr. Sebastian Dumitru POPESCU<\/a> &#8211; pre\u0219edinte<\/li>\n<li><a href=\"catalin-gabriel-borcia\">Conf. Dr. C\u0103t\u0103lin Gabriel BORCIA<\/a> &#8211; membru<\/li>\n<li><a href=\"laura-marinela-ailioaie\">Lect. Dr. Laura Marinela AILIOAIE<\/a> &#8211; membru<\/li>\n<li>Coordonatorul lucrarii de diserta\u021bie &#8211; membru<\/li>\n<li><a href=\"lavinia-petronela-curecheriu\">Lect. Dr. Lavinia Petronela CURECHERIU<\/a> &#8211; secretar<\/li>\n<\/ul>\n<\/li>\n<\/ul>\n<ul style=\"list-style-type: none;\">\n<li>Examenul la Comisia 1 are loc \u00een zilele de joi 5 iulie 2018 s\u0327i vineri 6 iulie 2018, \u00eencep\u00e2nd cu ora 9.30 \u00een Laboratorul de Fizica plasmei, et. I.<\/li>\n<li>Programarea candidatilor poate fi gasita <a href=\"http:\/\/www.phys.uaic.ro\/wp\/studenti\/examene-finalizare\/iulie-2018\/programare-diseratie-comisia-1-iulie-2018.pdf\"><span style=\"color: blue;\">aici<\/span><\/a> <img decoding=\"async\" style=\"vertical-align: middle;width:20px;height:20px;\" src=\"http:\/\/www.phys.uaic.ro\/wp\/imagini\/pdf-icon.png\" alt=\"pdf\" \/>.<\/li>\n<li>Candida\u021bii trebuie s\u0103 trimit\u0103 prezent\u0103rile \u00een format .pptx (+ .pdf pentru siguran\u021b\u0103) secretarului comisiei, <a href=\"ovidiu-gabriel-avadanei\">Lect. Dr. Ovidiu Gabriel AV\u0102DANEI<\/a> pe adresa <span style=\"color: blue;\">minu@uaic.ro<\/span> p\u00e2n\u0103 cel t\u00e2rziu miercuri 4 iulie (pentru programare la examen pe 5 iulie) si respectiv joi 5 iulie (pentru programare la examen pe 6 iulie) ora 22.<\/li>\n<\/ul>\n<ul style=\"list-style-type: none;\">\n<li>Examenul la Comisia 2 are loc \u00een zilele de joi 5 iulie 2018, \u00eencep\u00e2nd cu ora 10.30 s\u0327i vineri 6 iulie 2018, \u00eencep\u00e2nd cu ora 9.00 \u00een Laboratorul de Autoorganizare, etaj III, camera 346.<\/li>\n<li>Programarea candidatilor poate fi gasita <a href=\"http:\/\/www.phys.uaic.ro\/wp\/studenti\/examene-finalizare\/iulie-2018\/programare-diseratie-comisia-2-iulie-2018.pdf\"><span style=\"color: blue;\">aici<\/span><\/a> <img decoding=\"async\" style=\"vertical-align: middle;width:20px;height:20px;\" src=\"http:\/\/www.phys.uaic.ro\/wp\/imagini\/pdf-icon.png\" alt=\"pdf\" \/>.<\/li>\n<li>Candida\u021bii trebuie s\u0103 trimit\u0103 prezent\u0103rile \u00een format .pptx (+ .pdf pentru siguran\u021b\u0103) prin WeTransfer pe adresa de mail <span style=\"color: blue;\">lavinia.curecheriu@uaic.ro<\/span> , p\u00e2n\u0103 cel t\u00e2rziu \u00een ziua sus\u021binerii, la ora 06:00.<\/li>\n<\/ul>\n<p><!--\n\nExamenul la Comisia 1 are loc vineri 7 iulie 2017, in Laboratorul de electricitate si magnetism, incepand cu ora 8.00.\n\n\n\n<li><a href=\"http:\/\/www.phys.uaic.ro\/wp\/studenti\/examene-finalizare\/iulie-2017\/programare-master1-iulie-2017.pdf\">ProgDesf\u0103\u0219urarea examenului de diserta\u021bieramarea candida\u0163ilor pentru sus\u0163inerea lucr\u0103rii de disertatie la Comisia 1 (Physics for Advanced Technologies, Biophysics and Medical Physics, Fizica aplicata in tehnologia informatiei - Balti)<\/a> <img decoding=\"async\" style=\"vertical-align: top;width:20px;height:20px;\" src=\"http:\/\/www.phys.uaic.ro\/wp\/imagini\/pdf-icon.png\" alt=\"pdf\" \/><\/li>\n\n\n\nCandida\u0163ii programati sa sustina examenul de disertatie la Comisia 1 sunt rugati sa trimita prezentarea pe adresa <span style=\"color: blue;\">rapetrei@uaic.ro<\/span> pana cel mai tarziu joi 6 iulie 2017, orele 16.\n\n\n\n<li><a href=\"http:\/\/www.phys.uaic.ro\/wp\/studenti\/examene-finalizare\/iulie-2017\/rezultate-master1-iulie-2017.pdf\">Rezultatele examenului de disertatie la specializarile Biofizic\u0103 \u0219i Fizic\u0103 Medical\u0103, Fizica pentru tehnologii avansate, Fizic\u0103 aplicat\u0103 \u00een tehnologiile informa\u021biei \u0219i comunica\u021bii - Balti (Comisia 1)<\/a> <img decoding=\"async\" style=\"vertical-align: top;width:20px;height:20px;\" src=\"http:\/\/www.phys.uaic.ro\/wp\/imagini\/pdf-icon.png\" alt=\"pdf\" \/><\/li>\n\n\n--><\/p>\n","protected":false},"excerpt":{"rendered":"<p>Perioada de desf\u0103s\u0327urare: 5\u20136 iulie 2018 Comisiile pentru sus\u021binerea Examenului de Disera\u021bie sunt formate din: Comisia 1 ( Fizica pentru tehnologii avansate (in limba engleza), Biofizic\u0103 \u0219i fizic\u0103 medical\u0103 (in limba engleza), Fizic\u0103 aplicat\u0103 \u00een tehnologiile informa\u021biei \u0219i comunica\u021bii &#8211; Extensiunea Balti, \u0218tiin\u021be ) Prof. Dr. Ovidiu Florin C\u0102L\u021aUN &#8211; pre\u0219edinte Conf. Dr. habil. Lauren\u021biu STOLERIU\/Prof. Dr. Alexandra-Raluca\u2026 <span class=\"read-more\"><a href=\"https:\/\/www.phys.uaic.ro\/index.php\/studenti\/examene-finalizare-studii\/examen-disertatie-iulie-2018\/desfasurare-disertatie-iulie-2018\/\">Read More &raquo;<\/a><\/span><\/p>\n","protected":false},"author":3,"featured_media":0,"parent":3907,"menu_order":0,"comment_status":"closed","ping_status":"closed","template":"","meta":{"footnotes":""},"class_list":["post-4221","page","type-page","status-publish","hentry"],"_links":{"self":[{"href":"https:\/\/www.phys.uaic.ro\/index.php\/wp-json\/wp\/v2\/pages\/4221","targetHints":{"allow":["GET"]}}],"collection":[{"href":"https:\/\/www.phys.uaic.ro\/index.php\/wp-json\/wp\/v2\/pages"}],"about":[{"href":"https:\/\/www.phys.uaic.ro\/index.php\/wp-json\/wp\/v2\/types\/page"}],"author":[{"embeddable":true,"href":"https:\/\/www.phys.uaic.ro\/index.php\/wp-json\/wp\/v2\/users\/3"}],"replies":[{"embeddable":true,"href":"https:\/\/www.phys.uaic.ro\/index.php\/wp-json\/wp\/v2\/comments?post=4221"}],"version-history":[{"count":0,"href":"https:\/\/www.phys.uaic.ro\/index.php\/wp-json\/wp\/v2\/pages\/4221\/revisions"}],"up":[{"embeddable":true,"href":"https:\/\/www.phys.uaic.ro\/index.php\/wp-json\/wp\/v2\/pages\/3907"}],"wp:attachment":[{"href":"https:\/\/www.phys.uaic.ro\/index.php\/wp-json\/wp\/v2\/media?parent=4221"}],"curies":[{"name":"wp","href":"https:\/\/api.w.org\/{rel}","templated":true}]}}