{"id":4391,"date":"2018-07-05T07:28:03","date_gmt":"2018-07-05T07:28:03","guid":{"rendered":"http:\/\/www.phys.uaic.ro\/?page_id=4391"},"modified":"2019-06-04T11:35:54","modified_gmt":"2019-06-04T11:35:54","slug":"rezultate-disertatie-iulie-2018","status":"publish","type":"page","link":"https:\/\/www.phys.uaic.ro\/index.php\/studenti\/examene-finalizare-studii\/examen-disertatie-iulie-2018\/rezultate-disertatie-iulie-2018\/","title":{"rendered":"Rezultatele la examenul de diserta\u021bie"},"content":{"rendered":"<ul>\n<li><a href=\"http:\/\/www.phys.uaic.ro\/wp\/studenti\/examene-finalizare\/iulie-2018\/rezultate-diseratie-comisia-1-iulie-2018.pdf\">Rezultatele examenului de diserta\u021bie la Comisia 1 ( Fizica pentru tehnologii avansate (in limba engleza), Biofizic\u0103 \u0219i fizic\u0103 medical\u0103 (in limba engleza), Fizic\u0103 aplicat\u0103 \u00een tehnologiile informa\u021biei \u0219i comunica\u021bii \u2013 Extensiunea Balti, \u0218tiin\u021be )<\/a> <img decoding=\"async\" style=\"vertical-align: top;width:20px;height:20px;\" src=\"http:\/\/www.phys.uaic.ro\/wp\/imagini\/pdf-icon.png\" alt=\"pdf\" \/><\/li>\n<li><a href=\"http:\/\/www.phys.uaic.ro\/wp\/studenti\/examene-finalizare\/iulie-2018\/rezultate-diseratie-comisia-2-iulie-2018.pdf\">Rezultatele examenului de diserta\u021bie la Comisia 2 ( Metode fizice aplicate \u00een kinetoterapie \u0219i recuperare medical\u0103 )<\/a> <img decoding=\"async\" style=\"vertical-align: top;width:20px;height:20px;\" src=\"http:\/\/www.phys.uaic.ro\/wp\/imagini\/pdf-icon.png\" alt=\"pdf\" \/><\/li>\n<\/ul>\n","protected":false},"excerpt":{"rendered":"<p>Rezultatele examenului de diserta\u021bie la Comisia 1 ( Fizica pentru tehnologii avansate (in limba engleza), Biofizic\u0103 \u0219i fizic\u0103 medical\u0103 (in limba engleza), Fizic\u0103 aplicat\u0103 \u00een tehnologiile informa\u021biei \u0219i comunica\u021bii \u2013 Extensiunea Balti, \u0218tiin\u021be ) Rezultatele examenului de diserta\u021bie la Comisia 2 ( Metode fizice aplicate \u00een kinetoterapie \u0219i recuperare medical\u0103 )<\/p>\n","protected":false},"author":3,"featured_media":0,"parent":3907,"menu_order":0,"comment_status":"closed","ping_status":"closed","template":"","meta":{"footnotes":""},"class_list":["post-4391","page","type-page","status-publish","hentry"],"_links":{"self":[{"href":"https:\/\/www.phys.uaic.ro\/index.php\/wp-json\/wp\/v2\/pages\/4391","targetHints":{"allow":["GET"]}}],"collection":[{"href":"https:\/\/www.phys.uaic.ro\/index.php\/wp-json\/wp\/v2\/pages"}],"about":[{"href":"https:\/\/www.phys.uaic.ro\/index.php\/wp-json\/wp\/v2\/types\/page"}],"author":[{"embeddable":true,"href":"https:\/\/www.phys.uaic.ro\/index.php\/wp-json\/wp\/v2\/users\/3"}],"replies":[{"embeddable":true,"href":"https:\/\/www.phys.uaic.ro\/index.php\/wp-json\/wp\/v2\/comments?post=4391"}],"version-history":[{"count":0,"href":"https:\/\/www.phys.uaic.ro\/index.php\/wp-json\/wp\/v2\/pages\/4391\/revisions"}],"up":[{"embeddable":true,"href":"https:\/\/www.phys.uaic.ro\/index.php\/wp-json\/wp\/v2\/pages\/3907"}],"wp:attachment":[{"href":"https:\/\/www.phys.uaic.ro\/index.php\/wp-json\/wp\/v2\/media?parent=4391"}],"curies":[{"name":"wp","href":"https:\/\/api.w.org\/{rel}","templated":true}]}}