{"id":447,"date":"2018-02-16T11:03:25","date_gmt":"2018-02-16T11:03:25","guid":{"rendered":"http:\/\/www.phys.uaic.ro\/?page_id=447"},"modified":"2020-11-23T19:49:14","modified_gmt":"2020-11-23T19:49:14","slug":"gabriela-borcia-expertiza","status":"publish","type":"page","link":"https:\/\/www.phys.uaic.ro\/index.php\/scoala-doctorala\/conducatori-doctorat\/gabriela-borcia-expertiza\/","title":{"rendered":"Prof. Dr. habil. Gabriela BORCIA &#8211; expertiz\u0103"},"content":{"rendered":"<p><b>Domenii majore de studiu:<\/b><\/p>\n<ul>\n<li>Fizica plasmei \u0219i aplica\u021bii.<\/li>\n<li>Materiale polimerice.<\/li>\n<\/ul>\n<p><b>Domenii de lucru:<\/b><\/p>\n<ul>\n<li>Plasm\u0103, desc\u0103rc\u0103ri electrice la presiune atmosferic\u0103 &#8211; producere \u0219i caracterizare.<\/li>\n<li>Tehnici de procesare cu plasm\u0103 pentru tratamente de suprafa\u021b\u0103.<\/li>\n<li>Analiza propriet\u0103\u021bilor de suprafa\u021b\u0103 ale materialelor.<\/li>\n<li>Metode de ob\u021binere de noi materiale polimerice \u0219i compozite.<\/li>\n<li>Procese de suprafa\u021b\u0103 \/ interfa\u021b\u0103 la contactul fluid-solid.<\/li>\n<\/ul>\n","protected":false},"excerpt":{"rendered":"<p>Domenii majore de studiu: Fizica plasmei \u0219i aplica\u021bii. Materiale polimerice. Domenii de lucru: Plasm\u0103, desc\u0103rc\u0103ri electrice la presiune atmosferic\u0103 &#8211; producere \u0219i caracterizare. Tehnici de procesare cu plasm\u0103 pentru tratamente de suprafa\u021b\u0103. Analiza propriet\u0103\u021bilor de suprafa\u021b\u0103 ale materialelor. Metode de ob\u021binere de noi materiale polimerice \u0219i compozite. Procese de suprafa\u021b\u0103 \/ interfa\u021b\u0103 la contactul fluid-solid.<\/p>\n","protected":false},"author":3,"featured_media":0,"parent":150,"menu_order":0,"comment_status":"closed","ping_status":"closed","template":"","meta":{"footnotes":""},"class_list":["post-447","page","type-page","status-publish","hentry"],"_links":{"self":[{"href":"https:\/\/www.phys.uaic.ro\/index.php\/wp-json\/wp\/v2\/pages\/447","targetHints":{"allow":["GET"]}}],"collection":[{"href":"https:\/\/www.phys.uaic.ro\/index.php\/wp-json\/wp\/v2\/pages"}],"about":[{"href":"https:\/\/www.phys.uaic.ro\/index.php\/wp-json\/wp\/v2\/types\/page"}],"author":[{"embeddable":true,"href":"https:\/\/www.phys.uaic.ro\/index.php\/wp-json\/wp\/v2\/users\/3"}],"replies":[{"embeddable":true,"href":"https:\/\/www.phys.uaic.ro\/index.php\/wp-json\/wp\/v2\/comments?post=447"}],"version-history":[{"count":0,"href":"https:\/\/www.phys.uaic.ro\/index.php\/wp-json\/wp\/v2\/pages\/447\/revisions"}],"up":[{"embeddable":true,"href":"https:\/\/www.phys.uaic.ro\/index.php\/wp-json\/wp\/v2\/pages\/150"}],"wp:attachment":[{"href":"https:\/\/www.phys.uaic.ro\/index.php\/wp-json\/wp\/v2\/media?parent=447"}],"curies":[{"name":"wp","href":"https:\/\/api.w.org\/{rel}","templated":true}]}}