{"id":461,"date":"2018-02-16T11:28:55","date_gmt":"2018-02-16T11:28:55","guid":{"rendered":"http:\/\/www.phys.uaic.ro\/?page_id=461"},"modified":"2018-03-05T03:22:19","modified_gmt":"2018-03-05T03:22:19","slug":"dacia-felicia-iacomi-expertiza","status":"publish","type":"page","link":"https:\/\/www.phys.uaic.ro\/index.php\/scoala-doctorala\/conducatori-doctorat\/dacia-felicia-iacomi-expertiza\/","title":{"rendered":"Prof. Dr. Dacia Felicia IACOMI &#8211; expertiz\u0103"},"content":{"rendered":"<p><b>Domenii majore de cercetare:<\/b><\/p>\n<ul>\n<li>Fizica materiei condensate.<\/li>\n<li>Sisteme cu dimensionalitate redus\u0103.<\/li>\n<li>\u0218tiin\u021ba materialelor.<\/li>\n<\/ul>\n<p><b>Direc\u021bii de investigare:<\/b><\/p>\n<ul>\n<li>Studiul structurii \u0219i interac\u021biunilor din materia condensat\u0103.<\/li>\n<li>Materiale avansate pentru electronic\u0103 transparent\u0103 \u0219i spintronic\u0103.<\/li>\n<li>Materiale func\u021bionale pentru aplica\u021bii avansate.<\/li>\n<\/ul>\n<p><b>Domenii de expertiz\u0103 \/ Teme propuse:<\/b><\/p>\n<ul>\n<li>Proiectarea, sinteza \u0219i caracterizarea sistemelor cu dimensionalitate redus\u0103 pentru aplica\u021bii avansate.<\/li>\n<li>Proiectarea, sinteza \u0219i caracterizarea nanocompozitelor func\u021bionale.<\/li>\n<li>Proiectarea, depunerea \u0219i caracterizarea structurilor de straturi sub\u021biri pentru aplica\u021bii avansate.<\/li>\n<li>Materiale avansate pentru aplica\u021bii medicale.<\/li>\n<\/ul>\n","protected":false},"excerpt":{"rendered":"<p>Domenii majore de cercetare: Fizica materiei condensate. Sisteme cu dimensionalitate redus\u0103. \u0218tiin\u021ba materialelor. Direc\u021bii de investigare: Studiul structurii \u0219i interac\u021biunilor din materia condensat\u0103. Materiale avansate pentru electronic\u0103 transparent\u0103 \u0219i spintronic\u0103. Materiale func\u021bionale pentru aplica\u021bii avansate. Domenii de expertiz\u0103 \/ Teme propuse: Proiectarea, sinteza \u0219i caracterizarea sistemelor cu dimensionalitate redus\u0103 pentru aplica\u021bii avansate. Proiectarea, sinteza \u0219i caracterizarea nanocompozitelor func\u021bionale.\u2026 <span class=\"read-more\"><a href=\"https:\/\/www.phys.uaic.ro\/index.php\/scoala-doctorala\/conducatori-doctorat\/dacia-felicia-iacomi-expertiza\/\">Read More &raquo;<\/a><\/span><\/p>\n","protected":false},"author":3,"featured_media":0,"parent":150,"menu_order":0,"comment_status":"closed","ping_status":"closed","template":"","meta":{"footnotes":""},"class_list":["post-461","page","type-page","status-publish","hentry"],"_links":{"self":[{"href":"https:\/\/www.phys.uaic.ro\/index.php\/wp-json\/wp\/v2\/pages\/461","targetHints":{"allow":["GET"]}}],"collection":[{"href":"https:\/\/www.phys.uaic.ro\/index.php\/wp-json\/wp\/v2\/pages"}],"about":[{"href":"https:\/\/www.phys.uaic.ro\/index.php\/wp-json\/wp\/v2\/types\/page"}],"author":[{"embeddable":true,"href":"https:\/\/www.phys.uaic.ro\/index.php\/wp-json\/wp\/v2\/users\/3"}],"replies":[{"embeddable":true,"href":"https:\/\/www.phys.uaic.ro\/index.php\/wp-json\/wp\/v2\/comments?post=461"}],"version-history":[{"count":0,"href":"https:\/\/www.phys.uaic.ro\/index.php\/wp-json\/wp\/v2\/pages\/461\/revisions"}],"up":[{"embeddable":true,"href":"https:\/\/www.phys.uaic.ro\/index.php\/wp-json\/wp\/v2\/pages\/150"}],"wp:attachment":[{"href":"https:\/\/www.phys.uaic.ro\/index.php\/wp-json\/wp\/v2\/media?parent=461"}],"curies":[{"name":"wp","href":"https:\/\/api.w.org\/{rel}","templated":true}]}}