{"id":469,"date":"2018-02-16T11:41:30","date_gmt":"2018-02-16T11:41:30","guid":{"rendered":"http:\/\/www.phys.uaic.ro\/?page_id=469"},"modified":"2018-03-05T03:26:21","modified_gmt":"2018-03-05T03:26:21","slug":"diana-mihaela-mardare-expertiza","status":"publish","type":"page","link":"https:\/\/www.phys.uaic.ro\/index.php\/scoala-doctorala\/conducatori-doctorat\/diana-mihaela-mardare-expertiza\/","title":{"rendered":"Prof. Dr. Diana Mihaela MARDARE &#8211; expertiz\u0103"},"content":{"rendered":"<p><b>Domenii majore de cercetare:<\/b><\/p>\n<ul>\n<li>Fizica st\u0103rii condensate.<\/li>\n<li>\u0218tiin\u021ba materialelor.<\/li>\n<\/ul>\n<p><b>Sub-domeniul de cercetare:<\/b><\/p>\n<ul>\n<li>Materiale avansate sub form\u0103 de straturi sub\u021biri, utilizate \u00een protec\u021bia mediului \u0219i \u00een optoelectronic\u0103.<\/li>\n<\/ul>\n<p><b>Domenii de expertiz\u0103 \/ Teme propuse:<\/b><\/p>\n<ul>\n<li>Materiale sub form\u0103 de straturi sub\u021biri ca senzori de gaz.<\/li>\n<li>Straturi sub\u021biri oxidice utilizate \u00een fotocataliz\u0103.<\/li>\n<\/ul>\n","protected":false},"excerpt":{"rendered":"<p>Domenii majore de cercetare: Fizica st\u0103rii condensate. \u0218tiin\u021ba materialelor. Sub-domeniul de cercetare: Materiale avansate sub form\u0103 de straturi sub\u021biri, utilizate \u00een protec\u021bia mediului \u0219i \u00een optoelectronic\u0103. Domenii de expertiz\u0103 \/ Teme propuse: Materiale sub form\u0103 de straturi sub\u021biri ca senzori de gaz. Straturi sub\u021biri oxidice utilizate \u00een fotocataliz\u0103.<\/p>\n","protected":false},"author":3,"featured_media":0,"parent":150,"menu_order":0,"comment_status":"closed","ping_status":"closed","template":"","meta":{"footnotes":""},"class_list":["post-469","page","type-page","status-publish","hentry"],"_links":{"self":[{"href":"https:\/\/www.phys.uaic.ro\/index.php\/wp-json\/wp\/v2\/pages\/469","targetHints":{"allow":["GET"]}}],"collection":[{"href":"https:\/\/www.phys.uaic.ro\/index.php\/wp-json\/wp\/v2\/pages"}],"about":[{"href":"https:\/\/www.phys.uaic.ro\/index.php\/wp-json\/wp\/v2\/types\/page"}],"author":[{"embeddable":true,"href":"https:\/\/www.phys.uaic.ro\/index.php\/wp-json\/wp\/v2\/users\/3"}],"replies":[{"embeddable":true,"href":"https:\/\/www.phys.uaic.ro\/index.php\/wp-json\/wp\/v2\/comments?post=469"}],"version-history":[{"count":0,"href":"https:\/\/www.phys.uaic.ro\/index.php\/wp-json\/wp\/v2\/pages\/469\/revisions"}],"up":[{"embeddable":true,"href":"https:\/\/www.phys.uaic.ro\/index.php\/wp-json\/wp\/v2\/pages\/150"}],"wp:attachment":[{"href":"https:\/\/www.phys.uaic.ro\/index.php\/wp-json\/wp\/v2\/media?parent=469"}],"curies":[{"name":"wp","href":"https:\/\/api.w.org\/{rel}","templated":true}]}}