{"id":484,"date":"2018-02-16T12:07:34","date_gmt":"2018-02-16T12:07:34","guid":{"rendered":"http:\/\/www.phys.uaic.ro\/?page_id=484"},"modified":"2018-03-05T03:31:50","modified_gmt":"2018-03-05T03:31:50","slug":"maricel-agop-expertiza","status":"publish","type":"page","link":"https:\/\/www.phys.uaic.ro\/index.php\/scoala-doctorala\/conducatori-doctorat\/maricel-agop-expertiza\/","title":{"rendered":"Prof. Dr. Maricel AGOP &#8211; expertiz\u0103"},"content":{"rendered":"<p><b>Domenii majore de cercetare:<\/b><\/p>\n<ul>\n<li>Fizic\u0103 teoretic\u0103<\/li>\n<\/ul>\n<p><b>Aria de investigare:<\/b><\/p>\n<ul>\n<li>Teoria clasic\u0103 a c\u00e2mpurilor (electrodinamic\u0103 clasic\u0103, gravita\u021bie restr\u00e2ns\u0103 \u0219i general\u0103 etc.).<\/li>\n<li>Teorii cuantice (mecanic\u0103 cuantic\u0103, teorii cuantice ale c\u00e2mpurilor, etc).<\/li>\n<li>Teorii de etalonare ale c\u00e2mpurilor (U1, SU2, SUn, teorii ale gravita\u021biei etc.).<\/li>\n<li>Dinamic\u0103 neliniar\u0103 \u0219i haos &#8211; fundamente teoretice (bifurca\u021bii, stabilitatea sistemelor dinamice, haos \u00een sistemele hamiltoniene clasice \u0219i cuantice, caracterizarea mul\u021bimilor haotice, sincronizarea \u0219i controlul haosului, efecte constructive ale zgomotului \u00een sisteme dinamice neliniare, criterii de evolu\u021bie spre haos, etc.).<\/li>\n<li>Utilizarea dinamicii neliniare \u00een studiul fenomenelor fizice din:\n<ul>\n<li>plasma (de descarcare sau ob\u021binut\u0103 cu ajutorul laserului, autostructurarea plasmelor etc.);<\/li>\n<li>corp solid (fenomene de transport electric \u0219i termic etc.);<\/li>\n<li>supraconductori (de tip I sau II, fenomene de transport, propriet\u0103\u021bi, legi de varia\u021bie ale parametrilor supraconductori, etc.);<\/li>\n<li>suprafluide (fenomene de transport, propriet\u0103\u021bi, varia\u021bii ale parametrilor suprafluidelor etc.);<\/li>\n<li>nanostructuri \u0219i nanofluide (conduc\u021bie termic\u0103 \u0219i electric\u0103 etc.);<\/li>\n<li>transform\u0103ri de faz\u0103 (solid-lichid, conductor-supraconductor etc.).<\/li>\n<\/ul>\n<\/li>\n<li>Utilizarea dinamicii neliniare \u00een studiul c\u00e2mpurilor fizice (aplica\u021bii ale teoriei fractalilor \u00een gravita\u021bie, electromagnetism, fundamentarea teoriilor clasice ale c\u00e2mpurilor pe baza dinamicii neliniare.<\/li>\n<\/ul>\n<p><b>Domenii de expertiz\u0103 \/ Teme propuse:<\/b><\/p>\n<ul>\n<li>Utilizarea dinamicii neliniare \u00een studiul unor fenomene fizice.<\/li>\n<\/ul>\n","protected":false},"excerpt":{"rendered":"<p>Domenii majore de cercetare: Fizic\u0103 teoretic\u0103 Aria de investigare: Teoria clasic\u0103 a c\u00e2mpurilor (electrodinamic\u0103 clasic\u0103, gravita\u021bie restr\u00e2ns\u0103 \u0219i general\u0103 etc.). Teorii cuantice (mecanic\u0103 cuantic\u0103, teorii cuantice ale c\u00e2mpurilor, etc). Teorii de etalonare ale c\u00e2mpurilor (U1, SU2, SUn, teorii ale gravita\u021biei etc.). Dinamic\u0103 neliniar\u0103 \u0219i haos &#8211; fundamente teoretice (bifurca\u021bii, stabilitatea sistemelor dinamice, haos \u00een sistemele hamiltoniene clasice \u0219i\u2026 <span class=\"read-more\"><a href=\"https:\/\/www.phys.uaic.ro\/index.php\/scoala-doctorala\/conducatori-doctorat\/maricel-agop-expertiza\/\">Read More &raquo;<\/a><\/span><\/p>\n","protected":false},"author":3,"featured_media":0,"parent":150,"menu_order":0,"comment_status":"closed","ping_status":"closed","template":"","meta":{"footnotes":""},"class_list":["post-484","page","type-page","status-publish","hentry"],"_links":{"self":[{"href":"https:\/\/www.phys.uaic.ro\/index.php\/wp-json\/wp\/v2\/pages\/484","targetHints":{"allow":["GET"]}}],"collection":[{"href":"https:\/\/www.phys.uaic.ro\/index.php\/wp-json\/wp\/v2\/pages"}],"about":[{"href":"https:\/\/www.phys.uaic.ro\/index.php\/wp-json\/wp\/v2\/types\/page"}],"author":[{"embeddable":true,"href":"https:\/\/www.phys.uaic.ro\/index.php\/wp-json\/wp\/v2\/users\/3"}],"replies":[{"embeddable":true,"href":"https:\/\/www.phys.uaic.ro\/index.php\/wp-json\/wp\/v2\/comments?post=484"}],"version-history":[{"count":0,"href":"https:\/\/www.phys.uaic.ro\/index.php\/wp-json\/wp\/v2\/pages\/484\/revisions"}],"up":[{"embeddable":true,"href":"https:\/\/www.phys.uaic.ro\/index.php\/wp-json\/wp\/v2\/pages\/150"}],"wp:attachment":[{"href":"https:\/\/www.phys.uaic.ro\/index.php\/wp-json\/wp\/v2\/media?parent=484"}],"curies":[{"name":"wp","href":"https:\/\/api.w.org\/{rel}","templated":true}]}}