{"id":4879,"date":"2018-09-04T18:06:55","date_gmt":"2018-09-04T18:06:55","guid":{"rendered":"http:\/\/www.phys.uaic.ro\/?page_id=4879"},"modified":"2025-01-29T10:48:40","modified_gmt":"2025-01-29T08:48:40","slug":"padurariu-cioclea-cipriana-doctorat","status":"publish","type":"page","link":"https:\/\/www.phys.uaic.ro\/index.php\/scoala-doctorala\/sustineri-teze-doctorat\/padurariu-cioclea-cipriana-doctorat\/","title":{"rendered":"Sus\u021binerea tezei de doctorat a drd. P\u0103durariu Cipriana (c\u0103s. Cioclea) pe 24.09.2018"},"content":{"rendered":"<p>Anun\u021bul sus\u021binerii publice<\/p>\n<p>La data de 24.09.2018, ora 10:00, \u00een sala L1, dna PADURARIU CIPRIANA (c\u0103s. CIOCLEA) va sus\u0163ine, \u00een \u015fedin\u0163\u0103 public\u0103, teza de doctorat cu titlul<\/p>\n<p><b>STUDIUL ROLULUI POROZIT\u0102\u021aII ASUPRA PROPRIET\u0102\u021aILOR FEROELECTRICE<\/b><\/p>\n<p>\u00een vederea ob\u0163inerii titlului \u015ftiin\u0163ific de doctor \u00een domeniul fundamental \u0218TIIN\u021aE EXACTE, domeniul FIZIC\u0102.<\/p>\n<p>CV P\u0103durariu Cipriana (c\u0103s. Cioclea)<\/p>\n<p>Comisia de doctorat are urm\u0103toarea componen\u0163\u0103:<\/p>\n<ul>\n<li><b>Pre\u015fedinte<\/b>:\n<ul>\n<li>Prof. univ. Dr. Diana Mihaela Mardare, Universitatea Alexandru Ioan Cuza din Ia\u0219i [ <a href=\"https:\/\/www.phys.uaic.ro\/wp-content\/uploads\/2023\/09\/MARDARE-Diana_CV_RO.pdf\">CV<\/a> ]<\/li>\n<\/ul>\n<\/li>\n<\/ul>\n<ul>\n<li><b>Conduc\u0103tor \u015ftiin\u0163ific<\/b>:\n<ul>\n<li>Prof. univ. Dr. Liliana Mitoseriu, Universitatea Alexandru Ioan Cuza, Ia\u015fi [ CV en ]<\/li>\n<\/ul>\n<\/li>\n<\/ul>\n<ul>\n<li><b>Referen\u0163i<\/b>:\n<ul>\n<li>Prof. univ. Dr. Daniel Mircea Sutiman, Universitatea Tehnic\u0103 Ghe. Asachi, Ia\u0219i [ CV en ]<\/li>\n<li>C.S.I Dr. Ing. Nicoleta Lupu, Institutul National de Cercetare-Dezvoltare pentru Fizica Tehnic\u0103, Ia\u0219i [ CV ]<\/li>\n<li>Dr. Dan Ricinschi, Tokyo Institute of Technology, Japonia [ CV en ]<\/li>\n<\/ul>\n<\/li>\n<\/ul>\n<p>Teza poate fi consultat\u0103 la Biblioteca Facult\u0103\u0163ii de Fizic\u0103.<\/p>\n<p>Rezumatul tezei de doctorat<\/p>\n","protected":false},"excerpt":{"rendered":"<p>Anun\u021bul sus\u021binerii publice La data de 24.09.2018, ora 10:00, \u00een sala L1, dna PADURARIU CIPRIANA (c\u0103s. CIOCLEA) va sus\u0163ine, \u00een \u015fedin\u0163\u0103 public\u0103, teza de doctorat cu titlul STUDIUL ROLULUI POROZIT\u0102\u021aII ASUPRA PROPRIET\u0102\u021aILOR FEROELECTRICE \u00een vederea ob\u0163inerii titlului \u015ftiin\u0163ific de doctor \u00een domeniul fundamental \u0218TIIN\u021aE EXACTE, domeniul FIZIC\u0102. CV P\u0103durariu Cipriana (c\u0103s. Cioclea) Comisia de doctorat are urm\u0103toarea componen\u0163\u0103:\u2026 <span class=\"read-more\"><a href=\"https:\/\/www.phys.uaic.ro\/index.php\/scoala-doctorala\/sustineri-teze-doctorat\/padurariu-cioclea-cipriana-doctorat\/\">Read More &raquo;<\/a><\/span><\/p>\n","protected":false},"author":3,"featured_media":0,"parent":158,"menu_order":0,"comment_status":"closed","ping_status":"closed","template":"","meta":{"footnotes":""},"class_list":["post-4879","page","type-page","status-publish","hentry"],"_links":{"self":[{"href":"https:\/\/www.phys.uaic.ro\/index.php\/wp-json\/wp\/v2\/pages\/4879","targetHints":{"allow":["GET"]}}],"collection":[{"href":"https:\/\/www.phys.uaic.ro\/index.php\/wp-json\/wp\/v2\/pages"}],"about":[{"href":"https:\/\/www.phys.uaic.ro\/index.php\/wp-json\/wp\/v2\/types\/page"}],"author":[{"embeddable":true,"href":"https:\/\/www.phys.uaic.ro\/index.php\/wp-json\/wp\/v2\/users\/3"}],"replies":[{"embeddable":true,"href":"https:\/\/www.phys.uaic.ro\/index.php\/wp-json\/wp\/v2\/comments?post=4879"}],"version-history":[{"count":0,"href":"https:\/\/www.phys.uaic.ro\/index.php\/wp-json\/wp\/v2\/pages\/4879\/revisions"}],"up":[{"embeddable":true,"href":"https:\/\/www.phys.uaic.ro\/index.php\/wp-json\/wp\/v2\/pages\/158"}],"wp:attachment":[{"href":"https:\/\/www.phys.uaic.ro\/index.php\/wp-json\/wp\/v2\/media?parent=4879"}],"curies":[{"name":"wp","href":"https:\/\/api.w.org\/{rel}","templated":true}]}}