{"id":4895,"date":"2018-09-05T09:32:33","date_gmt":"2018-09-05T09:32:33","guid":{"rendered":"http:\/\/www.phys.uaic.ro\/?page_id=4895"},"modified":"2025-01-29T10:47:31","modified_gmt":"2025-01-29T08:47:31","slug":"samoila-i-florentina-doctorat","status":"publish","type":"page","link":"https:\/\/www.phys.uaic.ro\/index.php\/scoala-doctorala\/sustineri-teze-doctorat\/samoila-i-florentina-doctorat\/","title":{"rendered":"Sus\u021binerea tezei de doctorat a drd. Samoil\u0103 I. Florentina pe 27.09.2018"},"content":{"rendered":"<p>Anun\u021bul sus\u021binerii publice<\/p>\n<p>La data de 27.09.2018, ora 11:00, \u00een sala L1, dna SAMOILA I. FLORENTINA va sus\u0163ine, \u00een \u015fedin\u0163\u0103 public\u0103, teza de doctorat cu titlul<\/p>\n<p><b>DECONTAMINAREA CHIMIC\u0102 A SUPRAFE\u021aELOR CU AJUTORUL PLASMEI DESC\u0102RC\u0102RII LUMINISCENTE \u00ceN GAZE LA PRESIUNE JOAS\u0102<\/b><\/p>\n<p>\u00een vederea ob\u0163inerii titlului \u015ftiin\u0163ific de doctor \u00een domeniul \u0218TIIN\u021aE EXACTE.<\/p>\n<p>CV Samoil\u0103 I. Florentina<\/p>\n<p>Comisia de doctorat are urm\u0103toarea componen\u0163\u0103:<\/p>\n<ul>\n<li><b>Pre\u015fedinte<\/b>:\n<ul>\n<li>Prof. univ. Dr. Diana Mihaela Mardare, Universitatea Alexandru Ioan Cuza, Ia\u0219i [ <a href=\"https:\/\/www.phys.uaic.ro\/wp-content\/uploads\/2023\/09\/MARDARE-Diana_CV_RO.pdf\">CV<\/a> ]<\/li>\n<\/ul>\n<\/li>\n<\/ul>\n<ul>\n<li><b>Conduc\u0103tor \u015ftiin\u0163ific<\/b>:\n<ul>\n<li>Prof. univ. Dr. habil. Lucel Sirghi, Universitatea Alexandru Ioan Cuza, Ia\u015fi [ <a href=\"https:\/\/www.phys.uaic.ro\/wp-content\/uploads\/2022\/05\/Sirghi-Lucel_CV_EN.pdf\" target=\"_blank\" rel=\"noopener\">CV<\/a> ]<\/li>\n<\/ul>\n<\/li>\n<\/ul>\n<ul>\n<li><b>Referen\u0163i<\/b>:\n<ul>\n<li>C.S.I Dr. Gheorghe Dinescu, INFLPR [ CV ]<\/li>\n<li>Prof. univ. Dr. Gheorghe Popa, Universitatea Alexandru Ioan Cuza, Ia\u015fi [ <a href=\"https:\/\/www.phys.uaic.ro\/wp-content\/uploads\/2022\/03\/CV-GHEORGHE-POPA_lista-lucrari.pdf\" target=\"_blank\" rel=\"noopener\">CV<\/a> ]<\/li>\n<li>Prof. univ. Dr. Mihaela Cristina Baican-Pascu, Universitatea de Medicin\u0103 \u0219i Farmacie Gr. T. Popa, Ia\u0219i [<a href=\"https:\/\/www.phys.uaic.ro\/wp-content\/uploads\/2023\/09\/cvBaicanPascuMihaela.pdf\" target=\"_blank\" rel=\"noopener\"> CV<\/a> ]<\/li>\n<\/ul>\n<\/li>\n<\/ul>\n<p>Teza poate fi consultat\u0103 la Biblioteca Facult\u0103\u0163ii de Fizic\u0103.<\/p>\n<p>Rezumatul tezei de doctorat<\/p>\n","protected":false},"excerpt":{"rendered":"<p>Anun\u021bul sus\u021binerii publice La data de 27.09.2018, ora 11:00, \u00een sala L1, dna SAMOILA I. FLORENTINA va sus\u0163ine, \u00een \u015fedin\u0163\u0103 public\u0103, teza de doctorat cu titlul DECONTAMINAREA CHIMIC\u0102 A SUPRAFE\u021aELOR CU AJUTORUL PLASMEI DESC\u0102RC\u0102RII LUMINISCENTE \u00ceN GAZE LA PRESIUNE JOAS\u0102 \u00een vederea ob\u0163inerii titlului \u015ftiin\u0163ific de doctor \u00een domeniul \u0218TIIN\u021aE EXACTE. CV Samoil\u0103 I. Florentina Comisia de doctorat\u2026 <span class=\"read-more\"><a href=\"https:\/\/www.phys.uaic.ro\/index.php\/scoala-doctorala\/sustineri-teze-doctorat\/samoila-i-florentina-doctorat\/\">Read More &raquo;<\/a><\/span><\/p>\n","protected":false},"author":3,"featured_media":0,"parent":158,"menu_order":0,"comment_status":"closed","ping_status":"closed","template":"","meta":{"footnotes":""},"class_list":["post-4895","page","type-page","status-publish","hentry"],"_links":{"self":[{"href":"https:\/\/www.phys.uaic.ro\/index.php\/wp-json\/wp\/v2\/pages\/4895","targetHints":{"allow":["GET"]}}],"collection":[{"href":"https:\/\/www.phys.uaic.ro\/index.php\/wp-json\/wp\/v2\/pages"}],"about":[{"href":"https:\/\/www.phys.uaic.ro\/index.php\/wp-json\/wp\/v2\/types\/page"}],"author":[{"embeddable":true,"href":"https:\/\/www.phys.uaic.ro\/index.php\/wp-json\/wp\/v2\/users\/3"}],"replies":[{"embeddable":true,"href":"https:\/\/www.phys.uaic.ro\/index.php\/wp-json\/wp\/v2\/comments?post=4895"}],"version-history":[{"count":0,"href":"https:\/\/www.phys.uaic.ro\/index.php\/wp-json\/wp\/v2\/pages\/4895\/revisions"}],"up":[{"embeddable":true,"href":"https:\/\/www.phys.uaic.ro\/index.php\/wp-json\/wp\/v2\/pages\/158"}],"wp:attachment":[{"href":"https:\/\/www.phys.uaic.ro\/index.php\/wp-json\/wp\/v2\/media?parent=4895"}],"curies":[{"name":"wp","href":"https:\/\/api.w.org\/{rel}","templated":true}]}}