{"id":497,"date":"2018-02-16T12:38:28","date_gmt":"2018-02-16T12:38:28","guid":{"rendered":"http:\/\/www.phys.uaic.ro\/?page_id=497"},"modified":"2020-11-18T11:24:52","modified_gmt":"2020-11-18T11:24:52","slug":"marina-aura-dariescu-admitere","status":"publish","type":"page","link":"https:\/\/www.phys.uaic.ro\/index.php\/scoala-doctorala\/conducatori-doctorat\/marina-aura-dariescu-admitere\/","title":{"rendered":"Prof. Dr. Marina Aura DARIESCU &#8211; admitere doctorat"},"content":{"rendered":"<p><b>Tematica admiterii la doctorat:<\/b><\/p>\n<ol>\n<li>Transform\u0103rile Lorentz-Einstein. Spa\u021biul Minkowski.<\/li>\n<li>Efectul fotoelectric, efectul Compton. Ipotezele de Broglie.<\/li>\n<li>Oscilatorul liniar \u00een mecanica cuantic\u0103.<\/li>\n<li>Teoria cuantic\u0103 a momentelor cinetice.<\/li>\n<li>Statistica Fermi-Dirac.<\/li>\n<\/ol>\n<p><b>Bibliografie<\/b><\/p>\n<ol>\n<li>C. Kittel, <i>Introduction to Solid State Physics<\/i>, 8-th Ed., Wiley Press, 2005<\/li>\n<li>P. J. E. Peebles, <i>Quantum Mechanics<\/i>, Princeton University Press, New Jersey, 1992<\/li>\n<li>C. Dariescu, Marina-Aura Dariescu, I. Gottlieb, <i>Capitole de baza \u00een Mecanica Cuantic\u0103. Microparticule \u0219i C\u00e2mpuri<\/i>, Ed. Venus, Ia\u0219i, 2007<\/li>\n<li>S. Datta, <i>Electronic transport in mesoscopic sistems<\/i>, Cambridge Univ. Press, 2003<\/li>\n<li>M. Ignat, <i>Termodinamic\u0103 \u0219i fizic\u0103 statistic\u0103<\/i>, Ed. Univ. Al. I. Cuza Ia\u0219i, 1983-1984<\/li>\n<li>Cursurile de <i>Electrodinamic\u0103<\/i>, <i>Termodinamic\u0103 \u0219i fizic\u0103 statistic\u0103<\/i>, <i>Mecanic\u0103 cuantic\u0103<\/i> parcurse \u00een timpul facult\u0103\u021bii sau manuale de Fizic\u0103 general\u0103 de nivel universitar<\/li>\n<\/ol>\n","protected":false},"excerpt":{"rendered":"<p>Tematica admiterii la doctorat: Transform\u0103rile Lorentz-Einstein. Spa\u021biul Minkowski. Efectul fotoelectric, efectul Compton. Ipotezele de Broglie. Oscilatorul liniar \u00een mecanica cuantic\u0103. Teoria cuantic\u0103 a momentelor cinetice. Statistica Fermi-Dirac. Bibliografie C. Kittel, Introduction to Solid State Physics, 8-th Ed., Wiley Press, 2005 P. J. E. Peebles, Quantum Mechanics, Princeton University Press, New Jersey, 1992 C. Dariescu, Marina-Aura Dariescu, I. Gottlieb,\u2026 <span class=\"read-more\"><a href=\"https:\/\/www.phys.uaic.ro\/index.php\/scoala-doctorala\/conducatori-doctorat\/marina-aura-dariescu-admitere\/\">Read More &raquo;<\/a><\/span><\/p>\n","protected":false},"author":3,"featured_media":0,"parent":150,"menu_order":0,"comment_status":"closed","ping_status":"closed","template":"","meta":{"footnotes":""},"class_list":["post-497","page","type-page","status-publish","hentry"],"_links":{"self":[{"href":"https:\/\/www.phys.uaic.ro\/index.php\/wp-json\/wp\/v2\/pages\/497","targetHints":{"allow":["GET"]}}],"collection":[{"href":"https:\/\/www.phys.uaic.ro\/index.php\/wp-json\/wp\/v2\/pages"}],"about":[{"href":"https:\/\/www.phys.uaic.ro\/index.php\/wp-json\/wp\/v2\/types\/page"}],"author":[{"embeddable":true,"href":"https:\/\/www.phys.uaic.ro\/index.php\/wp-json\/wp\/v2\/users\/3"}],"replies":[{"embeddable":true,"href":"https:\/\/www.phys.uaic.ro\/index.php\/wp-json\/wp\/v2\/comments?post=497"}],"version-history":[{"count":0,"href":"https:\/\/www.phys.uaic.ro\/index.php\/wp-json\/wp\/v2\/pages\/497\/revisions"}],"up":[{"embeddable":true,"href":"https:\/\/www.phys.uaic.ro\/index.php\/wp-json\/wp\/v2\/pages\/150"}],"wp:attachment":[{"href":"https:\/\/www.phys.uaic.ro\/index.php\/wp-json\/wp\/v2\/media?parent=497"}],"curies":[{"name":"wp","href":"https:\/\/api.w.org\/{rel}","templated":true}]}}