{"id":509,"date":"2018-02-16T12:58:16","date_gmt":"2018-02-16T12:58:16","guid":{"rendered":"http:\/\/www.phys.uaic.ro\/?page_id=509"},"modified":"2020-11-18T11:45:50","modified_gmt":"2020-11-18T11:45:50","slug":"tudor-luchian-admitere","status":"publish","type":"page","link":"https:\/\/www.phys.uaic.ro\/index.php\/scoala-doctorala\/conducatori-doctorat\/tudor-luchian-admitere\/","title":{"rendered":"Prof. Dr. Tudor LUCHIAN &#8211; admitere doctorat"},"content":{"rendered":"<p><b>Tematica admiterii la doctorat:<\/b><\/p>\n<ol>\n<li>Descrierea analitic\u0103 a transportului ionic prin membrane selective ionic. Ecua\u021bia lui Nernst.<\/li>\n<li>Evaluarea experimental\u0103 a rezisten\u021bei \u0219i capacit\u0103\u021bii electrice a unei membrane lipidice reconstituite.<\/li>\n<li>Elemente de structur\u0103 \u0219i func\u021bie a aminoacizilor. Descrierea efectelor de protonare reversibil\u0103 a aminoacizilor acidici \u0219i bazici. Ecua\u021bia Henderson-Hasselbalch.<\/li>\n<li>Studierea propriet\u0103\u021bilor fizice a canalelor ionice \u00een sisteme biomimetice.<\/li>\n<li>Analiza cinetic\u0103 a evolu\u021biei probabilistice a unei molecule ce realizeaz\u0103 tranzi\u021bii reversibile \u00eentre dou\u0103 sub-st\u0103ri.<\/li>\n<\/ol>\n<p><b>Bibliografie<\/b><\/p>\n<ol>\n<li>T. Luchian &#8211; <i>Introducere \u00een biofizica molecular\u0103 \u0219i celular\u0103<\/i>, Alexandru Ioan Cuza University Publishing House, Ia\u0219i, 2001<\/li>\n<li><i>Molecular Cell Biology<\/i> (3rd edition), 1995. Lodish, H., Baltimore, D., Berk, A., Zipursky, S. L., Matsudaira, P., Darnell, J. W. H. Freeman and Company, New York<\/li>\n<li><i>Molecular and Cellular Biophysics<\/i>, 2006, Meyer B. Jackson, Cambridge University Press<\/li>\n<li>T. Luchian &#8211; <i>Electrofiziologie molecular\u0103. Teorie \u0219i aplica\u021bii<\/i>, Sedcom Libris, Ia\u0219i, 2006<\/li>\n<li><i>Physical Chemistry<\/i> 7ed, by Peter Atkins &#038; Julio de Paula<\/li>\n<\/ol>\n","protected":false},"excerpt":{"rendered":"<p>Tematica admiterii la doctorat: Descrierea analitic\u0103 a transportului ionic prin membrane selective ionic. Ecua\u021bia lui Nernst. Evaluarea experimental\u0103 a rezisten\u021bei \u0219i capacit\u0103\u021bii electrice a unei membrane lipidice reconstituite. Elemente de structur\u0103 \u0219i func\u021bie a aminoacizilor. Descrierea efectelor de protonare reversibil\u0103 a aminoacizilor acidici \u0219i bazici. Ecua\u021bia Henderson-Hasselbalch. Studierea propriet\u0103\u021bilor fizice a canalelor ionice \u00een sisteme biomimetice. Analiza cinetic\u0103\u2026 <span class=\"read-more\"><a href=\"https:\/\/www.phys.uaic.ro\/index.php\/scoala-doctorala\/conducatori-doctorat\/tudor-luchian-admitere\/\">Read More &raquo;<\/a><\/span><\/p>\n","protected":false},"author":3,"featured_media":0,"parent":150,"menu_order":0,"comment_status":"closed","ping_status":"closed","template":"","meta":{"footnotes":""},"class_list":["post-509","page","type-page","status-publish","hentry"],"_links":{"self":[{"href":"https:\/\/www.phys.uaic.ro\/index.php\/wp-json\/wp\/v2\/pages\/509","targetHints":{"allow":["GET"]}}],"collection":[{"href":"https:\/\/www.phys.uaic.ro\/index.php\/wp-json\/wp\/v2\/pages"}],"about":[{"href":"https:\/\/www.phys.uaic.ro\/index.php\/wp-json\/wp\/v2\/types\/page"}],"author":[{"embeddable":true,"href":"https:\/\/www.phys.uaic.ro\/index.php\/wp-json\/wp\/v2\/users\/3"}],"replies":[{"embeddable":true,"href":"https:\/\/www.phys.uaic.ro\/index.php\/wp-json\/wp\/v2\/comments?post=509"}],"version-history":[{"count":0,"href":"https:\/\/www.phys.uaic.ro\/index.php\/wp-json\/wp\/v2\/pages\/509\/revisions"}],"up":[{"embeddable":true,"href":"https:\/\/www.phys.uaic.ro\/index.php\/wp-json\/wp\/v2\/pages\/150"}],"wp:attachment":[{"href":"https:\/\/www.phys.uaic.ro\/index.php\/wp-json\/wp\/v2\/media?parent=509"}],"curies":[{"name":"wp","href":"https:\/\/api.w.org\/{rel}","templated":true}]}}