{"id":521,"date":"2018-02-16T13:14:20","date_gmt":"2018-02-16T13:14:20","guid":{"rendered":"http:\/\/www.phys.uaic.ro\/?page_id=521"},"modified":"2023-03-06T12:30:15","modified_gmt":"2023-03-06T10:30:15","slug":"laurentiu-stoleriu-admitere","status":"publish","type":"page","link":"https:\/\/www.phys.uaic.ro\/index.php\/scoala-doctorala\/conducatori-doctorat\/laurentiu-stoleriu-admitere\/","title":{"rendered":"Prof. Dr. habil. Lauren\u021biu STOLERIU &#8211; admitere doctorat"},"content":{"rendered":"<p><b>Tematica admiterii la doctorat:<\/b><\/p>\n<ol>\n<li>Diamagnetismul \u0219i paramagnetismul (Teoria clasic\u0103 a diamagnetismului; Teoria clasic\u0103 a paramagnetismului).<\/li>\n<li>Propriet\u0103\u021bi generale ale substan\u021belor feromagnetice (Curbele de magnetizare; Histerezis magnetic).<\/li>\n<li>Teoria feromagnetismului \u00een aproxima\u021bia c\u00e2mpului molecular (Teoria lui Weiss).<\/li>\n<li>Rolul dinamicii domeniilor \u00een procesele de magnetizare (Teoria proceselor de magnetizare prin deplasarea pere\u021bilor interdomenici).<\/li>\n<li>Teoria proceselor de magnetizare prin rota\u021bia magnetiza\u021biei spontane (Procese de magnetizare prin rota\u021bie coerent\u0103).<\/li>\n<\/ol>\n<p><b>Bibliografie<\/b><\/p>\n<ol>\n<li>C. P\u0103pu\u0219oi, <i>Propriet\u0103\u021bi magnetice ale corpului solid<\/i> (partea I \u2013 1980, partea a II-a \u2013 1988), Ed. Univ. Al. I. Cuza Ia\u0219i<\/li>\n<\/ol>\n","protected":false},"excerpt":{"rendered":"<p>Tematica admiterii la doctorat: Diamagnetismul \u0219i paramagnetismul (Teoria clasic\u0103 a diamagnetismului; Teoria clasic\u0103 a paramagnetismului). Propriet\u0103\u021bi generale ale substan\u021belor feromagnetice (Curbele de magnetizare; Histerezis magnetic). Teoria feromagnetismului \u00een aproxima\u021bia c\u00e2mpului molecular (Teoria lui Weiss). Rolul dinamicii domeniilor \u00een procesele de magnetizare (Teoria proceselor de magnetizare prin deplasarea pere\u021bilor interdomenici). Teoria proceselor de magnetizare prin rota\u021bia magnetiza\u021biei spontane (Procese\u2026 <span class=\"read-more\"><a href=\"https:\/\/www.phys.uaic.ro\/index.php\/scoala-doctorala\/conducatori-doctorat\/laurentiu-stoleriu-admitere\/\">Read More &raquo;<\/a><\/span><\/p>\n","protected":false},"author":3,"featured_media":0,"parent":150,"menu_order":0,"comment_status":"closed","ping_status":"closed","template":"","meta":{"footnotes":""},"class_list":["post-521","page","type-page","status-publish","hentry"],"_links":{"self":[{"href":"https:\/\/www.phys.uaic.ro\/index.php\/wp-json\/wp\/v2\/pages\/521","targetHints":{"allow":["GET"]}}],"collection":[{"href":"https:\/\/www.phys.uaic.ro\/index.php\/wp-json\/wp\/v2\/pages"}],"about":[{"href":"https:\/\/www.phys.uaic.ro\/index.php\/wp-json\/wp\/v2\/types\/page"}],"author":[{"embeddable":true,"href":"https:\/\/www.phys.uaic.ro\/index.php\/wp-json\/wp\/v2\/users\/3"}],"replies":[{"embeddable":true,"href":"https:\/\/www.phys.uaic.ro\/index.php\/wp-json\/wp\/v2\/comments?post=521"}],"version-history":[{"count":0,"href":"https:\/\/www.phys.uaic.ro\/index.php\/wp-json\/wp\/v2\/pages\/521\/revisions"}],"up":[{"embeddable":true,"href":"https:\/\/www.phys.uaic.ro\/index.php\/wp-json\/wp\/v2\/pages\/150"}],"wp:attachment":[{"href":"https:\/\/www.phys.uaic.ro\/index.php\/wp-json\/wp\/v2\/media?parent=521"}],"curies":[{"name":"wp","href":"https:\/\/api.w.org\/{rel}","templated":true}]}}