{"id":56,"date":"2018-02-14T08:38:01","date_gmt":"2018-02-14T08:38:01","guid":{"rendered":"http:\/\/www.phys.uaic.ro\/?page_id=56"},"modified":"2025-03-28T10:20:36","modified_gmt":"2025-03-28T08:20:36","slug":"prezentare","status":"publish","type":"page","link":"https:\/\/www.phys.uaic.ro\/index.php\/prezentare\/","title":{"rendered":"Prezentare"},"content":{"rendered":"<ul style=\"list-style-type: none;\">\n<li><a href=\"http:\/\/www.phys.uaic.ro\/index.php\/prezentare\/misiune\">Misiune<\/a>\n<ul style=\"list-style-type: none;\">\n<li><a href=\"https:\/\/www.phys.uaic.ro\/index.php\/prezentare\/misiune\/misiune-obiective-programe-studii\">Misiune \/ obiective programe de studii<\/a><\/li>\n<\/ul>\n<\/li>\n<li><a href=\"http:\/\/www.phys.uaic.ro\/index.php\/prezentare\/prezentare-generala-prezentare\">Prezentare general\u0103<\/a><\/li>\n<li><a href=\"http:\/\/www.phys.uaic.ro\/index.php\/prezentare\/scurt-istoric\">Scurt istoric<\/a><\/li>\n<li><a href=\"http:\/\/www.phys.uaic.ro\/index.php\/prezentare\/personalitati-facultate\">Personalit\u0103\u021bi ale facult\u0103\u021bii<\/a><\/li>\n<li><a href=\"http:\/\/www.phys.uaic.ro\/index.php\/prezentare\/premii-academie\">Premii ale Academiei<\/a><\/li>\n<li><a href=\"http:\/\/www.phys.uaic.ro\/index.php\/prezentare\/rapoarte-activitate\">Rapoarte de activitate<\/a><\/li>\n<li><a href=\"http:\/\/www.phys.uaic.ro\/index.php\/prezentare\/anunturi-prezentare\">Anun\u021buri<\/a><\/li>\n<li><a href=\"https:\/\/www.phys.uaic.ro\/index.php\/retele-si-asociatii\/\" target=\"_blank\" rel=\"noopener\">Re\u0163ele \u015fi asocia\u0163ii<\/a><\/li>\n<li><a href=\"https:\/\/www.phys.uaic.ro\/index.php\/un-profesionist-in-mijlocul-studentilor\/\">Un profesionist \u00een mijlocul studen\u021bilor<\/a><\/li>\n<li><a href=\"https:\/\/www.phys.uaic.ro\/index.php\/prezentare\/postere-prezentare\/\" target=\"_blank\" rel=\"noopener\">Postere<\/a><\/li>\n<li><a href=\"https:\/\/www.phys.uaic.ro\/index.php\/prima-pagina\/contact\/\" target=\"_blank\" rel=\"noopener\">Contact<\/a><\/li>\n<\/ul>\n","protected":false},"excerpt":{"rendered":"<p>Misiune Misiune \/ obiective programe de studii Prezentare general\u0103 Scurt istoric Personalit\u0103\u021bi ale facult\u0103\u021bii Premii ale Academiei Rapoarte de activitate Anun\u021buri Re\u0163ele \u015fi asocia\u0163ii Un profesionist \u00een mijlocul studen\u021bilor Postere Contact<\/p>\n","protected":false},"author":3,"featured_media":0,"parent":0,"menu_order":0,"comment_status":"closed","ping_status":"closed","template":"","meta":{"footnotes":""},"class_list":["post-56","page","type-page","status-publish","hentry"],"_links":{"self":[{"href":"https:\/\/www.phys.uaic.ro\/index.php\/wp-json\/wp\/v2\/pages\/56","targetHints":{"allow":["GET"]}}],"collection":[{"href":"https:\/\/www.phys.uaic.ro\/index.php\/wp-json\/wp\/v2\/pages"}],"about":[{"href":"https:\/\/www.phys.uaic.ro\/index.php\/wp-json\/wp\/v2\/types\/page"}],"author":[{"embeddable":true,"href":"https:\/\/www.phys.uaic.ro\/index.php\/wp-json\/wp\/v2\/users\/3"}],"replies":[{"embeddable":true,"href":"https:\/\/www.phys.uaic.ro\/index.php\/wp-json\/wp\/v2\/comments?post=56"}],"version-history":[{"count":0,"href":"https:\/\/www.phys.uaic.ro\/index.php\/wp-json\/wp\/v2\/pages\/56\/revisions"}],"wp:attachment":[{"href":"https:\/\/www.phys.uaic.ro\/index.php\/wp-json\/wp\/v2\/media?parent=56"}],"curies":[{"name":"wp","href":"https:\/\/api.w.org\/{rel}","templated":true}]}}