{"id":5666,"date":"2018-12-17T09:59:59","date_gmt":"2018-12-17T09:59:59","guid":{"rendered":"http:\/\/www.phys.uaic.ro\/?page_id=5666"},"modified":"2020-10-04T21:46:38","modified_gmt":"2020-10-04T21:46:38","slug":"date-contact-absolventi","status":"publish","type":"page","link":"https:\/\/www.phys.uaic.ro\/index.php\/alumni\/date-contact-absolventi\/","title":{"rendered":"Date contact absolven\u021bi"},"content":{"rendered":"<p>Pentru a putea completa\/l\u0103rgi baza de date a absolven\u021bilor Facult\u0103\u021bii de Fizic\u0103 din Ia\u0219i, v\u0103 rug\u0103m s\u0103 completa\u021bi un scurt chestionar pe care \u00eel pute\u021bi accesa utiliz\u00e2nd acest link:<\/p>\n<p><a href=\"https:\/\/goo.gl\/forms\/xPnXvxNfQl20HhNo2\">https:\/\/goo.gl\/forms\/xPnXvxNfQl20HhNo2<\/a><\/p>\n<p>De asemeni, trimite\u021bi acest mesaj pe grupurile dumneavoastr\u0103, constituite cu ocazia \u00eent\u00e2lnirilor de promo\u021bie, pentru a-l completa c\u00e2t mai mul\u021bi colegi.<\/p>\n","protected":false},"excerpt":{"rendered":"<p>Pentru a putea completa\/l\u0103rgi baza de date a absolven\u021bilor Facult\u0103\u021bii de Fizic\u0103 din Ia\u0219i, v\u0103 rug\u0103m s\u0103 completa\u021bi un scurt chestionar pe care \u00eel pute\u021bi accesa utiliz\u00e2nd acest link: https:\/\/goo.gl\/forms\/xPnXvxNfQl20HhNo2 De asemeni, trimite\u021bi acest mesaj pe grupurile dumneavoastr\u0103, constituite cu ocazia \u00eent\u00e2lnirilor de promo\u021bie, pentru a-l completa c\u00e2t mai mul\u021bi colegi.<\/p>\n","protected":false},"author":3,"featured_media":0,"parent":99,"menu_order":0,"comment_status":"closed","ping_status":"closed","template":"","meta":{"footnotes":""},"class_list":["post-5666","page","type-page","status-publish","hentry"],"_links":{"self":[{"href":"https:\/\/www.phys.uaic.ro\/index.php\/wp-json\/wp\/v2\/pages\/5666","targetHints":{"allow":["GET"]}}],"collection":[{"href":"https:\/\/www.phys.uaic.ro\/index.php\/wp-json\/wp\/v2\/pages"}],"about":[{"href":"https:\/\/www.phys.uaic.ro\/index.php\/wp-json\/wp\/v2\/types\/page"}],"author":[{"embeddable":true,"href":"https:\/\/www.phys.uaic.ro\/index.php\/wp-json\/wp\/v2\/users\/3"}],"replies":[{"embeddable":true,"href":"https:\/\/www.phys.uaic.ro\/index.php\/wp-json\/wp\/v2\/comments?post=5666"}],"version-history":[{"count":0,"href":"https:\/\/www.phys.uaic.ro\/index.php\/wp-json\/wp\/v2\/pages\/5666\/revisions"}],"up":[{"embeddable":true,"href":"https:\/\/www.phys.uaic.ro\/index.php\/wp-json\/wp\/v2\/pages\/99"}],"wp:attachment":[{"href":"https:\/\/www.phys.uaic.ro\/index.php\/wp-json\/wp\/v2\/media?parent=5666"}],"curies":[{"name":"wp","href":"https:\/\/api.w.org\/{rel}","templated":true}]}}