{"id":5691,"date":"2018-12-19T14:19:56","date_gmt":"2018-12-19T14:19:56","guid":{"rendered":"http:\/\/www.phys.uaic.ro\/?page_id=5691"},"modified":"2025-01-27T12:12:37","modified_gmt":"2025-01-27T10:12:37","slug":"corneliu-doroftei-abilitare","status":"publish","type":"page","link":"https:\/\/www.phys.uaic.ro\/index.php\/scoala-doctorala\/sustineri-teze-abilitare\/corneliu-doroftei-abilitare\/","title":{"rendered":"Sus\u021binerea tezei de abilitare a domnului C.S.III Dr. Corneliu DOROFTEI"},"content":{"rendered":"<p>Sune\u021bi invita\u021bi s\u0103 participa\u021bi la sus\u021binerea public\u0103 a tezei de abilitare<\/p>\n<p><b>Cercet\u0103ri privind \u00eembun\u0103t\u0103\u0163irea propriet\u0103\u0163ilor func\u0163ionale ale unor compu\u015fi oxidici nanostructura\u0163i<\/b><\/p>\n<p>elaborata de domnul C.S.III Dr. Corneliu DOROFTEI &#8211; CERNESIM, Universitatea Alexandru Ioan Cuza din Ia\u0219i. Prezentarea tezei va avea loc \u00een data de 14.06.2019, de la ora 11 \u00een Laboratorul de Fizic\u0103 Molecular\u0103.<\/p>\n<p><b>CV Corneliu DOROFTEI<\/b> <img decoding=\"async\" style=\"vertical-align: top; width: 20px; height: 20px;\" src=\"http:\/\/www.phys.uaic.ro\/wp\/imagini\/pdf-icon.png\" alt=\"pdf\" \/><\/p>\n<p><b>Rezumatul tezei de abilitare<\/b> <img decoding=\"async\" style=\"vertical-align: top; width: 20px; height: 20px;\" src=\"http:\/\/www.phys.uaic.ro\/wp\/imagini\/pdf-icon.png\" alt=\"pdf\" \/><\/p>\n<p><b>Summary of Habilitation Thesis<\/b> <img decoding=\"async\" style=\"vertical-align: top; width: 20px; height: 20px;\" src=\"http:\/\/www.phys.uaic.ro\/wp\/imagini\/pdf-icon.png\" alt=\"pdf\" \/><\/p>\n<p><b>Lista de lucr\u0103ri<\/b> <img decoding=\"async\" style=\"vertical-align: top; width: 20px; height: 20px;\" src=\"http:\/\/www.phys.uaic.ro\/wp\/imagini\/pdf-icon.png\" alt=\"pdf\" \/><\/p>\n<p><b>Fi\u0219a de \u00eendeplinire a standardelor minimale CNATDCU<\/b> <img decoding=\"async\" style=\"vertical-align: top; width: 20px; height: 20px;\" src=\"http:\/\/www.phys.uaic.ro\/wp\/imagini\/pdf-icon.png\" alt=\"pdf\" \/><\/p>\n<p><b>Componen\u021ba comisiei de abilitare<\/b>:<\/p>\n<ul>\n<li>Prof. univ. Dr. \u0218tefan ANTOHE, Universitatea din Bucure\u0219ti;<\/li>\n<li>Prof. univ. Dr. Viorica SIMON , Universitatea Babe\u0219-Bolyai, Cluj-Napoca;<\/li>\n<li>Prof. univ. Dr. habil. Liviu LEONTIE, Universitatea Alexandru Ioan Cuza din Ia\u0219i.<\/li>\n<\/ul>\n<p><b>Raportul comisiei de abilitare<\/b> <img decoding=\"async\" style=\"vertical-align: top; width: 20px; height: 20px;\" src=\"http:\/\/www.phys.uaic.ro\/wp\/imagini\/pdf-icon.png\" alt=\"pdf\" \/><\/p>\n","protected":false},"excerpt":{"rendered":"<p>Sune\u021bi invita\u021bi s\u0103 participa\u021bi la sus\u021binerea public\u0103 a tezei de abilitare Cercet\u0103ri privind \u00eembun\u0103t\u0103\u0163irea propriet\u0103\u0163ilor func\u0163ionale ale unor compu\u015fi oxidici nanostructura\u0163i elaborata de domnul C.S.III Dr. Corneliu DOROFTEI &#8211; CERNESIM, Universitatea Alexandru Ioan Cuza din Ia\u0219i. Prezentarea tezei va avea loc \u00een data de 14.06.2019, de la ora 11 \u00een Laboratorul de Fizic\u0103 Molecular\u0103. CV Corneliu DOROFTEI Rezumatul\u2026 <span class=\"read-more\"><a href=\"https:\/\/www.phys.uaic.ro\/index.php\/scoala-doctorala\/sustineri-teze-abilitare\/corneliu-doroftei-abilitare\/\">Read More &raquo;<\/a><\/span><\/p>\n","protected":false},"author":3,"featured_media":0,"parent":160,"menu_order":0,"comment_status":"closed","ping_status":"closed","template":"","meta":{"footnotes":""},"class_list":["post-5691","page","type-page","status-publish","hentry"],"_links":{"self":[{"href":"https:\/\/www.phys.uaic.ro\/index.php\/wp-json\/wp\/v2\/pages\/5691","targetHints":{"allow":["GET"]}}],"collection":[{"href":"https:\/\/www.phys.uaic.ro\/index.php\/wp-json\/wp\/v2\/pages"}],"about":[{"href":"https:\/\/www.phys.uaic.ro\/index.php\/wp-json\/wp\/v2\/types\/page"}],"author":[{"embeddable":true,"href":"https:\/\/www.phys.uaic.ro\/index.php\/wp-json\/wp\/v2\/users\/3"}],"replies":[{"embeddable":true,"href":"https:\/\/www.phys.uaic.ro\/index.php\/wp-json\/wp\/v2\/comments?post=5691"}],"version-history":[{"count":0,"href":"https:\/\/www.phys.uaic.ro\/index.php\/wp-json\/wp\/v2\/pages\/5691\/revisions"}],"up":[{"embeddable":true,"href":"https:\/\/www.phys.uaic.ro\/index.php\/wp-json\/wp\/v2\/pages\/160"}],"wp:attachment":[{"href":"https:\/\/www.phys.uaic.ro\/index.php\/wp-json\/wp\/v2\/media?parent=5691"}],"curies":[{"name":"wp","href":"https:\/\/api.w.org\/{rel}","templated":true}]}}