{"id":58,"date":"2018-02-14T08:38:54","date_gmt":"2018-02-14T08:38:54","guid":{"rendered":"http:\/\/www.phys.uaic.ro\/?page_id=58"},"modified":"2025-08-14T08:44:56","modified_gmt":"2025-08-14T05:44:56","slug":"admitere","status":"publish","type":"page","link":"https:\/\/www.phys.uaic.ro\/index.php\/admitere\/","title":{"rendered":"Admitere"},"content":{"rendered":"<h1 style=\"text-align: center;\"><span style=\"font-size: 36pt; color: #3366ff;\">Admitere septembrie 2025<\/span><\/h1>\n<h1><a href=\"https:\/\/www.phys.uaic.ro\/index.php\/admitere-studii-licenta-septembrie-2025\/\" target=\"_blank\" rel=\"noopener\"><strong>Admitere licen\u021b\u0103 septembrie 2025, locuri la buget!\u00a0<\/strong><\/a><\/h1>\n<h1><a href=\"https:\/\/www.phys.uaic.ro\/index.php\/organizarea-admiterii-la-master-septembrie-2025\/\" target=\"_blank\" rel=\"noopener\"><strong>Admitere master septembrie 2025, locuri la buget!<\/strong><\/a><\/h1>\n<p>&nbsp;<\/p>\n<h1 style=\"text-align: center;\"><span style=\"font-size: 36pt; color: #3366ff;\">Admitere iulie 2025<\/span><\/h1>\n<p>&nbsp;<\/p>\n<p><span style=\"font-size: 24pt;\"><strong>LICEN\u0162\u0102<\/strong><\/span><\/p>\n<p><a href=\"https:\/\/www.phys.uaic.ro\/index.php\/rezultate-admitere-studii-licenta-iulie-2025\/\" target=\"_blank\" rel=\"noopener\"><strong><span style=\"font-size: 14pt;\">Rezultate admitere licen\u021b\u0103 iulie 2025<\/span><\/strong><\/a><\/p>\n<h3><a href=\"https:\/\/www.phys.uaic.ro\/index.php\/numarul-de-locuri-la-licenta-iulie-2025\/\" target=\"_blank\" rel=\"noopener\">Num\u0103rul de locuri licen\u021b\u0103<\/a><\/h3>\n<p><strong>Perioada admiterii<\/strong><\/p>\n<ul>\n<li><strong>\u00censcriere \u0219i depunerea dosarelor<\/strong>: <strong>7-12 iulie 2025 (online \u0219i fizic \u00een laboratorul de informatic\u0103 \u2013 demisol)<\/strong>\n<ul>\n<li><strong><span style=\"font-size: 12pt;\">7-11 iulie <\/span>2025<\/strong>, <strong>9:00-16:00<\/strong><\/li>\n<li>s\u00e2mb\u0103t\u0103, <strong>12 iulie<\/strong> 2025: <strong>9:00-13:00<\/strong><\/li>\n<\/ul>\n<\/li>\n<li>Conturile de acces pe platforma de admitere: <a href=\"https:\/\/eadmitere.uaic.ro\">eadmitere.uaic.ro<\/a> vor putea fi create p\u00e2n\u0103 cel t\u00e2rziu\u00a0s\u00e2mb\u0103t\u0103, <strong>12 iulie<\/strong> 2025, <strong>ora 12:00<\/strong><\/li>\n<\/ul>\n<p>&nbsp;<\/p>\n<ul>\n<li><strong>Selec\u021bia candida\u021bilor \u0219i afi\u0219area rezultatelor <\/strong>(pentru <strong>toate tururile de confirm\u0103ri<\/strong>): <strong>13-31 iulie 2025<\/strong>:\n<ul>\n<li><strong>turul I:<\/strong>\n<ul>\n<li>selec\u021bia \u0219i afi\u0219are: <strong>14-15 iulie 2025<\/strong>.<\/li>\n<li>confirm\u0103ri: <strong>15-18 iulie 2025<\/strong>, orele 9-15, la secretariatul Facult\u0103\u021bii de Fizica.<\/li>\n<\/ul>\n<\/li>\n<\/ul>\n<p><strong>\u00a0<\/strong><\/p>\n<ul>\n<li><strong>turul II:<\/strong>\n<ul>\n<li>afi\u0219are: <strong>21 iulie 2025<\/strong>.<\/li>\n<li>confirm\u0103ri: <strong>22-25 iulie 2025<\/strong>, orele 9-15, la secretariatul Facult\u0103\u021bii de Fizica.<\/li>\n<\/ul>\n<\/li>\n<\/ul>\n<p><strong>\u00a0<\/strong><\/p>\n<ul>\n<li><strong>turul III:<\/strong>\n<ul>\n<li>afi\u0219are: <strong>28 iulie 2025<\/strong>.<\/li>\n<li>confirm\u0103ri: <strong>29-31 iulie 2025<\/strong>, orele 9-12, la secretariatul Facultatii de Fizica.<\/li>\n<\/ul>\n<\/li>\n<\/ul>\n<p>&nbsp;<\/p>\n<p style=\"text-align: left;\">pentru mai multe informa\u021bii urmeaz\u0103 link-ul urm\u0103tor:<\/p>\n<p style=\"text-align: left;\"><a href=\"https:\/\/www.phys.uaic.ro\/index.php\/admitere-studii-licenta-iulie-2025\/\" target=\"_blank\" rel=\"noopener\">Admitere studii licen\u021b\u0103 \u2013 iulie 2025<\/a><\/p>\n<p><span style=\"font-size: 18pt;\"><strong>MASTER<\/strong><\/span><\/p>\n<h3><\/h3>\n<\/li>\n<\/ul>\n<p><a href=\"https:\/\/www.phys.uaic.ro\/index.php\/organizarea-admiterii-la-master-iulie-2025-2\/\" target=\"_blank\" rel=\"noopener\"><strong>Rezultate admitere master iulie 2025<\/strong><\/a><\/p>\n<h3><a href=\"https:\/\/www.phys.uaic.ro\/index.php\/numarul-de-locuri-la-master-iulie-2025\/\" target=\"_blank\" rel=\"noopener\">Num\u0103rul de locuri master<\/a><\/h3>\n<h3><\/h3>\n<h3><strong>Perioada admiterii<\/strong><\/h3>\n<ul>\n<li><strong>\u00censcriere \u0219i depunerea dosarelor<\/strong>: <strong>14-19 iulie 2025 (online \u0219i fizic \u00een laboratorul de informatic\u0103 \u2013 demisol)<\/strong>\n<ul>\n<li><strong>14-18 iulie 2025<\/strong>, <strong>9:00-16:00<\/strong><\/li>\n<li>s\u00e2mb\u0103t\u0103, <strong>19 iulie<\/strong> 2025: <strong>9:00-13:00<\/strong><\/li>\n<\/ul>\n<\/li>\n<li>Conturile de acces pe platforma de admitere: <a href=\"https:\/\/eadmitere.uaic.ro\">eadmitere.uaic.ro<\/a> vor putea fi create p\u00e2n\u0103 cel t\u00e2rziu\u00a0s\u00e2mb\u0103t\u0103, <strong>19 iulie<\/strong> 2025, <strong>ora 12:00<\/strong><\/li>\n<\/ul>\n<p>&nbsp;<\/p>\n<p><strong>Selec\u021bia candida\u021bilor \u0219i afi\u0219area rezultatelor <\/strong>(pentru <strong>toate tururile de confirm\u0103ri<\/strong>): <strong>21-31 iulie 2025<\/strong>:<\/p>\n<p><strong>turul I:<\/strong><\/p>\n<ul>\n<li>afisare: <strong>21-22 iulie 2025<\/strong>.<\/li>\n<li>confirm\u0103ri: <strong>22-25 iulie 2025<\/strong>, orele 9-15, la secretariatul Facultatii de Fizica.<\/li>\n<\/ul>\n<p><strong>\u00a0<\/strong><strong>turul II:<\/strong><\/p>\n<ul>\n<li>afisare: <strong>28 iulie 2025<\/strong>.<\/li>\n<li>confirm\u0103ri: <strong>29-31 iulie 2025<\/strong>, orele 9-12, la secretariatul Facultatii de Fizica.<\/li>\n<\/ul>\n<p>&nbsp;<\/p>\n<ul>\n<li>pentru mai multe informa\u021bii urmeaz\u0103 link-ul urm\u0103tor:<a href=\"https:\/\/www.phys.uaic.ro\/index.php\/organizarea-admiterii-la-master-iulie-2025-2\/\" target=\"_blank\" rel=\"noopener\">Organizarea admiterii la MASTER \u2013 iulie 2025<\/a><br \/>\n<h2>Admitere \u00een 3 pa\u0219i simpli cu un super-asistent pentru un super-candidat<\/h2>\n<p><img loading=\"lazy\" decoding=\"async\" class=\"aligncenter wp-image-24889 size-full\" src=\"https:\/\/www.phys.uaic.ro\/wp-content\/uploads\/2025\/06\/pas1_2025-scaled.png\" alt=\"\" width=\"2560\" height=\"1280\" srcset=\"https:\/\/www.phys.uaic.ro\/wp-content\/uploads\/2025\/06\/pas1_2025-scaled.png 2560w, https:\/\/www.phys.uaic.ro\/wp-content\/uploads\/2025\/06\/pas1_2025-300x150.png 300w, https:\/\/www.phys.uaic.ro\/wp-content\/uploads\/2025\/06\/pas1_2025-768x384.png 768w, https:\/\/www.phys.uaic.ro\/wp-content\/uploads\/2025\/06\/pas1_2025-1024x512.png 1024w, https:\/\/www.phys.uaic.ro\/wp-content\/uploads\/2025\/06\/pas1_2025-1536x768.png 1536w, https:\/\/www.phys.uaic.ro\/wp-content\/uploads\/2025\/06\/pas1_2025-2048x1024.png 2048w, https:\/\/www.phys.uaic.ro\/wp-content\/uploads\/2025\/06\/pas1_2025-665x333.png 665w\" sizes=\"auto, (max-width: 2560px) 100vw, 2560px\" \/><\/p>\n<div>\n<h2>Preg\u0103te\u0219te documentele<\/h2>\n<p><a href=\"https:\/\/www.phys.uaic.ro\/index.php\/actele-necesare-la-licenta-iulie-2025\/\" target=\"_blank\" rel=\"noopener\">Actele necesare la licen\u021b\u0103 iulie 2025<\/a><\/p>\n<p><a href=\"https:\/\/www.phys.uaic.ro\/index.php\/actele-necesare-la-master-iulie-2025-2\/\" target=\"_blank\" rel=\"noopener\">Actele necesare la master iulie 2025<\/a><\/p>\n<h2>Alege specializarea<\/h2>\n<p>Iat\u0103 c\u00e2teva sugestii cu mai multe detalii:<\/p>\n<ul>\n<li><a href=\"https:\/\/www.phys.uaic.ro\/index.php\/viitori-studenti\/prezentare\/pliante-licenta\/\" target=\"_blank\" rel=\"noopener\">pentru studii de licen\u021b\u0103<\/a><\/li>\n<li><a href=\"https:\/\/www.phys.uaic.ro\/index.php\/viitori-studenti\/prezentare\/pliante-master\/\" target=\"_blank\" rel=\"noopener\">pentru studii de master\u00a0<\/a><\/li>\n<\/ul>\n<p>\u00eenc\u0103 nehot\u0103r\u00e2t?<\/p>\n<p><span style=\"color: #ff0000;\"><strong><a style=\"color: #ff0000;\" href=\"https:\/\/www.phys.uaic.ro\/index.php\/prima-pagina\/contact\/\">Ne g\u0103se\u0219ti \u0219i pe e-mail, facebook, la telefon sau ne po\u021bi face o vizit\u0103<\/a><\/strong><\/span><\/p>\n<\/div>\n<div>\n<h3><strong>Condi\u021bii de admitere \u0219i taxe<\/strong><\/h3>\n<p><a href=\"https:\/\/www.phys.uaic.ro\/index.php\/conditii-de-admitere-si-taxe-la-licenta-2025\/\" target=\"_blank\" rel=\"noopener\">Condi\u021bii de admitere \u0219i taxe la licen\u021b\u0103 iulie 2025<\/a><\/p>\n<p><a href=\"https:\/\/www.phys.uaic.ro\/index.php\/conditii-de-admitere-si-taxe-la-master-iulie-2025\/\" target=\"_blank\" rel=\"noopener\">Condi\u021bii de admitere \u0219i taxe la master iulie 2025<\/a><\/p>\n<p><a href=\"https:\/\/www.phys.uaic.ro\/index.php\/conditii-de-admitere-pentru-candidatii-olimpici\/\" target=\"_blank\" rel=\"noopener\">Condi\u021bii de admitere pentru candida\u021bii olimpici<\/a><\/p>\n<h2><span style=\"font-size: 18pt;\">Creare cont -&gt; Login<\/span><\/h2>\n<p><span style=\"font-size: 14pt;\"><strong>Conturile de acces<\/strong> se vor crea pe platforma <a href=\"https:\/\/eadmitere.uaic.ro\" target=\"_blank\" rel=\"noopener\"><strong>eadmitere.uaic.ro<\/strong><\/a><\/span><\/p>\n<\/div>\n<style>\n       .errordiv { padding:10px; margin:10px; border: 1px solid #555555;color: #000000;background-color: #f8f8f8; width:500px; }#advanced_iframe {visibility:visible;opacity:1;vertical-align:top;}.ai-info-bottom-iframe { position: fixed; z-index: 10000; bottom:0; left: 0; margin: 0px; text-align: center; width: 100%; background-color: #ff9999; padding-left: 5px;padding-bottom: 5px; border-top: 1px solid #aaa } a.ai-bold {font-weight: bold;}#ai-layer-div-advanced_iframe p {height:100%;margin:0;padding:0}<\/style><script type=\"text\/javascript\">var ai_iframe_width_advanced_iframe = 0;var ai_iframe_height_advanced_iframe = 0;var aiOnloadScrollTop=\"true\";var aiShowDebug=false;\n\t\tif (typeof aiReadyCallbacks === 'undefined') {\n\t\t\tvar aiReadyCallbacks = [];\n\t\t} else if (!(aiReadyCallbacks instanceof Array)) {\n\t\t\tvar aiReadyCallbacks = [];\n\t\t}    function aiShowIframeId(id_iframe) { jQuery(\"#\"+id_iframe).css(\"visibility\", \"visible\");    }    function aiResizeIframeHeight(height) { aiResizeIframeHeight(height,advanced_iframe); }    function aiResizeIframeHeightId(height,width,id) {aiResizeIframeHeightById(id,height);}<\/script><iframe id=\"advanced_iframe\"  name=\"advanced_iframe\"  src=\"https:\/\/eadmitere.uaic.ro\/auth\/register\"  width=\"100%\"  height=\"600\"  frameborder=\"0\"  border=\"0\"  allowtransparency=\"true\"  loading=\"lazy\"  style=\";border-width: 0px;;border: none;;width:100%;;height:600px;\" ><\/iframe><script type=\"text\/javascript\">var ifrm_advanced_iframe = document.getElementById(\"advanced_iframe\");var hiddenTabsDoneadvanced_iframe = false;\nfunction resizeCallbackadvanced_iframe() {}<\/script><script type=\"text\/javascript\"><\/script><p style=\"display:block !important; visibility:visible !important;margin: -18px 14px 0 0;padding-left: 3px;padding-top:3px;background: white; overflow: hidden; position: relative; line-height:15px;width: fit-content;\"><small style=\"display:block !important;visibility:visible !important\">powered by Advanced iFrame<\/small><\/p>\n<p>&nbsp;<\/p>\n<hr \/>\n<hr \/>\n<div style=\"text-align: center;\">\n<h2><b>Selec\u021bia candida\u021bilor \u0219i afi\u0219area rezultatelor<\/b><\/h2>\n<p><img loading=\"lazy\" decoding=\"async\" class=\"aligncenter wp-image-19671 size-large\" src=\"https:\/\/www.phys.uaic.ro\/wp-content\/uploads\/2023\/06\/2_Banner_2-1024x512.png\" alt=\"\" width=\"665\" height=\"333\" srcset=\"https:\/\/www.phys.uaic.ro\/wp-content\/uploads\/2023\/06\/2_Banner_2-1024x512.png 1024w, https:\/\/www.phys.uaic.ro\/wp-content\/uploads\/2023\/06\/2_Banner_2-300x150.png 300w, https:\/\/www.phys.uaic.ro\/wp-content\/uploads\/2023\/06\/2_Banner_2-768x384.png 768w, https:\/\/www.phys.uaic.ro\/wp-content\/uploads\/2023\/06\/2_Banner_2-1536x768.png 1536w, https:\/\/www.phys.uaic.ro\/wp-content\/uploads\/2023\/06\/2_Banner_2-2048x1024.png 2048w, https:\/\/www.phys.uaic.ro\/wp-content\/uploads\/2023\/06\/2_Banner_2-665x333.png 665w\" sizes=\"auto, (max-width: 665px) 100vw, 665px\" \/><\/p>\n<p>&nbsp;<\/p>\n<p><img loading=\"lazy\" decoding=\"async\" class=\"alignnone wp-image-19672 size-large\" src=\"https:\/\/www.phys.uaic.ro\/wp-content\/uploads\/2023\/06\/2_Banner_3-1024x512.png\" alt=\"\" width=\"665\" height=\"333\" srcset=\"https:\/\/www.phys.uaic.ro\/wp-content\/uploads\/2023\/06\/2_Banner_3-1024x512.png 1024w, https:\/\/www.phys.uaic.ro\/wp-content\/uploads\/2023\/06\/2_Banner_3-300x150.png 300w, https:\/\/www.phys.uaic.ro\/wp-content\/uploads\/2023\/06\/2_Banner_3-768x384.png 768w, https:\/\/www.phys.uaic.ro\/wp-content\/uploads\/2023\/06\/2_Banner_3-1536x768.png 1536w, https:\/\/www.phys.uaic.ro\/wp-content\/uploads\/2023\/06\/2_Banner_3-2048x1024.png 2048w, https:\/\/www.phys.uaic.ro\/wp-content\/uploads\/2023\/06\/2_Banner_3-665x333.png 665w\" sizes=\"auto, (max-width: 665px) 100vw, 665px\" \/><\/p>\n<p style=\"text-align: left;\"><a href=\"https:\/\/www.phys.uaic.ro\/index.php\/admitere-studii-licenta-iulie-2025\/\" target=\"_blank\" rel=\"noopener\">Admitere studii licen\u021b\u0103 \u2013 iulie 2025<\/a><\/p>\n<p style=\"text-align: left;\"><a href=\"https:\/\/www.phys.uaic.ro\/index.php\/organizarea-admiterii-la-master-iulie-2025-2\/\" target=\"_blank\" rel=\"noopener\">Organizarea admiterii la MASTER \u2013 iulie 2025<\/a><\/p>\n<\/div>\n<p><!--\n\n\n<p style=\"text-align: center;\"><a href=\"https:\/\/admitere.uaic.ro\/metodologia-de-admitere-la-studii-universitare-de-licenta-si-anexe\/\" target=\"_blank\" rel=\"noopener\">Me<strong>todologia admitere studii de licen\u021b\u0103 2022-2023<\/strong><\/a><\/p>\n\n\n\n\n<p style=\"text-align: center;\"><strong><a href=\"https:\/\/admitere.uaic.ro\/metodologia-de-admitere-la-studii-universitare-de-master-si-anexe\/\" target=\"_blank\" rel=\"noopener\">Metodologia admitere studii de master 2022-2023<\/a><\/strong><\/p>\n\n\n\n\n\n<ul>\n \t\n\n<li><a href=\"http:\/\/www.phys.uaic.ro\/index.php\/admitere\/admitere-licenta\">Admiterea la studii de licen\u021b\u0103<\/a>\n\n\n<ul style=\"list-style-type: none;\">\n \t\n\n<li><a href=\"http:\/\/www.phys.uaic.ro\/index.php\/admitere\/admitere-licenta\/proceduri-admitere-licenta-stare-urgenta\">Proceduri admitere la studii de licen\u021b\u0103 pentru starea de urgen\u021b\u0103<\/a><\/li>\n\n\n<\/ul>\n\n\n<\/li>\n\n\n \t\n\n<li><a href=\"http:\/\/www.phys.uaic.ro\/index.php\/admitere\/admitere-master\">Admiterea la studii de master<\/a>\n\n\n<ul style=\"list-style-type: none;\">\n \t\n\n<li><a href=\"http:\/\/www.phys.uaic.ro\/index.php\/admitere\/admitere-master\/proceduri-admitere-master-stare-urgenta\">Proceduri admitere la studii de master pentru starea de urgen\u021b\u0103<\/a><\/li>\n\n\n<\/ul>\n\n\n<\/li>\n\n\n \t\n\n<li><a href=\"https:\/\/www.phys.uaic.ro\/index.php\/admitere\/romani-de-pretutindeni\">Romani de pretutindeni<\/a><\/li>\n\n\n<\/ul>\n\n\n<!--\n \t\n\n<li><a href=\"https:\/\/www.phys.uaic.ro\/index.php\/admitere\/call-center-admitere\">Call center<\/a><\/li>\n\n\n--><\/li>\n<\/ul>\n","protected":false},"excerpt":{"rendered":"<p>Admitere septembrie 2025 Admitere licen\u021b\u0103 septembrie 2025, locuri la buget!\u00a0 Admitere master septembrie 2025, locuri la buget! &nbsp; Admitere iulie 2025 &nbsp; LICEN\u0162\u0102 Rezultate admitere licen\u021b\u0103 iulie 2025 Num\u0103rul de locuri licen\u021b\u0103 Perioada admiterii \u00censcriere \u0219i depunerea dosarelor: 7-12 iulie 2025 (online \u0219i fizic \u00een laboratorul de informatic\u0103 \u2013 demisol) 7-11 iulie 2025, 9:00-16:00 s\u00e2mb\u0103t\u0103, 12 iulie 2025:\u2026 <span class=\"read-more\"><a href=\"https:\/\/www.phys.uaic.ro\/index.php\/admitere\/\">Read More &raquo;<\/a><\/span><\/p>\n","protected":false},"author":3,"featured_media":0,"parent":0,"menu_order":0,"comment_status":"closed","ping_status":"closed","template":"","meta":{"footnotes":""},"class_list":["post-58","page","type-page","status-publish","hentry"],"_links":{"self":[{"href":"https:\/\/www.phys.uaic.ro\/index.php\/wp-json\/wp\/v2\/pages\/58","targetHints":{"allow":["GET"]}}],"collection":[{"href":"https:\/\/www.phys.uaic.ro\/index.php\/wp-json\/wp\/v2\/pages"}],"about":[{"href":"https:\/\/www.phys.uaic.ro\/index.php\/wp-json\/wp\/v2\/types\/page"}],"author":[{"embeddable":true,"href":"https:\/\/www.phys.uaic.ro\/index.php\/wp-json\/wp\/v2\/users\/3"}],"replies":[{"embeddable":true,"href":"https:\/\/www.phys.uaic.ro\/index.php\/wp-json\/wp\/v2\/comments?post=58"}],"version-history":[{"count":0,"href":"https:\/\/www.phys.uaic.ro\/index.php\/wp-json\/wp\/v2\/pages\/58\/revisions"}],"wp:attachment":[{"href":"https:\/\/www.phys.uaic.ro\/index.php\/wp-json\/wp\/v2\/media?parent=58"}],"curies":[{"name":"wp","href":"https:\/\/api.w.org\/{rel}","templated":true}]}}