{"id":5870,"date":"2019-01-31T01:16:00","date_gmt":"2019-01-31T01:16:00","guid":{"rendered":"http:\/\/www.phys.uaic.ro\/?page_id=5870"},"modified":"2025-02-03T07:53:47","modified_gmt":"2025-02-03T05:53:47","slug":"standarde-elaborare-teza","status":"publish","type":"page","link":"https:\/\/www.phys.uaic.ro\/index.php\/scoala-doctorala\/standarde-elaborare-teza\/","title":{"rendered":"Standardele de elaborare a tezei"},"content":{"rendered":"<p><strong><em><a href=\"https:\/\/www.phys.uaic.ro\/wp-content\/uploads\/2025\/02\/OM-Standarde-minimale-conferire-titlu-doctor.pdf\"><span style=\"font-size: 14pt; color: #ff0000;\"><span style=\"font-size: 18pt;\">Standarde minimale na\u021bionale necesare \u0219i obligatorii pentru conferirea diplomei de doctor-2025<\/span><\/span><\/a><\/em><\/strong><\/p>\n<p><strong><em><a href=\"https:\/\/www.phys.uaic.ro\/wp\/scoala-doctorala\/standarde-teza\/criterii-atribuire-calificative-teze-doctorat-2018.pdf\">Criteriile recomandate de Comisia de Fizic\u0103 a CNATDCU pentru atribuirea calificativelor tezelor de doctorat raman aceleasi ca cele din 2018<\/a>.<\/em><\/strong><\/p>\n<p>&nbsp;<\/p>\n<p>Standarde care se aplic\u0103 doctoranzilor \u00eenmatricula\u021bi \u00eencep\u00e2nd cu anul 2018<\/p>\n<ul>\n<li><a href=\"http:\/\/www.phys.uaic.ro\/wp\/scoala-doctorala\/standarde-teza\/criterii-atribuire-calificative-teze-doctorat-2018.pdf\">Criterii recomandate de Comisia de Fizic\u0103 a CNATDCU pentru atribuirea calificativelor tezelor de doctorat &#8211; 2018<\/a><\/li>\n<\/ul>\n<p>Standarde care se aplic\u0103 doctoranzilor \u00eenmatricula\u021bi \u00eencep\u00e2nd cu anul 2012<\/p>\n<ul>\n<li><a href=\"http:\/\/www.phys.uaic.ro\/wp\/scoala-doctorala\/standarde-teza\/criterii-atribuire-calificative-teze-doctorat-2012.pdf\">Criterii recomandate de Comisia de Fizic\u0103 a CNATDCU pentru atribuirea calificativelor tezelor de doctorat &#8211; 2012<\/a><\/li>\n<\/ul>\n","protected":false},"excerpt":{"rendered":"<p>Standarde minimale na\u021bionale necesare \u0219i obligatorii pentru conferirea diplomei de doctor-2025 Criteriile recomandate de Comisia de Fizic\u0103 a CNATDCU pentru atribuirea calificativelor tezelor de doctorat raman aceleasi ca cele din 2018. &nbsp; Standarde care se aplic\u0103 doctoranzilor \u00eenmatricula\u021bi \u00eencep\u00e2nd cu anul 2018 Criterii recomandate de Comisia de Fizic\u0103 a CNATDCU pentru atribuirea calificativelor tezelor de doctorat &#8211; 2018\u2026 <span class=\"read-more\"><a href=\"https:\/\/www.phys.uaic.ro\/index.php\/scoala-doctorala\/standarde-elaborare-teza\/\">Read More &raquo;<\/a><\/span><\/p>\n","protected":false},"author":3,"featured_media":0,"parent":365,"menu_order":0,"comment_status":"closed","ping_status":"closed","template":"","meta":{"footnotes":""},"class_list":["post-5870","page","type-page","status-publish","hentry"],"_links":{"self":[{"href":"https:\/\/www.phys.uaic.ro\/index.php\/wp-json\/wp\/v2\/pages\/5870","targetHints":{"allow":["GET"]}}],"collection":[{"href":"https:\/\/www.phys.uaic.ro\/index.php\/wp-json\/wp\/v2\/pages"}],"about":[{"href":"https:\/\/www.phys.uaic.ro\/index.php\/wp-json\/wp\/v2\/types\/page"}],"author":[{"embeddable":true,"href":"https:\/\/www.phys.uaic.ro\/index.php\/wp-json\/wp\/v2\/users\/3"}],"replies":[{"embeddable":true,"href":"https:\/\/www.phys.uaic.ro\/index.php\/wp-json\/wp\/v2\/comments?post=5870"}],"version-history":[{"count":0,"href":"https:\/\/www.phys.uaic.ro\/index.php\/wp-json\/wp\/v2\/pages\/5870\/revisions"}],"up":[{"embeddable":true,"href":"https:\/\/www.phys.uaic.ro\/index.php\/wp-json\/wp\/v2\/pages\/365"}],"wp:attachment":[{"href":"https:\/\/www.phys.uaic.ro\/index.php\/wp-json\/wp\/v2\/media?parent=5870"}],"curies":[{"name":"wp","href":"https:\/\/api.w.org\/{rel}","templated":true}]}}