{"id":6754,"date":"2019-06-03T20:33:51","date_gmt":"2019-06-03T20:33:51","guid":{"rendered":"http:\/\/www.phys.uaic.ro\/?page_id=6754"},"modified":"2019-06-03T20:33:51","modified_gmt":"2019-06-03T20:33:51","slug":"rezultate-confirmate-admitere-master-iulie-2019","status":"publish","type":"page","link":"https:\/\/www.phys.uaic.ro\/index.php\/admitere\/admitere-master\/admitere-master-iulie-2019\/rezultate-confirmate-admitere-master-iulie-2019\/","title":{"rendered":"Rezultate admitere la master dup\u0103 confirmarea locurilor iulie 2019"},"content":{"rendered":"<ul>\n<li><a href=\"http:\/\/www.phys.uaic.ro\/wp\/admitere\/iulie-2019\/lista-confirmate-buget-master-iulie-2019.pdf\">Lista candida\u0163ilor admi\u0219i, cu finan\u0163are de la buget &#8211; ordona\u0163i dup\u0103 media general\u0103, descresc\u0103tor<\/a> <img decoding=\"async\" style=\"vertical-align: top; width: 20px; height: 20px;\" src=\"http:\/\/www.phys.uaic.ro\/wp\/imagini\/pdf-icon.png\" alt=\"pdf\" \/><\/li>\n<\/ul>\n<ul>\n<li><a href=\"http:\/\/www.phys.uaic.ro\/wp\/admitere\/iulie-2019\/lista-confirmate-taxe-master-iulie-2019.pdf\">Lista candida\u0163ilor admi\u0219i, cu finan\u0163are din taxe &#8211; ordona\u0163i dup\u0103 media general\u0103, descresc\u0103tor<\/a> <img decoding=\"async\" style=\"vertical-align: top; width: 20px; height: 20px;\" src=\"http:\/\/www.phys.uaic.ro\/wp\/imagini\/pdf-icon.png\" alt=\"pdf\" \/><\/li>\n<\/ul>\n","protected":false},"excerpt":{"rendered":"<p>Lista candida\u0163ilor admi\u0219i, cu finan\u0163are de la buget &#8211; ordona\u0163i dup\u0103 media general\u0103, descresc\u0103tor Lista candida\u0163ilor admi\u0219i, cu finan\u0163are din taxe &#8211; ordona\u0163i dup\u0103 media general\u0103, descresc\u0103tor<\/p>\n","protected":false},"author":3,"featured_media":0,"parent":6748,"menu_order":0,"comment_status":"closed","ping_status":"closed","template":"","meta":{"footnotes":""},"class_list":["post-6754","page","type-page","status-publish","hentry"],"_links":{"self":[{"href":"https:\/\/www.phys.uaic.ro\/index.php\/wp-json\/wp\/v2\/pages\/6754","targetHints":{"allow":["GET"]}}],"collection":[{"href":"https:\/\/www.phys.uaic.ro\/index.php\/wp-json\/wp\/v2\/pages"}],"about":[{"href":"https:\/\/www.phys.uaic.ro\/index.php\/wp-json\/wp\/v2\/types\/page"}],"author":[{"embeddable":true,"href":"https:\/\/www.phys.uaic.ro\/index.php\/wp-json\/wp\/v2\/users\/3"}],"replies":[{"embeddable":true,"href":"https:\/\/www.phys.uaic.ro\/index.php\/wp-json\/wp\/v2\/comments?post=6754"}],"version-history":[{"count":0,"href":"https:\/\/www.phys.uaic.ro\/index.php\/wp-json\/wp\/v2\/pages\/6754\/revisions"}],"up":[{"embeddable":true,"href":"https:\/\/www.phys.uaic.ro\/index.php\/wp-json\/wp\/v2\/pages\/6748"}],"wp:attachment":[{"href":"https:\/\/www.phys.uaic.ro\/index.php\/wp-json\/wp\/v2\/media?parent=6754"}],"curies":[{"name":"wp","href":"https:\/\/api.w.org\/{rel}","templated":true}]}}