{"id":6784,"date":"2019-06-04T11:12:27","date_gmt":"2019-06-04T11:12:27","guid":{"rendered":"http:\/\/www.phys.uaic.ro\/?page_id=6784"},"modified":"2020-08-03T23:11:35","modified_gmt":"2020-08-03T23:11:35","slug":"examen-disertatie-iulie-2019","status":"publish","type":"page","link":"https:\/\/www.phys.uaic.ro\/index.php\/studenti\/examene-finalizare-studii\/examen-disertatie-iulie-2019\/","title":{"rendered":"Examenul de diserta\u021bie &#8211; Sesiunea Iulie 2019"},"content":{"rendered":"<ul>\n<li><a href=\"inscriere-disertatie-iulie-2019\">\u00censcrierea la examenul de diserta\u021bie: <\/a>24 &#8211; 27 iunie 2019<\/li>\n<li><a href=\"desfasurare-disertatie-iulie-2019\">Desf\u0103surarea examenului de diserta\u021bie: <\/a>4 &#8211; 5 iulie 2019<\/li>\n<li><a href=\"programare-disertatie-iulie-2019\">Programarea candida\u0163ilor pentru sus\u0163inerea lucr\u0103rii de diserta\u021bie<\/a> <\/li>\n<li><a href=\"rezultate-disertatie-iulie-2019\">Rezultatele la examenul de diserta\u021bie<\/a><\/li>\n<\/ul>\n<p><a href=\"http:\/\/www.phys.uaic.ro\/wp\/studenti\/examene-finalizare\/iulie-2019\/regulament-examene-finalizare-studii-2019.pdf\">Regulament privind organizarea \u0219i desf\u0103\u0219urarea Examenelor de Licen\u021b\u0103\/Diplom\u0103, Diserta\u021bie \u0219i Absolvire 2019<\/a> <img decoding=\"async\" style=\"vertical-align: top;width:20px;height:20px;\" src=\"http:\/\/www.phys.uaic.ro\/wp\/imagini\/pdf-icon.png\" alt=\"pdf\" \/><\/p>\n","protected":false},"excerpt":{"rendered":"<p>\u00censcrierea la examenul de diserta\u021bie: 24 &#8211; 27 iunie 2019 Desf\u0103surarea examenului de diserta\u021bie: 4 &#8211; 5 iulie 2019 Programarea candida\u0163ilor pentru sus\u0163inerea lucr\u0103rii de diserta\u021bie Rezultatele la examenul de diserta\u021bie Regulament privind organizarea \u0219i desf\u0103\u0219urarea Examenelor de Licen\u021b\u0103\/Diplom\u0103, Diserta\u021bie \u0219i Absolvire 2019<\/p>\n","protected":false},"author":3,"featured_media":0,"parent":200,"menu_order":0,"comment_status":"closed","ping_status":"closed","template":"","meta":{"footnotes":""},"class_list":["post-6784","page","type-page","status-publish","hentry"],"_links":{"self":[{"href":"https:\/\/www.phys.uaic.ro\/index.php\/wp-json\/wp\/v2\/pages\/6784","targetHints":{"allow":["GET"]}}],"collection":[{"href":"https:\/\/www.phys.uaic.ro\/index.php\/wp-json\/wp\/v2\/pages"}],"about":[{"href":"https:\/\/www.phys.uaic.ro\/index.php\/wp-json\/wp\/v2\/types\/page"}],"author":[{"embeddable":true,"href":"https:\/\/www.phys.uaic.ro\/index.php\/wp-json\/wp\/v2\/users\/3"}],"replies":[{"embeddable":true,"href":"https:\/\/www.phys.uaic.ro\/index.php\/wp-json\/wp\/v2\/comments?post=6784"}],"version-history":[{"count":0,"href":"https:\/\/www.phys.uaic.ro\/index.php\/wp-json\/wp\/v2\/pages\/6784\/revisions"}],"up":[{"embeddable":true,"href":"https:\/\/www.phys.uaic.ro\/index.php\/wp-json\/wp\/v2\/pages\/200"}],"wp:attachment":[{"href":"https:\/\/www.phys.uaic.ro\/index.php\/wp-json\/wp\/v2\/media?parent=6784"}],"curies":[{"name":"wp","href":"https:\/\/api.w.org\/{rel}","templated":true}]}}