{"id":6790,"date":"2019-06-04T11:28:57","date_gmt":"2019-06-04T11:28:57","guid":{"rendered":"http:\/\/www.phys.uaic.ro\/?page_id=6790"},"modified":"2019-07-04T08:50:45","modified_gmt":"2019-07-04T08:50:45","slug":"desfasurare-disertatie-iulie-2019","status":"publish","type":"page","link":"https:\/\/www.phys.uaic.ro\/index.php\/studenti\/examene-finalizare-studii\/examen-disertatie-iulie-2019\/desfasurare-disertatie-iulie-2019\/","title":{"rendered":"Desf\u0103\u0219urarea examenului de diserta\u021bie"},"content":{"rendered":"<p>Perioada de desf\u0103s\u0327urare: <b>4\u20135 iulie 2019<\/b><\/p>\n<p><b>Comisiile pentru sus\u021binerea Examenului de Disera\u021bie<\/b> sunt formate din:<\/p>\n<ul>\n<li><b>Comisia 1 ( Biofizic\u0103 \u0219i fizic\u0103 medical\u0103 <\/b>(in limba engleza)<b>, Fizica pentru tehnologii avansate <\/b>(in limba engleza)<b> )<\/b>\n<ul>\n<li><a href=\"diana-mihaela-mardare\">Prof. Univ. Dr. Diana Mihaela MARDARE<\/a> &#8211; pre\u0219edinte<\/li>\n<li><a href=\"lucel-sirghi\">Prof. Univ. Dr. habil. Lucel S\u00ceRGHI<\/a> &#8211; membru<\/li>\n<li><a href=\"ioan-dumitru\">Conf. Univ. Dr. Ioan DUMITRU<\/a> &#8211; membru<\/li>\n<li>Coordonatorul lucrarii de diserta\u021bie &#8211; membru<\/li>\n<li><a href=\"radu-andrei-tanasa\">Lect. Univ. Dr. Radu Andrei TANAS\u0102<\/a> &#8211; secretar de comisie<\/li>\n<\/ul>\n<\/li>\n<li><b>Comisia 2 ( Metode fizice aplicate \u00een kinetoterapie \u0219i recuperare medical\u0103 )<\/b>\n<ul>\n<li><a href=\"emilia-dorina-creanga\">Prof. Univ. Dr. habil. Emilia Dorina CREANG\u0102<\/a> &#8211; pre\u0219edinte<\/li>\n<li><a href=\"laura-iulia-anita\">Lect. Univ. Dr. Laura Iulia ANI\u021aA<\/a> &#8211; membru<\/li>\n<li><a href=\"ionut-cristian-topala\">Lect. Univ. Dr. Ionu\u021b Cristian TOPAL\u0102<\/a> &#8211; membru<\/li>\n<li>Coordonatorul lucrarii de diserta\u021bie &#8211; membru<\/li>\n<li><a href=\"silvia-alina-chiper\">Lect. Univ. Dr. Silvia Alina CHIPER<\/a> &#8211; secretar de comisie<\/li>\n<\/ul>\n<\/li>\n<li><b>Comisia 3 ( Fizic\u0103 aplicat\u0103 \u00een tehnologiile informa\u021biei \u0219i comunica\u021bii &#8211; Extensiunea B\u0103l\u021bi )<\/b>\n<ul>\n<li><a href=\"dorin-cimpoesu\">Conf. Univ. Dr. Dorin CIMPOE\u0218U<\/a> &#8211; pre\u0219edinte<\/li>\n<li><a href=\"octavian-rusu\">Lect. Univ. Dr. Octavian RUSU<\/a><\/a> &#8211; membru<\/li>\n<li><a href=\"paul-gasner\">Lect. Univ. Dr. Paul GASNER<\/a> &#8211; membru<\/li>\n<li>Coordonatorul lucrarii de diserta\u021bie &#8211; membru<\/li>\n<li><a href=\"petronel-postolache\">Lect. Univ. Dr. Petronel POSTOLACHE<\/a> &#8211; secretar de comisie<\/li>\n<\/ul>\n<\/li>\n<\/ul>\n<ul style=\"list-style-type: none;\">\n<li>Examenul la Comisia 1 are loc \u00een ziua de joi 4 iulie 2019 \u00eencep\u00e2nd cu ora 9.00 \u00een Laboratorul de Fizic\u0103 molecular\u0103.<\/li>\n<li>Programarea candidatilor poate fi gasita <a href=\"http:\/\/www.phys.uaic.ro\/wp\/studenti\/examene-finalizare\/iulie-2019\/programare-diseratie-comisia-1-iulie-2019.pdf\"><span style=\"color: blue;\">aici<\/span><\/a> <img decoding=\"async\" style=\"vertical-align: middle;width:20px;height:20px;\" src=\"http:\/\/www.phys.uaic.ro\/wp\/imagini\/pdf-icon.png\" alt=\"pdf\" \/>.<\/li>\n<li>Candida\u021bii trebuie s\u0103 trimit\u0103 prezent\u0103rile \u00een format .pptx (+ .pdf pentru siguran\u021b\u0103) secretarului comisiei, <a href=\"radu-andrei-tanasa\">Lect. Univ. Dr. Radu Andrei TANAS\u0102<\/a> pe adresa <span style=\"color: blue;\">radu.tanasa@uaic.ro<\/span> p\u00e2n\u0103 cel t\u00e2rziu miercuri 3 iulie ora 22.<\/li>\n<\/ul>\n<ul style=\"list-style-type: none;\">\n<li>Examenul la Comisia 2 are loc \u00een ziua de vineri 5 iulie 2019, \u00eencep\u00e2nd cu ora 10.40 \u00een Laboratorul de Fizica plasmei, et. 1.<\/li>\n<li>Programarea candidatilor poate fi gasita <a href=\"http:\/\/www.phys.uaic.ro\/wp\/studenti\/examene-finalizare\/iulie-2019\/programare-diseratie-comisia-2-iulie-2019.pdf\"><span style=\"color: blue;\">aici<\/span><\/a> <img decoding=\"async\" style=\"vertical-align: middle;width:20px;height:20px;\" src=\"http:\/\/www.phys.uaic.ro\/wp\/imagini\/pdf-icon.png\" alt=\"pdf\" \/>.<\/li>\n<li>Candida\u021bii trebuie s\u0103 trimit\u0103 prezent\u0103rile \u00een format .ppt (+ .pdf pentru siguran\u021b\u0103) secretarului comisiei, <a href=\"silvia-alina-chiper\">Lect. Univ. Dr. Silvia Alina CHIPER<\/a> pe adresa <span style=\"color: blue;\">alina.chiper@uaic.ro<\/span> p\u00e2n\u0103 cel t\u00e2rziu joi 4 iulie ora 22.<\/li>\n<\/ul>\n<ul style=\"list-style-type: none;\">\n<li>Examenul la Comisia 3 are loc \u00een ziua de joi 4 iulie 2019 \u00eencep\u00e2nd cu ora 9.00 \u00een Laboratorul de Electricitate.<\/li>\n<li>Programarea candidatilor poate fi gasita <a href=\"http:\/\/www.phys.uaic.ro\/wp\/studenti\/examene-finalizare\/iulie-2019\/programare-diseratie-comisia-3-iulie-2019.pdf\"><span style=\"color: blue;\">aici<\/span><\/a> <img decoding=\"async\" style=\"vertical-align: middle;width:20px;height:20px;\" src=\"http:\/\/www.phys.uaic.ro\/wp\/imagini\/pdf-icon.png\" alt=\"pdf\" \/>.<\/li>\n<li>Candida\u021bii trebuie s\u0103 trimit\u0103 prezent\u0103rile \u00een format .pptx (+ .pdf pentru siguran\u021b\u0103) secretarului comisiei, <a href=\"petronel-postolache\">Lect. Univ. Dr. Petronel POSTOLACHE<\/a> pe adresa <span style=\"color: blue;\">petronel.postolache@uaic.ro<\/span> p\u00e2n\u0103 cel t\u00e2rziu miercuri 3 iulie ora 22.<\/li>\n<\/ul>\n<p><b>Comisie de contesta\u0163ii pentru Examenele de Licen\u021b\u0103 s\u0327i Disera\u021bie<\/b> este format\u0103 din:<\/p>\n<ul>\n<li><a href=\"sebastian-dumitru-popescu\">Conf. Univ. Dr. Sebastian Dumitru POPESCU<\/a> &#8211; pre\u0219edinte<\/li>\n<li><a href=\"cristian-enachescu\">Prof. Univ. Dr. habil. Cristian EN\u0102CHESCU<\/a> &#8211; membru<\/li>\n<li><a href=\"cristian-ioan-baban\">Conf. Univ. Dr. Cristian Ioan BABAN<\/a> &#8211; membru<\/li>\n<li><a href=\"lavinia-petronela-curecheriu\">Lect. Univ. Dr. Lavinia Petronela CURECHERIU<\/a> &#8211; secretar<\/li>\n<\/ul>\n","protected":false},"excerpt":{"rendered":"<p>Perioada de desf\u0103s\u0327urare: 4\u20135 iulie 2019 Comisiile pentru sus\u021binerea Examenului de Disera\u021bie sunt formate din: Comisia 1 ( Biofizic\u0103 \u0219i fizic\u0103 medical\u0103 (in limba engleza), Fizica pentru tehnologii avansate (in limba engleza) ) Prof. Univ. Dr. Diana Mihaela MARDARE &#8211; pre\u0219edinte Prof. Univ. Dr. habil. Lucel S\u00ceRGHI &#8211; membru Conf. Univ. Dr. Ioan DUMITRU &#8211; membru Coordonatorul lucrarii\u2026 <span class=\"read-more\"><a href=\"https:\/\/www.phys.uaic.ro\/index.php\/studenti\/examene-finalizare-studii\/examen-disertatie-iulie-2019\/desfasurare-disertatie-iulie-2019\/\">Read More &raquo;<\/a><\/span><\/p>\n","protected":false},"author":3,"featured_media":0,"parent":6784,"menu_order":0,"comment_status":"closed","ping_status":"closed","template":"","meta":{"footnotes":""},"class_list":["post-6790","page","type-page","status-publish","hentry"],"_links":{"self":[{"href":"https:\/\/www.phys.uaic.ro\/index.php\/wp-json\/wp\/v2\/pages\/6790","targetHints":{"allow":["GET"]}}],"collection":[{"href":"https:\/\/www.phys.uaic.ro\/index.php\/wp-json\/wp\/v2\/pages"}],"about":[{"href":"https:\/\/www.phys.uaic.ro\/index.php\/wp-json\/wp\/v2\/types\/page"}],"author":[{"embeddable":true,"href":"https:\/\/www.phys.uaic.ro\/index.php\/wp-json\/wp\/v2\/users\/3"}],"replies":[{"embeddable":true,"href":"https:\/\/www.phys.uaic.ro\/index.php\/wp-json\/wp\/v2\/comments?post=6790"}],"version-history":[{"count":0,"href":"https:\/\/www.phys.uaic.ro\/index.php\/wp-json\/wp\/v2\/pages\/6790\/revisions"}],"up":[{"embeddable":true,"href":"https:\/\/www.phys.uaic.ro\/index.php\/wp-json\/wp\/v2\/pages\/6784"}],"wp:attachment":[{"href":"https:\/\/www.phys.uaic.ro\/index.php\/wp-json\/wp\/v2\/media?parent=6790"}],"curies":[{"name":"wp","href":"https:\/\/api.w.org\/{rel}","templated":true}]}}