{"id":6795,"date":"2019-06-04T11:38:09","date_gmt":"2019-06-04T11:38:09","guid":{"rendered":"http:\/\/www.phys.uaic.ro\/?page_id=6795"},"modified":"2019-07-06T17:04:27","modified_gmt":"2019-07-06T17:04:27","slug":"rezultate-disertatie-iulie-2019","status":"publish","type":"page","link":"https:\/\/www.phys.uaic.ro\/index.php\/studenti\/examene-finalizare-studii\/examen-disertatie-iulie-2019\/rezultate-disertatie-iulie-2019\/","title":{"rendered":"Rezultatele la examenul de diserta\u021bie"},"content":{"rendered":"<ul>\n<li><a href=\"http:\/\/www.phys.uaic.ro\/wp\/studenti\/examene-finalizare\/iulie-2019\/rezultate-diseratie-comisia-1-iulie-2019.pdf\">Rezultatele examenului de diserta\u021bie la Comisia 1 ( Biofizic\u0103 \u0219i fizic\u0103 medical\u0103 (in limba engleza), Fizica pentru tehnologii avansate (\u00een limba engleza) )<\/a> <img decoding=\"async\" style=\"vertical-align: top;width:20px;height:20px;\" src=\"http:\/\/www.phys.uaic.ro\/wp\/imagini\/pdf-icon.png\" alt=\"pdf\" \/><\/li>\n<li><a href=\"http:\/\/www.phys.uaic.ro\/wp\/studenti\/examene-finalizare\/iulie-2019\/rezultate-diseratie-comisia-2-iulie-2019.pdf\">Rezultatele examenului de diserta\u021bie la Comisia 2 ( Metode fizice aplicate \u00een kinetoterapie \u0219i recuperare medical\u0103 )<\/a> <img decoding=\"async\" style=\"vertical-align: top;width:20px;height:20px;\" src=\"http:\/\/www.phys.uaic.ro\/wp\/imagini\/pdf-icon.png\" alt=\"pdf\" \/><\/li>\n<li><a href=\"http:\/\/www.phys.uaic.ro\/wp\/studenti\/examene-finalizare\/iulie-2019\/rezultate-diseratie-comisia-3-iulie-2019.pdf\">Rezultatele examenului de diserta\u021bie la Comisia 3 ( Fizic\u0103 aplicat\u0103 \u00een tehnologiile informa\u021biei \u0219i comunica\u021bii &#8211; Extensiunea B\u0103l\u021bi )<\/a> <img decoding=\"async\" style=\"vertical-align: top;width:20px;height:20px;\" src=\"http:\/\/www.phys.uaic.ro\/wp\/imagini\/pdf-icon.png\" alt=\"pdf\" \/><\/li>\n<\/ul>\n","protected":false},"excerpt":{"rendered":"<p>Rezultatele examenului de diserta\u021bie la Comisia 1 ( Biofizic\u0103 \u0219i fizic\u0103 medical\u0103 (in limba engleza), Fizica pentru tehnologii avansate (\u00een limba engleza) ) Rezultatele examenului de diserta\u021bie la Comisia 2 ( Metode fizice aplicate \u00een kinetoterapie \u0219i recuperare medical\u0103 ) Rezultatele examenului de diserta\u021bie la Comisia 3 ( Fizic\u0103 aplicat\u0103 \u00een tehnologiile informa\u021biei \u0219i comunica\u021bii &#8211; Extensiunea B\u0103l\u021bi\u2026 <span class=\"read-more\"><a href=\"https:\/\/www.phys.uaic.ro\/index.php\/studenti\/examene-finalizare-studii\/examen-disertatie-iulie-2019\/rezultate-disertatie-iulie-2019\/\">Read More &raquo;<\/a><\/span><\/p>\n","protected":false},"author":3,"featured_media":0,"parent":6784,"menu_order":0,"comment_status":"closed","ping_status":"closed","template":"","meta":{"footnotes":""},"class_list":["post-6795","page","type-page","status-publish","hentry"],"_links":{"self":[{"href":"https:\/\/www.phys.uaic.ro\/index.php\/wp-json\/wp\/v2\/pages\/6795","targetHints":{"allow":["GET"]}}],"collection":[{"href":"https:\/\/www.phys.uaic.ro\/index.php\/wp-json\/wp\/v2\/pages"}],"about":[{"href":"https:\/\/www.phys.uaic.ro\/index.php\/wp-json\/wp\/v2\/types\/page"}],"author":[{"embeddable":true,"href":"https:\/\/www.phys.uaic.ro\/index.php\/wp-json\/wp\/v2\/users\/3"}],"replies":[{"embeddable":true,"href":"https:\/\/www.phys.uaic.ro\/index.php\/wp-json\/wp\/v2\/comments?post=6795"}],"version-history":[{"count":0,"href":"https:\/\/www.phys.uaic.ro\/index.php\/wp-json\/wp\/v2\/pages\/6795\/revisions"}],"up":[{"embeddable":true,"href":"https:\/\/www.phys.uaic.ro\/index.php\/wp-json\/wp\/v2\/pages\/6784"}],"wp:attachment":[{"href":"https:\/\/www.phys.uaic.ro\/index.php\/wp-json\/wp\/v2\/media?parent=6795"}],"curies":[{"name":"wp","href":"https:\/\/api.w.org\/{rel}","templated":true}]}}