{"id":7158,"date":"2019-07-26T11:57:09","date_gmt":"2019-07-26T11:57:09","guid":{"rendered":"http:\/\/www.phys.uaic.ro\/?page_id=7158"},"modified":"2025-01-23T11:33:19","modified_gmt":"2025-01-23T09:33:19","slug":"cocean-alexandru-doctorat","status":"publish","type":"page","link":"https:\/\/www.phys.uaic.ro\/index.php\/scoala-doctorala\/sustineri-teze-doctorat\/cocean-alexandru-doctorat\/","title":{"rendered":"Sus\u021binerea tezei de doctorat a drd. Cocean Alexandru pe 26.08.2019"},"content":{"rendered":"<p>&nbsp;<\/p>\n<p>La data de 26.08.2019, ora 12:00, \u00een sala L1, dl COCEAN ALEXANDRU va sus\u0163ine, \u00een \u015fedin\u0163\u0103 public\u0103, teza de doctorat cu titlul<\/p>\n<p><b>CONTRIBUTIONS TO THE STUDY OF LASER INDUCED PHYSICO-CHEMICAL PHENOMENA IN CONTROLLED ATMOSPHERE<\/b><\/p>\n<p>\u00een vederea ob\u0163inerii titlului \u015ftiin\u0163ific de doctor \u00een domeniul fundamental \u0218tiin\u021be Exacte, domeniul FIZIC\u0102.<\/p>\n<p>CV Cocean Alexandru<\/p>\n<p>Comisia de doctorat are urm\u0103toarea componen\u0163\u0103:<\/p>\n<ul>\n<li><b>Pre\u015fedinte<\/b>:\n<ul>\n<li>Conf. univ. Dr. Sebastian Dumitru Popescu, Universitatea Alexandru Ioan Cuza din Ia\u0219i [<a href=\"https:\/\/www.phys.uaic.ro\/wp-content\/uploads\/2022\/05\/Popescu_Sebastian_CV_RO.pdf\" target=\"_blank\" rel=\"noopener\">CV<\/a>]<\/li>\n<\/ul>\n<\/li>\n<\/ul>\n<ul>\n<li><b>Conduc\u0103tor \u015ftiin\u0163ific<\/b>:\n<ul>\n<li>Prof. univ. emerit dr. Dacia Felicia Iacomi, Universitatea Alexandru Ioan Cuza, Ia\u015fi [<a href=\"https:\/\/www.phys.uaic.ro\/wp-content\/uploads\/2022\/05\/CV-FELICIA-IACOMI.pdf\" target=\"_blank\" rel=\"noopener\">CV<\/a>]<\/li>\n<\/ul>\n<\/li>\n<\/ul>\n<ul>\n<li><b>Referen\u0163i<\/b>:\n<ul>\n<li>Prof. univ. dr. Cristina Stan, Universitatea Politehnica Bucure\u0219ti [<a href=\"https:\/\/www.phys.uaic.ro\/wp-content\/uploads\/2022\/09\/CV_C.Stan_.pdf\" target=\"_blank\" rel=\"noopener\">CV<\/a>]<\/li>\n<li>Prof. univ. dr. Shashi Paul, De Montfort University, Leicester, UK [CV]<\/li>\n<li>Conf. univ. dr. habil. Silviu Octavian Gurlui, Universitatea Alexandru Ioan Cuza, Ia\u015fi [<a href=\"https:\/\/www.phys.uaic.ro\/wp-content\/uploads\/2022\/05\/Gurlui_Silviu_CV_Ro.pdf\">CV<\/a>]<\/li>\n<\/ul>\n<\/li>\n<\/ul>\n<p>Teza poate fi consultat\u0103 la Biblioteca Facult\u0103\u0163ii de Fizic\u0103.<\/p>\n<p>Rezumatul tezei de doctorat<\/p>\n","protected":false},"excerpt":{"rendered":"<p>&nbsp; La data de 26.08.2019, ora 12:00, \u00een sala L1, dl COCEAN ALEXANDRU va sus\u0163ine, \u00een \u015fedin\u0163\u0103 public\u0103, teza de doctorat cu titlul CONTRIBUTIONS TO THE STUDY OF LASER INDUCED PHYSICO-CHEMICAL PHENOMENA IN CONTROLLED ATMOSPHERE \u00een vederea ob\u0163inerii titlului \u015ftiin\u0163ific de doctor \u00een domeniul fundamental \u0218tiin\u021be Exacte, domeniul FIZIC\u0102. CV Cocean Alexandru Comisia de doctorat are urm\u0103toarea componen\u0163\u0103:\u2026 <span class=\"read-more\"><a href=\"https:\/\/www.phys.uaic.ro\/index.php\/scoala-doctorala\/sustineri-teze-doctorat\/cocean-alexandru-doctorat\/\">Read More &raquo;<\/a><\/span><\/p>\n","protected":false},"author":3,"featured_media":0,"parent":158,"menu_order":0,"comment_status":"closed","ping_status":"closed","template":"","meta":{"footnotes":""},"class_list":["post-7158","page","type-page","status-publish","hentry"],"_links":{"self":[{"href":"https:\/\/www.phys.uaic.ro\/index.php\/wp-json\/wp\/v2\/pages\/7158","targetHints":{"allow":["GET"]}}],"collection":[{"href":"https:\/\/www.phys.uaic.ro\/index.php\/wp-json\/wp\/v2\/pages"}],"about":[{"href":"https:\/\/www.phys.uaic.ro\/index.php\/wp-json\/wp\/v2\/types\/page"}],"author":[{"embeddable":true,"href":"https:\/\/www.phys.uaic.ro\/index.php\/wp-json\/wp\/v2\/users\/3"}],"replies":[{"embeddable":true,"href":"https:\/\/www.phys.uaic.ro\/index.php\/wp-json\/wp\/v2\/comments?post=7158"}],"version-history":[{"count":0,"href":"https:\/\/www.phys.uaic.ro\/index.php\/wp-json\/wp\/v2\/pages\/7158\/revisions"}],"up":[{"embeddable":true,"href":"https:\/\/www.phys.uaic.ro\/index.php\/wp-json\/wp\/v2\/pages\/158"}],"wp:attachment":[{"href":"https:\/\/www.phys.uaic.ro\/index.php\/wp-json\/wp\/v2\/media?parent=7158"}],"curies":[{"name":"wp","href":"https:\/\/api.w.org\/{rel}","templated":true}]}}